{"id":95,"date":"2018-12-14T02:54:02","date_gmt":"2018-12-14T02:54:02","guid":{"rendered":"https:\/\/wsm.prolerat.org\/?page_id=95"},"modified":"2018-12-14T02:54:02","modified_gmt":"2018-12-14T02:54:02","slug":"socialismus","status":"publish","type":"page","link":"https:\/\/www.worldsocialism.org\/wsm\/socialismus\/","title":{"rendered":"Socialismus"},"content":{"rendered":"\n<p>1. Socialismus dosud nikdy nebyl vyzkou\u0161en!<\/p>\n\n\n\n<p>2. V p\u0159ipad\u011b jeho uskute\u010dn\u0115ni musi b\u00fdt zaveden glob\u00e1ln\u0115!<\/p>\n\n\n\n<p>3. Sv\u0115tov\u00fd socialismus Ize dos\u00e1hnout jedin\u0115 demokratickou\n      cestou!<\/p>\n\n\n\n<p>Za\u010dali jsme zm\u00edn\u0115n\u00fdmi t\u0159emi body, proto\u017ee jsou nevyhnutelnl\u00e9\n      k pochopen\u00ed toho, \u010demu \u0159\u00edk\u00e1me socialismus.<\/p>\n\n\n\n<p>Odm\u00edt\u00e1me tvrzen\u00ed, \u017ee socialismus ji\u017e byl zaveden v zem\u00edch,\n      kter\u00e9 jsou n\u011bkdy ozna\u010dov\u00e1ny jako &#8220;socialistick\u00e9&#8221;. Politick\u00fd\n      syst\u00e9m t\u0115chto zem\u00ed se toti\u017e zakl\u00e1dal na st\u00e1tn\u00edm kapitalismu.\n      P\u0159e\u010dt\u00e9te si na\u0161i definici socialismu a polo\u017ete si ot\u00e1zku, zda\n      jak\u00fdmkoli zp\u016fsobem popisuje policejn\u00ed re\u017eimy modern\u00ed \u010c\u00edny a\n      Kuby, anebo b\u00fdval\u00fd Sov\u0115tsk\u00fd svaz a v\u00fdchodn\u00ed Evropu.<\/p>\n\n\n\n<p>Odm\u00edt\u00e1me p\u0159edstavu socialismu v jedn\u00e9 zemi. N\u00e1rodn\u00ed\n      socialismus neznamen\u00e1 socialismus. Kapitalistick\u00fd syst\u00e9m je\n      glob\u00e1ln\u00ed a takov\u00fdm mus\u00ed b\u00fdt i syst\u00e9m, kter\u00fd ho nahrad\u00ed.<\/p>\n\n\n\n<p>Odm\u00edt\u00e1me tvrzen\u00ed, \u017ee lid\u00e9 mohou b\u00fdt do socialismu dovedeni.\n      Socialismus nezalo\u017e\u00ed dob\u0159\u00ed v\u016fdci \u010di bojuj\u00edc\u00ed arm\u00e1dy, ale\n      mysl\u00edc\u00ed lid\u00e9. Nem\u016f\u017ee existovat socialismus bez sociailist\u016f.<\/p>\n\n\n\n<p><strong>Co tedy socialismus znamen\u00e1?<\/strong>\n      <\/p>\n\n\n\n<p>Je to p\u0159\u00edm\u00e1 ot\u00e1zka a zde je p\u0159\u00edm\u00e1 odpov\u011b\u010f.<\/p>\n\n\n\n<p>Socialismus znamen\u00e1 glob\u00e1ln\u00ed syst\u00e9m soci\u00e1ln\u00ed organizace\n      zalo\u017een\u00e9 na t\u0115chto z\u00e1sad\u00e1ch:<\/p>\n\n\n\n<p>Spole\u010dn\u00e9 vlastnictvi. Ve\u0161kere v\u00fdrobn\u00ed bohatstv\u00ed sv\u0115ta bude\n      pat\u0159it v\u0161em lidem cel\u00e9ho sv\u011bta. U\u017e \u017e\u00e1dn\u00e9 nadn\u00e1rodn\u00ed spole\u010dnosti\n      a mal\u00e9 obchodn\u00ed firmy, v\u0161e bude pat\u0159it v\u0161em, a proto nikdo\n      nebude vlastnit sv\u011bt. Bude pat\u0159it v\u0161em obyvatel\u016fm planety.<\/p>\n\n\n\n<p>Demokratick\u00e1 kontrola v\u0161emi. Kdo bude \u0159\u00eddit socialistickou\n      spole\u010dnost? My v\u0161ichni. Nebudou u\u017e existovat \u017e\u00e1dn\u00e9 vl\u00e1dy ani\n      ovl\u00e1dan\u00ed. Lid\u00e9 se budou svobodn\u011b rozhodovat ve sv\u00fdch\n      komunit\u00e1ch, oblastech i glob\u00e1ln\u011b. To v\u0161e je uskute\u010dniteln\u00e9 s\n      pomoc\u00ed existuj\u00edc\u00edch prost\u0159edk\u016f informa\u010dn\u00ed technologie a masov\u00e9\n      komunikace.<\/p>\n\n\n\n<p>V\u00fdroba pro spot\u0159ebu. M\u00edsto v\u00fdroby zbo\u017e\u00ed a slu\u017eeb k prodeji a\n      zisku bude jedin\u00fdm c\u00edlem produkce uspokojovat pot\u0159eby a touhy\n      lid\u00ed.<\/p>\n\n\n\n<p>Voln\u00fd p\u0159istup. Ve spole\u010dnosti, v n\u00ed\u017e ka\u017ed\u00fd vlastn\u00ed v\u0161echno,\n      rozhoduje o v\u0161em a vyr\u00e1b\u00ed pouze pro spot\u0159ebu, budou m\u00edt v\u0161ichni\n      lid\u00e9 voln\u00fd p\u0159\u00edstup k tomu, co bylo vyrobeno. Pen\u00edze ztrat\u00ed svou\n      dosavadn\u00ed funkci. Lid\u00e9 nebudou pracovat za mzdy a platy, ale\n      budou d\u00e1vat ostatnim a br\u00e0t v souladu se sv\u00fdmi pot\u0159ebami.<\/p>\n\n\n\n<p><strong>Pro\u010d ne socialismus nyn\u00ed?<\/strong>\n      <\/p>\n\n\n\n<p>Pro\u010d se Sv\u0115tov\u00e9 socialistick\u00e9 hnut\u00ed nezapojuje do soci\u00e1ln\u00edch\n      aktivit ve snaze dos\u00e1hnout n\u0115\u010deho nyn\u00ed, za kapitalismu?<\/p>\n\n\n\n<p>Za kapitalismu existuj\u00ed nes\u010d\u00edsln\u00e9 probl\u00e9my a cel\u00e1 \u0161k\u00e1la\n      organizac\u00ed se sna\u017e\u00ed o jejich \u0159e\u0161en\u00ed. Tyto iniciativy p\u0159itahuj\u00ed\n      pozornost lid\u00ed a z\u00edsk\u00e1vaj\u00ed z\u00e1roven velk\u00e9 mno\u017estv\u00ed dotac\u00ed.\n      Nap\u0159\u00edklad organizace Greenpeace International m\u00e1 2,9 mili\u00f3nu\n      \u010dlen\u016f, vlastn\u00ed \u0161est lod\u00ed a finance ve v\u00fd\u0161i 153 mili\u00f3ny\n      americk\u00fdch dolar\u016f (v z\u00e1\u0159\u00ed 1996). Pro\u010d se tedy k n\u00ed nep\u0159ipoj\u00ed\n      tak\u00e9 socialist\u00e9?<\/p>\n\n\n\n<p>Ka\u017ed\u00e1 organizace si mus\u00ed stanovit sv\u00e9 c\u00edle a priority. Kdy\u017e\n      byla v roce 1904 zalo\u017eena prvn\u00ed strana ve Sv\u0115tov\u00e9m\n      socialistick\u00e9m hnut\u00ed, rozhodla se bojovat za socialismus.<\/p>\n\n\n\n<p>Socialistick\u00e1 anal\u00fdza spole\u010dnosti ukazuje, \u017ee kapitalismus\n      jako takov\u00fd je z\u00e1sadn\u00ed p\u0159\u00ed\u010dinou v\u0115t\u0161iny probl\u00e9m\u016f, kter\u00e9\n      soci\u00e1ln\u00ed aktivist\u00e9 cht\u0115j\u00ed vy\u0159e\u0161it. Soci\u00e1ln\u00ed aktivist\u00e9 napadaj\u00ed\n      symptomy, ale ignoruj\u00ed vlastn\u00ed p\u0159\u00ed\u010dinu. Soci\u00e1ln\u00ed aktivist\u00e9 se\n      sna\u017e\u00ed reformovat kapitalismus, zat\u00edmco socialist\u00e9 cht\u0115j\u00ed\n      kapitalismus odstranit jako p\u0159\u00ed\u010dinu probl\u00e9m\u016f.<\/p>\n\n\n\n<p>Zni\u010d\u00ed-li se p\u0159\u00ed\u010dina probl\u00e9m\u016f, probl\u00e9my zmiz\u00ed. M\u00edsto\n      nekone\u010dn\u00e9 snahy o n\u00e1pravu symptom\u016f mohou lid\u00e9 jednou prov\u017edy\n      odstranit p\u0159\u00ed\u010dinu probl\u00e9m\u016f. My v\u0161ichni pak budeme \u017e\u00edt ve sv\u0115t\u0115,\n      kde \u0159e\u0161en\u00ed skute\u010dn\u0115 \u0159e\u0161\u00ed probl\u00e9my, m\u00edsto toho, aby se pouze\n      zlep\u0161ovaly symptomy.<\/p>\n\n\n\n<p><strong>Emocion\u00e1ln\u00ed pot\u00ed\u017ee<\/strong>\n      <\/p>\n\n\n\n<p>Tento p\u0159\u00edstup m\u016f\u017ee b\u00fdt emocion\u00e1ln\u0115 obt\u00ed\u017en\u00fd. M\u016f\u017ee dokonce\n      vzniknout situace, \u017ee p\u0159ijde o \u017eivot n\u0115kdo, koho mohl zachr\u00e1nit\n      soci\u00e1ln\u00ed aktivismus. Zde je jednoduch\u00e1 analogie, vysv\u0115tluj\u00edc\u00ed\n      socialistick\u00e9 perspektivy.<\/p>\n\n\n\n<p>Praskne-li vodovod a voda zaplavuje podlahu, n\u0115kdo za\u010dne\n      vyt\u00edrat, zat\u00edmco voda d\u00e1le vyt\u00e9k\u00e1. Naopak, n\u0115kdo nejd\u0159\u00edv vodu\n      zastav\u00ed a pot\u00e9 za\u010dne podlahu vyt\u00edrat. M\u016f\u017ee sice n\u0115jakou dobu\n      trvat, ne\u017e nalezne kohoutek, a tak\u00e9 mohou b\u00fdt mezit\u00edm zni\u010deny\n      n\u0115jak\u00e9 cennosti. Bez oto\u010den\u00ed kohoutku v\u0161ak voda d\u00e1le bude\n      stoupat a vyt\u00edr\u00e1n\u00ed je zbyte\u010dn\u00e9. Socialist\u00e9 nejsou lhostejn\u00ed\n      v\u016f\u010di ka\u017edodenn\u00edm nes\u010detn\u00fdm lidsk\u00fdm trag\u00e9di\u00edm, kter\u00fdm se sna\u017e\u00ed\n      zabr\u00e1znit skupiny soci\u00e1ln\u00edch aktivist\u016f. Socialisty tr\u00e1p\u00ed tyto\n      trag\u00e9die stejn\u0115 siln\u0115 jako kohokoli jin\u00e9ho, ale sna\u017e\u00ed se p\u0159im\u0115t\n      lidi, aby nalezli kohoutek a vypli vodu<\/p>\n\n\n\n<p>Pokud by reformistick\u00e9 \u00fasil\u00ed soci\u00e1ln\u00edch aktivist\u016f zachr\u00e1nilo\n      \u017eivoty v\u0161ech, kte\u0159\u00ed dodnes zem\u0159eli, bylo by mnohem obt\u00ed\u017en\u0115j\u0161\u00ed\n      zpochyb\u013aovat jejich p\u0159\u00edstup. Skute\u010dnost\u00ed ale je, \u017ee v\u00fdsledek\n      jejich snah je zanedbateln\u00fd. Po holocaustu ve 40. letech si\n      lid\u00e9 \u0155ekli: &#8220;U\u017e nikdy se to nesmi opkovbat!&#8221;. V 90. letech v\u0161ak\n      zpr\u00e1vy o genocid\u011b b\u011bhem v\u00e1lky na Balk\u00e1n\u011b op\u011bt \u0161okovaly lidi na\n      cel\u00e9m sv\u011bt\u011b. Genocida nep\u0159estala b\u0115hem cel\u00fdch 50 let.\n      Pokra\u010dovala na m\u00edstech jako V\u00fdchodn\u00ed Timor, ale nezd\u00e1la se\n      z\u0159ejm\u0115 dostate\u010dn\u0115 &#8220;d\u0171le\u017eita&#8221;, aby se dostala do centra\n      pozornosti m\u00e9di\u00ed. Spole\u010densk\u00e9 prost\u0159ed\u00ed umo\u017e\u013auj\u00edc\u00ed genocidu\n      nebylo odstran\u0115no, a proto nebyla odstran\u0115na ani genocida.<\/p>\n\n\n\n<p>Pokud by soci\u00e1ln\u00ed aktivist\u00e9 vy\u0159e\u0161ili myriadu probl\u00e9m\u016f, \u010di\n      alespo\u0148 p\u0159isp\u0115li k v\u00fdrazn\u00e9mu zlep\u0161en\u00ed situace, hovo\u0159ilo by to v\n      prosp\u0115ch jejich p\u0159\u00edstupu.<\/p>\n\n\n\n<p>Opak je v\u0161ak pravdou. Skute\u010dnost\u00ed je, \u017ee reformy, kter\u00e9\n      soci\u00e1ln\u00ed aktivist\u00e9 prosazuj\u00ed, jsou ne\u00fa\u010dinn\u00e9. Soci\u00e1ln\u00ed aktivist\u00e9\n      se nemohou chlubit velk\u00fdmi \u00fasp\u0115chy, pokud ano, tak jsou tyto\n      \u00fasp\u0115chy jen povrchn\u00ed, a stejn\u00e9 probl\u00e9my se vyskytuj\u00ed nad\u00e1le.\n      \u010casto jde o krok vp\u0159ed a n\u0115kolik krok\u016f vzad.<\/p>\n\n\n\n<p>Takov\u00e1 je realita kapitalismu. Soci\u00e1ln\u00ed aktivismus nen\u00ed\n      schopen ji zm\u0115nit.<\/p>\n\n\n\n<p>Socialist\u00e9 nejsou soci\u00e1ln\u00ed aktivist\u00e9. Za nejd\u016fle\u017eit\u0115j\u0161\u00ed\n      formu soci\u00e1ln\u00edho aktivismu pova\u017euj\u00ed snahu o odstran\u0115n\u00ed\n      probl\u00e9m\u016f. Socialist\u00e9 si pe\u010dliv\u0115 vyb\u00edraj\u00ed. V\u0115nujeme sv\u016fj \u010das a\n      omezen\u00e9 finan\u010dn\u00ed prost\u0159edky \u010dinnosti zam\u0115\u0159en\u00e9 na zni\u010den\u00ed\n      p\u0159\u00ed\u010diny probl\u00e9m\u016f. \u010casto se st\u00e1v\u00e1, \u017ee dojde ke skute\u010dn\u00e9mu\n      zlep\u0161en\u00ed, obvykle po velmi dlouh\u00e9m \u00fasil\u00ed o \u0159e\u0161en\u00ed probl\u00e9mu. Jen\n      velmi z\u0159\u00eddka probl\u00e9m \u00fapln\u0115 zmiz\u00ed, ale z\u00e1rove\u0148 podobn\u00e9 probl\u00e9my\n      vznikaj\u00ed, aby vyplnily pr\u00e1zdno po jeho odstran\u0115n\u00ed. Po stalet\u00edch\n      soci\u00e1ln\u00edho aktivismu jsou nad\u00e1le hlavn\u00edmi, a dosud\n      ne\u0159e\u0161iteln\u00fdmi, probl\u00e9my v\u00e1lka a b\u00edda. V\u00e1lka neskon\u010dila v roce\n      1918 \u010di 1945, pokra\u010duje ka\u017ed\u00fdm dnem, v nejak\u00e9 \u010d\u00e1sti sv\u0115ta.\n      M\u00edrov\u00e9mu hnut\u00ed se doposud nepoda\u0159ilo v\u00e1lky ukon\u010dit.<\/p>\n\n\n\n<p>Hnut\u00ed proti b\u00edd\u0115 se stalo okrajov\u00fdm. Ve snaze o zastaven\u00ed\n      v\u00e1lek a odstran\u0115n\u00ed b\u00eddy reformist\u00e9 jasn\u0115 selhali.<\/p>\n\n\n\n<p><strong>Reformismus selhal<\/strong>\n      <\/p>\n\n\n\n<p>N\u0115kte\u0159\u00ed ekologov\u00e9 tvrd\u00ed, \u017ee pokud bude zni\u010deno \u017eivotn\u00ed\n      prost\u0159ed\u00ed, na ni\u010dem u\u017e nebude z\u00e1le\u017eet. To je sice pravda, ale\n      ukazuje se, \u017ee siln\u00e9, finan\u010dn\u0115 zaji\u0161t\u011bn\u00e9 ekologick\u00e9 hnut\u00ed\n      nedosahuje v\u00fdrazn\u00fdch \u00fasp\u0115ch\u016f. Nap\u0159\u00edklad, od sv\u0115tov\u00e9ho\n      ekologick\u00e9ho summitu v Rio de Janeiro jsou brazilsk\u00e9 pralesy,\n      naz\u00fdvan\u00e9 tak\u00e9 &#8220;pl\u00edce planety&#8221;, ni\u010deny rychleji ne\u017e p\u0159edt\u00edm.<\/p>\n\n\n\n<p>Podle \u00fadaj\u016f institutu Worldwatch ka\u017ed\u00fd rok zmiz\u00ed mili\u00f3ny\n      hektar\u016f tropick\u00fdch a listnat\u00fdch les\u016f a emise kysli\u010dn\u00edka\n      uhli\u010dit\u00e9ho se neust\u00e1le zvy\u0161uj\u00ed.<\/p>\n\n\n\n<p>Americk\u00e1 Agentura na ochranu \u017eivotn\u00edho prost\u0159ed\u00ed (EPA)\n      ned\u00e1vno sd\u0115lila, \u017ee zne\u010di\u0161t\u0115n\u00ed vzduchu se b\u0115hem uplynul\u00fdch 25\n      let sn\u00ed\u017eilo asi o 30 procent, zat\u00edmco ekonomika vzrostla. To je\n      pot\u0115\u0161iteln\u00e9. Bylo by v\u0161ak naivn\u00ed se domn\u00edvat, \u017ee boj za\n      d\u00fdchateln\u00fd vzduch skon\u010dil. Naopak, v p\u0159\u00edpad\u0115 p\u0159em\u00edst\u0115n\u00ed\n      pr\u016fmyslu do zem\u00ed s m\u00e9n\u0115 p\u0159\u00edsn\u00fdmi regulacemi, bude muset je\u0161t\u0115\n      p\u0159itvrdit.<\/p>\n\n\n\n<p>Maurice Strong, kter\u00fd byl gener\u00e1ln\u00edm tajemn\u00edkem Summitu Zem\u0115\n      v Rio a nyn\u00ed p\u0159edsed\u00e1 Rad\u0115 Zem\u0115, \u0159\u00edk\u00e1, \u017ee &#8220;p\u0159\u00edli\u0161 m\u00e1lo zem\u00ed,\n      spole\u010dnost\u00ed, instituc\u00ed, komunit a ob\u010dan\u016f se zav\u00e1zalo p\u0159istoupit\n      ke zm\u0115n\u00e1m, nevyhnuteln\u00fdm pro dosa\u017een\u00ed v\u00fdrazn\u00e9ho zlep\u0161en\u00ed&#8221;.\n      Strong tak\u00e9 tvrd\u00ed, \u017ee sto zem\u00ed sv\u0115ta je chud\u0161\u00edch ne\u017e p\u0159ed patn\n      cti lety a 1,3 miliardy lid\u00ed vyd\u0115l v m\u00e9n\u0115 ne\u017e jeden dolar\n      denn\u0115.<\/p>\n\n\n\n<p>U\u017e v\u00edce ne\u017e 90 let socialist\u00e9 zd\u016fraz\u013auj\u00ed, \u017ee reformn\u00ed\n      kapitalismus nevy\u0159e\u0161\u00ed podstatn\u00e9 probl\u00e9my a ukazuje se, \u017ee je to\n      pravda. Lid\u00e9, kte\u0159\u00ed odm\u00edtaj\u00ed radik\u00e1ln\u00ed zm\u0115ny, z\u0159ejm\u0115 cht\u0115j\u00ed\n      \u010dekat dal\u0161\u00edch 90 let. Pokud maj\u00ed socialist\u00e9 pravdu, znamenalo\n      by to dal\u0161\u00edch 90 let v\u00e1lek, b\u00eddy, ekonomick\u00fdch kriz\u00ed, ni\u010den\u00ed\n      \u017eivotn\u00edho prost\u0159ed\u00ed. A situace by se je\u0161t\u0115 zhor\u0161ila, proto\u017ee\n      ni\u010div\u00e1 schopnost spole\u010dnosti ka\u017ed\u00fdm dnem roste. Neexistuje ani\n      ten nejmen\u0161\u00ed d\u016fkaz, \u017ee se socialist\u00e9 m\u00fdl\u00ed. Naopak, existuj\u00ed\n      z\u00e1va\u017en&#8217; d\u016fkazy, \u017ee maj\u00ed pravdu.<\/p>\n\n\n\n<p>Socialismus je to, co socialist\u00e9 cht\u0115j\u00ed, socialismus je tedy\n      to, o co usiluj\u00ed, nikoli o reformy &#8220;soci aln\u00edch aktivist\u016f&#8221;.<\/p>\n\n\n\n<p>Sdru\u017een\u00ed socialistick\u00fdch stran v r\u00e1mci Sv\u0115tov\u00e9ho\n      socialistick\u00e9ho hnut\u00ed se skl\u00e1d\u00e1 ze socialistick\u00fdch stran.\n      Prosazuj\u00ed socialismus, proto\u017ee jedin\u0115 socialismus m\u016f\u017ee\n      socialistick\u00e1 strana prosazovat. &#8220;Socialistick\u00e9&#8221; strany,\n      prosazuj\u00edc\u00ed &#8220;soci\u00e1ln\u00ed aktivismus&#8221;, nejsou opravdov\u00e9\n      socialistick\u00e9 strany, proto\u017ee ignoruj\u00ed socialismus a usiluj\u00ed o\n      reformy, nikoli \u0159e\u0161en\u00ed.<\/p>\n\n\n\n<p>Mal\u00e1 skupina socialist\u016f v\u0161ak nen\u00ed schopna vy\u0159e\u0161it\n      celosv\u0115tov\u00e9 probl\u00e9my. Pouze obrovsk\u00e1, socialistick\u00e1 v\u0115t\u0161ina to\n      m\u016f\u017ee dok\u00e1zat. Z\u00e1le\u017e\u00ed na ka\u017ed\u00e9m jedinci, aby p\u0159isp\u0115l k vytvo\u0159en\u00ed\n      t\u00e9to v\u0115t\u0161iny. Z\u00e1le\u017e\u00ed na ka\u017ed\u00e9m jedinci, aby ji pou\u017eil k vypnut\u00ed\n      kohoutku kapitalismu, aby jsme mohli vy\u0159e\u0161it probl\u00e9my.<\/p>\n\n\n\n<p><strong>Co znamen\u00e1 socialismus<\/strong>\n      <\/p>\n\n\n\n<p>Socialismus znamen\u00e1 svetovou spole\u010dnost zalo\u017eenou na v\u00fdrob\u0115\n      pro spot\u0159ebu, nikoli zisk.<\/p>\n\n\n\n<p>Bude to bezt\u0159\u00eddn\u00ed spole\u010dnost, v n\u00ed\u017e se bude moci ka\u017ed\u00fd\n      demokraticky pod\u00edlet na rozhodov\u00e1n\u00ed o vyu\u017eit\u00ed sv\u0115tov\u00fdch zdroj\u016f.\n      Ka\u017ed\u00fd bude p\u0159isp\u00edvat k v\u00fdrob\u0115 podle sv\u00fdch schopnost\u00ed a ka\u017ed\u00fd\n      bude br\u00e1t ze spole\u010dn\u00fdch z\u00e1sob podle sv\u00fdch skute\u010dn\u00fdch\n      pot\u0159eb.<\/p>\n\n\n\n<p><strong>V takov\u00e9 spole\u010dnosti nemohou existovat\n      pen\u00edze<\/strong>-anebo p\u0159esn\u0115ji \u0159e\u010deno, pen\u0115z nebude pot\u0159eba.\n      Pen\u00edze jsou pot\u0159ebn\u00e9 pouze tehdy, kdy\u017e maj\u00ed lid\u00e9 majetek.<\/p>\n\n\n\n<p><strong>P\u0159edstavte si, \u017ee v\u0161echny v\u0115ci, kter\u00e9 pot\u0159ebujete,\n      jsou spole\u010dn\u00fdm vlastnictv\u00edm<\/strong>. Nen\u00ed pot\u0159eba od nikoho\n      nakupovat potraviny &#8211; jsou pole\u010dn\u00fdm vlastnictv\u00edm. Neplat\u00ed se\n      \u017e\u00e1dn\u00e9 n\u00e1jmy \u010di hypot\u00e9ky, proto\u017ee p\u016fda a budovy pat\u0159\u00ed n\u00e1m v\u0161em.\n      Nemus\u00edte si kupovat nic od jin\u00fdch lid\u00ed, proto\u017ee spole\u010dnost\n      odstranila absurdn\u00ed rozd\u0115len\u00ed na men\u0161inov\u00e9 vlastn\u00edky\n      (kapitalisty) a lidi bez majetku (pracuj\u00edc\u00ed).<\/p>\n\n\n\n<p><strong>V socialistick\u00e9m sv\u0115t\u0115 nebudou pot\u0159ebn\u00e9 pen\u0115\u017en\u00ed\n      kalkulace<\/strong>. Alternativou k pen\u0115\u017en\u00edm kalkulac\u00edm\n      zalo\u017een\u00fdm na v\u00fdm\u0115nn\u00e9 hodnot\u0115 jsou kalkulace zalo\u017een\u00e9 na\n      spot\u0159ebn\u00ed hodnot\u0115. Rozhodnut\u00ed, krom\u0115 rozhodnut\u00ed \u010dist\u0115 osobn\u00edch\n      t\u00fdkaj\u00edc\u00edch se z\u00e1jm\u016f, budou p\u0159ij\u00edm\u00e1na po zv\u00e1\u017een\u00ed skute\u010dn\u00fdch\n      v\u00fdhod a nev\u00fdhod a re\u00e1ln\u00fdch n\u00e1klad\u016f alternativ v z\u00e1vislosti na\n      okolnostech.<\/p>\n\n\n\n<p><strong>Konec ziskov\u00e9ho syst\u00e9mu<\/strong> bude sou\u010dasn\u0115\n      znamenat konec v\u00e1lek, ekonomick\u00fdch kriz\u00ed, nezam\u0115stnanosti, b\u00eddy\n      a \u00fatlaku, kter\u00e9 jsou d\u016fsledky zm\u00edn\u0115n\u00e9ho syst\u00e9mu.<\/p>\n\n\n\n<p><strong>Pot\u0159ebn\u00e1 revolu\u010dn\u00ed zm\u0115na<\/strong> nen\u00ed mo\u017en\u00e1 bez\n      pochopen\u00ed a podpory v\u0115t\u0161iny lid\u00ed. Nedomn\u00edv\u00e1me se, \u017ee v\u0161echny\n      probl\u00e9my lidstva se vy\u0159e\u0161\u00ed m\u00e1vnut\u00edm \u010darovn\u00e9ho proutku.<\/p>\n\n\n\n<p><strong>Reformy st\u00e1vaj\u00edc\u00edho syst\u00e9mu jsou ne\u00fa\u010dinn\u00e9, proto\u017ee\n      honba za ziskem m\u00e1 p\u0159ednost p\u0159ed skute\u010dn\u00fdmi pot\u0159ebami, a proto\n      se probl\u00e9my opakuj\u00ed a neust\u00e1le prohlubuj\u00ed<\/strong>.<\/p>\n\n\n\n<p>Odstranit hlad, podv\u00fd\u017eivu, nemoci a nevzd\u0115lanost bude trvat\n      dlouhou dobu. Av\u0161ak obrovsk\u00e9 osvobozen\u00ed du\u0161evn\u00ed a t\u0115lesn\u00e9\n      energie z okov syst\u00e9mu zalo\u017een\u00e9m na honb\u0115 za ziskem zajist\u00ed\n      <strong>uskute\u010dn\u0115n\u00ed opravdov\u00e9ho pokroku lidstva<\/strong>.<\/p>\n","protected":false},"excerpt":{"rendered":"<p>1. Socialismus dosud nikdy nebyl vyzkou\u0161en! 2. V p\u0159ipad\u011b jeho uskute\u010dn\u0115ni musi b\u00fdt zaveden glob\u00e1ln\u0115! 3. Sv\u0115tov\u00fd socialismus Ize dos\u00e1hnout jedin\u0115 demokratickou cestou! Za\u010dali jsme zm\u00edn\u0115n\u00fdmi t\u0159emi body, proto\u017ee jsou nevyhnutelnl\u00e9 k pochopen\u00ed toho, \u010demu \u0159\u00edk\u00e1me socialismus. Odm\u00edt\u00e1me tvrzen\u00ed, \u017ee socialismus ji\u017e byl zaveden v zem\u00edch, kter\u00e9 jsou n\u011bkdy ozna\u010dov\u00e1ny jako &#8220;socialistick\u00e9&#8221;. Politick\u00fd syst\u00e9m t\u0115chto&#8230;<\/p>\n","protected":false},"author":1,"featured_media":0,"parent":0,"menu_order":0,"comment_status":"closed","ping_status":"closed","template":"","meta":{"magazine_newspaper_sidebar_layout":"","footnotes":""},"class_list":["post-95","page","type-page","status-publish","hentry"],"_links":{"self":[{"href":"https:\/\/www.worldsocialism.org\/wsm\/wp-json\/wp\/v2\/pages\/95","targetHints":{"allow":["GET"]}}],"collection":[{"href":"https:\/\/www.worldsocialism.org\/wsm\/wp-json\/wp\/v2\/pages"}],"about":[{"href":"https:\/\/www.worldsocialism.org\/wsm\/wp-json\/wp\/v2\/types\/page"}],"author":[{"embeddable":true,"href":"https:\/\/www.worldsocialism.org\/wsm\/wp-json\/wp\/v2\/users\/1"}],"replies":[{"embeddable":true,"href":"https:\/\/www.worldsocialism.org\/wsm\/wp-json\/wp\/v2\/comments?post=95"}],"version-history":[{"count":0,"href":"https:\/\/www.worldsocialism.org\/wsm\/wp-json\/wp\/v2\/pages\/95\/revisions"}],"wp:attachment":[{"href":"https:\/\/www.worldsocialism.org\/wsm\/wp-json\/wp\/v2\/media?parent=95"}],"curies":[{"name":"wp","href":"https:\/\/api.w.org\/{rel}","templated":true}]}}