{"id":90,"date":"2018-12-14T02:46:21","date_gmt":"2018-12-14T02:46:21","guid":{"rendered":"https:\/\/wsm.prolerat.org\/?page_id=90"},"modified":"2019-10-05T15:57:42","modified_gmt":"2019-10-05T14:57:42","slug":"ceska","status":"publish","type":"page","link":"https:\/\/www.worldsocialism.org\/wsm\/ceska\/","title":{"rendered":"Cesk\u00e1"},"content":{"rendered":"\n<h1 class=\"wp-block-heading\"><\/h1>\n\n\n\n<h2 class=\"wp-block-heading\"><a href=\"https:\/\/www.worldsocialism.org\/wsm\/nektere-aspekty-marxovy-politicke-ekonomie\/\">N\u011bkter\u00e9 aspekty Marxovy politick\u00e9 ekonomie<\/a><\/h2>\n\n\n\n<h2 class=\"wp-block-heading\">\u010c\u00e1st I<\/h2>\n\n\n\n<h3 class=\"wp-block-heading\">Marxova teorie pr\u00e1ce a hodnoty<\/h3>\n\n\n\n<p>Teorie pr\u00e1ce a hodnoty je jednou z teori\u00ed v\u011bdy      zvan\u00e9politick\u00e1 ekonomie (dnes se j\u00ed \u0159\u00edk\u00e1 u\u017e jen ekonomie),      kter\u00e1vysv\u011btluje, jak je pracuj\u00edc\u00ed t\u0159\u00edda v kapitalismu      vyko\u0159is\u0165ov\u00e1na a jakkapitalistick\u00e1 spole\u010dnost funguje.P\u0159e\u010dt\u011bte si v\u00edce<strong><a href=\"https:\/\/www.worldsocialism.org\/wsm\/nektere-aspekty-marxovy-politicke-ekonomie\/\">&gt; N\u011bkter\u00e9 aspekty Marxovy politick\u00e9 ekonomie<\/a><\/strong><\/p>\n\n\n\n<h2 class=\"wp-block-heading\"><a href=\"https:\/\/www.worldsocialism.org\/wsm\/socialismus\/\">Socialismus<\/a><\/h2>\n\n\n\n<p>1. Socialismus dosud nikdy nebyl vyzkou\u0161en!<\/p>\n\n\n\n<p>2. V p\u0159ipad\u011b jeho uskute\u010dn\u0115ni musi b\u00fdt zaveden glob\u00e1ln\u0115!<\/p>\n\n\n\n<p>3. Sv\u0115tov\u00fd socialismus Ize dos\u00e1hnout jedin\u0115 demokratickou\n      cestou!<\/p>\n\n\n\n<p>Za\u010dali jsme zm\u00edn\u0115n\u00fdmi t\u0159emi body, proto\u017ee jsou nevyhnutelnl\u00e9      k pochopen\u00ed toho, \u010demu \u0159\u00edk\u00e1me socialismus. <a href=\"https:\/\/www.worldsocialism.org\/wsm\/socialismus\/\" \"=\"\">P\u0159e\u010dt\u011bte si v\u00edce<\/a><strong><a href=\"https:\/\/www.worldsocialism.org\/wsm\/socialismus\/\">..<\/a><\/strong><\/p>\n","protected":false},"excerpt":{"rendered":"<p>N\u011bkter\u00e9 aspekty Marxovy politick\u00e9 ekonomie \u010c\u00e1st I Marxova teorie pr\u00e1ce a hodnoty Teorie pr\u00e1ce a hodnoty je jednou z teori\u00ed v\u011bdy zvan\u00e9politick\u00e1 ekonomie (dnes se j\u00ed \u0159\u00edk\u00e1 u\u017e jen ekonomie), kter\u00e1vysv\u011btluje, jak je pracuj\u00edc\u00ed t\u0159\u00edda v kapitalismu vyko\u0159is\u0165ov\u00e1na a jakkapitalistick\u00e1 spole\u010dnost funguje.P\u0159e\u010dt\u011bte si v\u00edce&gt; N\u011bkter\u00e9 aspekty Marxovy politick\u00e9 ekonomie Socialismus 1. Socialismus dosud nikdy nebyl&#8230;<\/p>\n","protected":false},"author":1,"featured_media":0,"parent":0,"menu_order":0,"comment_status":"closed","ping_status":"closed","template":"","meta":{"magazine_newspaper_sidebar_layout":"","footnotes":""},"class_list":["post-90","page","type-page","status-publish","hentry"],"_links":{"self":[{"href":"https:\/\/www.worldsocialism.org\/wsm\/wp-json\/wp\/v2\/pages\/90","targetHints":{"allow":["GET"]}}],"collection":[{"href":"https:\/\/www.worldsocialism.org\/wsm\/wp-json\/wp\/v2\/pages"}],"about":[{"href":"https:\/\/www.worldsocialism.org\/wsm\/wp-json\/wp\/v2\/types\/page"}],"author":[{"embeddable":true,"href":"https:\/\/www.worldsocialism.org\/wsm\/wp-json\/wp\/v2\/users\/1"}],"replies":[{"embeddable":true,"href":"https:\/\/www.worldsocialism.org\/wsm\/wp-json\/wp\/v2\/comments?post=90"}],"version-history":[{"count":2,"href":"https:\/\/www.worldsocialism.org\/wsm\/wp-json\/wp\/v2\/pages\/90\/revisions"}],"predecessor-version":[{"id":2475,"href":"https:\/\/www.worldsocialism.org\/wsm\/wp-json\/wp\/v2\/pages\/90\/revisions\/2475"}],"wp:attachment":[{"href":"https:\/\/www.worldsocialism.org\/wsm\/wp-json\/wp\/v2\/media?parent=90"}],"curies":[{"name":"wp","href":"https:\/\/api.w.org\/{rel}","templated":true}]}}