{"id":87,"date":"2018-12-14T02:39:15","date_gmt":"2018-12-14T02:39:15","guid":{"rendered":"https:\/\/wsm.prolerat.org\/?page_id=87"},"modified":"2019-10-05T15:48:05","modified_gmt":"2019-10-05T14:48:05","slug":"langues-lenguas","status":"publish","type":"page","link":"https:\/\/www.worldsocialism.org\/wsm\/langues-lenguas\/","title":{"rendered":"Langues \/ Lenguas"},"content":{"rendered":"\n<ul class=\"wp-block-list\"><li><a href=\"https:\/\/www.worldsocialism.org\/wsm\/ceska\/\">Cesk\u00e1<\/a><\/li><li><a href=\"https:\/\/www.worldsocialism.org\/wsm\/cymraeg\/\">Cymraeg<\/a><\/li><li><a href=\"https:\/\/www.worldsocialism.org\/wsm\/deutsch\/\">Deutsch<\/a><\/li><li><a href=\"https:\/\/www.worldsocialism.org\/wsm\/english\">English<\/a><\/li><li><a href=\"https:\/\/www.worldsocialism.org\/wsm\/espanol\/\">Espa\u00f1ol<\/a><\/li><li><a href=\"https:\/\/www.worldsocialism.org\/wsm\/esperanto\/\">Esperanto<\/a><\/li><li><a href=\"https:\/\/www.worldsocialism.org\/wsm\/francais\/\">Fran\u00e7ais<\/a><\/li><li><a href=\"https:\/\/www.worldsocialism.org\/wsm\/glosa\/\">Glosa<\/a><\/li><li><a href=\"https:\/\/www.worldsocialism.org\/wsm\/hindi\/\">Hindi<\/a><\/li><li><a href=\"https:\/\/www.worldsocialism.org\/wsm\/hrvatski\/\">Hrvatski<\/a><\/li><li><a href=\"https:\/\/www.worldsocialism.org\/wsm\/italiano\/\">Italiano<\/a><\/li><li><a href=\"https:\/\/www.worldsocialism.org\/wsm\/nederlands\/\">Nederlands<\/a><\/li><li><a href=\"https:\/\/www.worldsocialism.org\/wsm\/norsk\/\">Norsk<\/a><\/li><li><a href=\"https:\/\/www.worldsocialism.org\/wsm\/polska\/\">Polska<\/a><\/li><li><a href=\"https:\/\/www.worldsocialism.org\/wsm\/portugues\/\">Portugu\u00eas<\/a><\/li><li><a href=\"https:\/\/www.worldsocialism.org\/wsm\/svenska\/\">Svenska<\/a><\/li><li><a href=\"https:\/\/www.worldsocialism.org\/wsm\/tagalog\/\">Tagalog<\/a><\/li><li><a href=\"https:\/\/www.worldsocialism.org\/wsm\/turkce\/\">T\u00fcrk\u00e7e<\/a><\/li><li><a href=\"https:\/\/www.worldsocialism.org\/wsm\/\u03b5\u03bb\u03bb\u03b7\u03bd\u03b9\u03ba\u03ac\/\">\u0395\u03bb\u03bb\u03b7\u03bd\u03b9\u03ba\u03ac<\/a><\/li><li><a href=\"https:\/\/www.worldsocialism.org\/wsm\/\u0440\u0443\u0441\u0441\u043a\u0438\u0439\/\">\u0420\u0443\u0441\u0441\u043a\u0438\u0439 \u044f\u0437\u044b\u043a<\/a><\/li><li><a href=\"https:\/\/www.worldsocialism.org\/wsm\/\u05e2\u05d1\u05e8\u05d9\u05ea\/\">\u05e2\u05d1\u05e8\u05d9\u05ea<\/a><\/li><li><a href=\"https:\/\/www.worldsocialism.org\/wsm\/\u0639\u0631\u0628\u064a\u0629\/\">\u0639\u0631\u0628\u064a\u0629<\/a><\/li><li><a href=\"https:\/\/www.worldsocialism.org\/wsm\/\u09ac\u09be\u0982\u09b2\u09be\/\">\u09ac\u09be\u0982\u09b2\u09be<\/a><\/li><li><a href=\"https:\/\/www.worldsocialism.org\/wsm\/\u65e5\u672c-\u8a9e\/\">\u65e5\u672c \u8a9e<\/a><\/li><\/ul>\n","protected":false},"excerpt":{"rendered":"<p>Cesk\u00e1 Cymraeg Deutsch English Espa\u00f1ol Esperanto Fran\u00e7ais Glosa Hindi Hrvatski Italiano Nederlands Norsk Polska Portugu\u00eas Svenska Tagalog T\u00fcrk\u00e7e \u0395\u03bb\u03bb\u03b7\u03bd\u03b9\u03ba\u03ac \u0420\u0443\u0441\u0441\u043a\u0438\u0439 \u044f\u0437\u044b\u043a \u05e2\u05d1\u05e8\u05d9\u05ea \u0639\u0631\u0628\u064a\u0629 \u09ac\u09be\u0982\u09b2\u09be \u65e5\u672c \u8a9e<\/p>\n","protected":false},"author":1,"featured_media":2126,"parent":0,"menu_order":0,"comment_status":"closed","ping_status":"closed","template":"","meta":{"magazine_newspaper_sidebar_layout":"","footnotes":""},"class_list":["post-87","page","type-page","status-publish","has-post-thumbnail","hentry"],"_links":{"self":[{"href":"https:\/\/www.worldsocialism.org\/wsm\/wp-json\/wp\/v2\/pages\/87","targetHints":{"allow":["GET"]}}],"collection":[{"href":"https:\/\/www.worldsocialism.org\/wsm\/wp-json\/wp\/v2\/pages"}],"about":[{"href":"https:\/\/www.worldsocialism.org\/wsm\/wp-json\/wp\/v2\/types\/page"}],"author":[{"embeddable":true,"href":"https:\/\/www.worldsocialism.org\/wsm\/wp-json\/wp\/v2\/users\/1"}],"replies":[{"embeddable":true,"href":"https:\/\/www.worldsocialism.org\/wsm\/wp-json\/wp\/v2\/comments?post=87"}],"version-history":[{"count":6,"href":"https:\/\/www.worldsocialism.org\/wsm\/wp-json\/wp\/v2\/pages\/87\/revisions"}],"predecessor-version":[{"id":2455,"href":"https:\/\/www.worldsocialism.org\/wsm\/wp-json\/wp\/v2\/pages\/87\/revisions\/2455"}],"wp:featuredmedia":[{"embeddable":true,"href":"https:\/\/www.worldsocialism.org\/wsm\/wp-json\/wp\/v2\/media\/2126"}],"wp:attachment":[{"href":"https:\/\/www.worldsocialism.org\/wsm\/wp-json\/wp\/v2\/media?parent=87"}],"curies":[{"name":"wp","href":"https:\/\/api.w.org\/{rel}","templated":true}]}}