{"id":5650,"date":"2025-09-30T11:56:32","date_gmt":"2025-09-30T10:56:32","guid":{"rendered":"https:\/\/www.worldsocialism.org\/wsm\/?page_id=5650"},"modified":"2025-09-30T11:56:32","modified_gmt":"2025-09-30T10:56:32","slug":"la-posicion-socialista-en-relacion-con-el-medio-ambiente","status":"publish","type":"page","link":"https:\/\/www.worldsocialism.org\/wsm\/la-posicion-socialista-en-relacion-con-el-medio-ambiente\/","title":{"rendered":"La  posici\u00f3n socialista en relaci\u00f3n con el medio ambiente"},"content":{"rendered":"\r\n\r\n<p>Una sociedad socialista requiere que el sistema productivo en su conjunto satisfaga las necesidades de sus miembros y sea sostenible para el resto de la naturaleza.  En otras palabras, lo que los humanos toman de la naturaleza, la cantidad y el ritmo al que lo hacen, la forma en que usan esos materiales y los eliminan despu\u00e9s de su uso, deben hacerse para dejar que la naturaleza contin\u00fae suministrando y reabsorbiendo esos materiales despu\u00e9s de su uso. <\/p>\r\n<p>A largo plazo, esto implica niveles de consumo y producci\u00f3n estables o en lento aumento, aunque no descarta un r\u00e1pido crecimiento inicial cuidadosamente planificado durante un per\u00edodo para alcanzar un nivel en el que el consumo y la producci\u00f3n puedan estabilizarse.  La producci\u00f3n se orientar\u00eda simplemente a satisfacer las necesidades actuales y a reemplazar y reparar las existencias de medios de producci\u00f3n (materiales e instrumentos) necesarios para ello. <\/p>\r\n<p>La \u00fanica raz\u00f3n para acumular medios de producci\u00f3n ser\u00eda estar en condiciones de satisfacer todas las necesidades razonables de consumo, no como en la actualidad fabricar &#8220;necesidades&#8221; de comercializaci\u00f3n y ganancias.  Una vez lograda la acumulaci\u00f3n, o la expansi\u00f3n adicional de las existencias de medios de producci\u00f3n, podr\u00eda detenerse y estabilizarse los niveles de producci\u00f3n.  La proporci\u00f3n del tiempo de las personas dedicadas a la &#8220;producci\u00f3n&#8221; se reducir\u00eda y estabilizar\u00eda correspondientemente, dej\u00e1ndolas libres para dedicarse a cualquier actividad que quisieran. <\/p>\r\n<p>Por lo tanto, si la sociedad humana ha de ser capaz de organizar su producci\u00f3n y otras actividades de una manera ecol\u00f3gicamente aceptable, entonces debe abolir el sistema social, econ\u00f3mico y pol\u00edtico capitalista de acumulaci\u00f3n de ganancias y reemplazarlo con un sistema que oriente la producci\u00f3n hacia la satisfacci\u00f3n directa de las necesidades. <\/p>\r\n<p>Producir las cosas que la gente necesita de una manera ecol\u00f3gicamente aceptable presupone que la sociedad en su conjunto debe estar en condiciones de controlar la producci\u00f3n y dirigir sus prop\u00f3sitos.  Esto no se puede hacer en una sociedad donde los medios de producci\u00f3n son propiedad y est\u00e1n controlados por unos pocos privilegiados o donde la producci\u00f3n se rige por la operaci\u00f3n de leyes econ\u00f3micas ciegas que imponen sus propias prioridades.  La producci\u00f3n para las necesidades, por lo tanto, exige el fin tanto del control minoritario sobre los medios de producci\u00f3n como de la producci\u00f3n para el mercado. <\/p>\r\n<p>La producci\u00f3n para las necesidades requiere que el control sobre los medios de producci\u00f3n (naturaleza, materiales, instrumentos de producci\u00f3n) est\u00e9 disponible para todos.  Todos deben estar en igualdad de condiciones con todos los dem\u00e1s en relaci\u00f3n con los medios de producci\u00f3n.  Adem\u00e1s, la producci\u00f3n para las necesidades exige el fin de la compra y venta; el fin del mercado.  Significa que los bienes se producen y los servicios se ponen a disposici\u00f3n simplemente por su valor de uso, es decir, la capacidad de satisfacer las necesidades humanas. <\/p>\r\n<p>La producci\u00f3n para el mercado es una expresi\u00f3n del hecho de que los medios de producci\u00f3n y, por lo tanto, los productos no son propiedad de todos los miembros de una sociedad en com\u00fan, sino de individuos o grupos como las corporaciones.  El intercambio desaparecer\u00eda por completo en una sociedad donde no hubiera derechos de propiedad sobre los medios de producci\u00f3n. <\/p>\r\n<p><strong>Democracia y propiedad com\u00fan<\/strong><\/p>\r\n<p>La producci\u00f3n para satisfacer las necesidades solo puede tener lugar sobre la base de la propiedad com\u00fan.  Con la propiedad com\u00fan, lo que se produce ya no es propiedad de alg\u00fan individuo o grupo, que tiene que comprarse antes de que pueda usarse o conservarse, sino que est\u00e1 directamente disponible para que la gente lo tome de acuerdo con sus necesidades razonables. <\/p>\r\n<p>Decimos que es la propiedad com\u00fan la que proporciona el marco para el desarrollo de una relaci\u00f3n equilibrada entre la sociedad humana y el resto de la naturaleza.  Estamos hablando de la propiedad com\u00fan de todos los recursos naturales y manufacturados de la Tierra por parte de toda la humanidad.  Estamos hablando de una sociedad socialista mundial que recrear\u00eda, a escala mundial y sobre la base del conocimiento tecnol\u00f3gico y de otro tipo de hoy, las relaciones sociales comunistas de libertad, igualdad y comunidad a las que muchos humanos han aspirado desde la llegada de la sociedad de propiedad. <\/p>\r\n<p>La humanidad est\u00e1 ahora en condiciones, y lo ha estado durante alg\u00fan tiempo, de satisfacer, de una manera ecol\u00f3gicamente aceptable, las necesidades de todos sus miembros.  Los medios de producci\u00f3n y los conocimientos de los que dispone son m\u00e1s que suficientes para permitir que esto se haga.  El problema es que las ideas dominantes son las del capitalismo.  Lo que falta es el marco social adecuado: comprender la necesidad de la propiedad com\u00fan de los recursos naturales y manufacturados de la Tierra. <\/p>\r\n<p>La propiedad com\u00fan a escala mundial significa que no habr\u00e1 derechos de propiedad o territoriales sobre ninguna parte del globo ni sobre ninguno de los instrumentos de producci\u00f3n creados por la actividad humana.  La Tierra y sus recursos naturales y materiales no pertenecer\u00e1n a nadie.  Simplemente estar\u00edan all\u00ed para ser utilizados de acuerdo con reglas y procedimientos decididos democr\u00e1ticamente. <\/p>\r\n<p>Los detalles precisos de los arreglos de toma de decisiones de una sociedad socialista mundial no se pueden establecer hoy.  Pero es posible imaginar que la comunidad local sea la unidad b\u00e1sica de tales acuerdos.  La gente pod\u00eda elegir un consejo local para coordinar y administrar los asuntos locales.  Los delegados podr\u00edan ser enviados a los consejos regionales para decidir asuntos relacionados con un \u00e1rea m\u00e1s amplia, y as\u00ed sucesivamente.  Posiblemente un consejo mundial ser\u00eda la mejor manera de tratar asuntos a escala mundial (por ejemplo, el suministro de minerales escasos, la protecci\u00f3n de la biosfera, el uso de los oc\u00e9anos y la investigaci\u00f3n espacial). <\/p>\r\n<p>Sobre la base de la propiedad com\u00fan y el control democr\u00e1tico, la red mundial de unidades productivas y administrativas puede orientarse a satisfacer las necesidades humanas.  Esto no tiene por qu\u00e9 implicar la organizaci\u00f3n de una autoridad burocr\u00e1tica de planificaci\u00f3n mundial.  En su lugar, podr\u00edamos establecer mecanismos de producci\u00f3n y distribuci\u00f3n a diferentes niveles para responder con flexibilidad a las demandas que se les comunican. <\/p>\r\n<p><strong>Acceso gratuito<\/strong><\/p>\r\n<p>Adaptar la producci\u00f3n a la satisfacci\u00f3n de las necesidades significa hacer arreglos para que los individuos y los grupos tengan libre acceso a lo que necesitan.  Al no ser el socialismo una sociedad en la que los bienes y servicios se producen para la venta, la gente no tendr\u00eda que comprar lo que necesita.  Podr\u00edan decidir por s\u00ed mismos de manera socialmente responsable cu\u00e1les son sus necesidades y luego tomar del stock de productos reservados para el consumo individual o grupal.  En el caso de los servicios, se pueden aplicar reservas anticipadas, prioridad seg\u00fan las necesidades o acuerdos por orden de llegada. <\/p>\r\n<p>La informaci\u00f3n a la red de unidades productivas sobre qu\u00e9 producir provendr\u00eda de lo que la gente realmente eligi\u00f3 tomar o pedir a las tiendas de distribuci\u00f3n en condiciones de libre acceso.  Se tratar\u00eda esencialmente de un sistema de control de las existencias en primera instancia a nivel de la comunidad local.  Las necesidades se comunicar\u00edan a la red productiva como demandas de cantidades y tipos determinados de productos, materiales y servicios espec\u00edficos.  Esta informaci\u00f3n se comunicar\u00eda a todo el sistema, cuando fuera necesario, a otras regiones o a nivel mundial. <\/p>\r\n<p>Los bienes (servicios y cosas materiales) se producir\u00edan y distribuir\u00edan como art\u00edculos \u00fatiles destinados a satisfacer alguna necesidad humana.  Debido a que ya no se produc\u00edan ni se ofrec\u00edan a la venta en el mercado, no tendr\u00edan precio.  En cambio, las estimaciones de lo que la informaci\u00f3n actualizada suger\u00eda que probablemente se necesitar\u00eda durante un per\u00edodo determinado se expresar\u00edan como cantidades de productos, materiales y tiempo humano espec\u00edficos, no dinero. <\/p>\r\n<p>No habr\u00eda necesidad de ninguna unidad de cuenta universal para medir la necesidad, la oferta o la demanda.  Otros factores m\u00e1s importantes que el costo podr\u00edan tenerse en cuenta al tomar decisiones sobre qu\u00e9 materiales y m\u00e9todos productivos utilizar o qu\u00e9 servicios suministrar. En lugar de minimizar el costo de producci\u00f3n como \u00fanico criterio, otros factores como la salud, la comodidad y el disfrute de quienes realizan el trabajo, la protecci\u00f3n del medio ambiente y un sistema ecol\u00f3gico sostenible podr\u00edan recibir el lugar destacado que merecen. <\/p>\r\n<p><strong>Protecci\u00f3n del medio ambiente<\/strong><\/p>\r\n<p>En una sociedad orientada a satisfacer necesidades, el concepto de ganancias carecer\u00eda de sentido, mientras que el imperativo de &#8220;crecimiento&#8221; desaparecer\u00eda.  En cambio, despu\u00e9s de un per\u00edodo inicial de aumento de la producci\u00f3n \u00fatil para proporcionar servicios b\u00e1sicos a toda la poblaci\u00f3n mundial, se puede esperar que la producci\u00f3n se estabilice en un nivel suficiente para satisfacer las necesidades actuales de las personas y la viabilidad futura de su sociedad.  Se podr\u00eda lograr una relaci\u00f3n sostenible con el resto de la naturaleza.  Las necesidades a escala mundial podr\u00edan estar en equilibrio con la capacidad de la biosfera para renovarse despu\u00e9s de abastecerlas. <\/p>\r\n<p>Como la \u00fanica forma de vida que puede actuar de una manera consciente del impacto m\u00e1s amplio que puede tener en otras especies y en el planeta en su conjunto, los humanos tienen el potencial de actuar como el &#8220;cerebro&#8221; del planeta, regulando conscientemente su funci\u00f3n en inter\u00e9s de las generaciones presentes y futuras.  Pero antes de que podamos esperar a desempe\u00f1ar este papel, primero debemos integrar nuestras propias actividades en un ciclo natural sostenible a escala planetaria.  Esto solo podemos hacerlo en el marco de una sociedad socialista mundial en la que la Tierra y todos sus recursos naturales y materiales se hayan convertido en patrimonio com\u00fan de toda la humanidad. <\/p>\r\n<p><strong>Conclusi\u00f3n<\/strong><\/p>\r\nLos humanos somos parte de la naturaleza, no externos a ella.  Somos uno con la naturaleza;  debemos nutrirla si quiere sostenernos.  Como especie, somos la forma de vida m\u00e1s compleja y desarrollada de la Tierra.  Estamos en un largo viaje que a veces es peligroso, a menudo dif\u00edcil y desafiante. <\/p>\r\n<p>Los socialistas trabajan por una revoluci\u00f3n en la sociedad del capitalismo mundial al socialismo mundial.  La revoluci\u00f3n que queremos es una revoluci\u00f3n social que cambiar\u00e1 la base de la sociedad del actual monopolio de los recursos productivos por parte de individuos, corporaciones y estados ricos a una en la que la Tierra y sus recursos no pertenecen a nadie, sino que se habr\u00e1n convertido en el patrimonio com\u00fan de toda la humanidad. Esta revoluci\u00f3n solo puede ser llevada a cabo democr\u00e1ticamente por la clase mayoritaria de la sociedad, aquellos obligados a trabajar por un salario o un salario para ganarse la vida, con miras a liberarse de la explotaci\u00f3n con fines de lucro y de las restricciones y problemas que el sistema capitalista de ganancias les impone.  Al mismo tiempo, los socialistas entienden que tal revoluci\u00f3n tambi\u00e9n tiene que lograr una relaci\u00f3n sostenible entre la sociedad humana y el resto de la naturaleza. <\/p>\r\n\r\n\r\n\r\n\r\n","protected":false},"excerpt":{"rendered":"<p>Una sociedad socialista requiere que el sistema productivo en su conjunto satisfaga las necesidades de sus miembros y sea sostenible para el resto de la naturaleza. En otras palabras, lo que los humanos toman de la naturaleza, la cantidad y el ritmo al que lo hacen, la forma en que usan esos materiales y los&#8230;<\/p>\n","protected":false},"author":39790,"featured_media":0,"parent":0,"menu_order":0,"comment_status":"closed","ping_status":"closed","template":"","meta":{"magazine_newspaper_sidebar_layout":"","footnotes":""},"class_list":["post-5650","page","type-page","status-publish","hentry"],"_links":{"self":[{"href":"https:\/\/www.worldsocialism.org\/wsm\/wp-json\/wp\/v2\/pages\/5650","targetHints":{"allow":["GET"]}}],"collection":[{"href":"https:\/\/www.worldsocialism.org\/wsm\/wp-json\/wp\/v2\/pages"}],"about":[{"href":"https:\/\/www.worldsocialism.org\/wsm\/wp-json\/wp\/v2\/types\/page"}],"author":[{"embeddable":true,"href":"https:\/\/www.worldsocialism.org\/wsm\/wp-json\/wp\/v2\/users\/39790"}],"replies":[{"embeddable":true,"href":"https:\/\/www.worldsocialism.org\/wsm\/wp-json\/wp\/v2\/comments?post=5650"}],"version-history":[{"count":3,"href":"https:\/\/www.worldsocialism.org\/wsm\/wp-json\/wp\/v2\/pages\/5650\/revisions"}],"predecessor-version":[{"id":5653,"href":"https:\/\/www.worldsocialism.org\/wsm\/wp-json\/wp\/v2\/pages\/5650\/revisions\/5653"}],"wp:attachment":[{"href":"https:\/\/www.worldsocialism.org\/wsm\/wp-json\/wp\/v2\/media?parent=5650"}],"curies":[{"name":"wp","href":"https:\/\/api.w.org\/{rel}","templated":true}]}}