{"id":5648,"date":"2025-09-30T11:51:04","date_gmt":"2025-09-30T10:51:04","guid":{"rendered":"https:\/\/www.worldsocialism.org\/wsm\/?page_id=5648"},"modified":"2025-09-30T11:51:04","modified_gmt":"2025-09-30T10:51:04","slug":"que-es-la-ecologia","status":"publish","type":"page","link":"https:\/\/www.worldsocialism.org\/wsm\/que-es-la-ecologia\/","title":{"rendered":"\u00bfQu\u00e9 es la ecolog\u00eda?"},"content":{"rendered":"\r\n\r\n<p>La acu\u00f1aci\u00f3n del t\u00e9rmino ecolog\u00eda se atribuye generalmente al bi\u00f3logo Ernst Haeckel.  Lo us\u00f3 en 1886 para describir el estudio de las relaciones de los organismos vivos entre s\u00ed y con su entorno.  Darwin, en <em>El origen de las especie<\/em>s, hab\u00eda escrito sobre un estudio del lugar de los organismos en lo que \u00e9l llamaba la econom\u00eda de la naturaleza.  Revel\u00f3 &#8220;cu\u00e1n infinitamente complejas y ajustadas son las relaciones mutuas de todos los seres org\u00e1nicos entre s\u00ed y con sus condiciones f\u00edsicas de vida&#8221;.<\/p>\r\n<p>La ecolog\u00eda ense\u00f1a que los componentes minerales y qu\u00edmicos de la materia natural est\u00e1n siendo continuamente utilizados y transformados por las actividades de los organismos vivos.  En condiciones naturales, estos materiales se transforman de nuevo en lo que eran originalmente, de modo que todo el proceso puede comenzar de nuevo.  A la ecolog\u00eda le preocupa que los materiales se extraigan, transformen, consuman y descompongan de tal manera que no alteren el funcionamiento equilibrado de la biosfera.  La biosfera incluye la hidrosfera, la corteza terrestre y la atm\u00f3sfera.  De hecho, todas las formas de vida est\u00e1n tan interrelacionadas e interdependientes entre s\u00ed que incluso podr\u00eda decirse que la biosfera misma es un solo organismo vivo. <\/p>\r\n<p>La biosfera es en realidad un gran ecosistema.  Un ejemplo simple de un ecosistema ser\u00eda un campo, un bosque, un estanque o incluso un charco.  En un estanque, por ejemplo, el sedimento que se encuentra en el fondo contiene nutrientes que sustentan varios tipos de vida vegetal.  Estas plantas proporcionan alimento que sustenta a los peces e insectos que viven en el estanque.  Cuando las plantas y los animales mueren, sus cuerpos se descomponen, liberando nutrientes de nuevo en el sedimento en lo que es, en efecto, un proceso continuo de reciclaje.  Todos los ecosistemas tienden a un estado de armon\u00eda o equilibrio a trav\u00e9s de un sistema de autorregulaci\u00f3n.  Sin embargo, estos ecosistemas no son &#8220;cerrados&#8221; ni totalmente autosuficientes; cada uno interact\u00faa con otros ecosistemas. <\/p>\r\n<p><strong>Una breve historia de la Tierra<\/strong><\/p>\r\n<p>En 1658, el arzobispo Ussher declar\u00f3 que la Tierra se hab\u00eda formado en el a\u00f1o 4004 a.C., derivado de c\u00e1lculos basados en la genealog\u00eda b\u00edblica.  Hoy en d\u00eda, la mayor\u00eda de los expertos cient\u00edficos sit\u00faan el tiempo en 4-5 mil millones de a\u00f1os.  Al principio, la Tierra era una masa fundida de roca y metales.  A medida que se enfriaba, formaba una delgada costra que flotaba sobre un mar de roca fundida.  Pasaron millones de a\u00f1os mientras se formaba gradualmente una atm\u00f3sfera.  La corteza se enfri\u00f3 en un gran trozo, formando oc\u00e9anos, mares, lagos y r\u00edos. <\/p>\r\n<p>Se cree que la atm\u00f3sfera antes de que apareciera la vida en la Tierra estaba compuesta principalmente de hidr\u00f3geno y sus compuestos metano, amon\u00edaco y vapor de agua.  La vida, esencialmente un proceso qu\u00edmico, comenz\u00f3 a formarse.  Una vez que se puso en marcha el proceso qu\u00edmico de crecimiento y reproducci\u00f3n que llamamos vida, nunca se detuvo.  Durante un per\u00edodo de cientos de millones de a\u00f1os se extendi\u00f3 desde los mares para colonizar toda la superficie del globo con una gran variedad de formas de vida: bacterianas, vegetales y animales. <\/p>\r\n<p>La vida en la Tierra se sustenta en los rayos del sol, que son convertidos por las plantas, a trav\u00e9s del proceso de fotos\u00edntesis, en una forma de energ\u00eda qu\u00edmica.  Todas las dem\u00e1s formas de vida dependen de esto como alimento para vivir.  Los insectos y otros animales comen partes de la planta (sus hojas, sus ra\u00edces, sus frutos y semillas) y, a su vez, son comidos por otros animales.  Sus excrementos y sus cuerpos cuando mueren son descompuestos por otros insectos, bacterias y hongos.  Estas bacterias y hongos liberan en el suelo los diversos minerales que las plantas deben tener para existir y crecer.  As\u00ed que el circuito est\u00e1 completo;  todas las formas de vida dependen en \u00faltima instancia unas de otras para vivir. <\/p>\r\n<p><strong>Los humanos entran en escena<\/strong><\/p>\r\n<p>Los tipos anteriores de Homo evolucionaron hasta convertirse en Homo sapiens no solo en respuesta a los cambios producidos externamente en su entorno, sino tambi\u00e9n en respuesta a los cambios que ellos mismos hicieron cuando intervinieron en la naturaleza para satisfacer sus necesidades.  Es a trav\u00e9s de la interacci\u00f3n de una serie de factores (postura erguida, manos libres, pulgares oponibles, uso de herramientas, fabricaci\u00f3n de herramientas, caza colectiva, habla, lenguaje, aprendizaje) que es m\u00e1s probable que nuestros antepasados simiescos hayan evolucionado mediante un proceso de selecci\u00f3n natural en seres humanos. <\/p>\r\n<p>Los humanos intervienen activamente para cambiar la naturaleza para satisfacer sus necesidades. Todas las formas de vida cambian la naturaleza simplemente por estar vivas, respirar y consumir alimentos.  Pero la actividad humana implica no simplemente tomar de la naturaleza en el proceso de satisfacer necesidades, sino tambi\u00e9n cambiar la naturaleza para que satisfaga esas necesidades.  De hecho, cambiar la naturaleza para satisfacer las necesidades humanas es la definici\u00f3n b\u00e1sica de producci\u00f3n. <\/p>\r\n<p>Lo que hacen los seres humanos cuando se dedican a una actividad productiva es aplicar sus energ\u00edas mentales y f\u00edsicas a materiales que originalmente provienen de la naturaleza con el fin de cambiar su forma para hacerlos adecuados para el uso humano.  Dado que los humanos son parte de la naturaleza, lo que sucede desde un punto de vista ecol\u00f3gico es que una parte de la naturaleza act\u00faa sobre otra parte para cambiar su forma.  Esto significa que el trabajo humano no es la \u00fanica fuente de riqueza.  Las cosas \u00fatiles, o valores de uso, como a veces se les llama, son combinaciones de dos elementos, el trabajo y los materiales proporcionados por la naturaleza. <\/p>\r\n<p>Las cosas pueden salir mal cuando, por la raz\u00f3n que sea, los humanos ignoran las consecuencias ecol\u00f3gicas de sus acciones.  El da\u00f1o ecol\u00f3gico infligido por la acci\u00f3n humana no es nuevo en la historia.  El ascenso y la ca\u00edda de las civilizaciones pueden atribuirse, hasta cierto punto, a factores ambientales.  Las tierras que alguna vez fueron f\u00e9rtiles se han convertido en desiertos debido al uso excesivo.  Entre las causas del colapso de la civilizaci\u00f3n maya se encuentran la considerable deforestaci\u00f3n y erosi\u00f3n del suelo. <\/p>\r\n\r\n\r\n\r\n","protected":false},"excerpt":{"rendered":"<p>La acu\u00f1aci\u00f3n del t\u00e9rmino ecolog\u00eda se atribuye generalmente al bi\u00f3logo Ernst Haeckel. Lo us\u00f3 en 1886 para describir el estudio de las relaciones de los organismos vivos entre s\u00ed y con su entorno. Darwin, en El origen de las especies, hab\u00eda escrito sobre un estudio del lugar de los organismos en lo que \u00e9l llamaba&#8230;<\/p>\n","protected":false},"author":39790,"featured_media":0,"parent":0,"menu_order":0,"comment_status":"closed","ping_status":"closed","template":"","meta":{"magazine_newspaper_sidebar_layout":"","footnotes":""},"class_list":["post-5648","page","type-page","status-publish","hentry"],"_links":{"self":[{"href":"https:\/\/www.worldsocialism.org\/wsm\/wp-json\/wp\/v2\/pages\/5648","targetHints":{"allow":["GET"]}}],"collection":[{"href":"https:\/\/www.worldsocialism.org\/wsm\/wp-json\/wp\/v2\/pages"}],"about":[{"href":"https:\/\/www.worldsocialism.org\/wsm\/wp-json\/wp\/v2\/types\/page"}],"author":[{"embeddable":true,"href":"https:\/\/www.worldsocialism.org\/wsm\/wp-json\/wp\/v2\/users\/39790"}],"replies":[{"embeddable":true,"href":"https:\/\/www.worldsocialism.org\/wsm\/wp-json\/wp\/v2\/comments?post=5648"}],"version-history":[{"count":1,"href":"https:\/\/www.worldsocialism.org\/wsm\/wp-json\/wp\/v2\/pages\/5648\/revisions"}],"predecessor-version":[{"id":5649,"href":"https:\/\/www.worldsocialism.org\/wsm\/wp-json\/wp\/v2\/pages\/5648\/revisions\/5649"}],"wp:attachment":[{"href":"https:\/\/www.worldsocialism.org\/wsm\/wp-json\/wp\/v2\/media?parent=5648"}],"curies":[{"name":"wp","href":"https:\/\/api.w.org\/{rel}","templated":true}]}}