{"id":5638,"date":"2025-09-25T15:06:29","date_gmt":"2025-09-25T14:06:29","guid":{"rendered":"https:\/\/www.worldsocialism.org\/wsm\/?page_id=5638"},"modified":"2025-09-25T15:06:29","modified_gmt":"2025-09-25T14:06:29","slug":"existe-el-socialismo-en-venezuela","status":"publish","type":"page","link":"https:\/\/www.worldsocialism.org\/wsm\/existe-el-socialismo-en-venezuela\/","title":{"rendered":"\u00bfExiste el socialismo en Venezuela?"},"content":{"rendered":"\r\n\r\n<p>Los comentaristas tanto de la derecha como de la izquierda de la pol\u00edtica capitalista afirman que el socialismo existe en Venezuela. La derecha acepta con gratitud la afirmaci\u00f3n del r\u00e9gimen de Maduro de ser socialista, se\u00f1alando su represi\u00f3n contra los opositores, su posici\u00f3n econ\u00f3mica cada vez m\u00e1s pobre y el gran n\u00famero de personas que huyen a otros pa\u00edses para tratar de escapar de la pobreza y la violencia. Estos cr\u00edticos atribuyen esto a la forma en que se dirigen los pa\u00edses &#8220;socialistas&#8221; y ven las dificultades materiales y la falta de democracia como una consecuencia inevitable de esto. Muchos en la izquierda tambi\u00e9n ven a Venezuela como &#8220;socialista&#8221;, pero consideran esto como una raz\u00f3n para alegrarse, atribuyendo sus problemas no a la forma en que se gobierna, sino al hecho de que el mundo capitalista exterior, en particular Estados Unidos, ha utilizado todos los medios posibles para derribarlo, priv\u00e1ndolo de recursos y fomentando el descontento entre su poblaci\u00f3n. <\/p>\r\n<p>\u00bfD\u00f3nde est\u00e1 la verdad? Bueno, es com\u00fan que la derecha pol\u00edtica use &#8220;socialista&#8221; como una palabrota para los gobiernos que ejercen un control estatal directo sobre la econom\u00eda, especialmente si esos gobiernos son intolerantes con la oposici\u00f3n o se llaman a s\u00ed mismos &#8220;socialistas&#8221; o &#8220;marxistas&#8221;. Ejemplos obvios de esto son China y Cuba y, en tiempos pasados, la Uni\u00f3n Sovi\u00e9tica. En cuanto a la izquierda, con frecuencia es favorable a tales reg\u00edmenes sobre la base de que su propiedad de la riqueza no est\u00e1 monopolizada por un n\u00famero muy peque\u00f1o de individuos o empresas, como en el Occidente abiertamente capitalista. Este es el caso a pesar de que un peque\u00f1o n\u00famero de personas poderosas, los l\u00edderes pol\u00edticos, controlan la econom\u00eda y, a menudo, todo lo dem\u00e1s, y la mayor\u00eda de las personas siguen siendo relativamente pobres en una especie de &#8220;igualdad de pobreza&#8221;.<\/p>\r\n<p><strong>De Ch\u00e1vez a Maduro<\/strong><\/p>\r\n<p>Pero, \u00bfqu\u00e9 pasa con Venezuela? En 1999, Hugo Ch\u00e1vez, el predecesor del actual presidente Nicol\u00e1s Maduro, inici\u00f3 una pol\u00edtica, que llam\u00f3 la Revoluci\u00f3n Bolivariana, de controlar los elementos clave de la econom\u00eda, en particular los vastos recursos petroleros del pa\u00eds, e introducir reformas sociales, todo lo cual tuvo el efecto de hacer que el trabajador promedio del pa\u00eds estuviera mejor y m\u00e1s contento con su suerte, muy parecido al gobierno laborista nacionalizador en Gran Breta\u00f1a despu\u00e9s de la Segunda Guerra Mundial. La Guerra Mundial y Allende en Chile antes de ser depuesto en 1973. Las medidas que introdujo Ch\u00e1vez, que tambi\u00e9n inclu\u00edan la expropiaci\u00f3n estatal de una serie de corporaciones privadas y acuerdos comerciales con varios pa\u00edses como China y Cuba, fueron consideradas por sus partidarios como socialismo que tomaba el relevo del capitalismo, el llamado Socialismo del Siglo XXI, incluso si lo que eran en el mundo real era el capitalismo privado (o al menos parte de \u00e9l) siendo reemplazado por el capitalismo de Estado. <\/p>\r\n<p>Pero incluso antes de la muerte de Ch\u00e1vez en 2013, la econom\u00eda venezolana hab\u00eda comenzado a desacelerarse, debido a la ca\u00edda del precio mundial del petr\u00f3leo y a los embargos y sanciones de Estados Unidos, y al hecho de que, cualquiera que fuera el nombre que se le diera al sistema en Venezuela, la producci\u00f3n all\u00ed segu\u00eda estando orientada al mercado, como lo es tanto en el capitalismo de Estado como en el capitalismo privado. Las cosas solo empeoraron cuando Maduro, quien hab\u00eda sido vicepresidente de Ch\u00e1vez, asumi\u00f3 el cargo, y desde entonces la econom\u00eda se ha contra\u00eddo alrededor del 70 por ciento. A medida que la crisis se intensificaba, Estados Unidos busc\u00f3 restablecer la fuerte influencia que hab\u00eda tenido en la Venezuela anterior a Ch\u00e1vez mediante el fortalecimiento de las sanciones econ\u00f3micas, el bloqueo de las exportaciones de petr\u00f3leo de Venezuela y el est\u00edmulo a las fuerzas de oposici\u00f3n en el pa\u00eds. Pero el verdadero problema de Maduro fue el mismo que enfrentan todos los gobiernos que intentan mantener el sistema de compra y venta del capitalismo en equilibrio: el hecho de que el sistema tiene una mente propia. Los gobiernos no pueden controlar las crisis que lo acompa\u00f1an de forma peri\u00f3dica y natural. Los intentos de Maduro para lidiar con esto consistieron en pr\u00e1cticas como aumentar la oferta monetaria (causando as\u00ed inflaci\u00f3n) y tomar medidas en\u00e9rgicas, a menudo severamente, contra aquellos que se opon\u00edan a su forma de manejar las cosas. Muchos de los que lo han criticado o se han opuesto a \u00e9l han sido asesinados, torturados o secuestrados, y alrededor de 300 est\u00e1n actualmente detenidos, seg\u00fan Amnist\u00eda Internacional, por supuestos delitos pol\u00edticos. <\/p>\r\n<p><strong>\u00bfElecciones justas?<\/strong><\/p>\r\n<p>Todo esto ha tra\u00eddo tanto miedo como graves dificultades econ\u00f3micas a muchos de los que anteriormente hab\u00edan apoyado a Ch\u00e1vez. La aguda escasez de productos b\u00e1sicos en particular ha provocado que el apoyo de Maduro se desplome y que hasta 7 millones de trabajadores (en una poblaci\u00f3n de alrededor de 30 millones) abandonen el pa\u00eds con la simple esperanza de encontrar un medio de vida, o simplemente comida y bebida, en otro lugar, principalmente Colombia y Per\u00fa, o si pueden entrar.  Estados Unidos. Esto constituye la mayor crisis migratoria del mundo en este momento, con un n\u00famero de refugiados mayor que el de Siria o Ucrania. <\/p>\r\n\r\n<p>Los venezolanos que se han quedado y se han atrevido a protestar son tratados con dureza como una cuesti\u00f3n de rutina e incluso hay se\u00f1ales de que Maduro ya no tiene el apoyo total de sus militares y ha recurrido a grupos de tipo mafioso para apuntalar su posici\u00f3n. Como era de esperar dadas las circunstancias, a pesar de que el pa\u00eds todav\u00eda tiene las trampas pol\u00edticas de la democracia, es poco probable que sus pr\u00f3ximas elecciones, programadas para el pr\u00f3ximo mes (28 de julio), sean &#8220;libres y justas&#8221;. Las elecciones anteriores de 2018 ya fueron un asunto manifiestamente ama\u00f1ado con dos de los candidatos m\u00e1s populares impedidos de postularse. Y las cosas ciertamente no son m\u00e1s &#8220;democr\u00e1ticas&#8221; ahora. En enero de este a\u00f1o, la l\u00edder de la oposici\u00f3n y clara favorita en las encuestas, Mar\u00eda Corina Machada, fue inhabilitada para ocupar el cargo durante 15 a\u00f1os. En febrero, una destacada abogada conocida por exponer la corrupci\u00f3n en el ej\u00e9rcito, Roc\u00edo San Miguel, fue arrestada y acusada de &#8220;traici\u00f3n a la patria, conspiraci\u00f3n y terrorismo&#8221; por su presunto papel en un supuesto complot para asesinar a Maduro. Al mes siguiente, Ronald Ojeda, un exteniente del ej\u00e9rcito venezolano que hab\u00eda protestado contra el gobierno de Maduro en las redes sociales, fue encontrado muerto en Chile diez d\u00edas despu\u00e9s de su desaparici\u00f3n. Anteriormente se le hab\u00eda visto en las redes sociales con una camiseta con la palabra &#8220;libertad&#8221; escrita en el cuello y los barrotes de la prisi\u00f3n dibujados en el mapa de Venezuela. <\/p>\r\n\r\n<p><strong>No socialismo<\/strong><\/p>\r\n<p>Entonces, dadas las medidas desesperadas que est\u00e1 tomando Maduro, probablemente ser\u00e1 el &#8220;ganador&#8221; en las elecciones del pr\u00f3ximo mes. Pero, dado el lamentable estado del pa\u00eds, la pregunta ser\u00e1 cu\u00e1nto tiempo podr\u00e1 aguantar despu\u00e9s de eso. Como ha se\u00f1alado un comentarista, el tipo de &#8220;dictador electo&#8221; que es Maduro puede, incluso si es muy impopular, ser dif\u00edcil de desalojar. Pero ya sea que Maduro aguante o no, lo que suceda en Venezuela no ser\u00e1 socialismo ni nada que ver con el significado real o el contenido de la palabra. Ese es claramente el caso, ya que el socialismo es un sistema de sociedad sin dinero y sin estado con libre acceso a todos los bienes y servicios basado en la cooperaci\u00f3n voluntaria y la igualdad econ\u00f3mica. Y vendr\u00e1 a trav\u00e9s de una inmensa mayor\u00eda de trabajadores en todos los pa\u00edses industrializados que desarrollen la comprensi\u00f3n y la organizaci\u00f3n socialistas para ganar y controlar el poder pol\u00edtico. <\/p>\r\n<p>En el mundo moderno, cualquier otra cosa que no sea eso es una forma de capitalismo, ya sea presidido por un estado todopoderoso o con el mercado dando rienda suelta. En el caso de Venezuela, si Maduro contin\u00faa prevaleciendo all\u00ed, seguir\u00e1 teniendo el r\u00e9gimen capitalista de estado represivo del tipo que a menudo se hace pasar por socialismo pero lo hace de manera fraudulenta y tiene como sello distintivo la pobreza y la desigualdad que facilitan que la derecha pol\u00edtica diga que el socialismo es un fracaso abyecto y que los partidarios de izquierda de Venezuela culpen a Estados Unidos por sofocar un valiente experimento socialista. <\/p>\r\n<p>Si Maduro finalmente se va, lo que tendremos, aunque podr\u00eda ser algo menos represivo, no es de ninguna manera mucho mejor en t\u00e9rminos de mejorar la suerte de la mayor\u00eda del pueblo venezolano. El pa\u00eds puede convertirse en lo que ya son otros estados vecinos, las llamadas econom\u00edas &#8220;mixtas&#8221; con propiedad y control en parte estatal y propiedad privada en parte. Pero, como en otras partes de Am\u00e9rica Latina y el resto del mundo en la actualidad, ser\u00e1 una poblaci\u00f3n dividida en dos clases, una peque\u00f1a minor\u00eda que posee y controla la gran mayor\u00eda de la riqueza y no necesita trabajar para su existencia c\u00f3moda y a menudo lujosa, y una gran mayor\u00eda que tiene que trabajar por un sueldo o salario para sobrevivir.  Tienen una libertad de elecci\u00f3n limitada y una falta de control sobre sus vidas, y contin\u00faan a merced de las crisis regulares y los altibajos del sistema: guerra, recesi\u00f3n y reorganizaci\u00f3n constante. Esta es una consecuencia inevitable de la b\u00fasqueda interminable del capitalismo para producir m\u00e1s y m\u00e1s barato y m\u00e1s rentable. Ya sea que esto ocurra en Venezuela o en cualquier otra parte del mundo, no tiene nada que ver con el socialismo. Nada de esto cambiar\u00e1 hasta que los venezolanos y los trabajadores de todo el mundo hayan dejado de confiar en los gobiernos y los pol\u00edticos carism\u00e1ticos, independientemente de las afirmaciones y promesas que hagan. <\/p>\r\n\r\n<p>SOCIALIST STANDARD, junio de 2024<\/p>\r\n\r\n\r\n \r\n \r\n\r\n","protected":false},"excerpt":{"rendered":"<p>Los comentaristas tanto de la derecha como de la izquierda de la pol\u00edtica capitalista afirman que el socialismo existe en Venezuela. La derecha acepta con gratitud la afirmaci\u00f3n del r\u00e9gimen de Maduro de ser socialista, se\u00f1alando su represi\u00f3n contra los opositores, su posici\u00f3n econ\u00f3mica cada vez m\u00e1s pobre y el gran n\u00famero de personas que&#8230;<\/p>\n","protected":false},"author":39790,"featured_media":0,"parent":0,"menu_order":0,"comment_status":"closed","ping_status":"closed","template":"","meta":{"magazine_newspaper_sidebar_layout":"","footnotes":""},"class_list":["post-5638","page","type-page","status-publish","hentry"],"_links":{"self":[{"href":"https:\/\/www.worldsocialism.org\/wsm\/wp-json\/wp\/v2\/pages\/5638","targetHints":{"allow":["GET"]}}],"collection":[{"href":"https:\/\/www.worldsocialism.org\/wsm\/wp-json\/wp\/v2\/pages"}],"about":[{"href":"https:\/\/www.worldsocialism.org\/wsm\/wp-json\/wp\/v2\/types\/page"}],"author":[{"embeddable":true,"href":"https:\/\/www.worldsocialism.org\/wsm\/wp-json\/wp\/v2\/users\/39790"}],"replies":[{"embeddable":true,"href":"https:\/\/www.worldsocialism.org\/wsm\/wp-json\/wp\/v2\/comments?post=5638"}],"version-history":[{"count":1,"href":"https:\/\/www.worldsocialism.org\/wsm\/wp-json\/wp\/v2\/pages\/5638\/revisions"}],"predecessor-version":[{"id":5639,"href":"https:\/\/www.worldsocialism.org\/wsm\/wp-json\/wp\/v2\/pages\/5638\/revisions\/5639"}],"wp:attachment":[{"href":"https:\/\/www.worldsocialism.org\/wsm\/wp-json\/wp\/v2\/media?parent=5638"}],"curies":[{"name":"wp","href":"https:\/\/api.w.org\/{rel}","templated":true}]}}