{"id":5621,"date":"2025-09-12T14:55:59","date_gmt":"2025-09-12T13:55:59","guid":{"rendered":"https:\/\/www.worldsocialism.org\/wsm\/?page_id=5621"},"modified":"2025-09-12T14:55:59","modified_gmt":"2025-09-12T13:55:59","slug":"socialismo-el-mundo-en-que-podriamos","status":"publish","type":"page","link":"https:\/\/www.worldsocialism.org\/wsm\/socialismo-el-mundo-en-que-podriamos\/","title":{"rendered":"Socialismo: \u2026el mundo en que podr\u00edamos"},"content":{"rendered":"\r\n\r\n<p><strong>El socialismo a pesar de todo<\/strong><\/p>\r\n\r\n<p>A finales del siglo XIX y a principios del XX, el t\u00e9rmino <em>socialismo<\/em> gozaba de un gran poder de seducci\u00f3n. La mayor\u00eda de los partidos preocupados por \u201cla cuesti\u00f3n social\u201d, la mejora de la condici\u00f3n de los trabajadores y la instauraci\u00f3n de una sociedad \u201cmejor\u201d, se llamaban a s\u00ed mismos <em>socialistas<\/em> o <em>social-dem\u00f3cratas<\/em>. <\/p>\r\n\r\n<p>Esa popularidad del socialismo le vali\u00f3 ser recuperado hasta por corrientes que se opon\u00edan a \u00e9l, para atraerse las simpat\u00edas de la poblaci\u00f3n. As\u00ed, en Rusia, despu\u00e9s de la toma del poder por los bolcheviques, los ataques contra las libertades fundamentales, los cr\u00edmenes y persecuciones cometidos bajo Lenin y Stalin lo fueron con el pretexto de la defensa del socialismo. M\u00e1s tarde, cuando Hitler emprendi\u00f3 la aventura que lo iba a llevar al poder, el partido que fund\u00f3, no lo llam\u00f3 <em>nacional-capitalista<\/em> (en cuyo caso, se hubiera condenado a un fracaso irremediable!) sino <em>nacional-socialista<\/em> (a prop\u00f3sito, \u00bfqu\u00e9 partido capitalista se llama <em>Partido capitalista<\/em> justamente?). Despu\u00e9s de la guerra, el programa de nacionalizaciones llevado a cabo por el gobierno laborista brit\u00e1nico fue calificado de socialista. <\/p>\r\n\r\n<p>Hoy en d\u00eda, las cosas han cambiado, y mucho\u2026para beneficio del capitalismo y satisfacci\u00f3n de sus beneficiarios. Pues los horrores perpetrados en los pa\u00edses \u201csocialistas\u201d, as\u00ed como los compromisos, las traiciones y la corrupci\u00f3n de nuestros gobiernos y partidos \u201csocialistas\u201d se encargaron eficazmente de eso. Hasta tal punto es as\u00ed que el t\u00e9rmino <em>socialismo<\/em> es ahora indisociable del SPD alem\u00e1n, del PS franc\u00e9s o del PSOE espa\u00f1ol, en el mejor de los casos, y de pa\u00edses tales como la China \u201ccomunista\u201d, Vietnam, Corea del Norte o Cuba, en el peor. En el transcurso de los a\u00f1os, ese t\u00e9rmino ha sido deformado, desvirtuado, mancillado, desprestigiado, oprobiado, usado por las organizaciones m\u00e1s variopintas, por las dictaduras m\u00e1s criminales y por gobiernos \u201csocialistas\u201d que en nada se distinguen de sus hom\u00f3logos capitalistas. <\/p>\r\n\r\n<p>Por su lado, los gobiernos capitalistas, demasiado contentos de ense\u00f1arnos la \u201csuerte\u201d que ten\u00edamos de vivir de este lado del tel\u00f3n de acero, aprovechaban cualquier oportunidad para denunciar los horrores cometidos en la Rusia \u201csocialista\u201d y sus sat\u00e9lites. De esa forma, gracias a los potentes medios de unos y otros, esa propaganda machacona ha impregnado la conciencia de la mayor\u00eda trabajadora. <\/p>\r\n\r\n<p>A pesar de ello, porque somos los herederos de una larga tradici\u00f3n de socialistas, adictos a la causa socialista y valientes (muchos de ellos pagaron con su vida su oposici\u00f3n al gobierno ruso \u201csocialista\u201d y a sus ac\u00f3litos), pero tambi\u00e9n, porque cambiar de nombre, adaptar el vocabulario cada vez que los adversarios del socialismo y la propaganda oficial se ensa\u00f1an en desvirtuarlo, es capitular y exponer cada nuevo t\u00e9rmino escogido por los socialistas a nuevos intentos de denigraci\u00f3n, quedamos apegados al uso del t\u00e9rmino <em>socialismo<\/em>, aunque otras palabras y expresiones son igual de v\u00e1lidas: <em>comunismo<\/em>, <em>democracia social, rep\u00fablica social,<\/em> etc. <\/p>\r\n\r\n<p><strong>\u00bfQu\u00e9 es el socialismo?<\/strong><\/p>\r\nEl socialismo no tiene nada que ver ni con los pa\u00edses ni con los gobiernos que se autoproclaman (o que se autoproclamaban) socialistas. Un r\u00e9gimen en el que el patr\u00f3n privado ha sido sustituido por el Estado-patr\u00f3n no es socialismo, sino una forma particular de capitalismo: el <em>capitalismo de Estado<\/em>. En cuanto a la gesti\u00f3n supuestamente m\u00e1s \u201chumana\u201d del capitalismo, propugnada por partidos tales como el PS franc\u00e9s, el PSOE espa\u00f1ol o el SPD alem\u00e1n, \u00bfen qu\u00e9 se diferencia de la de los gobiernos de derechas? \u00bfQu\u00e9 problemas han resuelto esos partidos reformistas? \u00bfQu\u00e9 \u201chumanidad\u201d ha insuflado el reformismo en el capitalismo? <\/p>\r\n\r\n<p>Entonces, si el socialismo no tiene nada que ver con los pa\u00edses o con los gobiernos \u201csocialistas, \u00bfen qu\u00e9 consiste? Claro est\u00e1, es imposible dar un plan detallado preestablecido del socialismo. Pues el hecho es que, por una parte, el socialismo depende del estado de desarrollo en el que estar\u00e1 el capitalismo en el momento del establecimiento de la nueva sociedad, y por otra, las decisiones adecuadas ser\u00e1n tomadas a medida que se tengan que resolver las situaciones encontradas. Por eso, un plan de sociedad predeterminado ser\u00eda contrario al car\u00e1cter democr\u00e1tico del socialismo. <\/p>\r\n\r\n<p>Sin embargo, si comparamos el proyecto de sociedad socialista con el capitalismo, algunas l\u00edneas generales pueden ser trazadas: <\/p>\r\n\r\n<p>1. El capitalismo est\u00e1 basado en la apropiaci\u00f3n, por una peque\u00f1a minor\u00eda de la poblaci\u00f3n, de los medios de existencia de la sociedad. Para permitir su administraci\u00f3n democr\u00e1tica (por la sociedad entera) y la organizaci\u00f3n de la producci\u00f3n en el inter\u00e9s general, es imprescindible que la sociedad misma sea due\u00f1a de esos medios. <\/p>\r\n<p>2. El capitalismo es un sistema mundial. Al ser \u00e9ste y el socialismo mutualmente exclusivos e incompatibles, esos dos sistemas no pueden cohabitar, por lo tanto, la socializaci\u00f3n de los medios de producci\u00f3n debe efectuarse a escala mundial. Adem\u00e1s, al tener muchos problemas (crisis econ\u00f3micas, pobreza, desempleo, hambre, problemas medio-ambientales) un car\u00e1cter global, su \u00fanica soluci\u00f3n \u2013 el socialismo \u2013 s\u00f3lo puede ser global. <\/p>\r\n<p>3. El capitalismo es una sociedad dividida en clases sociales opuestas: por un lado, los que poseen los medios de producci\u00f3n \u2013 la clase capitalista \u2013 y no necesitan trabajar para vivir, por otro, los que no poseen ninguna propiedad productiva \u2013 la clase trabajadora \u2013 y deben trabajar por los primeros para satisfacer sus necesidades. El socialismo, al haber eliminado la propiedad privada de los medios de existencia, ha suprimido al mismo tiempo la desigualdad social y dado origen a una sociedad sin clases. <\/p>\r\n<p>4. En el capitalismo, los bienes y servicios son producidos para el solo mercado solvente con el fin de generar un provecho destinado a la minor\u00eda poseedora. En el socialismo, ser\u00e1n producidos en respuesta a las necesidades democr\u00e1ticamente expresadas por la poblaci\u00f3n. <\/p>\r\n<p>5. En el capitalismo, la satisfacci\u00f3n de nuestras necesidades es limitada por la cantidad de dinero de que disponemos. En el socialismo, el acceso a las riquezas producidas ser\u00e1 libre y gratuito puesto que, con la supresi\u00f3n de la propiedad privada productiva, desaparece la necesidad del dinero. En efecto, al volverse las riquezas producidas propiedad com\u00fan de la humanidad, \u00bfc\u00f3mo y a qui\u00e9n comprar\u00edamos bienes y servicios que nos pertenecen? <\/p>\r\n<p>6. En el capitalismo, cada empresa es gestionada de manera autoritaria y ego\u00edsta, para el provecho de sus due\u00f1os y accionistas. En el socialismo, al ser los medios de producci\u00f3n y los recursos naturales propiedad colectiva de la sociedad, los miembros de \u00e9sta podr\u00e1n establecer una administraci\u00f3n democr\u00e1tica que asegure la articulaci\u00f3n y la coordinaci\u00f3n entre las distintas unidades de producci\u00f3n y los centros de distribuci\u00f3n. Liberada de la traba de la propiedad privada, la sociedad sustituir\u00e1 la democracia pol\u00edtica limitada actual por la democracia social. <\/p>\r\n\r\n<p>La idea de una sociedad basada en la propiedad com\u00fan de los medios de existencia tiene una larga historia pero habr\u00e1 que esperar el capitalismo, y el prodigioso desarrollo de sus capacidades productivas, para que la haga factible. La satisfacci\u00f3n de todas las necesidades humanas ya es posible, pero para eso se requiere una reorganizaci\u00f3n de la producci\u00f3n y de la distribuci\u00f3n.<\/p>\r\n\r\n\r\n\r\n","protected":false},"excerpt":{"rendered":"<p>El socialismo a pesar de todo A finales del siglo XIX y a principios del XX, el t\u00e9rmino socialismo gozaba de un gran poder de seducci\u00f3n. La mayor\u00eda de los partidos preocupados por \u201cla cuesti\u00f3n social\u201d, la mejora de la condici\u00f3n de los trabajadores y la instauraci\u00f3n de una sociedad \u201cmejor\u201d, se llamaban a s\u00ed&#8230;<\/p>\n","protected":false},"author":39790,"featured_media":0,"parent":0,"menu_order":0,"comment_status":"closed","ping_status":"closed","template":"","meta":{"magazine_newspaper_sidebar_layout":"","footnotes":""},"class_list":["post-5621","page","type-page","status-publish","hentry"],"_links":{"self":[{"href":"https:\/\/www.worldsocialism.org\/wsm\/wp-json\/wp\/v2\/pages\/5621","targetHints":{"allow":["GET"]}}],"collection":[{"href":"https:\/\/www.worldsocialism.org\/wsm\/wp-json\/wp\/v2\/pages"}],"about":[{"href":"https:\/\/www.worldsocialism.org\/wsm\/wp-json\/wp\/v2\/types\/page"}],"author":[{"embeddable":true,"href":"https:\/\/www.worldsocialism.org\/wsm\/wp-json\/wp\/v2\/users\/39790"}],"replies":[{"embeddable":true,"href":"https:\/\/www.worldsocialism.org\/wsm\/wp-json\/wp\/v2\/comments?post=5621"}],"version-history":[{"count":1,"href":"https:\/\/www.worldsocialism.org\/wsm\/wp-json\/wp\/v2\/pages\/5621\/revisions"}],"predecessor-version":[{"id":5622,"href":"https:\/\/www.worldsocialism.org\/wsm\/wp-json\/wp\/v2\/pages\/5621\/revisions\/5622"}],"wp:attachment":[{"href":"https:\/\/www.worldsocialism.org\/wsm\/wp-json\/wp\/v2\/media?parent=5621"}],"curies":[{"name":"wp","href":"https:\/\/api.w.org\/{rel}","templated":true}]}}