{"id":5619,"date":"2025-09-12T14:59:23","date_gmt":"2025-09-12T13:59:23","guid":{"rendered":"https:\/\/www.worldsocialism.org\/wsm\/?page_id=5619"},"modified":"2025-09-12T14:59:23","modified_gmt":"2025-09-12T13:59:23","slug":"capitalismo-el-mundo-en-el-que-vivimos","status":"publish","type":"page","link":"https:\/\/www.worldsocialism.org\/wsm\/capitalismo-el-mundo-en-el-que-vivimos\/","title":{"rendered":"Capitalismo: el mundo en el que vivimos \u2026"},"content":{"rendered":"\r\n\r\n<p><strong>\u00bfEl mejor de los mundos posibles?<\/strong><\/p>\r\nEn todos los pa\u00edses del mundo, una peque\u00f1a minor\u00eda privilegiada se permite el lujo de vivir sin trabajar gracias a los ingresos que percibe de un capital invertido en la econom\u00eda. La gran mayor\u00eda, ella, est\u00e1 en la obligaci\u00f3n de trabajar para vivir\u2026 o, en el caso de muchos, para sobrevivir. Pues, en cualquier pa\u00eds del mundo, \u00bfcu\u00e1ntos est\u00e1n sin trabajo? \u00bfCu\u00e1ntos no tienen ni para alquilar una vivienda decente? Y no hablemos de los pa\u00edses en los que hasta los ni\u00f1os tienen que trabajar para seguir adelante\u2026 \u00a1cuando no se mueren de hambre! <\/p>\r\n\r\n<p>\u00bfSituaciones extremas? Pero no aisladas, y que demuestran, en todo caso, una enorme disparidad entre una minor\u00eda par\u00e1sita y la mayor\u00eda trabajadora. Sin embargo, a pesar de esta realidad de sobras conocida, pocos se percatan de la relaci\u00f3n que existe entre la riqueza de unos pocos y la pobreza de muchos otros. Pero, si unos cuantos se llevan la mayor parte del pastel, \u00bfno queda menos para los dem\u00e1s? <\/p>\r\n\r\n<p><strong>Abrir los ojos<\/strong><\/p>\r\n<p>La cantidad, la gravedad y la extensi\u00f3n de los problemas de que padece la humanidad, as\u00ed como la incapacidad cr\u00f3nica de todos los gobiernos en solucionarlos, pueden inducirnos a pensar que su soluci\u00f3n est\u00e1 fuera de alcance y que, por lo tanto, no se puede hacer nada contra ese estado de cosas. \u00a1Y tendr\u00edamos raz\u00f3n! Pues es verdad que no hay soluci\u00f3n a los problemas sociales\u2026 en el marco del sistema \u2013 el capitalismo \u2013 que los genera. <\/p>\r\n\r\n<p>Por su parte, por m\u00e1s que los beneficiarios y partidarios de este sistema intenten hacernos creer \u2013 a partir del fracaso de los experimentos \u201csocialistas\u201d y de razonamientos eternamente contradichos por la realidad \u2013 que vivimos en el \u201cmejor de los mundos\u201d, el hecho es que el sistema capitalista jam\u00e1s ha sido capaz de proporcionar bienestar y tranquilidad a la humanidad. <\/p>\r\n\r\n<p>La cr\u00edtica del sistema capitalista \u2013 su organizaci\u00f3n, sus caracter\u00edsticas, sus problemas \u2013 es una de las bases de la doctrina socialista. Uno de los primeros en indignarse contra los males producidos por la revoluci\u00f3n industrial fue el economista suizo Charles L\u00e9onard Sismonde de Sismondi (1773-1812), consternado por los efectos de la naciente industria capitalista sobre las condiciones de vida de una nueva categor\u00eda social, el \u201cproletariado\u201d, es decir, los \u201chombres que no tienen propiedad\u201d. Sismondi, que no era socialista, se alz\u00f3 contra la doctrina del <em>laissez-faire<\/em> predicada por Adam Smith y los economistas liberales. Tras sus huellas, y a menudo inspirados por \u00e9l, siguieron numerosos otros cr\u00edticos de la nueva sociedad, entre los cuales destac\u00f3 un tal Karl Marx. <\/p>\r\n\r\n<p><strong>La propiedad privada: la fuente de todos los males<\/strong><\/p>\r\n<p>El car\u00e1cter recurrente, pero tambi\u00e9n planetario, de los problemas sociales pone de manifiesto el hecho de que forman parte integrante del sistema social que se extiende en todo el mundo \u2013 el capitalismo \u2013 y que, por esa raz\u00f3n es imposible, y por lo tanto f\u00fatil, intentar encontrarles una soluci\u00f3n en el marco de ese sistema. En efecto, la base del sistema capitalista es el monopolio ejercido por una capa muy minoritaria de la poblaci\u00f3n (los poseedores de capitales o clase capitalista) sobre los recursos naturales del planeta as\u00ed como sobre los medios de producci\u00f3n y de distribuci\u00f3n de las riquezas sociales, es decir sobre los medios de existencia de la sociedad. <\/p>\r\n\r\n<p>Ese monopolio puede ejercerse de distintas formas: bien directamente por unos individuos, bien indirectamente por asociaciones de individuos, en el marco de sociedades an\u00f3nimas (gracias a la posesi\u00f3n de t\u00edtulos de propiedad), o a trav\u00e9s del Estado (en virtud del control ejercido por esa minor\u00eda sobre las instituciones estatales, como en el caso de la Uni\u00f3n Sovi\u00e9tica o de la China actual). Hablamos en ese caso de <em>capitalismo de Estado<\/em> (el monopolio del poder pol\u00edtico y econ\u00f3mico ejercido por la burocracia dirigente hace, en este caso, superflua la posesi\u00f3n de t\u00edtulos de propiedad). <\/p>\r\n\r\n\r\n<p><strong>Consecuencias de la propiedad privada<\/strong><\/p>\r\n<p>Esa apropiaci\u00f3n de los medios de existencia de la sociedad por una peque\u00f1a minor\u00eda tiene como consecuencias: <\/p>\r\n<p>1\u00b0 en el plano econ\u00f3mico  : la producci\u00f3n de bienes y servicios cuyo objeto es la venta en el mercado a fin de realizar un provecho monetario, y no la satisfacci\u00f3n de las necesidades individuales y colectivas de la poblaci\u00f3n, o, dicho de otro modo, la satisfacci\u00f3n de las \u00fanicas necesidades rentables (es esta constante b\u00fasqueda del provecho la que explica por qu\u00e9 se llega a producir comida que puede llegar a ser peligrosa para la salud; por qu\u00e9 los laboratorios farmac\u00e9uticos no investigan enfermedades tales como el paludismo, cuyo mercado \u2013 el tercer mundo, en este caso \u2013 no es \u201csolvente\u201d; por qu\u00e9 muchas personas duermen en la calle al pie de viviendas vac\u00edas; por qu\u00e9 se destruyen cada a\u00f1o en los pa\u00edses desarrollados toneladas de comida mientras, en los pa\u00edses pobres, millones de seres humanos mueren de hambre, etc.); <\/p>\r\n<p>2\u00b0 en el plano social: la divisi\u00f3n de la sociedad en dos clases sociales principales con intereses econ\u00f3micos antag\u00f3nicos, por un lado, la <em>clase capitalista<\/em>, que posee y\/o controla los medios de producci\u00f3n y, por otro, la <em>clase trabajadora<\/em> \u2013 la inmensa mayor\u00eda de la poblaci\u00f3n \u2013, due\u00f1a de sus capacidades intelectuales y f\u00edsicas (su <em>fuerza de trabajo<\/em>) y obligada de trabajar par la primera a cambio de un salario. <\/p>\r\n\r\n<p>Por consiguiente, en el sistema capitalista, las riquezas son producidas por los asalariados, despose\u00eddos de los medios de producci\u00f3n, para ser vendidas con el fin de realizar un provecho destinado a los que no trabajan \u2013 los capitalistas \u2013 en virtud del derecho de propiedad de estos \u00faltimos sobre los medios de producci\u00f3n. En otros t\u00e9rminos, una minor\u00eda privilegiada vive sin trabajar y se enriquece a costa del trabajo de la mayor\u00eda asalariada. Resulta de esta divisi\u00f3n de la sociedad en clases antag\u00f3nicas una <em>lucha de clases<\/em> inevitable por una parte m\u00e1s importante de las riquezas producidas (unos salarios m\u00e1s altos para unos, unos beneficios m\u00e1s importantes para otros), una lucha de clases que durar\u00e1 lo que durar\u00e1 el capitalismo, responsable de esa divisi\u00f3n social. <\/p>\r\n\r\n\r\n\r\n","protected":false},"excerpt":{"rendered":"<p>\u00bfEl mejor de los mundos posibles? En todos los pa\u00edses del mundo, una peque\u00f1a minor\u00eda privilegiada se permite el lujo de vivir sin trabajar gracias a los ingresos que percibe de un capital invertido en la econom\u00eda. La gran mayor\u00eda, ella, est\u00e1 en la obligaci\u00f3n de trabajar para vivir\u2026 o, en el caso de muchos,&#8230;<\/p>\n","protected":false},"author":39790,"featured_media":0,"parent":0,"menu_order":0,"comment_status":"closed","ping_status":"closed","template":"","meta":{"magazine_newspaper_sidebar_layout":"","footnotes":""},"class_list":["post-5619","page","type-page","status-publish","hentry"],"_links":{"self":[{"href":"https:\/\/www.worldsocialism.org\/wsm\/wp-json\/wp\/v2\/pages\/5619","targetHints":{"allow":["GET"]}}],"collection":[{"href":"https:\/\/www.worldsocialism.org\/wsm\/wp-json\/wp\/v2\/pages"}],"about":[{"href":"https:\/\/www.worldsocialism.org\/wsm\/wp-json\/wp\/v2\/types\/page"}],"author":[{"embeddable":true,"href":"https:\/\/www.worldsocialism.org\/wsm\/wp-json\/wp\/v2\/users\/39790"}],"replies":[{"embeddable":true,"href":"https:\/\/www.worldsocialism.org\/wsm\/wp-json\/wp\/v2\/comments?post=5619"}],"version-history":[{"count":1,"href":"https:\/\/www.worldsocialism.org\/wsm\/wp-json\/wp\/v2\/pages\/5619\/revisions"}],"predecessor-version":[{"id":5620,"href":"https:\/\/www.worldsocialism.org\/wsm\/wp-json\/wp\/v2\/pages\/5619\/revisions\/5620"}],"wp:attachment":[{"href":"https:\/\/www.worldsocialism.org\/wsm\/wp-json\/wp\/v2\/media?parent=5619"}],"curies":[{"name":"wp","href":"https:\/\/api.w.org\/{rel}","templated":true}]}}