{"id":5616,"date":"2025-09-12T15:01:43","date_gmt":"2025-09-12T14:01:43","guid":{"rendered":"https:\/\/www.worldsocialism.org\/wsm\/?page_id=5616"},"modified":"2025-09-12T15:01:43","modified_gmt":"2025-09-12T14:01:43","slug":"cuba-no-es-un-paraiso-obrero","status":"publish","type":"page","link":"https:\/\/www.worldsocialism.org\/wsm\/cuba-no-es-un-paraiso-obrero\/","title":{"rendered":"Cuba: No es un para\u00edso obrero"},"content":{"rendered":" \r\n\r\n<p><strong>Fantas\u00edas de la Izquierda al descubierto<\/strong><\/p>\r\n\r\n<p>Cuba se ha convertido en una causa c\u00e9lebre para muchos de la izquierda. Por ejemplo: Michael Albert, de <em>Z-Magazine<\/em> en Estados Unidos, tuvo que hacer una defensa de retaguardia de sus cr\u00edticas a la decisi\u00f3n de Cuba de asesinar a los secuestradores (siendo sus propios cr\u00edticos activistas y oponentes al asesinato por el Estado en los EE.UU); el anarquista super-estrella Noam Chomsky calurosamente apoya el desaf\u00edo de Cuba a EE.UU., permaneciendo estoicamente callado sobre el r\u00e9gimen interno de Cuba, excepto que es un asunto de los propios cubanos. <\/p>\r\n\r\n<p>En la literatura europea siempre se supon\u00eda que Utop\u00eda fuese una lejana Isla imaginaria en desconocidos mares como el Caribe; ahora, seg\u00fan parece, es una isla muy real en aguas bien conocidas por una buena mayor\u00eda de la izquierda \u2013a\u00fan si \u00e9sas son aguas que han sido bien navegadas por la Uni\u00f3n Sovi\u00e9tica y sus miscel\u00e1neos compa\u00f1eros de viaje. Este respeto sentimental por Cuba no ser\u00eda tan preocupante de estar confinado a los cuadros moribundos de los Tanquistas Estalinistas; sin embargo, sus tent\u00e1culos alcanzan mucho m\u00e1s lejos. Como Chomsky, muchos adoptan un reflejo anti-americano y respaldan al m\u00e1s peque\u00f1o en contra del hiper-poder; excusando las partes represivas del r\u00e9gimen de Castro como errores, o excesos de una guerra de ased\u00edo. <\/p>  \r\n\r\n<p>Este es un ased\u00edo que ha durado mucho tiempo. Los guerrilleros de Castro salieron de las monta\u00f1as en 1959 para expulsar al dictador clept\u00f3crata Batista que era respaldado por EE.UU. Lo que comenz\u00f3 como un simple movimiento nacionalista fue r\u00e1pidamente empujado al campo \u201ccomunista\u201d por la hostilidad del gobierno americano. El nuevo r\u00e9gimen cape\u00f3 numerosos intentos de desplazarlo, incluyendo la invasi\u00f3n de Bah\u00eda de Cochinos de Kennedy; y variados intentos por la CIA de asesinar a Castro. Simult\u00e1neamente, las antiguas guerrillas se declararon a favor del \u201ccomunismo\u201d, y abandonaron los sue\u00f1os de autarqu\u00eda nacional al convertirse en una plantaci\u00f3n de az\u00facar para la URSS en vez de los EE.UU. <\/p>\r\n\r\n<p>Estados Unidos nunca ha podido perdonar la expropiaci\u00f3n de sus millonarios por el partido de Castro, y ha mantenido su ased\u00edo desde entonces. Por su parte, el r\u00e9gimen de Castro ha demostrado ser sorprendentemente resistente (hasta el punto de que los planificadores americanos ahora est\u00e1n tomando la \u201cresoluci\u00f3n biol\u00f3gica\u201d, i.e. la muerte de Castro por vejez, como la manera m\u00e1s probable para ellos avanzar su causa.) Durante ese tiempo, el r\u00e9gimen ha mantenido un fuerte control sobre la econom\u00eda. A veces, esto ha significado una mano burocr\u00e1tica dura, requiriendo multitud de permisos para producir, distribuir y exportar o importar art\u00edculos. <\/p>\r\n\r\n<p>Nada de esto ha abolido la naturaleza de mercanc\u00eda de la producci\u00f3n, ni el sistema de salarios. Un hecho ilustrado severamente por el colapso de la Uni\u00f3n Sovi\u00e9tica, y la p\u00e9rdida de los mercados de exportaci\u00f3n de Cuba, as\u00ed como el conveniente suministro de petr\u00f3leo para fines industriales. La econom\u00eda sufri\u00f3 una seria recesi\u00f3n, de la que todav\u00eda no se ha recuperado completamente. Desde entonces, el gobierno ha estado tratando de reorientar la econom\u00eda hacia el turismo para atraer esenciales divisas extranjeras. Esto ha llevado a una situaci\u00f3n en la que se producen art\u00edculos \u00fanicamente para ser consumidos por los turistas en sus enclaves, los que se les niegan a los trabajadores cubanos. <\/p>\r\n\r\n<p>La existencia continuada del sistema de salarios ha significado la necesidad de medidas para imponer disciplina laboral. El Estado cubano solamente reconoce a una federaci\u00f3n sindical, la Central de Trabajadores de Cuba (CTC.) \u00c9sta consiste de sindicatos completamente dominados por el Partido Comunista en el poder, en el que los dirigentes son aprobados (no s\u00f3lo por sus afiliaciones presentes, sino por un historial de su vida entera yendo hasta los expedientes escolares) antes de que se les permita ocupar puestos. Aunque los sindicatos independientes no son completamente ilegales, su existencia est\u00e1 sujeta a controles represivos y hostigamiento, comenzando con la Ley de Asociaciones y escalando a las leyes generalmente represivas de orden pol\u00edtico. (Fuente:http:\/\/www.icftu.org\/).<\/p>\r\n\r\n<p>Como Amnist\u00eda Internacional apunta, en los \u00faltimos a\u00f1os el n\u00famero de disidentes pol\u00edticos presos ha disminuido; pero a esto se contrapone un aumento en las t\u00e9cnicas de hostigamiento a corto plazo, tales como arrestos sin juicio, rupturas de reuniones, amenazas de desalojo, etc. Seg\u00fan IFCTU (una organizaci\u00f3n a la que la TUC brit\u00e1nica est\u00e1 afiliada) en los primeros meses de este a\u00f1o m\u00e1s de 78 activistas sindicales fueron marcados por el Estado cubano. Uno, por ejemplo, fue arrestado por intentar resistir el desalojamiento de una familia organizado por el Estado. <\/p>\r\n\r\n<p>Aunque Cuba nominalmente tiene un 100 por ciento de sufragio a partir de los 16 a\u00f1os, esto est\u00e1 restringido a los candidatos aprobados por el Comit\u00e9 de Defensa de la Revoluci\u00f3n. Igualmente, una pl\u00e9tora de leyes hace imposible la cr\u00edtica libre y la organizaci\u00f3n electoral. El Art\u00edculo 144(17) del C\u00f3digo Criminal proh\u00edbe la falta de respeto a la autoridad. Los Art\u00edculos 200-201 que impiden la diseminaci\u00f3n y causa de p\u00e1nico y desorden han sido usados para poner en prisi\u00f3n a las personas que p\u00fablicamente expresan cr\u00edticas. El Art\u00edculo 103 proh\u00edbe \u201cpropaganda enemiga\u201d que se interpreta como cualquiera que incite cr\u00edtica del sistema cubano y sus aliados internacionales. El Articulo 203 criminaliza la falta de respeto a la bandera y los s\u00edmbolos del r\u00e9gimen. El Art\u00edculo 115 evita la diseminaci\u00f3n de \u201cnoticias falsas contra la paz internacional.\u201d Y el colmo son los art\u00edculos 72-74 que proh\u00edben cualquier cosa \u201cpeligrosa, lo que puede ser cualquier cosa que la polic\u00eda y los tribunales as\u00ed lo decidan. (http:\/\/www.amnesty.org\/ailib\/aireport\/).<\/p>\r\n\r\n<p>Este conjunto de leyes equivale a un arsenal listo para detener cualquier pensamiento y organizaci\u00f3n independiente, y equivale a una capacidad de arrestar a cualquiera que al Estado no le guste, en cualquier momento que ellos quieran. En una situaci\u00f3n en que los trabajadores no pueden esperar organizarse pol\u00edticamente, ello hace imposible la libre asociaci\u00f3n en sindicatos. Todo esto debe tenerse en cuenta cuando se repiten las historias por quienes apoyan a Cuba (tal como la Campa\u00f1a de Solidaridad con Cuba) sobre c\u00f3mo los trabajadores tienen democracia y libertad para organizarse en Cuba, o de c\u00f3mo los comit\u00e9s en el centro de trabajo y los sindicatos deciden los asuntos industriales. Ciertamente, como IFCTU se\u00f1ala, los requisitos del C\u00f3digo Laboral exigen que los convenios colectivos de trabajo sean decididos tanto por las reuniones entre los trabajadores y los patronos, con el Partido Comunista involucrado fuertemente en ambos lados de estas negociaciones. No hay derecho a la huelga sancionado legalmente. <\/p>\r\n\r\n<p>Por lo tanto, aunque hay libertades formales y normales, muy al estilo de la URSS, en la pr\u00e1ctica est\u00e1n minadas por la capacidad centralizada de destruir la disensi\u00f3n. No existiendo libertades pol\u00edticas y sindicales, entonces, las condiciones laborales de los trabajadores cubanos son duras. Con sus est\u00e1ndares de vida cortados dr\u00e1sticamente por las recientes recesiones, a\u00fan si ellos \u201cacordaran\u201d esto en reuniones masivas para salvaguardar sus trabajos, a las compa\u00f1\u00edas internacionales que invierten en Cuba se les obliga a emplear a sus trabajadores a trav\u00e9s de agencias. Estas agencias se quedan con el 95 por ciento del valor en d\u00f3lar de los salarios. Los funcionarios del Estado mantienen que esto se hace para mantener la igualdad cubana, y no para dirigir los d\u00f3lares a manos del Estado. Esto a pesar de la estratificaci\u00f3n obvia de la sociedad cubana que ha surgido. <\/p>\r\n\r\n<p>Los rom\u00e1nticos que apoyan a Cuba anteponen sus preocupaciones por los \u201cderechos nacionales\u201d a la solidaridad de clase al apoyar el r\u00e9gimen cubano. Ellos excusan sus acciones como una defensa necesaria contra la agresi\u00f3n de EE.UU., y desean que sobreviva contra el poder mayor, a\u00fan a expensa de las vidas y libertades de sus trabajadores. Y pueden se\u00f1alar el r\u00e9cord impresionante en cuidados de salud y educaci\u00f3n (mucho mejor que en el resto de Am\u00e9rica Latina, incluyendo un saludable promedio de vida de 76 a\u00f1os). <\/p>\r\n\r\n<p>Cuba ciertamente demuestra lo que podr\u00eda ser posible, a\u00fan con escasos recursos para cubrir las necesidades de los seres humanos, y cu\u00e1n artificial es la privaci\u00f3n en gran parte del resto del mundo. Pero la diferencia en el tratamiento surge principalmente de las necesidades de una naci\u00f3n aut\u00e1rquica de mantener una fuerza de trabajo funcional versus el exceso de poblaci\u00f3n de los pa\u00edses mono-exportadores en gran parte del resto de Suram\u00e9rica. <\/p>\r\n\r\n<p>Los socialistas no consideran que la mejor manera de asistir a los trabajadores de Cuba sea apoyar al r\u00e9gimen que los mantiene en un estado de ased\u00edo b\u00e9lico con EE.UU., sino que extender la revoluci\u00f3n mundial socialista es la \u00fanica manera de rescatarlos de las inaceptables alternativas que encaran. Para lograrlo necesitamos liberar al socialismo de la mancha de los m\u00e9todos no democr\u00e1ticos que se aplican en Cuba y respaldar claramente las libertades de asociaci\u00f3n y expresi\u00f3n para la clase trabajadora en todo el mundo, para as\u00ed extender mejor las ideas y la conciencia requerida para construir una verdadera mancomunidad  cooperativa mundial sin Estados ni clases. <\/p>\r\n\r\n<p>(SOCIALIST STANDARD, octubre de 2013)<\/p>\r\n\r\n\r\n","protected":false},"excerpt":{"rendered":"<p>Fantas\u00edas de la Izquierda al descubierto Cuba se ha convertido en una causa c\u00e9lebre para muchos de la izquierda. Por ejemplo: Michael Albert, de Z-Magazine en Estados Unidos, tuvo que hacer una defensa de retaguardia de sus cr\u00edticas a la decisi\u00f3n de Cuba de asesinar a los secuestradores (siendo sus propios cr\u00edticos activistas y oponentes&#8230;<\/p>\n","protected":false},"author":39790,"featured_media":0,"parent":0,"menu_order":0,"comment_status":"closed","ping_status":"closed","template":"","meta":{"magazine_newspaper_sidebar_layout":"","footnotes":""},"class_list":["post-5616","page","type-page","status-publish","hentry"],"_links":{"self":[{"href":"https:\/\/www.worldsocialism.org\/wsm\/wp-json\/wp\/v2\/pages\/5616","targetHints":{"allow":["GET"]}}],"collection":[{"href":"https:\/\/www.worldsocialism.org\/wsm\/wp-json\/wp\/v2\/pages"}],"about":[{"href":"https:\/\/www.worldsocialism.org\/wsm\/wp-json\/wp\/v2\/types\/page"}],"author":[{"embeddable":true,"href":"https:\/\/www.worldsocialism.org\/wsm\/wp-json\/wp\/v2\/users\/39790"}],"replies":[{"embeddable":true,"href":"https:\/\/www.worldsocialism.org\/wsm\/wp-json\/wp\/v2\/comments?post=5616"}],"version-history":[{"count":2,"href":"https:\/\/www.worldsocialism.org\/wsm\/wp-json\/wp\/v2\/pages\/5616\/revisions"}],"predecessor-version":[{"id":5618,"href":"https:\/\/www.worldsocialism.org\/wsm\/wp-json\/wp\/v2\/pages\/5616\/revisions\/5618"}],"wp:attachment":[{"href":"https:\/\/www.worldsocialism.org\/wsm\/wp-json\/wp\/v2\/media?parent=5616"}],"curies":[{"name":"wp","href":"https:\/\/api.w.org\/{rel}","templated":true}]}}