{"id":5609,"date":"2025-09-12T09:39:40","date_gmt":"2025-09-12T08:39:40","guid":{"rendered":"https:\/\/www.worldsocialism.org\/wsm\/?page_id=5609"},"modified":"2025-09-12T09:39:40","modified_gmt":"2025-09-12T08:39:40","slug":"el-capitalismo-no-colapsara-el-error-de-rosa-luxemburg","status":"publish","type":"page","link":"https:\/\/www.worldsocialism.org\/wsm\/el-capitalismo-no-colapsara-el-error-de-rosa-luxemburg\/","title":{"rendered":"El capitalismo no colapsar\u00e1: el error de Rosa Luxemburg"},"content":{"rendered":"\r\n<p>En su libro <em>La acumulaci\u00f3n del capital<\/em>, publicado por primera vez en 1913  Rosa Luxemburg intent\u00f3 demostrar que la plusval\u00eda no puede realizarse en el contexto de una econom\u00eda puramente capitalista,, pero su argumento se basaba en una simple falacia. \r\nSeg\u00fan ella, bajo el capitalismo &#8220;puro&#8221; (una econom\u00eda en la que s\u00f3lo hay capitalistas y trabajadores asalariados) la demanda del mercado estaba determinada por el consumo (lo que los trabajadores gastan en bienes de consumo m\u00e1s lo que los capitalistas gastan en bienes de consumo). Si los capitalistas consumieran toda su plusval\u00eda, seg\u00fan su argumento, no habr\u00eda problema, pero tan pronto como reinvierten una parte de ella \u2013 que, la acumulaci\u00f3n de capital, es despu\u00e9s de todo el objetivo de la producci\u00f3n bajo el capitalism &#8212; la demanda del mercado ya no es igual a lo que se ha producido. Pues, habi\u00e9ndose reducido el consumo de los capitalistas, tambi\u00e9n lo ha hecho, seg\u00fan Rosa Luxemburg, la demanda del mercado. El resultado, concluy\u00f3, fue que no hab\u00eda nadie que comprara los productos en los que  se plasmaban las ganancias reinvertidas (nueva maquinaria, materias  primas y bienes de consumo para los trabajadores adicionales contratados). <\/p>\r\n\r\n<p>Este argumento hace imposible la acumulaci\u00f3n bajo el capitalism &#8220;puro&#8221; y Rosa Luxemburg no se arredr\u00f3 ante esta conclusi\u00f3n. De hecho, la llev\u00f3 al tema b\u00e1sico de su libro: que para que se produzca la acumulaci\u00f3n de capital debe haber zonas no capitalistas para comprar la parte del producto excedente que no consumen los capitalistas. De ello se deduc\u00eda que el capitalismo colapsar\u00eda en el momento en que no quedaran m\u00e1s zonas no capitalistas en el mundo. <\/p>\r\n<p>Luxemburg tuvo la honestidad intelectual de admitir que esta teor\u00eda entraba en conflicto con las notas aproximadas que Marx hab\u00eda hecho al final del tomo II de <em>El Capital<\/em>, que implicaba que el crecimiento a largo plazo (acumulaci\u00f3n) era posible bajo el capitalismo &#8220;puro&#8221;. Por lo tanto, trat\u00f3 de mostrar d\u00f3nde Marx se hab\u00eda equivocado, pero solo logr\u00f3 exponer su propia confusi\u00f3n absoluta sobre la econom\u00eda. Cometi\u00f3 el tonto error de suponer que el nivel de demanda del mercado estaba determinado exclusivamente por el consumo (el gasto de los trabajadores y los capitalistas en bienes de consumo), cuando en realidad est\u00e1 determinado por el consumo m\u00e1s la inversi\u00f3n (el gasto capitalista en nuevos medios de producci\u00f3n). As\u00ed, cuando una parte de la plusval\u00eda se reinvierte en lugar de consumirse, la demanda del mercado no se reduce; Se trata simplemente de un reordenamiento: lo que los capitalistas gastaban antes en bienes de consumo, ahora lo gastan en medios de producci\u00f3n. Marx no se hab\u00eda equivocado. <\/p>\r\n\r\n<p>Por supuesto, decir que el capitalismo podr\u00eda existir en teor\u00eda sin mercados externos no capitalistas no es decir que siempre lo haya hecho. Los mercados externos jugaron un papel clave en el nacimiento y crecimiento temprano del capitalismo. Del mismo modo, decir que no hay un subconsumo permanente incorporado al sistema capitalista no quiere decir que, por lo tanto, siempre haya una acumulaci\u00f3n de capital suave y sin crisis. Ni mucho menos. La acumulaci\u00f3n bajo el capitalismo se produce a trompicones, pero estas crisis son causadas por otras razones adem\u00e1s del subconsumo: por desproporciones entre las diferentes ramas de la producci\u00f3n que conducen a una ca\u00edda de la tasa de ganancia o, a veces, a una retracci\u00f3n temporal de la demanda del mercado de bienes de consumo. \r\nPor \u00faltimo, negar que el capitalismo se encuentra en un estado de colapso debido a la incapacidad de encontrar nuevos mercados externos no es en absoluto negar que, desde aproximadamente el cambio de siglo, ha sido un sistema reaccionario, &#8220;decadente&#8221;, sin ning\u00fan otro papel positivo que desempe\u00f1ar en la historia de la humanidad. Para entonces, ya hab\u00eda construido la base material para una sociedad socialista mundial y, por lo tanto, hab\u00eda cumplido su papel hist\u00f3rico. <\/p>\r\n\r\n\r\n","protected":false},"excerpt":{"rendered":"<p>En su libro La acumulaci\u00f3n del capital, publicado por primera vez en 1913 Rosa Luxemburg intent\u00f3 demostrar que la plusval\u00eda no puede realizarse en el contexto de una econom\u00eda puramente capitalista,, pero su argumento se basaba en una simple falacia. Seg\u00fan ella, bajo el capitalismo &#8220;puro&#8221; (una econom\u00eda en la que s\u00f3lo hay capitalistas y&#8230;<\/p>\n","protected":false},"author":39790,"featured_media":0,"parent":0,"menu_order":0,"comment_status":"closed","ping_status":"closed","template":"","meta":{"magazine_newspaper_sidebar_layout":"","footnotes":""},"class_list":["post-5609","page","type-page","status-publish","hentry"],"_links":{"self":[{"href":"https:\/\/www.worldsocialism.org\/wsm\/wp-json\/wp\/v2\/pages\/5609","targetHints":{"allow":["GET"]}}],"collection":[{"href":"https:\/\/www.worldsocialism.org\/wsm\/wp-json\/wp\/v2\/pages"}],"about":[{"href":"https:\/\/www.worldsocialism.org\/wsm\/wp-json\/wp\/v2\/types\/page"}],"author":[{"embeddable":true,"href":"https:\/\/www.worldsocialism.org\/wsm\/wp-json\/wp\/v2\/users\/39790"}],"replies":[{"embeddable":true,"href":"https:\/\/www.worldsocialism.org\/wsm\/wp-json\/wp\/v2\/comments?post=5609"}],"version-history":[{"count":2,"href":"https:\/\/www.worldsocialism.org\/wsm\/wp-json\/wp\/v2\/pages\/5609\/revisions"}],"predecessor-version":[{"id":5612,"href":"https:\/\/www.worldsocialism.org\/wsm\/wp-json\/wp\/v2\/pages\/5609\/revisions\/5612"}],"wp:attachment":[{"href":"https:\/\/www.worldsocialism.org\/wsm\/wp-json\/wp\/v2\/media?parent=5609"}],"curies":[{"name":"wp","href":"https:\/\/api.w.org\/{rel}","templated":true}]}}