{"id":5547,"date":"2025-09-04T12:13:52","date_gmt":"2025-09-04T11:13:52","guid":{"rendered":"https:\/\/www.worldsocialism.org\/wsm\/?page_id=5547"},"modified":"2025-09-06T12:06:52","modified_gmt":"2025-09-06T11:06:52","slug":"castro-nacionalista-latinoamericano","status":"publish","type":"page","link":"https:\/\/www.worldsocialism.org\/wsm\/castro-nacionalista-latinoamericano\/","title":{"rendered":"Castro: nacionalista latinoamericano"},"content":{"rendered":"\r\n\r\n<p>El 26 de noviembre 2016 muri\u00f3 Fidel Castro, uno de los dictadores m\u00e1s antiguos de Am\u00e9rica Latina. El anuncio de su muerte fue hecho por su hermano Ra\u00fal Castro en la televisi\u00f3n estatal. Su muerte fue celebrada por los opositores al gobierno de Cuba en Miami en Florida, y tambi\u00e9n fue tomada como una triste noticia por muchos de los izquierdistas latinoamericanos y partidarios del r\u00e9gimen cubano. <\/p>\r\n<p>En 1959, Fidel Castro, Ra\u00fal Castro y el Che Guevara formaron parte de una rebeli\u00f3n armada que provoc\u00f3 el derrocamiento de la dictadura de Fulgencio Batista, un gobierno respaldado por Estados Unidos durante varios a\u00f1os. Luego, parte de la \u00e9lite gobernante de Cuba se desplaz\u00f3 hacia el apoyo de los guerrilleros que luchaban en la Sierra Maestra contra las fuerzas militares cubanas. <\/p>\r\n<p>Despu\u00e9s de su victoria, Fidel Castro y el Partido Comunista de Cuba iniciaron la nacionalizaci\u00f3n de todas las propiedades y activos estadounidenses, y todas las tierras privadas fueron tomadas por el estado. Estados Unidos declar\u00f3 un embargo a la isla. <\/p>\r\n<p>Castro se declar\u00f3 &#8220;marxista-leninista&#8221; y entr\u00f3 en una relaci\u00f3n con la Uni\u00f3n Sovi\u00e9tica, y estableci\u00f3 una forma de capitalismo de Estado como la establecida por los bolcheviques, y la llam\u00f3 socialismo. En un pa\u00eds donde la agricultura prevalec\u00eda sobre la producci\u00f3n industrial, el az\u00facar era la principal producci\u00f3n que exist\u00eda en todo el pa\u00eds, y la mayor\u00eda de los trabajadores eran campesinos y no ten\u00edan ninguna conciencia socialista. El nivel de analfabetismo era alto en las zonas rurales del pa\u00eds. El atraso econ\u00f3mico fue como en la mayor\u00eda de los pa\u00edses de Am\u00e9rica Latina\r\n<p>Despu\u00e9s de la derrota de la invasi\u00f3n de Bah\u00eda de Cochinos, financiada por Estados Unidos y respaldada por la CIA, y, en el apogeo del per\u00edodo de la Guerra Fr\u00eda despu\u00e9s de la crisis de los misiles de 1962 durante el gobierno de John F. Kennedy en los Estados Unidos, y Nikita Khrushchev en la Uni\u00f3n Sovi\u00e9tica, se firm\u00f3 un acuerdo de no intervenci\u00f3n entre los Estados Unidos y la Uni\u00f3n Sovi\u00e9tica. <\/p>\r\n<p>Se implementaron varios programas de reforma social y econ\u00f3mica, como servicios m\u00e9dicos estatales, transporte p\u00fablico y educaci\u00f3n p\u00fablica. Se inici\u00f3 un amplio programa de educaci\u00f3n en todo el pa\u00eds, <\/p>\r\n<p>Comenz\u00f3 un largo per\u00edodo de estancamiento, pobreza y escasez. Si bien el gobierno culp\u00f3 de esto al embargo impuesto por los Estados Unidos, nunca reconoci\u00f3 que el llamado socialismo en un solo pa\u00eds era imposible y que, a pesar de la colaboraci\u00f3n con la Uni\u00f3n Sovi\u00e9tica, que tambi\u00e9n se proclam\u00f3 un pa\u00eds socialista, las leyes econ\u00f3micas del capitalismo prevalec\u00edan en el pa\u00eds. La mayor\u00eda de los seguidores del &#8220;socialismo&#8221; cubano en Am\u00e9rica Latina culparon de los problemas de Cuba simplemente al embargo estadounidense, y nunca reconocieron el car\u00e1cter de clase de la \u00e9lite gobernante y la explotaci\u00f3n econ\u00f3mica de los trabajadores cubanos. <\/p>\r\n<p>Durante muchos a\u00f1os, la izquierda latinoamericana proclam\u00f3 a Fidel Castro como el l\u00edder y comandante en jefe de la revoluci\u00f3n cubana, y un basti\u00f3n del socialismo en esa regi\u00f3n donde muchos grupos guerrilleros fueron financiados por Cuba en nombre de la Uni\u00f3n Sovi\u00e9tica durante el per\u00edodo de la Guerra Fr\u00eda. La mayor\u00eda de esos grupos fueron derrotados por las fuerzas militares de varios pa\u00edses latinoamericanos. <\/p>\r\n<p>Toda la regi\u00f3n de Am\u00e9rica Latina es una clara indicaci\u00f3n de que el socialismo no puede ser establecido por un peque\u00f1o grupo de individuos armados. La gran mayor\u00eda de los trabajadores sin conciencia nunca dieron apoyo a ninguno de estos grupos, incluyendo a las guerrillas de Manolo Tavarez Justo, y la invasi\u00f3n de Francisco Caama\u00f1o en la Rep\u00fablica Dominicana, que al final no obtuvo el apoyo de Fidel Castro y del Gobierno cubano. De la misma manera, el Che Guevara no recibi\u00f3 ning\u00fan apoyo del Partido Comunista de Bolivia. <\/p>\r\n<p>El Che Guevara fue asesinado en Bolivia tratando de obtener el apoyo de los campesinos para llevar a cabo la misma revuelta que tuvo lugar en Cuba en 1959, y los guerrilleros que lo acompa\u00f1aban fueron asesinados o encarcelados. Dentro de la direcci\u00f3n cubana fue el \u00fanico que abog\u00f3 verbalmente por una sociedad sin dinero, pero despu\u00e9s de que la guerrilla fidelista tom\u00f3 el poder se convirti\u00f3 en Ministro de Comercio, y estuvo a cargo del Banco Central de Cuba, lo que contradec\u00eda su aspiraci\u00f3n de una sociedad socialista sin dinero. <\/p>\r\n<p>A pesar de su ret\u00f3rica y fraseolog\u00eda socialista y marxista, ninguno de los l\u00edderes de la revoluci\u00f3n cubana, incluido Fidel Castro, tuvo nunca una concepci\u00f3n real de lo que deber\u00eda ser una sociedad socialista. La mayor\u00eda de los discursos y escritos de Fidel Castro muestran que fue un apologista del nacionalismo latinoamericano y m\u00e1s tarde representante de la lucha de la clase capitalista latinoamericana por liberarse de la influencia del capitalista estadounidense, como Domingo Per\u00f3n en Argentina, Ernesto C\u00e1rdenas en M\u00e9xico y Hugo Ch\u00e1vez en Venezuela. <\/p>\r\n<p>El caso de Cuba es un ejemplo vivo de lo que el Partido Socialista y los partidos compa\u00f1eros del Movimiento Socialista Mundial han se\u00f1alado durante muchos a\u00f1os, que es que el socialismo no puede establecerse en un solo pa\u00eds, y que debe ser establecido a escala mundial por la vasta mayor\u00eda socialista de los trabajadores.  y que el socialismo no puede establecerse en una sociedad econ\u00f3micamente atrasada para ser una sociedad de libre acceso. Esa es la raz\u00f3n por la que el r\u00e9gimen cubano tuvo que iniciar un programa de racionamiento con la excusa de crear igualdad entre los trabajadores, mientras la \u00e9lite gobernante disfrutaba de todo tipo de privilegios y beneficios. <\/p>\r\n<p>(Socialist Standard, enero de 2017)<\/p>\r\n\r\n\r\n\r\n","protected":false},"excerpt":{"rendered":"<p>El 26 de noviembre 2016 muri\u00f3 Fidel Castro, uno de los dictadores m\u00e1s antiguos de Am\u00e9rica Latina. El anuncio de su muerte fue hecho por su hermano Ra\u00fal Castro en la televisi\u00f3n estatal. Su muerte fue celebrada por los opositores al gobierno de Cuba en Miami en Florida, y tambi\u00e9n fue tomada como una triste&#8230;<\/p>\n","protected":false},"author":39790,"featured_media":0,"parent":0,"menu_order":0,"comment_status":"closed","ping_status":"closed","template":"","meta":{"magazine_newspaper_sidebar_layout":"","footnotes":""},"class_list":["post-5547","page","type-page","status-publish","hentry"],"_links":{"self":[{"href":"https:\/\/www.worldsocialism.org\/wsm\/wp-json\/wp\/v2\/pages\/5547","targetHints":{"allow":["GET"]}}],"collection":[{"href":"https:\/\/www.worldsocialism.org\/wsm\/wp-json\/wp\/v2\/pages"}],"about":[{"href":"https:\/\/www.worldsocialism.org\/wsm\/wp-json\/wp\/v2\/types\/page"}],"author":[{"embeddable":true,"href":"https:\/\/www.worldsocialism.org\/wsm\/wp-json\/wp\/v2\/users\/39790"}],"replies":[{"embeddable":true,"href":"https:\/\/www.worldsocialism.org\/wsm\/wp-json\/wp\/v2\/comments?post=5547"}],"version-history":[{"count":3,"href":"https:\/\/www.worldsocialism.org\/wsm\/wp-json\/wp\/v2\/pages\/5547\/revisions"}],"predecessor-version":[{"id":5595,"href":"https:\/\/www.worldsocialism.org\/wsm\/wp-json\/wp\/v2\/pages\/5547\/revisions\/5595"}],"wp:attachment":[{"href":"https:\/\/www.worldsocialism.org\/wsm\/wp-json\/wp\/v2\/media?parent=5547"}],"curies":[{"name":"wp","href":"https:\/\/api.w.org\/{rel}","templated":true}]}}