{"id":5530,"date":"2025-09-03T19:27:23","date_gmt":"2025-09-03T18:27:23","guid":{"rendered":"https:\/\/www.worldsocialism.org\/wsm\/?page_id=5530"},"modified":"2025-09-06T08:59:47","modified_gmt":"2025-09-06T07:59:47","slug":"gobierno-o-democracia","status":"publish","type":"page","link":"https:\/\/www.worldsocialism.org\/wsm\/gobierno-o-democracia\/","title":{"rendered":"\u00bfGobierno o democracia?"},"content":{"rendered":" \r\n<p><strong>\u00bfDebemos votar en un nuevo gobierno? \u00bfO debemos enlazarnos con la lucha para anunciar una sociedad democr\u00e1tica?<\/strong><\/p>\r\n<p>En las naciones capitalistas donde hay elecciones, se le pide a la gente que seleccione un nuevo gobierno mediante lo que se dice que es un proceso democr\u00e1tico. Es cierto que el voto, junto con otros derechos arduamente ganados, como el de reuni\u00f3n, el de organizarse pol\u00edticamente y la libre expresi\u00f3n, son de importancia primordial. \u00bfPero del hecho de elegir un gobierno puede resultar una sociedad democr\u00e1tica? <\/p> \r\n<p>Gobernar es dirigir, controlar y mandar con autoridad. Operar como el estado esto es lo que hacen los gobiernos. Pero decir que la democracia es meramente el acto de elegir un gobierno para que impere sobre nosotros no puede ser cierto, porque la democracia debe incluir a toda la gente para que entre todos se decida c\u00f3mo vivir y qu\u00e9 hacer de nosotros como comunidad. Democracia significa la falta de privilegios, tomar nuestras decisiones desde una posici\u00f3n de igualdad. Democracia significa que debemos vivir en una sociedad completamente abierta con acceso irrestricto a la informaci\u00f3n pertinente a los problemas sociales. Significa que debemos tener el poder de actuar conforme a las decisiones que tomemos, porque sin tal poder las decisiones son in\u00fatiles. As\u00ed, independientemente del color pol\u00edtico del partido elegido para gobernar, \u00bfc\u00f3mo la operaci\u00f3n del estado se pone a la altura de lo que los socialistas argumentan que debe ser una sociedad democr\u00e1tica? <\/p>\r\n<p>Para los socialistas el imperio del gobierno nunca puede ser democr\u00e1tico. Si bien puede incluir algunas funciones incidentales que surgen de las necesidades de la gente el trabajo principal del estado es el hacer funcionar una sociedad dividida en clases; un sistema de explotaci\u00f3n econ\u00f3mica. Principalmente los gobiernos trabajan par una secci\u00f3n privilegiada de la sociedad. Hacen las leyes que protegen los derechos de propiedad de una minor\u00eda que posee y controla los recursos naturales, la industria, la manufactura y el transporte. Estos son los medios de vida de los cuales todos nosotros dependemos, pero la mayor\u00eda de nosotros no tienen voz ni voto en la decisi\u00f3n de c\u00f3mo deben utilizarse. Detr\u00e1s del Parlamento los gobiernos operan en secreto. Son parte de la divisi\u00f3n del mundo en estados capitalistas rivales. Con el respaldo de sus fuerzas armadas persiguen los intereses de los capitalistas nacionales. Aunque los pol\u00edticos que gobiernan hayan sido elegidos, el estado es lo opuesto de la democracia. <\/p>\r\n<p>La producci\u00f3n es pose\u00edda y controlada por las empresas, algunas de ellas multinacionales con inmenso poder econ\u00f3mico para tomar las decisiones sobre lo que debe producirse para los mercados a fin de vender con ganancia. Mediante la autoridad corporativa deciden cu\u00e1nto de tal o cual mercanc\u00eda debe producirse y las condiciones en las cuales hacer el trabajo. Esto es tambi\u00e9n lo opuesto de la democracia. <\/p>\r\n<p><strong>La democracia real<\/strong><\/p>\r\n<p>\u00bfC\u00f3mo debe entonces realizarse la democracia en el socialismo? Esto demanda la abolici\u00f3n del estado y su reemplazo por un sistema de administraci\u00f3n democr\u00e1tica. Esto s\u00f3lo puede funcionar sobre cimientos de propiedad com\u00fan y producci\u00f3n s\u00f3lo para el uso. Propiedad com\u00fan significa que todas las personas de todo el mundo estar\u00e1n en igualdad de relaciones mutuas. Esta ser\u00e1 una asociaci\u00f3n de todos los hombre y mujeres que toman las decisiones y cooperan para producir mercanc\u00edas y organizar comunidades en sus intereses mutuos. <\/p>\r\n<p>La organizaci\u00f3n democr\u00e1tica de toda la gente como ciudadanos del mundo necesitar\u00eda operar mediante diferentes escalas de cooperaci\u00f3n social. Localmente, en el poblado o en el pa\u00eds, debemos interactuar con nuestros vecinos. Aun ahora, hay muchos miles de hombres y mujeres de todo el pa\u00eds que trabajan voluntariamente en parroquias y consejos de distrito y en los vecindarios de la poblaci\u00f3n en beneficio de sus respectivas comunidades. Pero estos esfuerzos se multiplicar\u00edan por las libertades de una sociedad que funcionara enteramente por cooperaci\u00f3n voluntaria. <\/p>\r\n<p>Tal organizaci\u00f3n local ser\u00eda en el contexto de la cooperaci\u00f3n regional que operar\u00eda adaptando las estructuras de los gobiernos nacionales del presente. Aunque ser\u00edan abolidos algunos departamentos como los de administrar impuestos y las finanzas del estado, que son esenciales para el estado, otros como los de Agricultura y Medio ambiente tendr\u00edan importantes trabajos que hacer, especialmente en los primeros d\u00edas del socialismo. Tales estructuras\u2014adaptadas a las necesidades de la sociedad socialista\u2014ser\u00edan parte de consejos regionales y auxiliar\u00edan en el trabajo de llevar a la pr\u00e1ctica las decisiones de las poblaciones regionales. <\/p>\r\n<p>En los primeros d\u00edas del socialismo es probable que la organizaci\u00f3n de la cooperaci\u00f3n mundial necesitar\u00eda darse por medio de un consejo mundial. Como las cosas que necesitamos ahora son producidas y distribuidas mediante una estructura mundial de producci\u00f3n, y porque su naturaleza capitalista actual ha provocado innumerables problemas, habr\u00eda que tomar medidas de escala mundial. Por ejemplo, ser\u00eda una prioridad implantar tan pronto como fuera posible un sistema de suministro de energ\u00eda benigno para el medio. Del mismo modo para solventar las necesidades de los millones de personas que padecen hambre y miseria desesperante se necesitar\u00eda un enorme incremento en la producci\u00f3n de alimentos. Para este trabajo, la Organizaci\u00f3n para la Agricultura y la Alimentaci\u00f3n de las Naciones Unidas ser\u00eda capaz al fin de usar su maestr\u00eda y conocimiento de las condiciones del mundo para contribuir a resolver los problemas de la desnutrici\u00f3n. Por principio de cuentas, bajo el socialismo, la gente se enfrentar\u00eda a la enorme tarea de proveer a cada persona de vivienda segura y c\u00f3moda. Esto exigir\u00eda los esfuerzos de las comunidades de todo el mundo, especialmente en aquellas regiones en donde los medios de producci\u00f3n estuvieran bien desarrollados. Tales proyectos mundiales ser\u00edan coordinados por los departamentos adecuados de un consejo mundial. <\/p>\r\n<p>Cuando proponemos escalas diferentes de cooperaci\u00f3n social, tales como la local, regional y mundial, no estamos hablando de implantar una jerarqu\u00eda con poder localizado en alg\u00fan punto central. Lo que prevemos es un sistema integrado y flexible de organizaci\u00f3n democr\u00e1tica que pudiera emprender acciones para resolver cualquier problema que se presentara en las escalas mencionadas. As\u00ed se considera que algunos problemas y las medidas para resolverlos surgir\u00edan de problemas locales y que esto se extend\u00eda a las esferas regional y mundial. <\/p>\r\n<p><strong>La toma de decisions<\/strong><\/p>\r\n<p>Crucial para el asunto de la democracia no es s\u00f3lo la capacidad de tomar decisiones sobre qu\u00e9 hacer sino tambi\u00e9n las facultades de actuar para realizar tales decisiones. Durante muchos a\u00f1os, en muchas naciones, los pol\u00edticos capitalistas que pugnan por la presidencia han prometido resolver el problema de la vivienda, y adem\u00e1s los de la pobreza, el desempleo, la contaminaci\u00f3n, la delincuencia, el servicio de salud y muchos otros. No lo han hecho porque lo que en realidad buscan es hacer funcionar un sistema impulsado por el lucro, que impone limitaciones econ\u00f3micas severas sobre lo que puede hacerse y que como resultado no se puede controlar racionalmente. Esto convierte en caricatura la idea de la democracia. Pero con la abolici\u00f3n del sistema de mercado, en el socialismo, las comunidades no s\u00f3lo ser\u00edan capaces de tomar decisiones libres y democr\u00e1ticas sobre lo que es necesario hacer; tambi\u00e9n ser\u00e1n libres de utilizar los recursos para alcanzar los objetivos comunes. <\/p>\r\n<p>Las disculpas que d\u00eda con d\u00eda o\u00edmos de los pol\u00edticos capitalistas, de que carecen de dinero para resolver los problemas indica qu\u00e9 tan completamente el fetichismo de la moneda ha distorsionado su facultad de pensar. En realidad los problemas no se resuelven con recursos monetarios. Los resuelve la gente con su trabajo, destrezas y los materiales necesarios y de hecho hay abundancia de esos recursos materiales. Pero ser\u00e1n necesarias las relaciones de propiedad com\u00fan liberarlos para satisfacer las necesidades de las comunidades y esto significar\u00e1 que las comunidades ser\u00e1n libres de decidir democr\u00e1ticamente la mejor manera de aplicar tales recursos. <\/p>\r\n<p>Tendr\u00e1n que reemplazarse las autoridades corporativas o sistemas de administraci\u00f3n que hoy dictan c\u00f3mo deben trabajar las unidades de producci\u00f3n, tales como las f\u00e1bricas o los servicios. A las unidades peque\u00f1as las podr\u00e1n manejar los trabajadores mediante reuniones regulares. Las grandes organizaciones se har\u00e1n funcionar por comit\u00e9s electos responsables ante la gente que trabaje en ellas. De este modo, la pr\u00e1ctica democr\u00e1tica se aplicar\u00eda no s\u00f3lo a las decisiones sobre las directrices que le imprimir\u00edan rumbo al desarrollo, sino que se extender\u00eda a las actividades cotidianas del lugar de trabajo. <\/p>\r\n<p>Pero la democracia no estar\u00eda confinada al trabajo serio de la producci\u00f3n y el funcionamiento del lugar de trabajo. En el socialismo, la gente tendr\u00eda la libertad de crear actividades deportivas, culturales y de otra \u00edndole. El entretenimiento de los visitantes de otras partes del mundo no estar\u00eda confinado traer\u00eda consigo diversidad y riqueza a la vida local. Las posibilidades de toma de decisiones y la planeaci\u00f3n y el disfrute de tales actos son interminables.   <\/p>\r\n<p>El socialismo abre un gran abanico de nuevas posibilidades. Con las poblaciones de todos los pa\u00edses cooperando como un s\u00f3lo pueblo, trabajando conjuntamente en sus intereses comunes y celebrando sus diferencias culturales y uni\u00e9ndose democr\u00e1ticamente en decidir la construcci\u00f3n de un futuro nuevo, las perspectivas no pueden ser sino verdaderamente estimulantes. Qu\u00e9 contraste con las perspectivas mon\u00f3tonas de elegir cada vez otro gobierno capitalista y seguirle prolongado la vida a un estado capitalista obsoleto. <\/p>\r\n<p>SOCIALIST STANDARD, mayo de 2001<\/p>\r\n\r\n\r\n","protected":false},"excerpt":{"rendered":"<p>\u00bfDebemos votar en un nuevo gobierno? \u00bfO debemos enlazarnos con la lucha para anunciar una sociedad democr\u00e1tica? En las naciones capitalistas donde hay elecciones, se le pide a la gente que seleccione un nuevo gobierno mediante lo que se dice que es un proceso democr\u00e1tico. Es cierto que el voto, junto con otros derechos arduamente&#8230;<\/p>\n","protected":false},"author":39790,"featured_media":0,"parent":0,"menu_order":0,"comment_status":"closed","ping_status":"closed","template":"","meta":{"magazine_newspaper_sidebar_layout":"","footnotes":""},"class_list":["post-5530","page","type-page","status-publish","hentry"],"_links":{"self":[{"href":"https:\/\/www.worldsocialism.org\/wsm\/wp-json\/wp\/v2\/pages\/5530","targetHints":{"allow":["GET"]}}],"collection":[{"href":"https:\/\/www.worldsocialism.org\/wsm\/wp-json\/wp\/v2\/pages"}],"about":[{"href":"https:\/\/www.worldsocialism.org\/wsm\/wp-json\/wp\/v2\/types\/page"}],"author":[{"embeddable":true,"href":"https:\/\/www.worldsocialism.org\/wsm\/wp-json\/wp\/v2\/users\/39790"}],"replies":[{"embeddable":true,"href":"https:\/\/www.worldsocialism.org\/wsm\/wp-json\/wp\/v2\/comments?post=5530"}],"version-history":[{"count":3,"href":"https:\/\/www.worldsocialism.org\/wsm\/wp-json\/wp\/v2\/pages\/5530\/revisions"}],"predecessor-version":[{"id":5568,"href":"https:\/\/www.worldsocialism.org\/wsm\/wp-json\/wp\/v2\/pages\/5530\/revisions\/5568"}],"wp:attachment":[{"href":"https:\/\/www.worldsocialism.org\/wsm\/wp-json\/wp\/v2\/media?parent=5530"}],"curies":[{"name":"wp","href":"https:\/\/api.w.org\/{rel}","templated":true}]}}