{"id":5480,"date":"2025-09-02T19:52:26","date_gmt":"2025-09-02T18:52:26","guid":{"rendered":"https:\/\/www.worldsocialism.org\/wsm\/?page_id=5480"},"modified":"2025-09-02T19:52:26","modified_gmt":"2025-09-02T18:52:26","slug":"la-teologia-de-la-liberacion","status":"publish","type":"page","link":"https:\/\/www.worldsocialism.org\/wsm\/la-teologia-de-la-liberacion\/","title":{"rendered":"La teolog\u00eda de la liberaci\u00f3n"},"content":{"rendered":"\r\n<p>Algunas expresiones son contradictorias, siendo la <em>inteligencia milita<\/em>r una de ellas. Otro posible ejemplo ser\u00eda la <em>teolog\u00eda de la liberaci\u00f3n<\/em>: \u00bfqu\u00e9 puede ser liberador acerca de la creencia en una jerarqu\u00eda de l\u00edderes religiosos y un dios que influye en los eventos en la tierra? Sin embargo, la llamada teolog\u00eda de la liberaci\u00f3n ha tenido una influencia razonable dentro de la iglesia cat\u00f3lica, aunque ha disminuido en popularidad e influencia desde la d\u00e9cada de 1990. Su impacto se ha sentido especialmente en Am\u00e9rica Latina, hogar de casi un tercio de los cat\u00f3licos del mundo, y donde la iglesia tradicional era vista por muchos como parte del establecimiento social y pol\u00edtico. La conquista espa\u00f1ola de los aztecas y otros pueblos a menudo se justific\u00f3 en t\u00e9rminos de esfuerzo misionero, incluso si su objetivo principal era el saqueo. <\/p>\r\n<p>La teolog\u00eda de la liberaci\u00f3n es, por supuesto, controvertida dentro del catolicismo. Se ha descrito como &#8220;un movimiento social y pol\u00edtico dentro de la iglesia que intenta interpretar el evangelio de Jesucristo a trav\u00e9s de las experiencias vividas por las personas oprimidas&#8221; (Kira Dault en uscatholic.org, 14 de octubre de 2014). Pero para otro escritor, es una &#8220;combinaci\u00f3n de filosof\u00eda marxista con ciertos motivos b\u00edblicos&#8221; e implica &#8220;revisiones radicales de cada doctrina cristiana tradicional&#8221; (John Frame en thegospelcoalition.org). En palabras de Ernesto Cardenal, un sacerdote nicarag\u00fcense, &#8220;Para m\u00ed, los cuatro Evangelios son todos igualmente comunistas. Soy un marxista que cree en Dios, sigue a Cristo y es un revolucionario por el bien de su reino&#8221;. Cardenal fue en un momento el ministro sandinista de Cultura, aunque luego abandon\u00f3 el movimiento, describi\u00e9ndolo como una dictadura y diciendo que prefer\u00eda &#8220;un capitalismo aut\u00e9ntico&#8221; a &#8220;una falsa revoluci\u00f3n&#8221; (Wikipedia). <\/p>\r\n<p>Superar la pobreza es un aspecto central de la teolog\u00eda de la liberaci\u00f3n, con una vida decente en la Tierra vista como al menos una alternativa a la libertad en el m\u00e1s all\u00e1. En una formulaci\u00f3n, &#8220;aboga por la ortopraxis (acci\u00f3n correcta) sobre la ortodoxia (creencia correcta)&#8221; (philosopherkings.co.uk). Los cr\u00edticos dentro de la iglesia ven la teolog\u00eda de la liberaci\u00f3n como una defensa de las personas que obtienen la salvaci\u00f3n a trav\u00e9s de sus propios esfuerzos, en lugar de Dios, lo que por alguna raz\u00f3n se considera objetable. Muchos partidarios de la teolog\u00eda de la liberaci\u00f3n consideran el marxismo como un conjunto de ideas que pueden adoptarse parcialmente o estar de acuerdo, por lo que no ven la cr\u00edtica de Marx a la religi\u00f3n como un problema para ellos. <\/p>\r\n<p>Otra cr\u00edtica es la siguiente: &#8220;El eslab\u00f3n perdido en la teolog\u00eda de la liberaci\u00f3n es la ausencia de una visi\u00f3n concreta de la econom\u00eda pol\u00edtica. Se niega a decir c\u00f3mo se instituir\u00e1n las salvaguardias de los derechos humanos, el desarrollo econ\u00f3mico y las libertades personales despu\u00e9s de la revoluci\u00f3n&#8221; (Michael Novak en nytimes.com, 21 de octubre de 1984). Pero este punto puede llevarse mucho m\u00e1s lejos, en el sentido de que la teolog\u00eda de la liberaci\u00f3n tiene poco concreto que decir sobre c\u00f3mo deber\u00eda organizarse la sociedad. Querer acabar con la pobreza es algo con lo que pocas personas estar\u00edan en desacuerdo, y la apelaci\u00f3n a las ideas de Marx es, en el mejor de los casos, confusa y probablemente mejor descrita como una distorsi\u00f3n tan grande como el leninismo. <\/p>\r\n<p>Y la teolog\u00eda de la liberaci\u00f3n es de hecho una contradicci\u00f3n en los t\u00e9rminos. La religi\u00f3n de todo tipo ense\u00f1a la confianza en un ser supremo de alg\u00fan tipo, en la oraci\u00f3n, en la sumisi\u00f3n. El catolicismo en particular implica el gobierno del Papa, la opresi\u00f3n de las mujeres y pol\u00edticas sociales r\u00edgidas. La liberaci\u00f3n del noventa y nueve por ciento de la poblaci\u00f3n de la tierra debe provenir de sus propios esfuerzos, para obtener el control del planeta y sus recursos, no de la mistificaci\u00f3n de la religi\u00f3n y una supuesta mezcla confusa de religi\u00f3n y marxismo.  <\/p>\r\n\r\n\r\n","protected":false},"excerpt":{"rendered":"<p>Algunas expresiones son contradictorias, siendo la inteligencia militar una de ellas. Otro posible ejemplo ser\u00eda la teolog\u00eda de la liberaci\u00f3n: \u00bfqu\u00e9 puede ser liberador acerca de la creencia en una jerarqu\u00eda de l\u00edderes religiosos y un dios que influye en los eventos en la tierra? Sin embargo, la llamada teolog\u00eda de la liberaci\u00f3n ha tenido&#8230;<\/p>\n","protected":false},"author":39790,"featured_media":0,"parent":0,"menu_order":0,"comment_status":"closed","ping_status":"closed","template":"","meta":{"magazine_newspaper_sidebar_layout":"","footnotes":""},"class_list":["post-5480","page","type-page","status-publish","hentry"],"_links":{"self":[{"href":"https:\/\/www.worldsocialism.org\/wsm\/wp-json\/wp\/v2\/pages\/5480","targetHints":{"allow":["GET"]}}],"collection":[{"href":"https:\/\/www.worldsocialism.org\/wsm\/wp-json\/wp\/v2\/pages"}],"about":[{"href":"https:\/\/www.worldsocialism.org\/wsm\/wp-json\/wp\/v2\/types\/page"}],"author":[{"embeddable":true,"href":"https:\/\/www.worldsocialism.org\/wsm\/wp-json\/wp\/v2\/users\/39790"}],"replies":[{"embeddable":true,"href":"https:\/\/www.worldsocialism.org\/wsm\/wp-json\/wp\/v2\/comments?post=5480"}],"version-history":[{"count":2,"href":"https:\/\/www.worldsocialism.org\/wsm\/wp-json\/wp\/v2\/pages\/5480\/revisions"}],"predecessor-version":[{"id":5482,"href":"https:\/\/www.worldsocialism.org\/wsm\/wp-json\/wp\/v2\/pages\/5480\/revisions\/5482"}],"wp:attachment":[{"href":"https:\/\/www.worldsocialism.org\/wsm\/wp-json\/wp\/v2\/media?parent=5480"}],"curies":[{"name":"wp","href":"https:\/\/api.w.org\/{rel}","templated":true}]}}