{"id":5461,"date":"2025-09-02T19:32:28","date_gmt":"2025-09-02T18:32:28","guid":{"rendered":"https:\/\/www.worldsocialism.org\/wsm\/?page_id=5461"},"modified":"2025-09-02T19:47:30","modified_gmt":"2025-09-02T18:47:30","slug":"para-lenin-socialismo-era-capitalismo-de-estado","status":"publish","type":"page","link":"https:\/\/www.worldsocialism.org\/wsm\/para-lenin-socialismo-era-capitalismo-de-estado\/","title":{"rendered":"Para Lenin le socialismo era le capitalismo de estado"},"content":{"rendered":"\r\n\r\n<p>En este trabajo se demuestra usando el libro de Lenin <em>El Estado y la Revoluci\u00f3n<\/em>, y el trabajo de Marx, <em>El 18 Brumario de Luis Bonaparte<\/em>, <em>Las Glosas Marginales del Programa de Gotha<\/em>, y <em>La Guerra Civil en Francia<\/em> para demostrar como Lenin y los Bolcheviques distorsionaron de una manera deshonesta el concepto de socialismo-comunismo, y de como forzaron la creaci\u00f3n del mal llamado estado obrero, o estado socialista.<\/p>\r\n\r\n<p>Para Lenin realmente socialismo era capitalismo de estado, y creo el concepto de la transici\u00f3n de socialismo hacia el comunismo, para Marx la sociedad en transici\u00f3n era el capitalismo, no el socialismo-comunismo, y establece la diferencia entre administraci\u00f3n y estado, y en ning\u00fan momento crea el concepto de convertirlo a los trabajadores en empleados asalariados del estado, y en la dictadura del partido \u00fanico, o del llamado partido de vanguardia.<\/p>\r\n\r\n<p>En este trabajo queda demostrado que los contra-revolucionarios eran realmente los Bolcheviques, y que reprimieron y eliminaron todo propio-gobierno que trato de crear la clase obrera Rusa, y un grupito minoritario pudo dar un golpe de estado, y pudo controlar y dominar por varios anos mas de 170 millones de seres humanos, y de como surge un enorme ejercito y una enorme fuerza policial para reprimir y avasallar a los obreros, y para conquistar otros territorios y otras naciones.<\/p>\r\n\r\n<p>La comuna de Paris no fue el primer estado obrero, ni el primer gobierno socialista, fue simplemente la toma pol\u00edtica de los obreros de Paris, pero en ningun momento Marx o Engels lo consideraron como un estado obrero, eso fue una distorsi\u00f3n y una mentira elaborada por Lenin y los Bolcheviques, de ahi en adelante han continuado una enorme confusi\u00f3n donde gobiernos opresivos donde se ha levantado una casta privilegiada han sido llamado Gobiernos o Estados Socialistas o comunistas. Con los Bolcheviques el socialismo no avanzo ni un solo dia, y el Leninismo es una corriente peligrosa y distorsionante dentro del movimiento obrero.<\/p>\r\n\r\n\r\n","protected":false},"excerpt":{"rendered":"<p>En este trabajo se demuestra usando el libro de Lenin El Estado y la Revoluci\u00f3n, y el trabajo de Marx, El 18 Brumario de Luis Bonaparte, Las Glosas Marginales del Programa de Gotha, y La Guerra Civil en Francia para demostrar como Lenin y los Bolcheviques distorsionaron de una manera deshonesta el concepto de socialismo-comunismo,&#8230;<\/p>\n","protected":false},"author":39790,"featured_media":0,"parent":0,"menu_order":0,"comment_status":"closed","ping_status":"closed","template":"","meta":{"magazine_newspaper_sidebar_layout":"","footnotes":""},"class_list":["post-5461","page","type-page","status-publish","hentry"],"_links":{"self":[{"href":"https:\/\/www.worldsocialism.org\/wsm\/wp-json\/wp\/v2\/pages\/5461","targetHints":{"allow":["GET"]}}],"collection":[{"href":"https:\/\/www.worldsocialism.org\/wsm\/wp-json\/wp\/v2\/pages"}],"about":[{"href":"https:\/\/www.worldsocialism.org\/wsm\/wp-json\/wp\/v2\/types\/page"}],"author":[{"embeddable":true,"href":"https:\/\/www.worldsocialism.org\/wsm\/wp-json\/wp\/v2\/users\/39790"}],"replies":[{"embeddable":true,"href":"https:\/\/www.worldsocialism.org\/wsm\/wp-json\/wp\/v2\/comments?post=5461"}],"version-history":[{"count":3,"href":"https:\/\/www.worldsocialism.org\/wsm\/wp-json\/wp\/v2\/pages\/5461\/revisions"}],"predecessor-version":[{"id":5479,"href":"https:\/\/www.worldsocialism.org\/wsm\/wp-json\/wp\/v2\/pages\/5461\/revisions\/5479"}],"wp:attachment":[{"href":"https:\/\/www.worldsocialism.org\/wsm\/wp-json\/wp\/v2\/media?parent=5461"}],"curies":[{"name":"wp","href":"https:\/\/api.w.org\/{rel}","templated":true}]}}