{"id":5441,"date":"2025-09-02T16:11:54","date_gmt":"2025-09-02T15:11:54","guid":{"rendered":"https:\/\/www.worldsocialism.org\/wsm\/?page_id=5441"},"modified":"2025-09-02T16:11:54","modified_gmt":"2025-09-02T15:11:54","slug":"la-crisis-de-las-malvinas","status":"publish","type":"page","link":"https:\/\/www.worldsocialism.org\/wsm\/la-crisis-de-las-malvinas\/","title":{"rendered":"La crisis de las Malvinas"},"content":{"rendered":"<p>Frente a la amenaza inminente de una guerra por las riquezas potenciales de las Islas Malvinas, el Partido Socialista de Gran Breta\u00f1a ( y el MSM ) afirma lo siguiente: <\/p>\n<p>1.  Que a pesar de la ola de histeria patriotera en la prensa, y su aprobaci\u00f3n por parte del Partido Laboral, y los pol\u00edticos conservadores por igual, ningunos de los intereses de la clase obrera en Inglaterra, Argentina, o los propios habitantes de Malvinas, no se pueden resolver por medio de una guerra. <\/p>\n<p>2 Que ni a la junta militar en Buenos Aires, ni los representantes electos del capitalismo brit\u00e1nico, y de todos los intereses comerciales de Coalite-Charringtons, pueden justificar el derramamiento de una sola gota de sangre de la clase obrera de ambos pa\u00edses. <\/p>\n<p>3 La falsa indignaci\u00f3n reci\u00e9n descubierta. y el car\u00e1cter antidemocr\u00e1tico y opresivo del r\u00e9gimen Argentino, , son cuestiones provenientes de un gobierno que estaba armando a ese r\u00e9gimen hasta la v\u00edspera de las hostilidades. <\/p>\n<p>4 Que el papel crucial del capitalismo argentino es producir ganancias rentable, y el declive de la producci\u00f3n agr\u00edcola que atraviesa el Imperio Ruso. explica en gran medida el apoyo dado a la junta por el \u201cPartido Comunista\u201d y la cr\u00edtica de lo silenciado por los mismos c\u00edrculos que tan ruidosamente denuncian el mismo tipo de dictadura que existe en Chile, y la represi\u00f3n en contra del sindicalismo y de la libertad de expresi\u00f3n. <\/p>\n<p>Por ello, reiteramos no tener nada en contra de la clase obrera de cualquier pa\u00eds, extendemos a nuestros compa\u00f1eros trabajadores de todas la tierra nuestra socialidaridad y fraternidad socialista y nos comprometemos a trabajar por el derrocamiento del capitalismo en todas sus formas, y el establecimiento de socialismo en todo el mundo, como la \u00fanica manera de poner fin a la guerra.<\/p>\n<p>EL COMIT\u00c9 EJECUTIVO<\/p>\n<p>13 de abril 1982<\/p>\n<p>Partido Socialista de Gran Breta\u00f1a<\/p>\n","protected":false},"excerpt":{"rendered":"<p>Frente a la amenaza inminente de una guerra por las riquezas potenciales de las Islas Malvinas, el Partido Socialista de Gran Breta\u00f1a ( y el MSM ) afirma lo siguiente: 1. Que a pesar de la ola de histeria patriotera en la prensa, y su aprobaci\u00f3n por parte del Partido Laboral, y los pol\u00edticos conservadores&#8230;<\/p>\n","protected":false},"author":39790,"featured_media":0,"parent":0,"menu_order":0,"comment_status":"closed","ping_status":"closed","template":"","meta":{"magazine_newspaper_sidebar_layout":"","footnotes":""},"class_list":["post-5441","page","type-page","status-publish","hentry"],"_links":{"self":[{"href":"https:\/\/www.worldsocialism.org\/wsm\/wp-json\/wp\/v2\/pages\/5441","targetHints":{"allow":["GET"]}}],"collection":[{"href":"https:\/\/www.worldsocialism.org\/wsm\/wp-json\/wp\/v2\/pages"}],"about":[{"href":"https:\/\/www.worldsocialism.org\/wsm\/wp-json\/wp\/v2\/types\/page"}],"author":[{"embeddable":true,"href":"https:\/\/www.worldsocialism.org\/wsm\/wp-json\/wp\/v2\/users\/39790"}],"replies":[{"embeddable":true,"href":"https:\/\/www.worldsocialism.org\/wsm\/wp-json\/wp\/v2\/comments?post=5441"}],"version-history":[{"count":1,"href":"https:\/\/www.worldsocialism.org\/wsm\/wp-json\/wp\/v2\/pages\/5441\/revisions"}],"predecessor-version":[{"id":5442,"href":"https:\/\/www.worldsocialism.org\/wsm\/wp-json\/wp\/v2\/pages\/5441\/revisions\/5442"}],"wp:attachment":[{"href":"https:\/\/www.worldsocialism.org\/wsm\/wp-json\/wp\/v2\/media?parent=5441"}],"curies":[{"name":"wp","href":"https:\/\/api.w.org\/{rel}","templated":true}]}}