{"id":5439,"date":"2025-09-03T19:41:25","date_gmt":"2025-09-03T18:41:25","guid":{"rendered":"https:\/\/www.worldsocialism.org\/wsm\/?page_id=5439"},"modified":"2025-09-03T19:41:25","modified_gmt":"2025-09-03T18:41:25","slug":"de-donde-vienen-las-ganancias","status":"publish","type":"page","link":"https:\/\/www.worldsocialism.org\/wsm\/de-donde-vienen-las-ganancias\/","title":{"rendered":"\u00bfDe d\u00f3nde vienen las ganancias?"},"content":{"rendered":"\r\n<p>Elon Musk es uno de los hombres m\u00e1s ricos del mundo. La tecnolog\u00eda y otras propiedades de que es due\u00f1o le producen beneficios gigantescos. \u00bfPero de d\u00f3nde provienen sus beneficios y la riqueza de otros como \u00e9l? <\/p>\r\n<p>\u00bfDe d\u00f3nde vienen las ganancias? <\/p>\r\n<p>S\u00ed, los beneficios, ganancias o utilidades desempe\u00f1an un papel clave en la operaci\u00f3n de sistema de mercado\u00bfpero en d\u00f3nde se originan? \u00bfCu\u00e1l es su fuente? Para un negocio, las utilidades son la diferencia entre sus ventas totales, sus ingresos y sus costos totales de producci\u00f3n. <\/p>\r\n<p>Los costos de producci\u00f3n son: <\/p><p>\r\n\u2022 los costos de la materia prima\u2014componentes, energ\u00eda y servicios usados en el curso de producir las mercanc\u00edas que el negocio vende;<\/p><p>\r\n\u2022 el desgaste y la descomposturas de los activos fijos del negocio, o la depreciaci\u00f3n de sus edificios, m\u00e1quinas y dem\u00e1s equipo;<\/p><p>\r\n\u2022 los sueldos y los salarios de los trabajadores empleados para realizar todo el trabajo que implica transformar las materias primas en mercanc\u00edas para el mercado. <\/p>\r\n<p>Cualquier ingreso aparte de estos costos es ganancia. <\/p>\r\n<p>De esta ganacia el negocio paga cualquier renta, inter\u00e9s o capital tomado en pr\u00e9stamo, los dividendos entregados a los accionistas y los impuestos federales y locales. Todo lo que queda aparte de esto (las ganacias retenidas) est\u00e1 disponible para invertirlo en mejorar y expandir la capacidad productiva del negocio. <\/p>\r\n<p>La \u00fanica manera de producir riqueza es por medio del trabajo humano con y sobre los materiales que se extrajeron de la naturaleza. De ah\u00ed que los beneficios, como porci\u00f3n del producto, s\u00f3lo pueden provenir del trabajo. <\/p>\r\n<p>Karl Marx (1811-1883) adopt\u00f3 este dato y lo convirti\u00f3 en base de su teor\u00eda de la \u201cplusval\u00eda\u201d o \u201cplusvalor\u201d, que es el valor agregado a la materia prima en el curso de la producci\u00f3n por la fuerza de trabajo aparte de lo que \u00e9sta recibe en forma de salario. <\/p>\r\n<p>Sobra decir que esta teor\u00eda de la utilidad como plusval\u00eda es anatema para la econom\u00eda ortodoxa, lo cual encontrar\u00e1 usted en cualquier libro de texto com\u00fan y corriente. En lugar de la idea expuesta, encontrar\u00e1 usted los beneficios definidos como la \u201crecompensa\u201d al capital o al \u201cempresario\u201d (no se ponen de acuerdo en qu\u00e9 o qui\u00e9n). Pero, como la palabra \u201crecompensa\u201d indica, esta es justificaci\u00f3n conveniente para quienes la reciben. Por desgracia para estos economistas, v\u00edctimas de su ideolog\u00eda, sus justificaciones moralistas no est\u00e1n avaladas por los hechos. <\/p>\r\n<p><strong>Lo que los estad\u00edsticos revelan<\/strong><\/p>\r\n<p>El valor de la riqueza nueva producida en un pa\u00eds durante un tiempo dado (su producto nacional) ser\u00e1 el mismo que los ingresos de todos sus habitantes (su ingreso nacional). Es tarea de los estad\u00edsticos de Ingresos Nacionales determinar formas de medir esos indicadores. <\/p>\r\n<p>El concepto clave de los estad\u00edsticos de Ingresos Nacionales es el de valor agregado. Al calcular el producto nacional de un pa\u00eds no se limitar\u00e1n a sumar el valor monetario de la producci\u00f3n de cada industria ya que esto implicar\u00eda conteo doble, triple e incluso m\u00faltiplos mayores. <\/p>\r\n<p>Esto se debe a que el producto de algunas industrias no se vende al consumidor final sino a otra industria en calidad de material para su propio proceso productivo. <\/p>\r\n<p>Para evitar este problema del conteo m\u00faltiple, las mercanc\u00edas utilizadas como insumos por otras industrias no deben tomarse en cuenta al hacer el c\u00e1lculo. Para esto est\u00e1 ideado el concepto de valor agregado. El valor agregado se define como la diferencia entre el ingreso total de un negocio y el costo de las materias primas, componentes, energ\u00eda y servicios y el desgaste y mantenimiento de sus activos fijos. Es una medida del valor econ\u00f3mico agregado a esos insumos en el curso de la transformaci\u00f3n en el producto que la empresa vende. Difiere de las utilidades s\u00f3lo en un aspecto: incluye los sueldos y salarios. <\/p>\r\n<p>As\u00ed, Ganancia = Valor agregado \u2014 Sueldos y Salarios. <\/p>\r\n<p>Dicho de otro modo, la ganancia es una deducci\u00f3n del valor agregado por el trabajo en el proceso de transformar los insumos en mercanc\u00edas. <\/p>\r\n<p>Esto es cierto en el nivel de la econom\u00eda as\u00ed como en el nivel del negocio individual o cualquier rama de la industria. <\/p>\r\n<p>Para obtener el n\u00famero llamado producto nacional, se calcula el total del valor agregado en cada industria (que es en s\u00ed la suma del valor agregado en todas sus empresas componentes). Pero como el valor agregado se compone de sueldos y salarios m\u00e1s utilidades, otra forma de calcular dicho n\u00famero es sumar las utilidades o ganancias totales obtenidas por todas empresas al total de los sueldos y salarios pagados a todos los trabajadores. Este es, desde luego, el ingreso nacional, que es s\u00f3lo otro modo de expresar el valor monetario del producto nacional, o nuevo valor agregado total al valor existente previamente en el curso de un periodo dado. <\/p>\r\n<p>Esta equivalencia entre el producto nacional y el ingreso nacional pone de manifiesto el hecho de que todos los ingresos monetarios resultan del proceso de producci\u00f3n. Todo el ingreso es generado inicialmente en la producci\u00f3n bien como ganancia, bien como sueldos y salarios. Todos los dem\u00e1s ingresos\u2014renta, intereses, pensiones y dem\u00e1s beneficios pagados por el Estado\u2014se derivan finalmente de \u00e9stos, y de hecho principalmente de las utilidades.\r\nLas utilidades no s\u00f3lo son, pues, la fuente de los fondos de inversi\u00f3n en mejora y expansi\u00f3n de la capacidad productiva; tambi\u00e9n son la fuente de casi todo el gasto del gobierno. Por tanto, del sector que hace utilidades de la econom\u00eda (ya sea privado o de propiedad estatal) realmente puede decirse, como sus defensores afirman con frecuencia, que es el \u201csector que crea riqueza\u201d de la econom\u00eda: es el sector que proporciona la plusval\u00eda tanto para la inversi\u00f3n como para el gasto del gobierno. (Sin embargo, como las propias utilidades se derivan del valor agregado por el trabajo en el proceso de producci\u00f3n, el trabajo es la fuente fundamental.) <\/p>\r\n<p><strong>\u00bfQu\u00e9 es el crecimiento econ\u00f3mico?<\/strong> <\/p>\r\nLos estad\u00edsticos del gobierno dan a conocer regularmente estad\u00edsticas sobre el monto del producto nacional pero \u00e9stas no son siempre las mismas. A veces las cifras son citadas como Producto Interno Bruto (PIB), a veces como Producto Nacional Bruto (PNB) y a veces como Producto Nacional Neto (PNN). \u00bfQu\u00e9 significan estas iniciales y cu\u00e1l es la diferencia entre lo que expresan? <\/p>\r\n<p>El significado de la palabra \u201cbruto\u201d indica que la cifra abarca no s\u00f3lo el valor agregado sino tambi\u00e9n la depreciaci\u00f3n del capital fijo. Rigurosamente hablando, como decimos, \u00e9sta debe excluirse. La \u00fanica raz\u00f3n de que no lo sea es que las cifras significativas para ella no pueden presentarse para un periodo de tres meses. El PIB es, por tanto, mayor que el total del valor agregado. <\/p>\r\n<p>El PNB representa el Producto Nacional Bruto. Difiere del PIB en que toma en cuenta las transacciones con otros pa\u00edses: exportaciones e importaciones y pagos al y del extranjero.\r\nLos pagos del extranjero por las exportaciones, los servicios (\u201clas exportaciones invisibles\u201d) y de las inversiones extranjeras incrementan el ingreso nacional, mientras que los pagos al extranjero lo disminuyen. Como lo indica su nombre de Producto Interno Bruto, el PIB es una cifra en bruto que simboliza el valor agregado (depreciaci\u00f3n sin tomar en cuenta las transacciones con otros pa\u00edses). Por eso la producci\u00f3n de algunas industrias no se vende al consumidor final sino a otra industria a la que sirve de material para su proceso productivo. <\/p>\r\n<p>Para evitar el problema de contar varias veces el mismo concepto, las mercanc\u00edas usadas como insumos de otras industrias deben excluirse del c\u00e1lculo. Para ello est\u00e1 ideado el concepto de valor agregado. El valor agregado se define como la diferencia entre el ingreso total de un negocio y el costo de comprar materias primas y componentes. <\/p>\r\n<p>Una de las tendencias a largo plazo del sistema de mercado es incrementar el PNN\/Ingreso Nacional, o \u201ccrecimiento\u201d. En realidad esta es una consecuencia de otra tendencia m\u00e1s fundamental pero que no es citada tan a menudo como es ahora tan f\u00e1cil de medir: el incremento de la cantidad de capital invertido en la producci\u00f3n, o acumulaci\u00f3n de \u201ccapital\u201d. <\/p>\r\n<p>Ya vimos c\u00f3mo las presiones de la competencia fuerzan a las empresas a buscar el maximizar sus utilidades como manera de maximizar la cantidad de dinero que pueden dedicar a comprar la maquinaria m\u00e1s nueva y productiva y los m\u00e9todos de producci\u00f3n que deben tener para ser capaces de producir m\u00e1s y m\u00e1s barato. Este incremento de la cantidad de dinero invertido en la producci\u00f3n, o acumulaci\u00f3n de capital, se traduce a t\u00e9rminos f\u00edsicos como incremento en las reservas de medios de producci\u00f3n, tanto edificios, maquinaria y otra clase de equipo fijo y materias primas que transformar en nuevas mercanc\u00edas. Esto a su vez lleva a un aumento del Producto nacional\/Ingreso nacional: crecimiento. <\/p>\r\n<p><strong>Inversi\u00f3n, consumo y gasto del gobierno<\/strong><\/p>\r\nLa acumulaci\u00f3n de capital depende de la inversi\u00f3n, o la proporci\u00f3n de ingreso nacional que se emplea para comprar nuevos medios de producci\u00f3n. As\u00ed, en este contexto es donde reside la importancia de la divisi\u00f3n de Ingreso nacional en \u201cinversi\u00f3n\u201d y \u201cconsumo\u201d. Algunos pensadores econ\u00f3micos alegan que porque la inversi\u00f3n es una deducci\u00f3n del consumo debe reducir el mercado para las mercanc\u00edas. Salta a la vista que esta visi\u00f3n es claramente err\u00f3nea. El dinero que se invierte de todos modos se gasta, s\u00f3lo que es gastado en comprar medios de producci\u00f3n antes que bienes de consumo. La distinci\u00f3n entre inversi\u00f3n y consumo es una diferencia entre el prop\u00f3sito para el cual se gasta el ingreso nacional. <\/p>\r\n<p>\u00bfEn qu\u00e9 parte del cuadro entra el gasto gubernamental? Aqu\u00ed, desgraciadamente, los estad\u00edsticos del Ingreso Nacional se descarrilan. No hay problema con las empresas p\u00fablicas (que s\u00f3lo son parte del sector del mercado de la econom\u00eda del mismo modo que lo son las empresas privadas) y las actividades de sus obreros crean valor agregado que cuenta de modo decreciente el producto nacional. \u00bfPero que hay acerca del gasto gubernamental presente, en contraste con su gasto en edificios y equipo, para cosas tales como la administraci\u00f3n, la polic\u00eda y las fuerzas armadas, la educaci\u00f3n y la salud? Este es claramente consumo y no producci\u00f3n, como una generaci\u00f3n anterior de economistas reconoci\u00f3. El gobierno est\u00e1 consumiendo riqueza del mismo modo que lo hacen los individuos. <\/p>\r\n<p>Pero los estad\u00edsticos del Ingreso Nacional no lo ven as\u00ed. Consideran que el gobierno es alguien dedicado a producir \u201cservicios p\u00fablicos\u201d, llamados \u201ceducaci\u00f3n\u201d, \u201ccuidado de la salud\u201d pero tambi\u00e9n \u201cadministraci\u00f3n\u201d e incluso \u201cdefensa\u201d y \u201cley y orden\u201d, que no crean valor agregado que pueda a\u00f1adirse al producto nacional. Aun en sus propios t\u00e9rminos, sin embargo, hay algo peculiar acerca de esto ya que el valor agregado en el llamado sector de servicios p\u00fablicos es igual solamente a los sueldos y salarios pagados a los empleados en tal sector, pero no hay elemento de utilidad. Esto significa entonces que los estad\u00edsticos del Ingreso Nacional est\u00e1n sumando simplemente al producto nacional los sueldos y salarios de los empleados del gobierno. Llama la atenci\u00f3n que no est\u00e9n dispuestos a ir al fondo del asunto y clasificar esto como \u201cinversi\u00f3n\u201d, que es lo que implica la l\u00f3gica de su razonamiento. <\/p>\r\n<p>En s\u00ed, esto debiera ser un indicio de que el gasto presente del gobierno en administraci\u00f3n y el resto es diferente del gasto de las empresas en producir sus mercanc\u00edas para venderlas. La entera ficci\u00f3n de que los gobiernos son productores entregados a producir servicios p\u00fablicos se viene abajo cuando se les pregunta de d\u00f3nde viene el dinero con que el gobierno paga los sueldos y los salarios de sus empleados. \u00bfDe la venta de mercanc\u00edas como hacen los dem\u00e1s productores? Absolutamente no: pues las mercanc\u00edas en cuesti\u00f3n son vendidas ahora. Obtienen dinero gravando los ingresos generados en el sector del mercado de la econom\u00eda o pidi\u00e9ndolo prestado de quienes reciben tales ingresos. <\/p>\r\n<p>En otras palabras, los sueldos y los salarios de los empleados de gobierno son \u201cpagos de transferencia\u201d pues los ingresos transferidos de una secci\u00f3n de la poblaci\u00f3n a otra se llaman pensiones y otros pagos de seguridad social, por ejemplo, y el inter\u00e9s sobre la deuda nacional. Al mismo tiempo los pagos de intereses a los tenedores de la deuda nacional fueron incluidos en el las estad\u00edsticas del ingreso nacional como parte del ingreso derivado de la propiedad de bienes pero esto fue abandonado cuando se cay\u00f3 en la cuenta de que esto era s\u00f3lo una transferencia v\u00eda la tributaci\u00f3n al ingreso de la propiedad de un grupo a otro. L\u00f3gicamente, debe reconocerse lo mismo para los sueldos y los salarios de los empleados del gobierno. Ellos deben ser vistos tambi\u00e9n como \u201cpagos de transferencia\u201d. <\/p>\r\n<p>Rechazar el concepto de que los empleados de gobierno producen servicios p\u00fablicos no es rechazar el registrar en las estad\u00edsticas del producto nacional\/ingreso nacional el gasto en educaci\u00f3n, el cuidado de la salud y la defensa. La discusi\u00f3n es sobre c\u00f3mo y d\u00f3nde debe clasificarse. El error de clasificar el gasto nacional en sueldos y salarios de sus empleados como producci\u00f3n tiene dos consecuencias. Primera: infla artificialmente la magnitud del producto nacional (y tambi\u00e9n la porci\u00f3n de ingresos del empleo en \u00e9ste). Segundo: sostiene la ilusi\u00f3n de que en una recesi\u00f3n el gobierno puede incrementar el producto nacional con s\u00f3lo prestar dinero del sector mercado y gastarlo, literalmente, en cualquier cosa.<\/p>\r\n\r\n\r\n\r\n","protected":false},"excerpt":{"rendered":"<p>Elon Musk es uno de los hombres m\u00e1s ricos del mundo. La tecnolog\u00eda y otras propiedades de que es due\u00f1o le producen beneficios gigantescos. \u00bfPero de d\u00f3nde provienen sus beneficios y la riqueza de otros como \u00e9l? \u00bfDe d\u00f3nde vienen las ganancias? S\u00ed, los beneficios, ganancias o utilidades desempe\u00f1an un papel clave en la operaci\u00f3n&#8230;<\/p>\n","protected":false},"author":39790,"featured_media":0,"parent":0,"menu_order":0,"comment_status":"closed","ping_status":"closed","template":"","meta":{"magazine_newspaper_sidebar_layout":"","footnotes":""},"class_list":["post-5439","page","type-page","status-publish","hentry"],"_links":{"self":[{"href":"https:\/\/www.worldsocialism.org\/wsm\/wp-json\/wp\/v2\/pages\/5439","targetHints":{"allow":["GET"]}}],"collection":[{"href":"https:\/\/www.worldsocialism.org\/wsm\/wp-json\/wp\/v2\/pages"}],"about":[{"href":"https:\/\/www.worldsocialism.org\/wsm\/wp-json\/wp\/v2\/types\/page"}],"author":[{"embeddable":true,"href":"https:\/\/www.worldsocialism.org\/wsm\/wp-json\/wp\/v2\/users\/39790"}],"replies":[{"embeddable":true,"href":"https:\/\/www.worldsocialism.org\/wsm\/wp-json\/wp\/v2\/comments?post=5439"}],"version-history":[{"count":4,"href":"https:\/\/www.worldsocialism.org\/wsm\/wp-json\/wp\/v2\/pages\/5439\/revisions"}],"predecessor-version":[{"id":5537,"href":"https:\/\/www.worldsocialism.org\/wsm\/wp-json\/wp\/v2\/pages\/5439\/revisions\/5537"}],"wp:attachment":[{"href":"https:\/\/www.worldsocialism.org\/wsm\/wp-json\/wp\/v2\/media?parent=5439"}],"curies":[{"name":"wp","href":"https:\/\/api.w.org\/{rel}","templated":true}]}}