{"id":5432,"date":"2025-09-02T13:12:22","date_gmt":"2025-09-02T12:12:22","guid":{"rendered":"https:\/\/www.worldsocialism.org\/wsm\/?page_id=5432"},"modified":"2025-09-06T12:04:14","modified_gmt":"2025-09-06T11:04:14","slug":"palestina-el-fracaso-del-nationalismo-judio","status":"publish","type":"page","link":"https:\/\/www.worldsocialism.org\/wsm\/palestina-el-fracaso-del-nationalismo-judio\/","title":{"rendered":"Palestina: El fracaso del nationalismo jud\u00edo"},"content":{"rendered":"\r\n\r\n<p>Lo que est\u00e1 sucediendo hoy en Gaza y Palestina muestra el fracaso del proyecto sionista, concebido hacia fines del siglo XIX, para establecer un estado separado para los jud\u00edos. <\/p>\r\n<p>Los sionistas predicaron que lo que los jud\u00edos, incluidos los trabajadores jud\u00edos, deber\u00edan hacer no es simplemente integrarse en los estados en los que se encontraban, sino agitar por un estado jud\u00edo separado, en alg\u00fan lugar, en cualquier lugar. Uganda y Madagascar fueron considerados en un momento. Al final, por motivos religiosos e hist\u00f3ricos antiguos, los sionistas decidieron que esto deber\u00eda ser Palestina, entonces una provincia del Imperio Otomano. <\/p>\r\n<p>Podr\u00eda decirse que fue un proyecto loco desde el principio. Establecer a personas de Europa en otra parte del mundo, donde era poco probable que la gente y sus gobernantes aceptaran esto, era una receta para problemas. Pero en ese momento, a fines del siglo XIX, esto no habr\u00eda parecido tan descabellado, ya que era una pr\u00e1ctica com\u00fan que los estados europeos en condiciones de hacerlo (Gran Breta\u00f1a, Francia, B\u00e9lgica, Pa\u00edses Bajos, Espa\u00f1a, Portugal y tard\u00edamente Italia y Alemania) establecieran a los europeos en otras partes del mundo, principalmente \u00c1frica, en tierras tradicionalmente ocupadas por los lugare\u00f1os. <\/p>\r\n<p>La idea de un estado separado, para ser un hogar seguro para los jud\u00edos, parec\u00eda particularmente atractiva despu\u00e9s de la experiencia en la Segunda Guerra Mundial. Israel iba a ser ese hogar seguro. Pero nunca podr\u00eda serlo. Israel se estableci\u00f3 como un estado separado reconocido en 1948, pero los gobernantes locales se opusieron a la guerra para tratar de evitarlo, pero perdieron, lo que result\u00f3 en la expulsi\u00f3n de cientos de miles de la poblaci\u00f3n local de donde viv\u00edan. <\/p>\r\n<p>Desde entonces, Israel ha buscado &#8220;fronteras seguras&#8221;. Despu\u00e9s de ganar la Guerra de los Seis D\u00edas en 1967, nuevamente iniciada por los gobernantes de los estados circundantes, Israel anex\u00f3 los Altos del Gol\u00e1n de Siria y Jerusal\u00e9n Este de Jordania y ocup\u00f3 el resto de Palestina, incluida Gaza y tambi\u00e9n el Sina\u00ed. M\u00e1s tarde se retiraron del Sina\u00ed, pero mantuvieron el &#8220;control de seguridad&#8221; del resto, creando una especie de Gran Israel. Tras el colapso del r\u00e9gimen de Assad en Siria en diciembre pasado, Israel ha ocupado m\u00e1s de ese pa\u00eds. <\/p>\r\n<p>La masacre de Ham\u00e1s del 7 de octubre de 2023 confirm\u00f3 que Israel no era de hecho un lugar seguro para los jud\u00edos. Y la respuesta de Israel, no ojo por ojo, sino 40 ojos por ojo y subiendo, ha hecho que las cosas sean m\u00e1s inseguras, a trav\u00e9s del crecimiento del antisemitismo, para aquellos jud\u00edos que eligen no establecerse en Israel (la mayor\u00eda de los jud\u00edos, de hecho). <\/p>\r\n<p>Entonces, en t\u00e9rminos de proporcionar un hogar seguro para los jud\u00edos, el sionismo ha sido un completo fracaso. Los jud\u00edos que viven fuera de Israel (la mayor\u00eda de ellos est\u00e1n en los Estados Unidos, tantos de hecho como en Israel) est\u00e1n en una posici\u00f3n mucho m\u00e1s segura. <\/p>\r\n<p>Israel bien puede reconquistar Gaza, pero la historia sugiere que a largo plazo la pol\u00edtica de su gobierno actual de tratar de mantener a raya a una poblaci\u00f3n hostil mayor que el n\u00famero de jud\u00edos que viven all\u00ed no puede tener \u00e9xito. Est\u00e1 destinado a fracasar, tal como lo hizo el apartheid en Sud\u00e1frica. <\/p>\r\n<p>Lo que esto muestra es que los socialistas ten\u00edan raz\u00f3n al oponerse desde el principio al sionismo y su proyecto. El socialismo, no un estado jud\u00edo separado, fue la soluci\u00f3n a los problemas que enfrentaron los trabajadores jud\u00edos. Mientras tanto, los trabajadores jud\u00edos deben integrarse en el movimiento obrero en el estado donde viven. Muchos lo hicieron, m\u00e1s de hecho que los que se fueron a vivir a Israel, y participaron no solo en el movimiento obrero sino tambi\u00e9n en la pol\u00edtica en general. Algunas de las figuras clave involucradas en las discusiones y decisiones actuales sobre la guerra de Gaza eligieron este camino sensato. Por ejemplo, el enviado especial de Trump, Witkoff, el presidente franc\u00e9s Macron y el presidente de Ucrania, Zelensky. <\/p>\r\n<p>La mayor\u00eda de la izquierda leninista apoya con entusiasmo la acci\u00f3n armada para abolir el estado de Israel. Eso ser\u00eda simplemente continuar el ciclo sin sentido de masacres y contramasacres que han ocurrido desde que llegaron los primeros jud\u00edos de Europa. Hoy en d\u00eda, Israel es donde nacieron entre el 70 y el 80 por ciento de los jud\u00edos que viven all\u00ed. M\u00e1s de la mitad no tienen ninguna conexi\u00f3n familiar con Europa, sino con Oriente Medio y el norte de \u00c1frica, por lo que dif\u00edcilmente pueden llamarse colonos. Ahora es solo otro estado, que como todos los estados necesita ser capturado por la clase trabajadora para establecer el socialismo y luego abolido junto con todos los estados, no seleccionado para la abolici\u00f3n bajo el capitalismo mientras todos los dem\u00e1s estados permanezcan. <\/p>\r\n<p>La mayor\u00eda de los que est\u00e1n en las marchas, y probablemente de los que expresan su apoyo al grupo prohibido Acci\u00f3n Palestina, b\u00e1sicamente solo querr\u00e1n el fin de la matanza y la destrucci\u00f3n diarias en Gaza y est\u00e1n comprensiblemente frustrados de que no se est\u00e9 haciendo nada al respecto. Para ellos, la &#8220;Palestina libre&#8221; significar\u00e1 simplemente que la poblaci\u00f3n all\u00ed y en Cisjordania deber\u00eda estar libre de la opresi\u00f3n pol\u00edtica del Estado israel\u00ed que sin duda est\u00e1 sufriendo. Naturalmente, los oprimidos quieren que termine y los socialistas obviamente simpatizan con esto. Pero, \u00bfc\u00f3mo ponerle fin? <\/p>\r\n<p>La mayor\u00eda de los gobiernos dicen que est\u00e1n a favor de la creaci\u00f3n de un Estado palestino separado junto a Israel. Eso ciertamente pondr\u00eda fin a la opresi\u00f3n pol\u00edtica por parte del Estado israel\u00ed para los s\u00fabditos del nuevo Estado, pero, por muy aliviado que sea, no acabar\u00eda con la explotaci\u00f3n capitalista; Desde ese punto de vista, ser\u00eda solo otro estado capitalista y una clase dominante diferente. <\/p>\r\n<p>En cualquier caso, una soluci\u00f3n de dos estados no parece practicable en las circunstancias actuales, ya que, para funcionar, requerir\u00eda un cambio de actitud por parte de los gobernantes, y de hecho de la mayor\u00eda de la poblaci\u00f3n jud\u00eda, de Israel. Eso no es imposible, pero el esfuerzo requerido para lograrlo se emplear\u00eda mejor en convencer a todos los sectores de la clase trabajadora que viven en el territorio hist\u00f3rico de Palestina de que tienen un inter\u00e9s com\u00fan en poner fin a su explotaci\u00f3n uni\u00e9ndose para poner fin al capitalismo. Incluso dentro del capitalismo tienen inter\u00e9s en que haya democracia pol\u00edtica, que incluye la igualdad de trato de todos los s\u00fabditos de un estado (y de hecho de los no ciudadanos que viven all\u00ed tambi\u00e9n). <\/p>\r\n<p>Al final, la \u00fanica salida efectiva y duradera ser\u00e1 la soluci\u00f3n &#8220;sin estado&#8221;, la abolici\u00f3n del capitalismo a escala mundial y el establecimiento de una comunidad mundial sin clases y sin estado basada en la propiedad com\u00fan y el control democr\u00e1tico de los recursos naturales e industriales de la Tierra. <\/p>\r\n<p>(Socialist Standard, septiembre de 2025)<\/p>\r\n\r\n\r\n\r\n","protected":false},"excerpt":{"rendered":"<p>Lo que est\u00e1 sucediendo hoy en Gaza y Palestina muestra el fracaso del proyecto sionista, concebido hacia fines del siglo XIX, para establecer un estado separado para los jud\u00edos. Los sionistas predicaron que lo que los jud\u00edos, incluidos los trabajadores jud\u00edos, deber\u00edan hacer no es simplemente integrarse en los estados en los que se encontraban,&#8230;<\/p>\n","protected":false},"author":39790,"featured_media":0,"parent":0,"menu_order":0,"comment_status":"closed","ping_status":"closed","template":"","meta":{"magazine_newspaper_sidebar_layout":"","footnotes":""},"class_list":["post-5432","page","type-page","status-publish","hentry"],"_links":{"self":[{"href":"https:\/\/www.worldsocialism.org\/wsm\/wp-json\/wp\/v2\/pages\/5432","targetHints":{"allow":["GET"]}}],"collection":[{"href":"https:\/\/www.worldsocialism.org\/wsm\/wp-json\/wp\/v2\/pages"}],"about":[{"href":"https:\/\/www.worldsocialism.org\/wsm\/wp-json\/wp\/v2\/types\/page"}],"author":[{"embeddable":true,"href":"https:\/\/www.worldsocialism.org\/wsm\/wp-json\/wp\/v2\/users\/39790"}],"replies":[{"embeddable":true,"href":"https:\/\/www.worldsocialism.org\/wsm\/wp-json\/wp\/v2\/comments?post=5432"}],"version-history":[{"count":3,"href":"https:\/\/www.worldsocialism.org\/wsm\/wp-json\/wp\/v2\/pages\/5432\/revisions"}],"predecessor-version":[{"id":5593,"href":"https:\/\/www.worldsocialism.org\/wsm\/wp-json\/wp\/v2\/pages\/5432\/revisions\/5593"}],"wp:attachment":[{"href":"https:\/\/www.worldsocialism.org\/wsm\/wp-json\/wp\/v2\/media?parent=5432"}],"curies":[{"name":"wp","href":"https:\/\/api.w.org\/{rel}","templated":true}]}}