{"id":5406,"date":"2025-09-02T12:54:57","date_gmt":"2025-09-02T11:54:57","guid":{"rendered":"https:\/\/www.worldsocialism.org\/wsm\/?page_id=5406"},"modified":"2025-09-12T15:23:11","modified_gmt":"2025-09-12T14:23:11","slug":"cual-es-capitalismo","status":"publish","type":"page","link":"https:\/\/www.worldsocialism.org\/wsm\/cual-es-capitalismo\/","title":{"rendered":"\u00bfQu\u00e9  es el capitalismo?"},"content":{"rendered":"\r\n<p>El capitalismo de la palabra es absolutamente de uso general ahora describir el sistema social en el cual ahora vivimos. Tambi\u00e9n se asume a menudo que ha existido, si no por siempre, entonces para la mayor parte de la historia de la humanidad. De hecho, el capitalismo es relativamente un nuevo sistema social. <\/p>\r\n\r\n<p>\u00bfPero qu\u00e9 hace exactamente medio del \u201ccapitalismo\u201d? <\/p>\r\n\r\n<p><strong>Divisi\u00f3n de clase<\/strong><\/p>\r\n\r\n<p>El capitalismo es el sistema social que ahora existe en todos los pa\u00edses del mundo. Bajo este sistema, los medios para producir y distribuir los bienes (la tierra, las f\u00e1bricas, la tecnolog\u00eda, el sistema de transporte etc) son pose\u00eddos por una peque\u00f1a minor\u00eda de gente. Referimos a este grupo de personas como la clase capitalista. La mayor\u00eda de gente debe vender su capacidad de trabajar a cambio de un jornal o un sueldo (qui\u00e9n referimos como la clase trabajadora.) <\/p>\r\n\r\n<p>La clase trabajadora se paga para producir los bienes y servicios que entonces se venden para un beneficio. El beneficio es ganado por la clase capitalista porque pueden hacer m\u00e1s venta del dinero qu\u00e9 hemos producido que nosotros cuestan para comprar en el mercado de trabajo. En este sentido, la clase trabajadora es explotada por la clase capitalista. Los capitalistas vivos de los beneficios que obtienen de explotar la clase trabajadora mientras que reinvierten algunos de sus beneficios para la acumulaci\u00f3n posterior de abundancia. <\/p>\r\n\r\n<p>Esto es lo que significamos cuando decimos que hay dos clases en sociedad. Es una demanda basada sobre simples hechos sobre la sociedad que vivimos adentro hoy. Esta divisi\u00f3n de clase es la caracter\u00edstica esencial del capitalismo. Puede ser popular hablar (generalmente vago) sobre las otras \u201cclases\u201d que existen por ejemplo la \u201cclase media\u201d, pero es las dos clases definidas aqu\u00ed que son la llave al capitalismo de comprensi\u00f3n. <\/p>\r\n\r\n<p>Puede no estar exactamente claro que clasifican a alguna gente relativamente rica est\u00e1n adentro. Pero no hay ambig\u00fcedad sobre el estado de la gran mayor\u00eda de la poblaci\u00f3n del mundo. Los miembros de la clase capitalista saben ciertamente qui\u00e9n son. Y la mayor\u00eda de los miembros de la clase trabajadora saben que necesitan trabajar para un jornal o un sueldo para ganar un vivo (o sea dependiente sobre alguien que lo hace, o depender de ventajas del estado.) <\/p>\r\n\r\n<p><strong>El motivo de beneficio><\/strong><\/p>\r\n\r\n<p>En capitalismo, el motivo para producir bienes y servicios es venderlos para un beneficio, para no satisfacer las necesidades de la gente. Los productos de la producci\u00f3n capitalista tienen que encontrar a un comprador, por supuesto, solamente \u00e9ste es solamente fortuito a la punter\u00eda principal de lograr un beneficio, de la terminaci\u00f3n para arriba con m\u00e1s dinero que fue invertido originalmente. Esto no es una teor\u00eda que hemos pensado encima de solamente un hecho que usted puede confirmar f\u00e1cilmente para se leyendo la prensa financiera. La producci\u00f3n es comenzada no por qu\u00e9 consumidores se preparan para pagar satisfacer sus necesidades pero por lo que calculan los capitalistas puede ser vendido en un beneficio. Esas mercanc\u00edas pueden satisfacer necesidades humanas pero esas necesidades no ser\u00e1n cubiertas si la gente no tiene suficiente dinero. <\/p>\r\n\r\n<p>El motivo de beneficio no es apenas el resultado de la avaricia a nombre de capitalistas individuales. No tienen una opci\u00f3n sobre ella. La necesidad de lograr un beneficio se impone ante capitalistas como condici\u00f3n de no perder sus inversiones y su posici\u00f3n como capitalistas. La competici\u00f3n con otros capitalistas los fuerza para reinvertir tanto de sus beneficios como pueden permitirse mantener sus medios y m\u00e9todos de producci\u00f3n hasta la fecha. <\/p>\r\n\r\n<p>Pues usted ver\u00e1, sostenemos que es la divisi\u00f3n de clase y el motivo de beneficio del capitalismo que est\u00e1 en la ra\u00edz la mayor parte de de los problemas del mundo hoy, del hambre a la guerra, a la enajenaci\u00f3n y al crimen. Cada aspecto de nuestras vidas se subordina a los excesos peores de la impulsi\u00f3n para lograr beneficio. En sociedad capitalista, nuestras necesidades verdaderas vendr\u00e1n solamente nunca un segundo pobre a los requisitos del beneficio. <\/p>\r\n\r\n<p><strong>\u00bfCapitalismo = mercado libre?<\/strong> <\/p>\r\n\r\n<p>Se asume extensamente que el capitalismo significa una econom\u00eda de mercado libre. Pero es posible tener capitalismo sin un mercado libre. Los sistemas que existieron en la URSS y existen en China y Cuba demuestran esto. Llaman estas sociedades clase-divididas extensamente \u201csocialista\u201d. Un vistazo precipitado en qu\u00e9 de hecho existi\u00f3 all\u00ed revela que estos pa\u00edses eran simplemente \u201ccapitalista del estado\u201d. En Rusia supuesto \u201csocialista\u201d, por ejemplo, todav\u00eda existi\u00f3 sistema del salario, producci\u00f3n de mercan\u00edas, compra, venta e intercambio, con la producci\u00f3n ocurriendo solamente cuando era viable hacer tan. Rusia \u201csocialista\u201d continu\u00f3 negociando seg\u00fan los dictados del capital internacional y, como cada otro capitalista, el estado, fue preparado para ir a la guerra a defender sus intereses econ\u00f3micos. El papel del estado sovi\u00e9tico se convirti\u00f3 simplemente para actuar como el funcionario del capital en la explotaci\u00f3n del trabajo, de fijar las blancos para la producci\u00f3n y en gran parte de controlar del salario qu\u00e9 podr\u00eda o no podr\u00eda ser producida. Por lo tanto sentimos justificados en la afirmaci\u00f3n de que tales pa\u00edses no ten\u00edan nada hacer con socialismo como lo definimos. De hecho, el socialismo como lo definimos no podr\u00eda existir en un pa\u00eds solo \u2013 como capitalismo que debe ser un sistema global de sociedad. <\/p>\r\n\r\n<p>Es tambi\u00e9n posible (por lo menos en teor\u00eda) tener una econom\u00eda de mercado libre que no sea capitalista. Tal \u201ceconom\u00eda de mercado\u201d implicar\u00eda los granjeros, los artesanos y a los comerciantes cada uno que produce un producto particular que intercambiar\u00edan v\u00eda el medio del dinero. No habr\u00eda productores independientes ventajosos y de la clase de la division &#8212; apenas que intercambian las mercanc\u00edas para su beneficio mutuo. Pero es dudoso si ha existido tal econom\u00eda nunca. El m\u00e1s cercano que pudo haber venido a \u00e9l habr\u00eda estado en algunos de los establecimientos coloniales tempranos en Norteam\u00e9rica. Algunos verdes desean considerar una vuelta a esta clase de econom\u00eda. No pensamos que es una alternativa viable para la sociedad moderna. Tal sistema casi inevitabilidad llevar\u00eda a la acumulaci\u00f3n de capital y se beneficiar\u00eda hacienda \u2013 caracter\u00edsticas definitivas de capitalismo.<\/p> \r\n\r\n\r\n\r\n\r\n","protected":false},"excerpt":{"rendered":"<p>El capitalismo de la palabra es absolutamente de uso general ahora describir el sistema social en el cual ahora vivimos. Tambi\u00e9n se asume a menudo que ha existido, si no por siempre, entonces para la mayor parte de la historia de la humanidad. De hecho, el capitalismo es relativamente un nuevo sistema social. \u00bfPero qu\u00e9&#8230;<\/p>\n","protected":false},"author":39790,"featured_media":0,"parent":0,"menu_order":0,"comment_status":"closed","ping_status":"closed","template":"","meta":{"magazine_newspaper_sidebar_layout":"","footnotes":""},"class_list":["post-5406","page","type-page","status-publish","hentry"],"_links":{"self":[{"href":"https:\/\/www.worldsocialism.org\/wsm\/wp-json\/wp\/v2\/pages\/5406","targetHints":{"allow":["GET"]}}],"collection":[{"href":"https:\/\/www.worldsocialism.org\/wsm\/wp-json\/wp\/v2\/pages"}],"about":[{"href":"https:\/\/www.worldsocialism.org\/wsm\/wp-json\/wp\/v2\/types\/page"}],"author":[{"embeddable":true,"href":"https:\/\/www.worldsocialism.org\/wsm\/wp-json\/wp\/v2\/users\/39790"}],"replies":[{"embeddable":true,"href":"https:\/\/www.worldsocialism.org\/wsm\/wp-json\/wp\/v2\/comments?post=5406"}],"version-history":[{"count":5,"href":"https:\/\/www.worldsocialism.org\/wsm\/wp-json\/wp\/v2\/pages\/5406\/revisions"}],"predecessor-version":[{"id":5628,"href":"https:\/\/www.worldsocialism.org\/wsm\/wp-json\/wp\/v2\/pages\/5406\/revisions\/5628"}],"wp:attachment":[{"href":"https:\/\/www.worldsocialism.org\/wsm\/wp-json\/wp\/v2\/media?parent=5406"}],"curies":[{"name":"wp","href":"https:\/\/api.w.org\/{rel}","templated":true}]}}