{"id":5401,"date":"2025-09-02T12:49:36","date_gmt":"2025-09-02T11:49:36","guid":{"rendered":"https:\/\/www.worldsocialism.org\/wsm\/?page_id=5401"},"modified":"2025-09-02T12:49:36","modified_gmt":"2025-09-02T11:49:36","slug":"que-es-el-socialismo","status":"publish","type":"page","link":"https:\/\/www.worldsocialism.org\/wsm\/que-es-el-socialismo\/","title":{"rendered":"\u00bfQu\u00e9 es el socialismo?"},"content":{"rendered":"\r\n<p>Lo mas importante del <em>socialismo<\/em> es la propiedad com\u00fan. Esto significa que los recursos del mundo seran propiedad com\u00fan de toda la poblaci\u00f3n mundial. Pero, \u00bfrealmente tiene sentido para todo el mundo a poseer todo en com\u00fan ? Por supuesto , algunos productos tienden a ser para consumo personal, en lugar de compartir ropa, por ejemplo. Las personas que poseen ciertas posesiones personales no contradice el principio de una sociedad basada en la propiedad com\u00fan. <\/p>\r\n\r\n<p>En la pr\u00e1ctica, la propiedad com\u00fan significar\u00e1 todo el mundo tiene el derecho de participar en las decisiones sobre c\u00f3mo se utilizar\u00e1n los recursos globales. Esto significa que nadie es capaz de tomar el control personal de los recursos, m\u00e1s all\u00e1 de sus propias posesiones personales. Por lo tanto, el control democr\u00e1tico es tambi\u00e9n esencial para el significado del socialismo. El socialismo ser\u00e1 una sociedad en la que todo el mundo tendr\u00e1 derecho a participar en las decisiones sociales que les afectan. Estas decisiones podr\u00edan estar en una amplia gama de temas : uno de los tipos m\u00e1s importantes de decisi\u00f3n, por ejemplo, ser\u00eda la forma de organizar la producci\u00f3n de bienes y servicios. <\/p>\r\n\r\n<p>La producci\u00f3n bajo el socialismo ser\u00eda directa y \u00fanicamente para su uso. Con los recursos naturales y t\u00e9cnicos del mundo ten\u00edan en com\u00fan y controladas democr\u00e1ticamente, con el \u00fanico objeto de la producci\u00f3n ser\u00eda la de satisfacer las necesidades humanas. Esto implicar\u00eda el fin de la compra, la venta y el dinero. En su lugar, nos volver\u00edamos a tomar libremente lo que hab\u00edamos producido en comunidad. El viejo lema de \u201cde cada cual seg\u00fan su capacidad , a cada cual seg\u00fan necesidades\u201d se aplicar\u00eda. <\/p>\r\n\r\nAs\u00ed que \u00bfc\u00f3mo decidimos qu\u00e9 necesidades humanas son ? Esta pregunta nos lleva de vuelta al concepto de la democracia, de las decisiones de la sociedad reflejar\u00e1n sus necesidades. Estas necesidades, por supuesto, var\u00edan entre las diferentes culturas y con las preferencias individuales pero el sistema democr\u00e1tico podr\u00eda ser f\u00e1cilmente dise\u00f1ados para ofrecer para esta variedad. No podemos, por supuesto, predecir la forma exacta que ser\u00eda tomada por este futuro de la democracia global. El sistema democr\u00e1tico ser\u00e1 a su vez el resultado de las futuras decisiones democr\u00e1ticas. Sin embargo, podemos decir que es probable que tendr\u00e1 que ser tomada en una serie de diferentes niveles \u2013 desde el local hasta el mundial decisiones. Esto ayudar\u00eda a agilizar la participaci\u00f3n democr\u00e1tica de todos los individuos hacia los asuntos que les conciernen. <\/p>\r\n\r\n<p>En el socialismo, todo el mundo tendr\u00e1 libre acceso a los bienes y servicios destinados a satisfacer directamente sus necesidades, y no tiene por qu\u00e9 ser ning\u00fan sistema de pago por el trabajo que cada individuo contribuye a la producci\u00f3n de ellos. Todo el trabajo ser\u00e1 de forma voluntaria. La producci\u00f3n para necesidades significa que la gente participar en el trabajo que tiene una utilidad directa. La satisfacci\u00f3n que pudiera aportar, junto con el aumento de las oportunidades para dar forma a los patrones de trabajo y condiciones, provocar\u00eda nuevas actitudes para trabajar.<\/p>\r\n\r\n\r\n\r\n","protected":false},"excerpt":{"rendered":"<p>Lo mas importante del socialismo es la propiedad com\u00fan. Esto significa que los recursos del mundo seran propiedad com\u00fan de toda la poblaci\u00f3n mundial. Pero, \u00bfrealmente tiene sentido para todo el mundo a poseer todo en com\u00fan ? Por supuesto , algunos productos tienden a ser para consumo personal, en lugar de compartir ropa, por&#8230;<\/p>\n","protected":false},"author":39790,"featured_media":0,"parent":0,"menu_order":0,"comment_status":"closed","ping_status":"closed","template":"","meta":{"magazine_newspaper_sidebar_layout":"","footnotes":""},"class_list":["post-5401","page","type-page","status-publish","hentry"],"_links":{"self":[{"href":"https:\/\/www.worldsocialism.org\/wsm\/wp-json\/wp\/v2\/pages\/5401","targetHints":{"allow":["GET"]}}],"collection":[{"href":"https:\/\/www.worldsocialism.org\/wsm\/wp-json\/wp\/v2\/pages"}],"about":[{"href":"https:\/\/www.worldsocialism.org\/wsm\/wp-json\/wp\/v2\/types\/page"}],"author":[{"embeddable":true,"href":"https:\/\/www.worldsocialism.org\/wsm\/wp-json\/wp\/v2\/users\/39790"}],"replies":[{"embeddable":true,"href":"https:\/\/www.worldsocialism.org\/wsm\/wp-json\/wp\/v2\/comments?post=5401"}],"version-history":[{"count":4,"href":"https:\/\/www.worldsocialism.org\/wsm\/wp-json\/wp\/v2\/pages\/5401\/revisions"}],"predecessor-version":[{"id":5405,"href":"https:\/\/www.worldsocialism.org\/wsm\/wp-json\/wp\/v2\/pages\/5401\/revisions\/5405"}],"wp:attachment":[{"href":"https:\/\/www.worldsocialism.org\/wsm\/wp-json\/wp\/v2\/media?parent=5401"}],"curies":[{"name":"wp","href":"https:\/\/api.w.org\/{rel}","templated":true}]}}