{"id":5310,"date":"2024-12-03T16:04:54","date_gmt":"2024-12-03T16:04:54","guid":{"rendered":"https:\/\/www.worldsocialism.org\/wsm\/?page_id=5310"},"modified":"2025-08-31T21:20:13","modified_gmt":"2025-08-31T20:20:13","slug":"se-esta-preparando-una-tormenta","status":"publish","type":"page","link":"https:\/\/www.worldsocialism.org\/wsm\/se-esta-preparando-una-tormenta\/","title":{"rendered":"Se est\u00e1 preparando una tormenta"},"content":{"rendered":"<div dir=\"ltr\">\n<p>A partir del 29 de octubre de este a\u00f1o, mucha m\u00e1s gente (sobre todo en Espa\u00f1a) se habr\u00e1 familiarizado mucho m\u00e1s con el acr\u00f3nimo DANA. Significa Depresi\u00f3n Aislada en Niveles Altos(Depresi\u00f3n aislada a gran altura).<\/p>\n<p><strong><img loading=\"lazy\" decoding=\"async\" class=\"alignnone size-medium wp-image-5311\" src=\"https:\/\/www.worldsocialism.org\/wsm\/wp-content\/uploads\/2024\/12\/06qUTYMBDdG3QzuaJOk2YvC-1.fit_lim.v1730400066-300x169.jpg\" alt=\"\" width=\"300\" height=\"169\" srcset=\"https:\/\/www.worldsocialism.org\/wsm\/wp-content\/uploads\/2024\/12\/06qUTYMBDdG3QzuaJOk2YvC-1.fit_lim.v1730400066-300x169.jpg 300w, https:\/\/www.worldsocialism.org\/wsm\/wp-content\/uploads\/2024\/12\/06qUTYMBDdG3QzuaJOk2YvC-1.fit_lim.v1730400066.jpg 600w\" sizes=\"auto, (max-width: 300px) 100vw, 300px\" \/><\/strong><\/p>\n<p>Una DANA es un fen\u00f3meno meteorol\u00f3gico bastante singular, que a menudo se experimenta en esta \u00e9poca del a\u00f1o en la pen\u00ednsula ib\u00e9rica. Comienza con una gran masa de aire fr\u00edo circulante que se mueve lentamente, que se separa de la corriente en chorro y se deposita sobre la pen\u00ednsula a una altitud de unos 9.000 metros. Lo que ocurre entonces es que el aire c\u00e1lido que absorbe la humedad del Mediterr\u00e1neo es empujado hacia arriba por las cadenas monta\u00f1osas y choca con el aire fr\u00edo de arriba, precipitando un aguacero torrencial principalmente a lo largo de la costa mediterr\u00e1nea.<\/p>\n<p>Las temperaturas son un factor cr\u00edtico. Seg\u00fan el sitio web de la Organizaci\u00f3n Meteorol\u00f3gica Mundial:<\/p>\n<blockquote><p>\u201cPor cada 1 \u00b0C de calentamiento, el aire saturado contiene un 7 por ciento m\u00e1s de vapor de agua en promedio. Por lo tanto, cada fracci\u00f3n adicional de calentamiento aumenta el contenido de humedad atmosf\u00e9rica, lo que a su vez aumenta el riesgo de precipitaciones extremas\u201d (31 de octubre).<\/p><\/blockquote>\n<p>Friederike Otto, de la organizaci\u00f3n World Weather Attribution, sostiene que el cambio clim\u00e1tico ha hecho que las lluvias extremas sean un 12 por ciento m\u00e1s intensas y dos veces m\u00e1s probables (The Guardian, 4 de noviembre). Esto es algo a lo que ser\u00e1 mejor que nos acostumbremos m\u00e1s, sugiere. Necesitamos desarrollar m\u00e1s resiliencia para hacer frente a eventos como el del 29 de octubre: mejores infraestructuras, sistemas de alerta temprana m\u00e1s eficaces, etc.Pero, por supuesto, en el capitalismo esto se reduce a gastar dinero en algo que no produce un rendimiento financiero; Previsiblemente, encontrar\u00e1 cierta resistencia. Lo que parece ser simplemente sentido com\u00fan tiene que luchar constantemente contra las prioridades financieras y el pensamiento a corto plazo solo para llegar a alg\u00fan tipo de compromiso.<\/p>\n<p><strong>Factores agravantes<\/strong>En cualquier caso, parece que los habitantes de las zonas de Espa\u00f1a afectadas por el temporal del 29 de octubre no estaban realmente preparados para lo ocurrido. Por supuesto, se esperaba que hubiera fuertes lluvias, ya que esto es lo que normalmente sucede en esta \u00e9poca del a\u00f1o en esta parte del mundo. Lo que no se esperaba era la intensidad. AEMET, el servicio nacional de predicci\u00f3n meteorol\u00f3gica, ya el 25 de octubre, hab\u00eda emitido una advertencia, pero esta hab\u00eda sido ignorada en gran medida y, aparentemente, incluso ridiculizada por los negacionistas del cambio clim\u00e1tico como \u201calarmismo\u201d (\u2018Inundaciones en Espa\u00f1a en octubre de 2024\u2019, Wikipedia).<\/p>\n<p>No es solo la temperatura atmosf\u00e9rica lo que importa, tambi\u00e9n lo hace la temperatura del mar, ya que afecta la absorci\u00f3n de humedad en la atm\u00f3sfera. Desde la d\u00e9cada de 1980, el Mediterr\u00e1neo se ha calentado alrededor de 1,5 grados. El agua, por supuesto, retiene el calor por m\u00e1s tiempo que la tierra, por lo que esto tiene implicaciones no solo para la intensidad de la precipitaci\u00f3n, sino tambi\u00e9n para el momento de los eventos DANA (en el pasado, eran m\u00e1s comunes en septiembre o principios de octubre).<\/p>\n<p>Como explic\u00f3 un comentarista, solo se necesita un peque\u00f1o aumento en la temperatura del mar para marcar una gran diferencia: \u201cEl DANA encontr\u00f3 temperaturas del agua de alrededor de 72 grados Fahrenheit (22 grados Celsius) frente a la costa de Valencia, mientras que la temperatura habitual para esta \u00e9poca del a\u00f1o es de alrededor de 70 F (21 C). Esa diferencia puede parecer peque\u00f1a, pero es suficiente para suministrar energ\u00eda adicional al sistema de tormentas\u201d.<\/p>\n<p>La tormenta que sigui\u00f3 caus\u00f3 una cantidad de da\u00f1os sin precedentes, sobre todo en comunidades de la regi\u00f3n aut\u00f3noma de Valencia, pero tambi\u00e9n en zonas tan lejanas como Andaluc\u00eda y Castilla-La Mancha. Algunas comunidades recibieron el equivalente a un a\u00f1o de lluvia en el transcurso de unas pocas horas. El impacto de este enorme volumen de agua en tan poco tiempo se agrav\u00f3 debido a la reciente sequ\u00eda, haciendo que el suelo se endureciera y no pudiera absorber el agua lo suficientemente r\u00e1pido.<\/p>\n<p>Otros factores agravantes fueron la p\u00e9rdida de vegetaci\u00f3n, las t\u00e9cnicas agr\u00edcolas inadecuadas y la urbanizaci\u00f3n desenfrenada a lo largo de la costa mediterr\u00e1nea, cubriendo la tierra con superficies impermeables. Los proyectos de construcci\u00f3n especulativos han dado lugar a la construcci\u00f3n de unidades de vivienda rid\u00edculamente cerca de antiguos cursos de agua propensos a inundaciones peri\u00f3dicas.<\/p>\n<p>A principios de noviembre, todav\u00eda no conocemos el alcance total de los da\u00f1os, pero la tragedia ya ha sido calificada como el peor desastre relacionado con inundaciones en Europa desde 1967. El n\u00famero de muertos es actualmente de 217 y va en aumento. Todav\u00eda hay muchas m\u00e1s personas desaparecidas y reportadas como desaparecidas<\/p>\n<p>Los equipos de rescate han estado buscando cuerpos en aparcamientos subterr\u00e1neos como el centro comercial Bonaire, cerca del aeropuerto de Valencia, as\u00ed como en desembocaduras de r\u00edos donde las corrientes pueden haber depositado cuerpos. Adem\u00e1s, en el momento de escribir este art\u00edculo, todav\u00eda hay muchos pasos subterr\u00e1neos y s\u00f3tanos inundados que a\u00fan no se han inspeccionado, sin mencionar las ubicaciones rurales remotas.<\/p>\n<p>No son solo las vidas perdidas y da\u00f1adas las que definen esta tragedia. La destrucci\u00f3n f\u00edsica ha sido catastr\u00f3fica: casas arrasadas o debilitadas estructuralmente, innumerables carreteras bloqueadas o parcialmente destruidas, puentes rotos y barridos como meras estructuras de cerillas.Los videoclips han revelado la aterradora visi\u00f3n de enormes vol\u00famenes de agua que fluyen r\u00e1pidamente por los costados de un barrancosor que alguna vez estuvo completamente seco y que transporta innumerables autos por calles estrechas, junto con los restos flotantes, hasta alg\u00fan lugar de descanso final donde se pueden encontrar decenas de ellos apilados como cad\u00e1veres de metal en lo que quiz\u00e1s sean algunas de las im\u00e1genes m\u00e1s emblem\u00e1ticas de todo este terrible evento.<\/p>\n<p>M\u00e1s all\u00e1 de las zonas urbanas, miles de hect\u00e1reas de cultivos se han visto seriamente afectadas. En el cintur\u00f3n de invernaderos de Almer\u00eda, que suministra una fracci\u00f3n significativa de las verduras frescas del Reino Unido, las estimaciones iniciales sugirieron que al menos 4.500 hect\u00e1reas de invernaderos han sido seriamente da\u00f1adas por el granizo, el pl\u00e1stico triturado m\u00e1s all\u00e1 de toda esperanza de reparaci\u00f3n.<br \/>\nEs muy comprensible que todo esto haya despertado una gran ira entre la poblaci\u00f3n local. En escenas bastante extraordinarias, los monarcas espa\u00f1oles, junto con el presidente del gobierno, Pedro S\u00e1nchez, fueron apedreados con insultos y terrones del omnipresente barro que cubre las calles de los pueblos que visitaron. Acusados de ser \u201casesinos\u201d, decidieron prudentemente acortar su recorrido programado por la zona.<\/p>\n<p>Como era de esperar, los oportunistas pol\u00edticos se han metido en la refriega con elementos de extrema derecha, como los partidarios de Vox, que protestan contra el gobierno de S\u00e1nchez por su inexplicable tardanza en enviar al ej\u00e9rcito para ayudar. Por su parte, grupos de izquierdas como Podemos han pedido la dimisi\u00f3n del presidente valenciano, Carlos Maz\u00f3n, del conservador Partido Popular, entre otras cosas por su decisi\u00f3n del a\u00f1o pasado de desmantelar la Unidad de Emergencias de Valencia (UVE) por considerarlo un \u201cgasto superfluo\u201d. La UVE se cre\u00f3 para responder a emergencias precisamente como la actual, pero tal es la estupidez del pensamiento cortoplacista que solo en retrospectiva podemos apreciar su valor potencial.<br \/>\nGran parte de las cr\u00edticas dirigidas a las autoridades se han centrado en la cuesti\u00f3n de por qu\u00e9 no se alert\u00f3 antes a la poblaci\u00f3n para darles m\u00e1s tiempo para llegar a un terreno elevado y a un lugar seguro. Seg\u00fan un informe de Al Jazeera (3 de noviembre): \u201cCuando las autoridades enviaron alertas a los tel\u00e9fonos m\u00f3viles advirtiendo de la gravedad de las inundaciones y pidiendo a la gente que se quedara en casa, muchos ya estaban en la carretera, trabajando o cubiertos de agua en zonas bajas o garajes subterr\u00e1neos, que se convirtieron en trampas mortales\u201d.<\/p>\n<p>AEMET, como se mencion\u00f3, sab\u00eda de la tormenta que se avecinaba y emiti\u00f3 una advertencia amarilla unos d\u00edas antes de que estallara. El 29 de octubre, lo convirti\u00f3 en una alerta roja:<\/p>\n<blockquote><p>\n\u201cAEMET emiti\u00f3 un aviso de nivel de alerta roja muy temprano el martes, d\u00eda de la Dana, pero la vida continu\u00f3 con mayor normalidad hasta horas m\u00e1s tarde cuando comenzaron a caer las lluvias torrenciales y los r\u00edos comenzaron a desbordarse en el interior de Valencia\u201d (4 de noviembre, Sur en ingl\u00e9s).<\/p><\/blockquote>\n<p>A medida que el d\u00eda se prolongaba y las condiciones se deterioraban, Maz\u00f3n dio una conferencia de prensa alrededor de las 13:00 horas, afirmando que \u201cla tormenta se disipar\u00eda a las 18:00\u201d (Wikipedia). Por supuesto, no hizo tal cosa y las cosas empeoraron constantemente. No fue hasta las 20:11 horas cuando la Generalitat Valenciana emiti\u00f3 una alerta general por SMS a la poblaci\u00f3n para que se quedara en casa, mientras que, en torno a la medianoche del 30 de octubre, \u201cel equipo de redes sociales de Maz\u00f3n borr\u00f3 un tuit que afirmaba que la tormenta se disipar\u00eda\u201d. Sorprendentemente, Maz\u00f3n tambi\u00e9n parece haber rechazado las ofertas de ayuda de los bomberos de Catalu\u00f1a, Navarra y Bilbao.<\/p>\n<p>No fue solo el gobierno regional el culpable. Muchas empresas de la zona insistieron rotundamente en que sus empleados se presentaran a trabajar ese d\u00eda y por la noche, a pesar del evidente deterioro de las circunstancias, poniendo as\u00ed en riesgo la vida de estos \u00faltimos. Eso lo dice todo.<\/p>\n<p><strong>Disputas pol\u00edticas<\/strong><\/p>\n<p>Por supuesto, es muy f\u00e1cil enredarse en el juego de la culpa cuando se trata de \u201ctragedias naturales\u201d cuando en realidad deber\u00edamos centrarnos en el panorama m\u00e1s amplio. Curiosamente, sin embargo, los meteor\u00f3logos suelen ser los primeros en cargar con la culpa. Uno recuerda la famosa metedura de pata del pronosticador meteorol\u00f3gico de la BBC, Michael Fish, en 1987, en v\u00edsperas de la Gran Tormenta, asegurando a sus espectadores que no hab\u00eda ning\u00fan hurac\u00e1n en el horizonte (aunque como una ocurrencia tard\u00eda sugiri\u00f3 que podr\u00eda llegar a ser \u201cbastante ventoso\u201d). Uno realmente siente l\u00e1stima por el pobre Sr. Fish y la reacci\u00f3n violenta que soport\u00f3, pero predecir el clima nunca ha sido una ciencia exacta.<\/p>\n<p>Culpar al pronosticador del tiempo es precisamente lo que parece haber sucedido tambi\u00e9n en esta ocasi\u00f3n, excepto que AEMET realmente acert\u00f3 en su pron\u00f3stico. Eso no impidi\u00f3 que Alberto Feijoo, l\u00edder del Partido Popular, saliera en defensa de su compa\u00f1ero Carlos Maz\u00f3n y, necesitado desesperadamente de un chivo expiatorio, afirmara que AEMET no hab\u00eda avisado a la opini\u00f3n p\u00fablica con suficiente prontitud (31 de octubre de elDiario.es).<br \/>\nSin lugar a dudas, el descenso a las disputas pol\u00edticas y las murmuraciones ha obstaculizado los esfuerzos para hacer frente a la situaci\u00f3n. Tambi\u00e9n ha provocado una gran cantidad de ira p\u00fablica contra la \u201cclase pol\u00edtica\u201d, no solo por la demora en advertir a la gente, sino tambi\u00e9n por la demora en responder con ayuda pr\u00e1ctica.<\/p>\n<p>Un factor que complica la situaci\u00f3n es que Espa\u00f1a tiene un sistema de gobierno regional relativamente descentralizado. Hay protocolos a seguir en cuanto a cu\u00e1ndo el gobierno central puede involucrarse directamente en los asuntos de los gobiernos regionales y Maz\u00f3n aparentemente arrastr\u00f3 los pies cuando se trat\u00f3 de elevar formalmente el nivel oficial de crisis, lo que habr\u00eda desencadenado autom\u00e1ticamente la participaci\u00f3n del gobierno central. Por supuesto, cuando este \u00faltimo se involucr\u00f3 ya era demasiado tarde, en opini\u00f3n de muchos.<br \/>\nEn cualquier caso, todo esto prepar\u00f3 el escenario para lo que ha sido el \u00fanico desarrollo verdaderamente positivo y sobresaliente que ha surgido de toda esta lamentable saga: los impresionantes y magn\u00edficos esfuerzos de la gente trabajadora com\u00fan para manejar la situaci\u00f3n por s\u00ed mismos. No dispuestos a esperar m\u00e1s tiempo a que las autoridades tomaran medidas, ellos mismos se dedicaron a la monumental tarea de rescatar a otros, localizar los cuerpos y limpiarlos. Incluso aquellos que lo hab\u00edan perdido todo.<\/p>\n<p><strong>Ola de solidaridad<\/strong><br \/>\nEl poder movilizado de la ayuda mutua es, en efecto, un espect\u00e1culo maravilloso e inspirador para la vista. En internet circulan v\u00eddeos de enormes columnas de voluntarios, miles y miles de personas, cubos y fregonas en mano, caminando penosamente de una parte de Valencia a otra (el viaje en coche es imposible y, en el momento de escribir estas l\u00edneas, est\u00e1 prohibido por las autoridades).<\/p>\n<p>Este esfuerzo voluntario espont\u00e1neo se origin\u00f3 en las redes sociales, por ejemplo, entre grupos de j\u00f3venes usuarios de Telegram, como una iniciativa de abajo hacia arriba. Como era de esperar, esto no ha impedido que las autoridades se sumen a la acci\u00f3n:<br \/>\n\u201cA partir de ahora, toda la organizaci\u00f3n est\u00e1 en manos de la Generalitat. Una \u201cola de solidaridad\u201d que necesita \u201ccoordinaci\u00f3n\u201d, ha asegurado Maz\u00f3n en un mensaje institucional. \u201cLo hacemos para organizar, transportar y segmentar mejor la ayuda a quienes se solidarizan\u201d (2 de noviembre, Sur).<\/p>\n<p>Eso huele al t\u00edpico pol\u00edtico que intenta salvar su tocino mientras reclama los elogios por lo que otros han hecho. Sin embargo, esto no va a restar valor a lo que estos \u00faltimos han demostrado ser ampliamente capaces de lograr como trabajadores, no ordinarios, sino extraordinarios.<\/p>\n<p>ROBIN COX<\/p>\n<p><a href=\"https:\/\/www.worldsocialism.org\/spgb\/socialist-standard\/2020s\/2024\/no-1444-december-2024\/brewing-up-a-storm\/\">From the Socialist Standard, December 2024<\/a><\/p>\n<\/div>\n","protected":false},"excerpt":{"rendered":"<p>A partir del 29 de octubre de este a\u00f1o, mucha m\u00e1s gente (sobre todo en Espa\u00f1a) se habr\u00e1 familiarizado mucho m\u00e1s con el acr\u00f3nimo DANA. Significa Depresi\u00f3n Aislada en Niveles Altos(Depresi\u00f3n aislada a gran altura). Una DANA es un fen\u00f3meno meteorol\u00f3gico bastante singular, que a menudo se experimenta en esta \u00e9poca del a\u00f1o en la&#8230;<\/p>\n","protected":false},"author":2086,"featured_media":5311,"parent":0,"menu_order":0,"comment_status":"closed","ping_status":"closed","template":"","meta":{"magazine_newspaper_sidebar_layout":"","footnotes":""},"class_list":["post-5310","page","type-page","status-publish","has-post-thumbnail","hentry"],"_links":{"self":[{"href":"https:\/\/www.worldsocialism.org\/wsm\/wp-json\/wp\/v2\/pages\/5310","targetHints":{"allow":["GET"]}}],"collection":[{"href":"https:\/\/www.worldsocialism.org\/wsm\/wp-json\/wp\/v2\/pages"}],"about":[{"href":"https:\/\/www.worldsocialism.org\/wsm\/wp-json\/wp\/v2\/types\/page"}],"author":[{"embeddable":true,"href":"https:\/\/www.worldsocialism.org\/wsm\/wp-json\/wp\/v2\/users\/2086"}],"replies":[{"embeddable":true,"href":"https:\/\/www.worldsocialism.org\/wsm\/wp-json\/wp\/v2\/comments?post=5310"}],"version-history":[{"count":3,"href":"https:\/\/www.worldsocialism.org\/wsm\/wp-json\/wp\/v2\/pages\/5310\/revisions"}],"predecessor-version":[{"id":5378,"href":"https:\/\/www.worldsocialism.org\/wsm\/wp-json\/wp\/v2\/pages\/5310\/revisions\/5378"}],"wp:featuredmedia":[{"embeddable":true,"href":"https:\/\/www.worldsocialism.org\/wsm\/wp-json\/wp\/v2\/media\/5311"}],"wp:attachment":[{"href":"https:\/\/www.worldsocialism.org\/wsm\/wp-json\/wp\/v2\/media?parent=5310"}],"curies":[{"name":"wp","href":"https:\/\/api.w.org\/{rel}","templated":true}]}}