{"id":5258,"date":"2024-10-01T10:39:43","date_gmt":"2024-10-01T09:39:43","guid":{"rendered":"https:\/\/www.worldsocialism.org\/wsm\/?page_id=5258"},"modified":"2025-09-06T12:01:53","modified_gmt":"2025-09-06T11:01:53","slug":"a-favor-de-palestina-o-en-contrade-la-guerra","status":"publish","type":"page","link":"https:\/\/www.worldsocialism.org\/wsm\/a-favor-de-palestina-o-en-contrade-la-guerra\/","title":{"rendered":"\u00bfA favor de Palestina o en contrade la guerra?"},"content":{"rendered":"\r\n<p>Todos los fines de semana han habido protestas y manifestaciones por lo que est\u00e1<br>sucediendo con la poblaci\u00f3n de Gaza. Se corta el agua, la electricidad y el combustible.<br>Hospitales, escuelas y edificios residenciales son bombardeados. Cientos de personas<br>mueren cada d\u00eda y muchas m\u00e1s resultan heridas. M\u00e1s de un mill\u00f3n de personas han sido<br>desplazadas.<\/p>\r\n\r\n\r\n\r\n<figure class=\"wp-block-image size-full\"><img loading=\"lazy\" decoding=\"async\" width=\"780\" height=\"518\" src=\"https:\/\/www.worldsocialism.org\/wsm\/wp-content\/uploads\/2024\/10\/image.png\" alt=\"\" class=\"wp-image-5259\" srcset=\"https:\/\/www.worldsocialism.org\/wsm\/wp-content\/uploads\/2024\/10\/image.png 780w, https:\/\/www.worldsocialism.org\/wsm\/wp-content\/uploads\/2024\/10\/image-300x199.png 300w, https:\/\/www.worldsocialism.org\/wsm\/wp-content\/uploads\/2024\/10\/image-768x510.png 768w\" sizes=\"auto, (max-width: 780px) 100vw, 780px\" \/><\/figure>\r\n\r\n\r\n\r\n<p><br>Naturalmente, la gente se horroriza por lo que ve en sus pantallas de televisi\u00f3n y, con la<br>misma naturalidad, quiere que se detenga. Nosotros tambi\u00e9n. A pesar de esto, la<br>mayor\u00eda de los pol\u00edticos solo ir\u00e1n tan lejos como para pedir una &#8220;pausa humanitaria&#8221;,<br>despu\u00e9s de la cual el asedio, los bombardeos, los asesinatos y la destrucci\u00f3n pueden<br>continuar como antes.<\/p>\r\n\r\n\r\n\r\n<p>Algunos de los manifestantes est\u00e1n abiertamente a favor de Hamas y corean &#8220;del r\u00edo al<br>mar&#8221;. Tal vez algunos lo est\u00e1n haciendo como un acto de desaf\u00edo, ya que el gobierno y<br>los medios de comunicaci\u00f3n han pedido a la polic\u00eda que lo proh\u00edba. Pero, \u00bfse dan<br>cuenta de las implicaciones de lo que, literalmente, piden: un Estado isl\u00e1mico en toda<br>Palestina, incluido lo que ahora es Israel? \u00bfC\u00f3mo podr\u00eda lograrse eso sin m\u00e1s masacres y<br>miseria, aunque solo sea porque el 40 por ciento de los que viven all\u00ed no son<br>musulmanes, sino jud\u00edos y cristianos que probablemente se resistan? En cualquier caso,<br>no refleja el sentimiento de &#8220;detengan los asesinatos&#8221; de la mayor\u00eda de la gente e<br>incluso de la mayor\u00eda de los manifestantes.<\/p>\r\n\r\n\r\n\r\n<p>Otros piden una &#8220;Palestina libre&#8221;, con lo que se refieren a un Estado independiente, ya<br>sea junto a Israel o incorpor\u00e1ndolo. Ello podr\u00eda reducir la opresi\u00f3n a\u00f1adida que sufre<br>ahora la poblaci\u00f3n de Cisjordania y Gaza, pero no resolver\u00eda el problema b\u00e1sico al que<br>se enfrentan los trabajadores de la zona, de verse excluidos de los medios de vida y<br>obligados por necesidad econ\u00f3mica a trabajar para quienes los poseen, con la<br>condici\u00f3n de que les produzcan beneficios. El nacionalismo no es la soluci\u00f3n; de hecho,<br>ya sea jud\u00edo o palestino, es parte del problema.<\/p>\r\n\r\n\r\n\r\n<p>Las protestas son inobjetables como una simple protesta por los horrores de la guerra y<br>un simple grito de que el sufrimiento causado por una guerra en curso debe detenerse,<br>por ingenuo que sea. Dado el capitalismo y el choque de intereses entre unos pocos<br>que se benefician de las ganancias que se construye en \u00e9l, ning\u00fan bando en una guerra<br>va a detenerse solo porque personas inocentes est\u00e1n siendo asesinadas, heridas,<br>desplazadas o de otra manera &#8220;da\u00f1os colaterales&#8221;. Los Estados libran guerras para ganar<br>y siempre har\u00e1n lo que sea necesario para lograrlo, a pesar de los Convenios de Ginebra<br>y del llamado derecho internacional humanitario.<\/p>\r\n\r\n\r\n\r\n<p>Como socialistas, nos oponemos no s\u00f3lo a las guerras, sino a todas las guerras, y no<br>s\u00f3lo a todas las guerras, sino al sistema que las engendra: el sistema capitalista mundial<br>de competencia por las ganancias entre los grupos capitalistas rivales y los estados que<br>los protegen, lo que los lleva a entrar en conflicto por las fuentes de materias primas, las<br>rutas comerciales, los mercados y las salidas de inversi\u00f3n. En la guerra actual, la mayor<br>cuesti\u00f3n es qui\u00e9n controla los yacimientos petrol\u00edferos en el Golfo P\u00e9rsico y la ruta<br>comercial para salir de \u00e9l, con Israel siendo apoyado por Occidente para contrarrestar la<br>amenaza all\u00ed de Ir\u00e1n e Ir\u00e1n promoviendo el islamismo militante para socavar a Israel.<br><\/p>\r\n\r\n\r\n\r\n<p>La soluci\u00f3n en Palestina no es establecer un Estado palestino ni demoler el Estado de<br>Israel. No se trata de una soluci\u00f3n de un Estado o de dos Estados, ni de ning\u00fan tipo de<br>reordenamiento de las fronteras y las zonas de control pol\u00edtico. Eso seguir\u00eda dejando el<br>sistema econ\u00f3mico subyacente igual. Es un sistema mundial, sin fronteras, donde los<br>recursos de la Tierra se habr\u00e1n convertido en patrimonio com\u00fan de toda la humanidad y<br>se utilizar\u00e1n para producir lo que la gente necesita en lugar de obtener ganancias para<br>los pocos que actualmente los poseen y controlan. Ese es el \u00fanico camino hacia una paz<br>duradera no solo en Palestina sino en todo el mundo.<\/p><p>(Socialist Standard. diciembre de 2023)<\/p>\r\n","protected":false},"excerpt":{"rendered":"<p>Todos los fines de semana han habido protestas y manifestaciones por lo que est\u00e1sucediendo con la poblaci\u00f3n de Gaza. Se corta el agua, la electricidad y el combustible.Hospitales, escuelas y edificios residenciales son bombardeados. Cientos de personasmueren cada d\u00eda y muchas m\u00e1s resultan heridas. M\u00e1s de un mill\u00f3n de personas han sidodesplazadas. Naturalmente, la gente&#8230;<\/p>\n","protected":false},"author":2086,"featured_media":0,"parent":0,"menu_order":0,"comment_status":"closed","ping_status":"closed","template":"","meta":{"magazine_newspaper_sidebar_layout":"","footnotes":""},"class_list":["post-5258","page","type-page","status-publish","hentry"],"_links":{"self":[{"href":"https:\/\/www.worldsocialism.org\/wsm\/wp-json\/wp\/v2\/pages\/5258","targetHints":{"allow":["GET"]}}],"collection":[{"href":"https:\/\/www.worldsocialism.org\/wsm\/wp-json\/wp\/v2\/pages"}],"about":[{"href":"https:\/\/www.worldsocialism.org\/wsm\/wp-json\/wp\/v2\/types\/page"}],"author":[{"embeddable":true,"href":"https:\/\/www.worldsocialism.org\/wsm\/wp-json\/wp\/v2\/users\/2086"}],"replies":[{"embeddable":true,"href":"https:\/\/www.worldsocialism.org\/wsm\/wp-json\/wp\/v2\/comments?post=5258"}],"version-history":[{"count":4,"href":"https:\/\/www.worldsocialism.org\/wsm\/wp-json\/wp\/v2\/pages\/5258\/revisions"}],"predecessor-version":[{"id":5591,"href":"https:\/\/www.worldsocialism.org\/wsm\/wp-json\/wp\/v2\/pages\/5258\/revisions\/5591"}],"wp:attachment":[{"href":"https:\/\/www.worldsocialism.org\/wsm\/wp-json\/wp\/v2\/media?parent=5258"}],"curies":[{"name":"wp","href":"https:\/\/api.w.org\/{rel}","templated":true}]}}