{"id":4410,"date":"2022-06-26T04:30:16","date_gmt":"2022-06-26T03:30:16","guid":{"rendered":"https:\/\/www.worldsocialism.org\/wsm\/?page_id=4410"},"modified":"2022-06-26T04:32:53","modified_gmt":"2022-06-26T03:32:53","slug":"pour-le-socialisme-mondial","status":"publish","type":"page","link":"https:\/\/www.worldsocialism.org\/wsm\/pour-le-socialisme-mondial\/","title":{"rendered":"Pour le socialisme mondial"},"content":{"rendered":"\n<p><br>Cette brochure est publi\u00e9e par un groupe de personnes qui, bien que vivant dans<br>diff\u00e9rents pays francophones, sont unies par le m\u00eame d\u00e9sir de voir s\u2019\u00e9tablir une<br>communaut\u00e9 mondiale sans fronti\u00e8res. Dans celle-ci, les ressources du monde entier<br>seraient l\u2019h\u00e9ritage commun de l\u2019humanit\u00e9 et seraient utilis\u00e9es pour produire une<br>abondance de richesses dans lesquelles les gens pourraient puiser, librement et<br>gratuitement, selon leurs besoins individuels.<br><\/p>\n\n\n\n<p>Nous sommes convaincus qu\u2019une telle soci\u00e9t\u00e9 sans classes, sans argent et sans Etats<br>peut seule fournir le cadre n\u00e9cessaire \u00e0 la r\u00e9solution permanente des probl\u00e8mes sociaux<br>actuels en permettant \u00e0 la production d\u2019\u00eatre orient\u00e9e uniquement vers la satisfaction des<br>besoins humains. Mais nous sommes \u00e9galement convaincus qu\u2019une telle r\u00e9volution<br>sociale ne pourra avoir lieu que lorsque la majorit\u00e9 des salari\u00e9s des diff\u00e9rentes parties<br>industrialis\u00e9es du monde le souhaitera, en comprendra toutes les implications et<br>s\u2019organisera d\u00e9mocratiquement et politiquement pour y arriver.<\/p>\n\n\n\n<p><br>Il est vrai que beaucoup de gens se disent socialistes mais malheureusement le terme<br>\u201csocialisme\u201d a perdu son sens premier de soci\u00e9t\u00e9 sans classes, sans argent, sans Etats.<br>On l\u2019emploie maintenant soit quand on parle de ces mesures r\u00e9formistes qui ont pour<br>but d\u2019arrondir les angles du capitalisme, soit quand on parle du genre de capitalisme<br>d\u2019Etat qui existe dans des pays comme la Russie et la Chine. Dans cette brochure, on<br>explique pourquoi ces usages du terme sont inexacts et pourquoi les organisations<br>existantes qui se pr\u00e9tendent socialistes n\u2019ont jamais abouti \u00e0 rien dans le pass\u00e9 et<br>n\u2019auront pas plus de r\u00e9sultats \u00e0 l\u2019avenir. On y examine aussi certains sujets actuels tels<br>que l\u2019action syndicale, le probl\u00e8me des pays sous-d\u00e9velopp\u00e9s et les menaces de guerre.<br>Cette brochure a pour but de convaincre le lecteur que les probl\u00e8mes d\u2019aujourd\u2019hui ne<br>trouveront de solution durable que dans l\u2019\u00e9tablissement d\u2019une communaut\u00e9 mondiale<br>socialiste. C\u2019est pourquoi nous vous invitons, si vous \u00eates d\u2019accord avec les vues<br>expos\u00e9es dans cette brochure ou m\u00eame si vous n\u2019\u00eates pas totalement convaincu et<br>souhaiteriez en discuter plus \u00e0 fond, \u00e0 nous \u00e9crire.<\/p>\n\n\n\n<p><strong>Go to link<\/strong><\/p>\n\n\n\n<p><a href=\"https:\/\/www.worldsocialism.org\/canada\/frpsm.pdf\">frpsm.pdf (worldsocialism.org)<\/a><br><br><strong><em>Sommaire<br>Le capitalisme <br>L\u2019\u00e9tablissement du socialisme <br>Marx et le socialisme <br>R\u00e9forme et r\u00e9volution <br>La futilit\u00e9 du r\u00e9formisme <br>Les syndicats <br>Le soi-disant Parti communiste <br>Le mythe du socialisme en Russie <br>Les pays sous-d\u00e9velopp\u00e9s <br>La guerre <br>Le socialisme<\/em><\/strong><\/p>\n","protected":false},"excerpt":{"rendered":"<p>Cette brochure est publi\u00e9e par un groupe de personnes qui, bien que vivant dansdiff\u00e9rents pays francophones, sont unies par le m\u00eame d\u00e9sir de voir s\u2019\u00e9tablir unecommunaut\u00e9 mondiale sans fronti\u00e8res. Dans celle-ci, les ressources du monde entierseraient l\u2019h\u00e9ritage commun de l\u2019humanit\u00e9 et seraient utilis\u00e9es pour produire uneabondance de richesses dans lesquelles les gens pourraient puiser, librement&#8230;<\/p>\n","protected":false},"author":2,"featured_media":4411,"parent":0,"menu_order":0,"comment_status":"closed","ping_status":"closed","template":"","meta":{"magazine_newspaper_sidebar_layout":"","footnotes":""},"class_list":["post-4410","page","type-page","status-publish","has-post-thumbnail","hentry"],"_links":{"self":[{"href":"https:\/\/www.worldsocialism.org\/wsm\/wp-json\/wp\/v2\/pages\/4410","targetHints":{"allow":["GET"]}}],"collection":[{"href":"https:\/\/www.worldsocialism.org\/wsm\/wp-json\/wp\/v2\/pages"}],"about":[{"href":"https:\/\/www.worldsocialism.org\/wsm\/wp-json\/wp\/v2\/types\/page"}],"author":[{"embeddable":true,"href":"https:\/\/www.worldsocialism.org\/wsm\/wp-json\/wp\/v2\/users\/2"}],"replies":[{"embeddable":true,"href":"https:\/\/www.worldsocialism.org\/wsm\/wp-json\/wp\/v2\/comments?post=4410"}],"version-history":[{"count":2,"href":"https:\/\/www.worldsocialism.org\/wsm\/wp-json\/wp\/v2\/pages\/4410\/revisions"}],"predecessor-version":[{"id":4415,"href":"https:\/\/www.worldsocialism.org\/wsm\/wp-json\/wp\/v2\/pages\/4410\/revisions\/4415"}],"wp:featuredmedia":[{"embeddable":true,"href":"https:\/\/www.worldsocialism.org\/wsm\/wp-json\/wp\/v2\/media\/4411"}],"wp:attachment":[{"href":"https:\/\/www.worldsocialism.org\/wsm\/wp-json\/wp\/v2\/media?parent=4410"}],"curies":[{"name":"wp","href":"https:\/\/api.w.org\/{rel}","templated":true}]}}