{"id":3349,"date":"2020-12-09T11:46:46","date_gmt":"2020-12-09T11:46:46","guid":{"rendered":"https:\/\/www.worldsocialism.org\/wsm\/?page_id=3349"},"modified":"2020-12-09T11:54:08","modified_gmt":"2020-12-09T11:54:08","slug":"pinochet-y-socialismo","status":"publish","type":"page","link":"https:\/\/www.worldsocialism.org\/wsm\/pinochet-y-socialismo\/","title":{"rendered":"Pinochet y Socialismo"},"content":{"rendered":"\n<p>\nEl apresamiento del ex-dictator Chileno Augusto Pinochet en Londres en octubre de 1998 reabri\u00f3 el debate sobre el derrocamiento por las fuerzas armadas del gobierno de Salvador Allende ocurrido en el \u00a0a\u00f1o 1973. En ese momento los Leninistas y los Anarquistas lo anunciaron como una confirmaci\u00f3n de su argumento de que no es posible utilizar la democracia pol\u00edtica limitada existente para abolir el capitalismo. Por lo tanto, vale la pena repetir y analizar por qu\u00e9 lo que sucedi\u00f3 en Chile en 1973 no es relevante para nuestro caso de que el capitalismo pueda ser abolido por una mayor\u00eda socialista organizada democr\u00e1ticamente utilizando instituciones electivas y representativas ya establecidas.<\/p>\n\n\n\n<p>La experiencia chilena no es relevante por tres razones b\u00e1sicas. En primer lugar, Allende y La Alianza Unidad del Pueblo (Unidad Popular) que lo apoyaron no gozaron de apoyo mayoritario. En segundo lugar, Allende y la Unidad del Pueblo no defend\u00edan el socialismo, sino el capitalismo de Estado. En tercer lugar, se hizo un intento de mejorar las condiciones sociales y econ\u00f3micos dentro del contexto de un solo pa\u00eds<\/p>\n\n\n\n<p>En las elecciones presidenciales celebradas en septiembre de 1970, Allende obtuvo el 36 por ciento de los votos emitidos, s\u00f3lo venciendo a su oponente conservador que obtuvo el 35 por ciento, mientras que el candidato Dem\u00f3crata Cristiano obtuvo el 28 por ciento. En otras palabras, fue un concurso a tres v\u00edas por medio del cual Allende gan\u00f3 por un margen no mucho m\u00e1s del m\u00ednimo posible: un tercio de los votos m\u00e1s uno. Bajo la constituci\u00f3n entonces vigente en Chile, si ning\u00fan candidato ganaba m\u00e1s del 50 por ciento se hacia uso del Congreso de Chile para decidirlo. Allende fue elegido presidente con la ayuda de los miembros Social Dem\u00f3cratas Cristianos del Congreso, perfectamente constitucionalmente, pero sin apoyo mayoritario para su programa. As\u00ed que estaba en una posici\u00f3n mucho m\u00e1s d\u00e9bil frente a sus oponentes de lo que ser\u00eda una mayor\u00eda socialista.<\/p>\n\n\n\n<p>Pero el apoyo del que Allende disfrut\u00f3 no fue para el socialismo de todos modos. La Unidad Popular que el encabez\u00f3 fue una alianza del Partido Socialista Chileno, el Partido Comunista Chileno y varios grupos de izquierda m\u00e1s peque\u00f1os. Su objetivo a corto plazo era llevar a cabo diversas reformas en favor de los trabajadores y campesinos en el contexto del capitalismo. Su objetivo a largo plazo, fuertemente influenciado por el Partido Comunista y la gente que pensaba como ellos dentro del Partido Socialista (por supuesto, el uno no era m\u00e1s comunista en el sentido correcto que el otro era socialista), era algo en la l\u00ednea de lo que exist\u00eda en Rusia, es decir, el capitalismo de estado. Tal vez el capitalismo de Estado total al estilo ruso no se pueda establecer por medios pac\u00edficos, pero \u00bfqu\u00e9 relevancia tiene esto para establecer el socialismo?<\/p>\n\n\n\n<p>Por \u00faltimo, el socialismo no puede establecerse en un solo pa\u00eds. El gobierno de Allende no podr\u00eda haber establecido el socialismo, aunque quisiera y tuviera mayor\u00eda de apoyo popular, por lo tanto, no tenia otra alternativa que establecer el capitalismo. Sin embargo, el capitalismo, como siempre hemos insistido no puede por su naturaleza, representar los intereses de la gran mayor\u00eda de la clase trabajadora. As\u00ed que, al igual que otros reformistas, Allende fue incapaz de cumplir sus promesas. A pesar de que las elecciones celebradas en marzo de 1973 mostraron que el apoyo de un tercio de la poblaci\u00f3n para la Unidad del Pueblo todav\u00eda se mantuvo, El descontento creci\u00f3 entre la mayor\u00eda de dos tercios que no la apoy\u00f3, el descontento explotado por los opositores del gobierno, alentado y ayudado por la CIA (en pos del inter\u00e9s estrat\u00e9gico estadounidense para no permitir que el capitalismo estatal ruso establezca otra cabeza de puente adem\u00e1s de Cuba en su patio trasero) y multinacionales como ITT (que tem\u00edan la nacionalizaci\u00f3n sin una compensaci\u00f3n adecuada).<\/p>\n\n\n\n<p>En septiembre de 1973, los conservadores (por no decir Fascistas) l\u00edderes de las fuerzas armadas, liderados por el general Augusto Pinochet, decidieron que hab\u00eda llegado el momento de escenificar un golpe de Estado. El palacio presidencial fue bombardeado y Allende fue asesinado y un r\u00e9gimen brutal como el que el mundo no hab\u00eda visto desde que Franco gan\u00f3 la Guerra Civil Espa\u00f1ola fue instalado. Se desat\u00f3 un verdadero reinado de terror, dise\u00f1ado para acabar al tercero de la poblaci\u00f3n que a\u00fan apoyaba a Allende. Miles de opositores fueron detenidos, torturados y asesinados; instituciones electivas fueron disueltas y las organizaciones de la clase trabajadora fueron prohibidas.<\/p>\n\n\n\n<p>No es de extra\u00f1ar que la mayor\u00eda de la gente se contentara con ver a Pinochet arrestado y sufrir unos momentos inc\u00f3modos, y terminar sus d\u00edas en una c\u00e1rcel espa\u00f1ola (Thatcher, que vio un esp\u00edritu af\u00edn, siendo una excepci\u00f3n notable). Pero esto no altera el hecho de que el gobierno que Pinochet derroc\u00f3 no tuvo nada que ver con el socialismo, sino que era un gobierno sin respaldo mayoritario con el objetivo de avanzar hacia el Capitalismo de Estado en el contexto de un mundo en el que dos super-potencias luchaban por la dominaci\u00f3n mundial. Las condiciones muy diferentes que se obtendr\u00e1n en v\u00edsperas del socialismo con un apoyo masivo al socialismo en todo el mundo\u2014 ser\u00e1n suficientes para detener cualquier intento suicida de un Pinochet de los \u00faltimos d\u00edas para tratar de detener el progreso de la historia<\/p>\n\n\n\n<p>Movimiento Socialista Mundial<\/p>\n\n\n\n<p>World Socialist Movement<\/p>\n","protected":false},"excerpt":{"rendered":"<p>El apresamiento del ex-dictator Chileno Augusto Pinochet en Londres en octubre de 1998 reabri\u00f3 el debate sobre el derrocamiento por las fuerzas armadas del gobierno de Salvador Allende ocurrido en el \u00a0a\u00f1o 1973. En ese momento los Leninistas y los Anarquistas lo anunciaron como una confirmaci\u00f3n de su argumento de que no es posible utilizar&#8230;<\/p>\n","protected":false},"author":1,"featured_media":0,"parent":0,"menu_order":0,"comment_status":"closed","ping_status":"closed","template":"","meta":{"magazine_newspaper_sidebar_layout":"","footnotes":""},"class_list":["post-3349","page","type-page","status-publish","hentry"],"_links":{"self":[{"href":"https:\/\/www.worldsocialism.org\/wsm\/wp-json\/wp\/v2\/pages\/3349","targetHints":{"allow":["GET"]}}],"collection":[{"href":"https:\/\/www.worldsocialism.org\/wsm\/wp-json\/wp\/v2\/pages"}],"about":[{"href":"https:\/\/www.worldsocialism.org\/wsm\/wp-json\/wp\/v2\/types\/page"}],"author":[{"embeddable":true,"href":"https:\/\/www.worldsocialism.org\/wsm\/wp-json\/wp\/v2\/users\/1"}],"replies":[{"embeddable":true,"href":"https:\/\/www.worldsocialism.org\/wsm\/wp-json\/wp\/v2\/comments?post=3349"}],"version-history":[{"count":1,"href":"https:\/\/www.worldsocialism.org\/wsm\/wp-json\/wp\/v2\/pages\/3349\/revisions"}],"predecessor-version":[{"id":3351,"href":"https:\/\/www.worldsocialism.org\/wsm\/wp-json\/wp\/v2\/pages\/3349\/revisions\/3351"}],"wp:attachment":[{"href":"https:\/\/www.worldsocialism.org\/wsm\/wp-json\/wp\/v2\/media?parent=3349"}],"curies":[{"name":"wp","href":"https:\/\/api.w.org\/{rel}","templated":true}]}}