{"id":2754,"date":"2019-10-25T13:26:31","date_gmt":"2019-10-25T12:26:31","guid":{"rendered":"https:\/\/www.worldsocialism.org\/wsm\/?page_id=2754"},"modified":"2019-10-25T13:26:31","modified_gmt":"2019-10-25T12:26:31","slug":"como-se-diferencia-el-movimiento-socialista-mundial-de-los-demas-grupos","status":"publish","type":"page","link":"https:\/\/www.worldsocialism.org\/wsm\/como-se-diferencia-el-movimiento-socialista-mundial-de-los-demas-grupos\/","title":{"rendered":"C\u00f3mo se diferencia el Movimiento Socialista Mundial de los dem\u00e1s grupos"},"content":{"rendered":"\n<p>\nAfirma\nque el socialismo ser\u00e1, y debe ser, una sociedad sin salarios, sin\ndinero, una sociedad mundial basada sobre la propiedad com\u00fan (y no\nestatal) y el control democr\u00e1tico de todos los medios de producci\u00f3n\ny distribuci\u00f3n de las riquezas de la sociedad<br>\n.\n<br>\nAfirma\nque el socialismo ser\u00e1 un cambio profundo respecto al capitalismo,\nsin ning\u00fan \u201cperiodo de transici\u00f3n\u201d, ni realizaci\u00f3n gradual del\nsocialismo (aunque el socialismo ser\u00e1 una sociedad din\u00e1mica y\ncambiante una vez establecida)<br>\n<br>\nAfirma\nque no puede haber Estado alguno en una sociedad socialista<br>\n<br>\nAfirma\nque no pueden haber clases sociales en una sociedad socialista<br>\n<br>\nSolp\npromueve el socialismo como objectivo inmediato<br>\n<br>\nAirma\nque s\u00f3lo la gran mayor\u00eda, actuando de forma consciente en sus\npropios intereses, por s\u00ed misma, y para s\u00ed misma, podr\u00e1 crear el\nsocialismo<br>\n<br>\nSe\nopone a cualquier enfoque vanguardista, a movimientos dirigidos por\nminor\u00edas, y al liderazgo, por ser inherentemente antidemocr\u00e1ticos\n(entre otras cosas negativas)<br>\n<br>\nPomueve\nuna revoluci\u00f3n pac\u00edfica y democr\u00e1tica, obtenida a trav\u00e9s de la\nfuerza de los m\u00e1s y de la comprensi\u00f3n<br>\n<br>\nNo\npromueve, ni tampoco se opone a las reformas<br>\n<br>\nAfirma\nque existe una \u00fanica clase trabajadora en el mundo<br>\n<br>\nEstablece\nlos fundamentos de lo que debe ser una sociedad socialista, pero no\nse compromete en decir c\u00f3mo funcionar\u00e1 la futura sociedad\nsocialista<br>\n<br>\nPromueve\nun enfoque basado en el materialismo hist\u00f3rico \u2013 la verdadera\ncomprensi\u00f3n<br>\n<br>\nAfirma\nque la religi\u00f3n es un asunto social, no personal, y que la religi\u00f3n\nes incompatible con la comprensi\u00f3n socialista<br>\n<br>\nBusca\nser elegido para facilitar la eliminaci\u00f3n del capitalismo por una\ngran mayor\u00eda socialista, no para gobernar el capitalismo.<br>\n<br>\nAfirma\nque el leninismo es una distorci\u00f3n del an\u00e1lisis marxista<br>\n<br>\nSe\nopone a todas las guerras y proclama que el socialismo acabar\u00e1 con\nlas guerras, incluida la \u201cguerra\u201d entre las clases\nsociales<br>\n<br>\nReconoci\u00f3,\nen 1918, que la Revoluci\u00f3n bolchevique no era socialista, y hab\u00eda\nobservado con anterioridad que Rusia no estaba lista para una\nrevoluci\u00f3n socialista<br>\n<br>\nFue\nel primero en reconocer que la ex URSS, China, Cuba y dem\u00e1s llamados\n\u201cpa\u00edses socialistas\u201d no eran socialistas, sino m\u00e1s bien\ncapitalistas de Estado<br>\n<br>\nPresenta\nun an\u00e1lisis correcto y l\u00f3gico desde 1904 cuando fu\u00e9 fundado el\nprimer partido del Movimiento Socialista Mundial \n<\/p>\n\n\n\n<p>\n<a href=\"https:\/\/web.archive.org\/web\/20170817020340\/http:\/marcos-msm.blogspot.com\/2010\/06\/revista-de-grupo-socialista-en-jamaica.html\"><strong>Revista\nde Grupo Socialista en Jamaica<\/strong><\/a>\n<\/p>\n\n\n\n<p> Estos articulos fueron escritos por un Grupo de Socialista localizados en Jamaica los cuales estuvieron integrados y relacionados con el Movimiento Socialista Mundial. Sus ideas de una manera real y sin izquierdismo reformista muestran cual es el verdadero concepto de socialismo, y cual era la verdadera realidad en Jamaica, y en el Caribe. Ninguno de sus escritos no estan basados en la basofia del nacionalismo burgues, y la llamada integracion del Caribe, sino en la integracion de la clase obrera mundial para formar un solo movimiento y destronar el capitalismo, Sus intenciones no eran hacer alianzas con ningun partido de la burguesia, con ningun gobierno, con ningun lder burgues y nacionalista, y sus objectivos no eran las reformas y las coyonturas, su programa immediato era el Socialismo, o una sociedad de posession comun de los medios y los instrumentos de posesion. Ese grupo nunca apoyo ni divulgo la falacia de Cuba y Rusia socialista, como tampoco no considero a el movimiento de Grenada y su liderazgo como un movimiento socialista, lo cual indica que despues del 1950, y los 60 hubo un grupo en el Caribe que sostenia ideas diferentes a las que se estaban propagando y no fueron tomados en consideracion, como tampoco nunca enarbolaron el Castrismo, el Guevarismo, y el Maoismo, corrientes las cuales se desperdigaron en algunos paises del Caribe en especial en la Republica Dominicana, lo cual trajo como consecuencia la aniquilacion de muchos jovenes y obreros que se basaron en la teoria conspirativa <br> http:\/\/www.worldsocialism.org\/wsm\/Socialist_Review\/index.php <\/p>\n","protected":false},"excerpt":{"rendered":"<p>Afirma que el socialismo ser\u00e1, y debe ser, una sociedad sin salarios, sin dinero, una sociedad mundial basada sobre la propiedad com\u00fan (y no estatal) y el control democr\u00e1tico de todos los medios de producci\u00f3n y distribuci\u00f3n de las riquezas de la sociedad . Afirma que el socialismo ser\u00e1 un cambio profundo respecto al capitalismo,&#8230;<\/p>\n","protected":false},"author":1,"featured_media":0,"parent":0,"menu_order":0,"comment_status":"closed","ping_status":"closed","template":"","meta":{"magazine_newspaper_sidebar_layout":"","footnotes":""},"class_list":["post-2754","page","type-page","status-publish","hentry"],"_links":{"self":[{"href":"https:\/\/www.worldsocialism.org\/wsm\/wp-json\/wp\/v2\/pages\/2754","targetHints":{"allow":["GET"]}}],"collection":[{"href":"https:\/\/www.worldsocialism.org\/wsm\/wp-json\/wp\/v2\/pages"}],"about":[{"href":"https:\/\/www.worldsocialism.org\/wsm\/wp-json\/wp\/v2\/types\/page"}],"author":[{"embeddable":true,"href":"https:\/\/www.worldsocialism.org\/wsm\/wp-json\/wp\/v2\/users\/1"}],"replies":[{"embeddable":true,"href":"https:\/\/www.worldsocialism.org\/wsm\/wp-json\/wp\/v2\/comments?post=2754"}],"version-history":[{"count":1,"href":"https:\/\/www.worldsocialism.org\/wsm\/wp-json\/wp\/v2\/pages\/2754\/revisions"}],"predecessor-version":[{"id":2755,"href":"https:\/\/www.worldsocialism.org\/wsm\/wp-json\/wp\/v2\/pages\/2754\/revisions\/2755"}],"wp:attachment":[{"href":"https:\/\/www.worldsocialism.org\/wsm\/wp-json\/wp\/v2\/media?parent=2754"}],"curies":[{"name":"wp","href":"https:\/\/api.w.org\/{rel}","templated":true}]}}