{"id":1886,"date":"2019-04-26T15:29:02","date_gmt":"2019-04-26T14:29:02","guid":{"rendered":"https:\/\/wsm.prolerat.org\/?page_id=1886"},"modified":"2019-04-26T15:29:02","modified_gmt":"2019-04-26T14:29:02","slug":"preguntas-respondidas-y-formuladas","status":"publish","type":"page","link":"https:\/\/www.worldsocialism.org\/wsm\/preguntas-respondidas-y-formuladas\/","title":{"rendered":"Preguntas respondidas -y formuladas"},"content":{"rendered":"\n<p><em>Con frecuencia se nos pregunta c\u00f3mo responder\u00eda el\nSocialismo a ciertas situaciones que pudieran surgir en dicha\nsociedad. \u00bfQu\u00e9 pasar\u00eda con la conducta anti-social o con las\npersonas que se nieguen a trabajar? \u00bfC\u00f3mo distribuir\u00edamos los\nrecursos verdaderamente escasos? Y muchas m\u00e1s.<\/em> \n<\/p>\n\n\n\n<p>Puesto que nuestra definici\u00f3n de socialismo es tan diferente a la\nusada por algunos adversarios y otros que tambi\u00e9n profesan ser\nsocialistas, necesitamos un vuelco grande de imaginaci\u00f3n para\ndilucidar qu\u00e9 implicar\u00eda. El socialismo no tendr\u00e1 que ver con\nsalarios y distribuci\u00f3n equitativos, el control estatal o un\ngobierno mundial. Como tampoco su sistema democr\u00e1tico involucrar\u00e1\nla coerci\u00f3n f\u00edsica, aunque en las relaciones sociales quiz\u00e1s sea\nnecesaria, ocasionalmente, cierta forma de persuasi\u00f3n moral o\nemocional, de naturaleza anti-jer\u00e1rquica.<\/p>\n\n\n\n<p>Los socialistas sabemos c\u00f3mo dar respuesta a inquietudes\ngenerales como, por ejemplo, c\u00f3mo se llevar\u00eda a cabo la producci\u00f3n\ny distribuci\u00f3n de bienes. (Se le recomienda a los lectores leer el\npanfleto El Socialismo como una alternativa pr\u00e1ctica&#8221; para\nobtener un bosquejo de estas ideas) Pero muchas veces nos llegan\npreguntas sobre situaciones singulares o dif\u00edciles que pudieran\nsurgir. Por supuesto, no siempre podemos darles respuestas claras, y\ntampoco es responsabilidad nuestra hacerlo. La gente en dicha\nsociedad tendr\u00e1 que darle soluci\u00f3n a esas situaciones usando las\ninstituciones y mecanismos entonces existentes (incluyendo los planes\nde emergencias y contingencias) o introduciendo nuevos planes para\nresolver problemas cuando estos surjan o cuando puedan ser\nanticipados.<\/p>\n\n\n\n<p>Detr\u00e1s de estas preguntas yace la creencia de que los miembros\ndel Partido Socialista y sus partes afiliadas, o sus sucesores cuando\nse introduzca el socialismo mundial (y tiene que ser a nivel mundial,\npues estar\u00eda substituyendo al sistema capitalista mundial) tendr\u00e1n\n(o afirmar\u00e1n tener) una especie de sabidur\u00eda colectiva a la que\npueden apelar para resolver cualquier tipo de situaci\u00f3n, y si no lo\nhacen, todo se desmoronar\u00eda como un castillo de naipes. Esto no es\nas\u00ed. En nuestra opini\u00f3n, el socialismo podr\u00e1 establecerse no s\u00f3lo\ncuando una mayor\u00eda lo comprenda y lo desee, sino tambi\u00e9n cuando\nhayan existido profundos debates previos entre los miembros de la\nclase obrera -quienes son al fin y al cabo los que hacen funcionar al\nmundo en la actualidad-, sobre c\u00f3mo debe ser administrado y\norganizado.<\/p>\n\n\n\n<p>Los socialistas hace mucho tiempo llegaron a la conclusi\u00f3n de que\nel capitalismo no puede funcionar en beneficio de la mayoritaria\nclase obrera. Esa mayor\u00eda, como dijimos anteriormente, hoy en d\u00eda\nhace funcionar a la sociedad de pies a cabeza, pero no para su propio\nbeneficio, y lo hace bajo condiciones artificialmente dif\u00edciles,\npeligrosas e innecesariamente complejas. El socialismo implicar\u00e1 que\nesas mismas personas dirijan el mundo para servir a sus propios\nintereses, en un ambiente benigno y mucho m\u00e1s simplificado. Si\nest\u00e1is de acuerdo con todo lo anterior, entonces os incumbe hacer un\nesfuerzo para hacerlo realidad.<\/p>\n\n\n\n<p>\u00bfQu\u00e9 propondr\u00edais?<\/p>\n\n\n\n<p>Quiz\u00e1s ya sea hora de que los socialistas empiecen a formular las\npreguntas. Al fin y al cabo, existen muchos como vosotros -gentes con\nel conocimiento cient\u00edfico, la habilidad t\u00e9cnica y la capacidad\norganizativa relevantes- que sois capaces de ofrecer sugerencias\nsobre c\u00f3mo podremos resolver los problemas que inevitablemente\nsurgir\u00e1n. Por ejemplo, c\u00f3mo establecer una unidad de producci\u00f3n, o\nuna empresa, firma, o tarea -o como quer\u00e1is llamarle &#8211; para resolver\nuna necesidad en particular. En el capitalismo se acude a los\ncontadores para hacer un c\u00e1lculo de costo, que incluye cu\u00e1ntos\nsalarios implicar\u00eda, cu\u00e1l es la demanda efectiva del producto (es\ndecir, si se puede pagar), cu\u00e1nta materia prima se necesita, etc., y\nsi esos c\u00e1lculos predicen una ganancia, entonces, de acuerdo con las\nrestricciones locales, se procede con el trabajo. En el socialismo\nser\u00e1 bien diferente.<\/p>\n\n\n\n<p>La necesidad de una producci\u00f3n espec\u00edfica tendr\u00e1 que ser\ndecidida por las personas designadas para ello. \u00bfExiste suficiente\ndemanda? (Demanda verdadera, no &#8220;\u00bfTenemos dinero para\npagarlo?&#8221;) Esto podr\u00eda llevarse a cabo por medio de alg\u00fan tipo\nde estudio del consumidor, en lugar de un estudio de mercado. \u00bfCu\u00e1nta\nmateria prima -en cantidad, no costo &#8211; har\u00e1 falta? \u00bfCu\u00e1nta fuerza\nlaboral har\u00e1 falta para trabajar con la materia prima o para\nconstruir una f\u00e1brica? \u00bfQu\u00e9 ser\u00e1 da\u00f1ino para el medio ambiente?\nSi se hace evidente que la cantidad de recursos que se necesitan es\nmucho mayor que los beneficios generales inmediatos, se podr\u00eda\ndecidir abandonar el proyecto a menos que exista una raz\u00f3n poderosa\n(tal como la salud, la seguridad, u otro tipo de consideraci\u00f3n a\nlargo plazo) que dicte lo contrario.<\/p>\n\n\n\n<p>Nadie puede asegurar que no se tomar\u00e1n decisiones equivocadas\n-eso ser\u00eda muy tonto &#8211; pero podemos estar seguros de que cualquier\nerror que se cometa no se har\u00e1 para obtener ganancias.<\/p>\n\n\n\n<p>Necesitamos vuestra ayuda, no s\u00f3lo para aumentar nuestra\nmembres\u00eda, aunque lo agradecer\u00edamos, sino tambi\u00e9n para desarrollar\ny expandir ideas sobre c\u00f3mo organizar la nueva sociedad. Si el\nsocialismo tiene que esperar hasta que todos tengan sus preguntas\nrespondidas en detalle, entonces nunca lo lograremos. Este es el\nmomento de acelerar ese proceso con vuestra participaci\u00f3n en el\ntrabajo t\u00e9cnico y te\u00f3rico que se necesita hacer.<\/p>\n\n\n\n<p>Dar soluci\u00f3n a las conductas antisociales que pudieran ocurrir\ntendr\u00eda una dimensi\u00f3n totalmente diferente a la de hoy en d\u00eda. En\nprimer lugar, los delitos contra la propiedad habr\u00e1n desaparecido.\nEntonces, \u00bfqu\u00e9 nos quedar\u00eda? El crimen dom\u00e9stico y la conducta\nirracional. El primero generalmente resulta de personas que viven en\ncondiciones intolerables de las que, por razones econ\u00f3micas, no\npueden escapar. El segundo resulta de varios padecimientos mentales,\ny se puede pensar que ser\u00edan tratadas en ese contexto &#8211; es decir,\ncomo un problema m\u00e9dico. Quiz\u00e1s quede un peque\u00f1o grupo de\nconductas antisociales -en su mayor\u00eda restos del capitalismo- que no\npodr\u00edamos resolver, que nos causar\u00edan un problema concreto.\nSeguramente, eso ser\u00eda mejor que el mundo incierto en que vivimos,\ncon los millones de gente que mueren en conflictos y de enfermedad y\nhambre.<\/p>\n","protected":false},"excerpt":{"rendered":"<p>Con frecuencia se nos pregunta c\u00f3mo responder\u00eda el Socialismo a ciertas situaciones que pudieran surgir en dicha sociedad. \u00bfQu\u00e9 pasar\u00eda con la conducta anti-social o con las personas que se nieguen a trabajar? \u00bfC\u00f3mo distribuir\u00edamos los recursos verdaderamente escasos? Y muchas m\u00e1s. Puesto que nuestra definici\u00f3n de socialismo es tan diferente a la usada por&#8230;<\/p>\n","protected":false},"author":1,"featured_media":0,"parent":0,"menu_order":0,"comment_status":"closed","ping_status":"closed","template":"","meta":{"magazine_newspaper_sidebar_layout":"","footnotes":""},"class_list":["post-1886","page","type-page","status-publish","hentry"],"_links":{"self":[{"href":"https:\/\/www.worldsocialism.org\/wsm\/wp-json\/wp\/v2\/pages\/1886","targetHints":{"allow":["GET"]}}],"collection":[{"href":"https:\/\/www.worldsocialism.org\/wsm\/wp-json\/wp\/v2\/pages"}],"about":[{"href":"https:\/\/www.worldsocialism.org\/wsm\/wp-json\/wp\/v2\/types\/page"}],"author":[{"embeddable":true,"href":"https:\/\/www.worldsocialism.org\/wsm\/wp-json\/wp\/v2\/users\/1"}],"replies":[{"embeddable":true,"href":"https:\/\/www.worldsocialism.org\/wsm\/wp-json\/wp\/v2\/comments?post=1886"}],"version-history":[{"count":0,"href":"https:\/\/www.worldsocialism.org\/wsm\/wp-json\/wp\/v2\/pages\/1886\/revisions"}],"wp:attachment":[{"href":"https:\/\/www.worldsocialism.org\/wsm\/wp-json\/wp\/v2\/media?parent=1886"}],"curies":[{"name":"wp","href":"https:\/\/api.w.org\/{rel}","templated":true}]}}