{"id":1878,"date":"2019-04-26T15:17:40","date_gmt":"2019-04-26T14:17:40","guid":{"rendered":"https:\/\/wsm.prolerat.org\/?page_id=1878"},"modified":"2019-04-26T15:17:40","modified_gmt":"2019-04-26T14:17:40","slug":"el-socialismo-nunca-ha-sido-probado","status":"publish","type":"page","link":"https:\/\/www.worldsocialism.org\/wsm\/el-socialismo-nunca-ha-sido-probado\/","title":{"rendered":"El Socialismo nunca ha sido probado"},"content":{"rendered":"\n<p>El Socialismo es una idea muy simple, pero mucha gente todav\u00eda no\nsabe qu\u00e9 es.<\/p>\n\n\n\n<p>En nuestra ego\u00edsta sociedad actual, cualquier conversaci\u00f3n sobre\nuna sociedad basada en la solidaridad encontrar\u00e1 poco m\u00e1s que un\ngesto desde\u00f1oso. &#8220;No me digas -\u00a1otra colecta m\u00e1s para unos\npobres diablos! Ya estoy harto de estas colectas, ya no creo en\nellas&#8221;. Por tanto, cuando los socialistas tratan de explicar que\nuna sociedad basada en la solidaridad (tradicionalmente llamada\nsocialismo) no tendr\u00eda nada que ver con la actual carroza del\nlimosneo, generalmente solo reciben un incr\u00e9dulo gru\u00f1ido. \u00bfQu\u00e9\ndicen entonces los socialistas? Que s\u00f3lo tenemos que desearlo y\nviviremos en un mundo sin dinero, en el que todos podremos entrar a\nun almac\u00e9n y tomar lo que necesitemos, un mundo en el que no\nexistir\u00e1n ej\u00e9rcitos, ni polic\u00eda, ni bancos ni bolsas de valores,\nni fronteras nacionales. Claramente, cualquiera que presente estas\nideas debe esperar ser considerado totalmente loco o un idealista.\nTal reacci\u00f3n es comprensible, pues incluso el m\u00e1s simple de los\nprocesos, la m\u00e1s simple de las soluciones, deben parecerle locos a\npersonas como las descritas anteriormente, que s\u00f3lo tienen una\nimagen nebulosa o completamente distorsionada de lo que significa una\nsociedad solidaria.<\/p>\n\n\n\n<p>Pero basados en la fortaleza de su conocimiento y convicciones,\nlos socialistas saben bien de qu\u00e9 hablan. Y lo que es m\u00e1s, ellos\npueden probar no s\u00f3lo que tal sociedad es posible, sino tambi\u00e9n que\nrepresenta la \u00fanica soluci\u00f3n humana posible a los problemas de hoy\nen d\u00eda. Para nosotros la pol\u00edtica significa algo totalmente\ndiferente que para los partidos capitalistas, desde la extrema\nizquierda a la extrema derecha. Nosotros sostenemos que todos los\nproblemas actuales, tales como las guerras, la contaminaci\u00f3n\nambiental, el racismo, los cr\u00edmenes de la peor catadura, el\ndesperdicio de materias primas, la especulaci\u00f3n con la vivienda y no\nmenos importante el desempleo, no son causados por gobiernos o\nl\u00edderes espec\u00edficos, sino que son productos de la forma en que la\nsociedad est\u00e1 organizada a nivel mundial.<\/p>\n\n\n\n<h3 class=\"wp-block-heading\">Caracter\u00edsticas<\/h3>\n\n\n\n<p>El sistema actual -al que llamamos capitalismo- se caracteriza por\nel hecho de que los recursos b\u00e1sicos esenciales para la producci\u00f3n\nde bienes, es decir, las plantas de producci\u00f3n, la red de transporte\nen su totalidad, las minas y otras fuentes de materias primas, est\u00e1n\nen manos de s\u00f3lo un 5 por ciento de la poblaci\u00f3n mundial. Esta\nminor\u00eda incluye tanto a las compa\u00f1\u00edas privadas como a unas pocas\ntodav\u00eda a cargo de las industrias estatales. Com\u00fan a todas ellas es\nel hecho de que suministran los bienes y servicios solamente bajo una\ncondici\u00f3n: que puedan sacarles el m\u00e1ximo de ganancias. As\u00ed es\nesencialmente c\u00f3mo pueden obligar al otro 90 o 95 porciento de la\npoblaci\u00f3n mundial a vivir y trabajar bajo las condiciones en que lo\nhacen. Esta es la causa de la mayor\u00eda de los problemas graves de la\nsociedad.<\/p>\n\n\n\n<p>Aquellos que comprendan esta premisa b\u00e1sica, a saber, que toda la\nsociedad est\u00e1 subordinada a las ganancias, estar\u00e1n de hecho\ncalificados para comprender nuestra causa. Comprender\u00e1n que, a pesar\nde la constante verborrea de los pol\u00edticos profesionales, en la\npresente forma de sociedad las ganancias tienen mucha m\u00e1s\nimportancia que el inter\u00e9s humano. Comprender\u00e1n que cualquier\npartido que reconozca al sistema capitalista podr\u00e1 actuar solamente\nsirviendo los intereses de dicho sistema. \u00bfCon cu\u00e1nta frecuencia no\no\u00edmos esa archi-conocida excusa de que somos v\u00edctimas de las\ncircunstancias?<\/p>\n\n\n\n<p>La alternativa que se nos presenta -una sociedad basada en la\nsolidaridad- nunca ha sido probada en ning\u00fan pa\u00eds del mundo.\nNosotros los socialistas abogamos por la cooperaci\u00f3n de todos los\npueblos del mundo sobre la base de la libre toma de decisi\u00f3n y el\ncontrol democr\u00e1tico. Sostenemos -y cualquiera puede comprobar esta\nafirmaci\u00f3n- que los medios t\u00e9cnicos ya han alcanzado tal nivel de\ndesarrollo que ya somos capaces de usar las materias primas del mundo\nen la forma m\u00e1s econ\u00f3mica para garantizarles a todos un suministro\nsuficiente de las necesidades de la vida, en todo tipo de sentido. Un\nm\u00ednimo de esfuerzo -lo que es una obligaci\u00f3n para todos los\nmiembros de una comunidad- crear\u00e1 un m\u00e1ximo de satisfacci\u00f3n, de\njoie de vivre.<\/p>\n\n\n\n<p>El capitalismo se basa esencialmente en la escasez de recursos.\nTal escasez se mantiene en inter\u00e9s de las ganancias por diversos\nmedios, entre ellos el despiadado desperdicio de vida humana y\nmaterias primas.<\/p>\n\n\n\n<h3 class=\"wp-block-heading\">La abundancia moderada<\/h3>\n\n\n\n<p>Una sociedad basada en la solidaridad tiene como fundamento un\nsistema caracterizado por la abundancia moderada. Bajo tales\ncircunstancias, todo el proceso de compra y venta claramente se\nvuelve superfluo. La pobreza, las huelgas, las ca\u00eddas de las bolsas\nde valores, las crisis econ\u00f3micas y las guerras barb\u00e1ricas s\u00f3lo\nobrar\u00e1n en los libros de historia. La lucha por los mejores\nresultados de producci\u00f3n posibles junto con el mejoramiento eterno\nde las condiciones humanas formar\u00e1n la base de actividad de los que\ntrabajen en la producci\u00f3n, la ciencia y la investigaci\u00f3n.<\/p>\n\n\n\n<p>Sobre esta base, se puede construir una comunidad en la que todas\nlas ramas de la cultura y el arte florezcan. La educaci\u00f3n de los\nj\u00f3venes se ver\u00e1 llena de nuevas ideas, como lo har\u00e1 el sistema de\neducaci\u00f3n en su totalidad. El sistema de salud se ver\u00e1 totalmente\nlibre de las miserables limitaciones que le imponen las\nconsideraciones monetarias y ser\u00e1 dedicado enteramente a la\nhumanidad, al beneficio de todos los miembros de la comunidad.<\/p>\n\n\n\n<p>En tales circunstancias, hombres y mujeres se ver\u00e1n plenos no de\nodio ni de envidia, sino de satisfacci\u00f3n y orgullo cuando vean lo\nque resulta de la mente humana.<\/p>\n\n\n\n<p>Lo que necesitamos son gentes excepcionales, no l\u00edderes\nexcepcionales.<\/p>\n\n\n\n<p>Las personas que luchan por una sociedad basada en la solidaridad\nno necesitan tener l\u00edderes. No se puede tener l\u00edderes sin tener a\ngente liderada, y con esto nos referimos a gentes a quienes se les ha\nenga\u00f1ado toda su vida. Para nosotros, la democracia no es\nsimplemente un m\u00e9todo de estafar a la gente y en \u00faltima instancia\narrebatarles continuamente el fruto de su trabajo. No deseamos poder\npersonal o poder para un peque\u00f1o c\u00edrculo. No deseamos tener una\nminor\u00eda viviendo una vida de lujos a expensas de otros.<\/p>\n\n\n\n<p>Nuestro objetivo es lograr una sociedad basada en la solidaridad,\nen otras palabras, el socialismo. Esto quiere decir que, con la\neliminaci\u00f3n del estado de opresi\u00f3n de la clase obrera, la sociedad\nde clases ser\u00e1 abolida totalmente. Y esto no suceder\u00e1 10, 20 \u00f3 100\na\u00f1os despu\u00e9s de que los hombres y mujeres hayan libremente decidido\nabolir la explotaci\u00f3n del hombre por el hombre, sino inmediatamente.\nAlgo menos ser\u00eda deshonesto.<\/p>\n\n\n\n<p>Estamos convencidos de que ni rezarle a los dioses, s\u00edmbolos de\ntodo tipo de dogmas, ni depositar nuestra confianza\ninjustificadamente en l\u00edderes &#8220;iluminados&#8221; resulta\nbeneficioso para la humanidad. Como tampoco somos nacionalistas.\nNuestra filosof\u00eda puede resumirse con el lema: \u00a1un mundo, un\npueblo, el socialismo! Esto nos compromete a aliarnos al 90 porciento\no m\u00e1s de la poblaci\u00f3n mundial que, como nosotros, son v\u00edctimas de\nla dominaci\u00f3n y la explotaci\u00f3n.<\/p>\n\n\n\n<p>Los socialistas no podemos desviarnos de estos principios b\u00e1sicos.\nPor tanto, nos oponemos a todos los grupos que apoyan al sistema de\nganancias en sus variadas formas y etapas de desarrollo. Formamos\nparte de la clase obrera. Si deseamos vivir, tenemos que vender\nnuestros esfuerzos f\u00edsicos y mentales como la mayor\u00eda de la\npoblaci\u00f3n mundial. Conocemos al capitalismo a trav\u00e9s de la amarga\nexperiencia de los que viven en el fondo. No pertenecemos a ese grupo\nprivilegiado por este sistema, a esos que s\u00f3lo ven en los seres\nhumanos factores de costos inevitables, que pueden ser contratados o\ndespedidos, como dicten las circunstancias, con el objetivo de\ngarantizar las ganancias y con ellas, los privilegios. Muchos de\nnuestros compatriotas nos consideran ut\u00f3picos. No porque nuestras\nideas sean poco s\u00f3lidas, sino porque los defensores del inhumano\nsistema de ganancias tienen a su disposici\u00f3n una enorme maquinaria\npropagand\u00edstica que d\u00eda y noche nubla la clara visi\u00f3n de las\ncosas.<\/p>\n\n\n\n<p>Escuchadnos. Hablad con nosotros. Y por supuesto, cuestionad lo\nque nosotros y otros os dicen, pero recordad algo: la decisi\u00f3n est\u00e1\nen vuestras manos y solo ah\u00ed.<\/p>\n\n\n\n<p>El Socialismo es lo m\u00e1s sencillo en el mundo. Est\u00e1 basado en la\ncooperaci\u00f3n voluntaria de todos los miembros de la sociedad y\ngarantiza el libre acceso a los frutos de su trabajo. Obviamente, tal\nsistema s\u00f3lo puede funcionar si se basa en la voluntad expresada\nconscientemente por la mayor\u00eda de los miembros de la sociedad. No\nhay mejor forma de establecer esta voluntad que por medio del voto\nsecreto. Es por tanto sumamente esencial nominar cuantos candidatos\nsean posible lo m\u00e1s r\u00e1pido que se pueda, y as\u00ed permitir tomar una\ndecisi\u00f3n inequ\u00edvoca entre el capitalismo y el socialismo.<\/p>\n\n\n\n<p>Ayudadnos a crear lo m\u00e1s sencillo en el mundo. No puede lograrse\nsin vosotros.<\/p>\n","protected":false},"excerpt":{"rendered":"<p>El Socialismo es una idea muy simple, pero mucha gente todav\u00eda no sabe qu\u00e9 es. En nuestra ego\u00edsta sociedad actual, cualquier conversaci\u00f3n sobre una sociedad basada en la solidaridad encontrar\u00e1 poco m\u00e1s que un gesto desde\u00f1oso. &#8220;No me digas -\u00a1otra colecta m\u00e1s para unos pobres diablos! Ya estoy harto de estas colectas, ya no creo&#8230;<\/p>\n","protected":false},"author":1,"featured_media":0,"parent":0,"menu_order":0,"comment_status":"closed","ping_status":"closed","template":"","meta":{"magazine_newspaper_sidebar_layout":"","footnotes":""},"class_list":["post-1878","page","type-page","status-publish","hentry"],"_links":{"self":[{"href":"https:\/\/www.worldsocialism.org\/wsm\/wp-json\/wp\/v2\/pages\/1878","targetHints":{"allow":["GET"]}}],"collection":[{"href":"https:\/\/www.worldsocialism.org\/wsm\/wp-json\/wp\/v2\/pages"}],"about":[{"href":"https:\/\/www.worldsocialism.org\/wsm\/wp-json\/wp\/v2\/types\/page"}],"author":[{"embeddable":true,"href":"https:\/\/www.worldsocialism.org\/wsm\/wp-json\/wp\/v2\/users\/1"}],"replies":[{"embeddable":true,"href":"https:\/\/www.worldsocialism.org\/wsm\/wp-json\/wp\/v2\/comments?post=1878"}],"version-history":[{"count":0,"href":"https:\/\/www.worldsocialism.org\/wsm\/wp-json\/wp\/v2\/pages\/1878\/revisions"}],"wp:attachment":[{"href":"https:\/\/www.worldsocialism.org\/wsm\/wp-json\/wp\/v2\/media?parent=1878"}],"curies":[{"name":"wp","href":"https:\/\/api.w.org\/{rel}","templated":true}]}}