{"id":1875,"date":"2019-04-26T15:13:42","date_gmt":"2019-04-26T14:13:42","guid":{"rendered":"https:\/\/wsm.prolerat.org\/?page_id=1875"},"modified":"2025-09-02T13:20:53","modified_gmt":"2025-09-02T12:20:53","slug":"carta-abierta-a","status":"publish","type":"page","link":"https:\/\/www.worldsocialism.org\/wsm\/carta-abierta-a\/","title":{"rendered":"\u00bfQu\u00e9 es el Movimiento Socialista Mundial?"},"content":{"rendered":"\r\n<p>El Movimiento Socialista Mundial, establecida en 1904, les manda un\r\nsaludo fraternal y muy cordial a vuestros lectores. Os invitamos a\r\ntodos los que est\u00e1is verdaderamente interesados en la pol\u00edtica de\r\nla libertad a que trabajemos juntos para un objectivo com\u00fan, la\r\nlucha para desmantelar el sistema capitalista global y ayudar al\r\nestablecimiento de una sociedad mundial basada en el acceso libre y\r\nequitativo a los beneficios de la civilizaci\u00f3n.<\/p>\r\n\r\n\r\n\r\n<p>El Movimiento Socialista Mundial se identifica plenamente\r\ncon el establecimiento de un sistema global basado en la propiedad\r\ncom\u00fan y el control democr\u00e1tico de los medios e instrumentos\r\ndestinados a la generaci\u00f3n de riquezas, por y para los intereses\r\ntodos.<\/p>\r\n\r\n\r\n\r\n<p>Abogamos por un mundo sin fronteras ni clases sociales, sin\r\nl\u00edderes, estados, gobiernos ni coacci\u00f3n: un mundo sin dinero y los\r\natributos que conlleva, los cuales nos restringen a una pobreza\r\nrelativa; un mundo en el cual la producci\u00f3n por fin se vea liberada\r\nde las limitaciones artificiales de las ganancias para que sea\r\naprovechada en beneficio de todos; un mundo sin desperdicios, ni\r\ncarencias ni guerras.<\/p>\r\n\r\n\r\n\r\n<p>Hemos entrado en el siglo 21 con toda clase de mal del siglo 20 no\r\ns\u00f3lo presente todav\u00eda sino cada vez peor. Ochocientos millones de\r\nseres humanos padecen de forma cr\u00f3nica de desnutrici\u00f3n, seis\r\ncientos millones est\u00e1n sin hogar, m\u00e1s de un bill\u00f3n no tienen\r\nacceso a agua limpia y m\u00e1s de 1.2 billones est\u00e1n sin empleo. Todo\r\neso a causa de las leyes an\u00e1rquicas del sistema de ganancias, las\r\ncuales exigen que las ganancias siempre deben tener prioridad.\r\nAsimismo, se conoce el caso de granjeros por todas partes del mundo a\r\nquienes se les paga para que retiren sus tierras del proceso de la\r\nproducci\u00f3n , los gobiernos mandando la acumulaci\u00f3n y la destrucci\u00f3n\r\nde comida &#8211; todo para que se mantengan altos los precios. En ciudades\r\ndel mundo entero sobran viviendas vac\u00edas (aunque a precios\r\ninalcanzables), sin mencionar los montones de ladrillos y cemento\r\nalmacenados y los millones de artesanos sin empleo. Mientras que\r\nnuestros hijos se mueren de enfermedades que s\u00ed tienen cura, los\r\ngobiernos por todo el mundo siguen inyectando billones de d\u00f3lares en\r\nsus m\u00e1quinas de guerra, empleando a docenas de miles de cinet\u00edficos\r\nen sus programas armamentistas &#8211; todo para que los combatientes mejor\r\nequipados tengan una ventaja mayor en la guerra continua entre los\r\ncapitalistas del mundo por apoderarse de las rutas de comercio, la\r\nriqueza mineral y los mercados extranjeros.<\/p>\r\n\r\n\r\n\r\n<p>El sistema, amigos nuestros, no puede ser reformado para servir\r\nnuestros propios intereses. Su abolici\u00f3n significa la vida para\r\nnuestros hijos y nietos. Diez mil reformas no cambiar\u00e1n ni un \u00e1pice\r\nel hecho de que seguiremos viviendo involucrados en un sistema\r\nclasista dentro del cual cada aspecto de nuestras vidas se ve\r\nsubordinado a las peores exigencias del sistema de ganancias.<\/p>\r\n\r\n\r\n\r\n<p>La amenaza omnipresente de una guerra nuclear y cat\u00e1strofe\r\nambiental y el hecho de que el capitalismo no sea capaz de resolver\r\nni uno de los problemas a que se enfrenta la humanidad, demuestra que\r\nreformar es imposible. El \u00f3rden social por completo est\u00e1 pidiendo a\r\ngritos un cambio inmediato y no paulatino. No se puede conseguir tal\r\ncambio por la fuerza, a trav\u00e9s de una insurrecci\u00f3n violenta. Si el\r\nsocialismo va a sustituir al capitalismo como nuevo sistema global de\r\nla sociedad, s\u00f3lo podr\u00e1 producirse cuando nosotros, los\r\ntrabajadores del mundo, comprendamos el socialismo y estemos\r\ndispuestos a preparar y organizarnos para ello, de forma pac\u00edfica y\r\ndemocr\u00e1tica, sin l\u00edderes y en nuestro propio inter\u00e9s. La\r\nliberaci\u00f3n de la clase obrera tiene que ser tarea de la clase obrera\r\nmisma.<\/p>\r\n\r\n\r\n\r\n<p>El Movimiento Socialista Mundial no tiene liderazgo &#8211; todos\r\nlos miembros somos iguales. No pretendemos dirigir ni queremos\r\nseguidores. No hay nada que podemos hacer para la clase obrera que no\r\nsean capaces de hacer ellos mismos. Al fin y al cabo, los\r\ntrabajadores del mundo ya llevamos por completo las tareas del mundo;\r\nnos toca excavar las minas, cultivar la tierra y dedicarnos a pescar\r\nlos oceanos; edificamos nosotros las ciudades, las carreteras y los\r\npuentes; construimos los barcos y los puertos, los aviones y los\r\naeropuertos; atendemos los hospitales y las escuelas. Somos nosotros,\r\nlos trabajadores del mundo, los responsables de producirlo todo,\r\ndesde un afiler hasta una plataforma petrol\u00edfera, actuando como los\r\nproveedores de todos los servicios de los que depende la humanidad.\r\nSi somos capaces de tanto y dentro de un sistema que continuamente\r\nnos divide, nos frustra, nos explota; \u00bfcu\u00e1nto m\u00e1s ser\u00edamos\r\ncapaces de conseguir en un mundo donde ejerzamos un control directo\r\nsobre los recursos naturales e industriales, y tengamos voz\r\ndemocr\u00e1tica a la hora de decidir como debe de llevarse nuestro\r\nmundo?<\/p>\r\n\r\n\r\n\r\n<p>Al reconocer que es m\u00e1s lo que nos une a los trabajadores del\r\nmundo, al compartir las mismas necesidades y aspiraciones, de lo que\r\njam\u00e1s podr\u00eda separarnos por motivos nacionales, hist\u00f3ricos o\r\nculturales, El Movimiento Socialista Mundial os hace un\r\nllamamiento a los trabajadores de todas partes a que os un\u00e1is con\r\nnosotros en la lucha para establecer un sistema global de la sociedad\r\ndentro del cual cada ser humano tenga acceso libre a los beneficios\r\nde la civilizaci\u00f3n &#8211; el Socialismo Mundial.<\/p>\r\n\r\n\r\n\r\n<p>Responderemos personalmente a cualquier persona que se ponga en\r\ncontacto con nosotros, y asimismo enviaremos un lote de informaci\u00f3n\r\nque explique de forma sencilla el caso contra el capitalismo y la\r\nmanera en que podeis ayudar a ponerle fin.<\/p>\r\n\r\n\r\n\r\n<p>Por favor, p\u00f3nganse en contacto con nosotros:<\/p>\r\n\r\n\r\n\r\n<p>World Socialist Movement, 52 Clapham High Street, London. SW4 7UN\r\nO por correo electr\u00f3nico: <a href=\"mailto:enquiries@worldsocialism.org\">enquiries@worldsocialism.org<\/a>\r\nO puedes acceder a nuestra p\u00e1gina web: <a href=\"http:\/\/www.worldsocialism.org\/spgb\/\">www.worldsocialism.org\/spgb\/<\/a><\/p>\r\n","protected":false},"excerpt":{"rendered":"<p>El Movimiento Socialista Mundial, establecida en 1904, les manda un saludo fraternal y muy cordial a vuestros lectores. Os invitamos a todos los que est\u00e1is verdaderamente interesados en la pol\u00edtica de la libertad a que trabajemos juntos para un objectivo com\u00fan, la lucha para desmantelar el sistema capitalista global y ayudar al establecimiento de una&#8230;<\/p>\n","protected":false},"author":1,"featured_media":0,"parent":0,"menu_order":0,"comment_status":"closed","ping_status":"closed","template":"","meta":{"magazine_newspaper_sidebar_layout":"","footnotes":""},"class_list":["post-1875","page","type-page","status-publish","hentry"],"_links":{"self":[{"href":"https:\/\/www.worldsocialism.org\/wsm\/wp-json\/wp\/v2\/pages\/1875","targetHints":{"allow":["GET"]}}],"collection":[{"href":"https:\/\/www.worldsocialism.org\/wsm\/wp-json\/wp\/v2\/pages"}],"about":[{"href":"https:\/\/www.worldsocialism.org\/wsm\/wp-json\/wp\/v2\/types\/page"}],"author":[{"embeddable":true,"href":"https:\/\/www.worldsocialism.org\/wsm\/wp-json\/wp\/v2\/users\/1"}],"replies":[{"embeddable":true,"href":"https:\/\/www.worldsocialism.org\/wsm\/wp-json\/wp\/v2\/comments?post=1875"}],"version-history":[{"count":3,"href":"https:\/\/www.worldsocialism.org\/wsm\/wp-json\/wp\/v2\/pages\/1875\/revisions"}],"predecessor-version":[{"id":5438,"href":"https:\/\/www.worldsocialism.org\/wsm\/wp-json\/wp\/v2\/pages\/1875\/revisions\/5438"}],"wp:attachment":[{"href":"https:\/\/www.worldsocialism.org\/wsm\/wp-json\/wp\/v2\/media?parent=1875"}],"curies":[{"name":"wp","href":"https:\/\/api.w.org\/{rel}","templated":true}]}}