{"id":1873,"date":"2019-04-26T15:09:27","date_gmt":"2019-04-26T14:09:27","guid":{"rendered":"https:\/\/wsm.prolerat.org\/?page_id=1873"},"modified":"2025-09-02T13:19:11","modified_gmt":"2025-09-02T12:19:11","slug":"que-se-ha-de-hacer-2","status":"publish","type":"page","link":"https:\/\/www.worldsocialism.org\/wsm\/que-se-ha-de-hacer-2\/","title":{"rendered":"Contradicciones"},"content":{"rendered":"\r\n<p>Quisi\u00e9ramos que considerases las siguientes contradicciones:<\/p>\r\n\r\n\r\n\r\n<p>Se produce tanta comida en el mundo que milliones de toneladas se\r\ntiran, se queman o se vuelvan a arar en la tierra. Y sin embargo,\r\nmilliones de personas en el mundo se mueren de hambre. Otros tanto\r\nmilliones est\u00e1n desnutridos. Incluso en Europa occidental, mucha\r\ngente, en especial, los viejos o parados, no pueden comprar la comida\r\nque necesitan.<\/p>\r\n\r\n\r\n\r\n<p>Los gobiernos, del Este y del Oeste, gastan centenares de billones\r\nde pesetas cada a\u00f1o en los armamentos de guerra m\u00e1s modernos. Pero\r\ncasi nadie en el mundo quiere la guerra. La mayor parte de gente no\r\nquieren ser soldadods y no tienen nada en contra de la gente\r\ncorriente de otros pa\u00edses.<\/p>\r\n\r\n\r\n\r\n<p>La tecnolog\u00eda moderna puede poner al hombre en la luna y hacer\r\nfuncionar f\u00e1bricas con ordenadores. Podr\u00eda eliminar casi todo el\r\ntrabajo insatisfactorio, sucio y peligroso para los seres humanos.\r\nPero la mayoria de personas todav\u00eda pasan la mayor parte de sus\r\nvidas de trabajo haciendo labores sucias, peligrosas e\r\ninsatisfactorias.<\/p>\r\n\r\n\r\n\r\n<p>En cada crisis econ\u00f3mica, millones de hombres y mujeres pierden\r\nsu trabajo, la producci\u00f3n se corta y las empresas cierran. Y sin\r\nembargo, las f\u00e1bricas y las m\u00e1quinas todav\u00eda est\u00e1n en buenas\r\ncondiciones y a menudo esos mismos trabajadores carecen de los\r\nproductos y servicios que ellos mismos habr\u00edan producido.<\/p>\r\n\r\n\r\n\r\n<p>Cada gobierno nuevo en cada pa\u00eds afirma que va a solucionar los\r\nproblemas que el gobierno anterior dej\u00f3 pendientes. Pero nunca lo\r\nhace.<\/p>\r\n\r\n\r\n\r\n<p>Estos son hechos y t\u00fa puede que pienses en muchos mas parecidos.\r\nLa manera en que est\u00e1 organizado el mundo hoy en d\u00eda contrasta con\r\nel sentido com\u00fan. Se puede hacer algo? Podemos declarar, sin temor\r\nde contradicci\u00f3n, que algo puede hacerse.<\/p>\r\n\r\n\r\n\r\n<p>Lo que necesita es comprehensi\u00f3n. La gran mayor\u00eda de personas\r\nnecesitan comprender c\u00f3mo est\u00e1 organizado el mundo moderno. Y\r\nentonces necesitan comprender lo que hay que hacer para cambiarlo,\r\nconscientemente, democr\u00e1ticamente, para el beneficio de todos. Los\r\ntrabajadores, hombres y mujeres corrientes, se sienten cada vez m\u00e1s\r\nimpotentes para afectar la manera en que las cosas funcionan. Esto es\r\nporque han sido condicionados por ideas convencionales acerca de la\r\nsociedad, aprendidas en casa, en la escuela, a trav\u00e9s de la\r\nreligi\u00f3n, o de los peri\u00f3dicos y la televisi\u00f3n. Pero una\r\ncomprensi\u00f3n del porqu\u00e9 el mundo es tal como es les dar\u00e1 el poder\r\nde cambiar las cosas.<\/p>\r\n\r\n\r\n\r\n<p>osotros llamamos al orden social actual CAPITALISMO. Es un manera\r\nde organizar la sociedad en la que las cosas se producen para su\r\nventa en el mercado con vistas a un beneficio. Si no se espera un\r\nbeneficio, entonces la producci\u00f3n cesa y las necesidades no se\r\nsatisfacen. Bajo el capitalismo la maquinaria producto y\r\ndistribuidora del mundo (f\u00e1bricas, granjas, muellas, oficinas,\r\nminas, etc.) es de propiedad o est\u00e1 controlada por una peque\u00f1a\r\nminoria, a la que denominamos clase capitalista. En todas partes del\r\nmundo &#8211; desde Espa\u00f1a, Gran Breta\u00f1a, China, Rusia a Argentina,\r\nM\u00e9xico y America del Norte &#8211; esta minor\u00eda de la poblaci\u00f3n posee y\r\ncontrola la mayor parte de la riqueza. Para el resto, la vasta\r\nmayor\u00eda, la \u00fanica opci\u00f3n es la de vender sus energ\u00edes mentales o\r\nf\u00edsicas a un patrono por un sueldo o<\/p>\r\n\r\n\r\n\r\n<p>salario. Por tanto, el capitalismo significa divisi\u00f3n de clases,\r\nlos beneficios antes que las necesidades, y la contradicci\u00f3n\r\nfundamental de los que hacen funcionar el mundo de arriba a abajo,\r\nlos que ganan su sueldo o salario, no poseen nada de lo que producen\r\nni los medios para producirlo.<\/p>\r\n\r\n\r\n\r\n<p>La sociedad por la que trab\u00e1jamos la denominamos SOCIALISMO &#8211;\r\npero esto no tiene ning\u00fan parecido en absoluto con lo que existe en\r\npa\u00edses tales como Rusia, China o Cuba (que son dictaduras de\r\ncapitalismo del estado) o en cualquier otra parte del mundo. La\r\npalabra Socialismo, desde luego, no nos pertence, pero s\u00ed es\r\nimportante saber lo que la gente quire decir cuando la utiliza.<\/p>\r\n","protected":false},"excerpt":{"rendered":"<p>Quisi\u00e9ramos que considerases las siguientes contradicciones: Se produce tanta comida en el mundo que milliones de toneladas se tiran, se queman o se vuelvan a arar en la tierra. Y sin embargo, milliones de personas en el mundo se mueren de hambre. Otros tanto milliones est\u00e1n desnutridos. Incluso en Europa occidental, mucha gente, en especial,&#8230;<\/p>\n","protected":false},"author":1,"featured_media":0,"parent":0,"menu_order":0,"comment_status":"open","ping_status":"closed","template":"","meta":{"magazine_newspaper_sidebar_layout":"","footnotes":""},"class_list":["post-1873","page","type-page","status-publish","hentry"],"_links":{"self":[{"href":"https:\/\/www.worldsocialism.org\/wsm\/wp-json\/wp\/v2\/pages\/1873","targetHints":{"allow":["GET"]}}],"collection":[{"href":"https:\/\/www.worldsocialism.org\/wsm\/wp-json\/wp\/v2\/pages"}],"about":[{"href":"https:\/\/www.worldsocialism.org\/wsm\/wp-json\/wp\/v2\/types\/page"}],"author":[{"embeddable":true,"href":"https:\/\/www.worldsocialism.org\/wsm\/wp-json\/wp\/v2\/users\/1"}],"replies":[{"embeddable":true,"href":"https:\/\/www.worldsocialism.org\/wsm\/wp-json\/wp\/v2\/comments?post=1873"}],"version-history":[{"count":1,"href":"https:\/\/www.worldsocialism.org\/wsm\/wp-json\/wp\/v2\/pages\/1873\/revisions"}],"predecessor-version":[{"id":5437,"href":"https:\/\/www.worldsocialism.org\/wsm\/wp-json\/wp\/v2\/pages\/1873\/revisions\/5437"}],"wp:attachment":[{"href":"https:\/\/www.worldsocialism.org\/wsm\/wp-json\/wp\/v2\/media?parent=1873"}],"curies":[{"name":"wp","href":"https:\/\/api.w.org\/{rel}","templated":true}]}}