{"id":1867,"date":"2019-04-26T15:00:24","date_gmt":"2019-04-26T14:00:24","guid":{"rendered":"https:\/\/wsm.prolerat.org\/?page_id=1867"},"modified":"2025-08-31T19:21:32","modified_gmt":"2025-08-31T18:21:32","slug":"que-se-ha-de-hacer","status":"publish","type":"page","link":"https:\/\/www.worldsocialism.org\/wsm\/que-se-ha-de-hacer\/","title":{"rendered":"\u00bfQue Se Ha De Hacer?"},"content":{"rendered":"\r\n<p>ESTO NO ES<\/p>\r\n\r\n\r\n\r\n<p><strong>&#8211; un mensaje religioso.<\/strong> <strong>&#8211; un ruego para conseguir votos.<\/strong> <strong>&#8211; un truco para vender.<\/strong><\/p>\r\n\r\n\r\n\r\n<p>En realidad, no queremos nada de ti.<\/p>\r\n\r\n\r\n\r\n<p>Pero lo que s\u00ed queremos es expresar nuestro punto de vista para que lo estudies.<\/p>\r\n\r\n\r\n\r\n<p>Quisi\u00e9ramos que considerases las siguientes contradicciones:<\/p>\r\n\r\n\r\n\r\n<p>Se produce tanta comida en el mundo que millones de toneladas se tiran, se queman o se vuelven a arar en la tierra.<\/p>\r\n\r\n\r\n\r\n<p>Y sin embargo, millones de personas en el mundo se mueren de hambre. Otros tantos millones est\u00e1n desnutridos. Incluso en Europa occidental, mucha gente, en especial, los viejos o parados, no pueden comprar la comida que necesitan.<\/p>\r\n\r\n\r\n\r\n<p>En todo momento, hay miles de casas que permanecen sin vender.<\/p>\r\n\r\n\r\n\r\n<p>Y sin embargo, miles de personas viven en malos alojamientos y muchos ni siquiera tienen casa.<\/p>\r\n\r\n\r\n\r\n<p>Los gobiernos, del Este y del Oeste, gastan centenares de billones de pesetas cada a\u00f1o en los armamentos de guerra m\u00e1s modernos.<\/p>\r\n\r\n\r\n\r\n<p>Pero casi nadie en el mundo quiere la guerra. La mayor parte de gente no quieren ser soldados y no tienen nada en contra de la gente corriente de otros pa\u00edses.<\/p>\r\n\r\n\r\n\r\n<p>La tecnolog\u00eda moderna puede poner al hombre en la luna y hacer funcionar f\u00e1bricas con ordenadores. Podr\u00eda eliminar casi todo el trabajo insatisfactorio, sucio y peligroso para los seres humanos.<\/p>\r\n\r\n\r\n\r\n<p>Pero la mayor\u00eda de personas todav\u00eda pasan la mayor parte de sus vidas de trabajo haciendo labores sucias, peligrosas e insatisfactorias.<\/p>\r\n\r\n\r\n\r\n<p>En cada crisis econ\u00f3mica, millones de hombres y mujeres pierden su trabajo, la producci\u00f3n se corta y las empresas cierran.<\/p>\r\n\r\n\r\n\r\n<p>Y sin embargo, las f\u00e1bricas y las m\u00e1quinas todav\u00eda est\u00e1n en buenas condiciones y a menudo esos mismos trabajadores carecen de los productos y servicios que ellos mismos habr\u00edan producido.<\/p>\r\n\r\n\r\n\r\n<p>Cada gobierno nuevo en cada pa\u00eds afirma que va a solucionar los problemas que el gobierno anterior dej\u00f3 pendientes.<\/p>\r\n\r\n\r\n\r\n<p>Pero nunca lo hace.<\/p>\r\n\r\n\r\n\r\n<p>ESTOS SON HECHOS y t\u00fa puede que pienses en muchos m\u00e1s parecidos. La manera en que est\u00e1 organizado el mundo hoy en d\u00eda contrasta con el sentido com\u00fan.<\/p>\r\n\r\n\r\n\r\n<p>Muy pocas personas ser\u00edan capaces de negar que el mundo moderno necesita organizarse mejor de lo que est\u00e1 en la actualidad. Pero la mayor\u00eda creen que no hay nada que pueda hacerse real\u00edsticamente para cambiar este estado de cosas. \u00bfSe puede hacer algo?<\/p>\r\n\r\n\r\n\r\n<p>PODEMOS DECLARAR &#8211; SIN TEMOR DE CONTRADICCION &#8211; QUE ALGO PUEDE HACERSE.<\/p>\r\n\r\n\r\n\r\n<p>No se necesita una intervenci\u00f3n sobrenatural.<\/p>\r\n\r\n\r\n\r\n<p>No se necesitan &#8216;grandes l\u00edderes&#8217;.<\/p>\r\n\r\n\r\n\r\n<p>No se necesita que todo el mundo se vuelva &#8216;bueno&#8217; de una manera u otra<\/p>\r\n\r\n\r\n\r\n<p><strong>LO QUE SE NECESITA ES COMPRENSION<\/strong><\/p>\r\n\r\n\r\n\r\n<p>La gran mayor\u00eda de personas necesitan comprender c\u00f3mo est\u00e1 organizado el mundo moderno. Y entonces necesitan comprender lo que hay que hacer para cambiarlo, conscientemente, democr\u00e1ticamente, para el beneficio de todos. Los trabajadores, hombres y mujeres corrientes, se sienten cada vez m\u00e1s impotentes para afectar la manera en que las cosas funcionan. Esto es porque han sido condicionados por ideas convencionales acerca de la sociedad, aprendidas en casa, en la escuela, a trav\u00e9s de la religi\u00f3n, o de los peri\u00f3dicos y la televisi\u00f3n. Pero una comprensi\u00f3n del porqu\u00e9 el mundo es tal como es les dar\u00e1 el poder de cambiar las cosas.<\/p>\r\n\r\n\r\n\r\n<p><strong>NOSOTROS REIVINDICAMOS QUE SI COMPRENDEMOS<\/strong><\/p>\r\n\r\n\r\n\r\n<p>NUESTRO OBJETIVO ES: El establecimiento de un sistema de sociedad en donde la comunidad entera &#8211; en todas partes del mundo &#8211; poseer\u00e1 y administrar\u00e1 democr\u00e1ticamente, en sus propios intereses, los medios e instrumentos para producir y distribuir la riqueza.<\/p>\r\n\r\n\r\n\r\n<p>SOMOS SOCIALISTAS, pero no tenemos ninguna conexi\u00f3n con &#8216;Comunistas&#8217;, Trotskistas, Leninistas, &#8216;Izquierdistas&#8217; o cualquier otro grupo u organizaci\u00f3n que presumen de Socialistas. Algunos de estos grupos puede que parezca que hablan de lo mismo que nosotros, pero todos ellos est\u00e1n unidos al pensar que el orden social actual se va a quedar para siempre. Nosotros nos oponemos al mismo.<\/p>\r\n\r\n\r\n\r\n<p>NOSOTROS LLAMAMOS AL ORDEN SOCIAL ACTUAL CAPITALISMO. Es una manera de organizar la sociedad en la que las cosas se producen para su venta en el mercado con vistas a un beneficio. Si no se espera un beneficio, entonces la producci\u00f3n cesa y las necesidades no se satisfacen. Bajo el capitalismo la maquinaria productora y distribuidora del mundo (f\u00e1bricas, granjas, muelles, oficinas, minas, etc.) es de propiedad o est\u00e1 controlada por una peque\u00f1a minor\u00eda, a la que denominamos clase capitalista. En todas partes del mundo &#8211; desde Espa\u00f1a, Gran Breta\u00f1a, Rusia a Argentina, M\u00e9xico y Am\u00e9rica del Norte &#8211; esta minor\u00eda de la poblaci\u00f3n posee y controla la mayor parte de la riqueza. Para el resto, la vasta mayor\u00eda, la \u00fanica opci\u00f3n es la de vender sus energ\u00edas mentales o f\u00edsicas a un patrono por un sueldo o salario. Por tanto, el capitalismo significa divisi\u00f3n de clases, los beneficios antes que las necesidades, y la contradicci\u00f3n fundamental de los que hacen funcionar el mundo de arriba a abajo, los que ganan su sueldo o salario, no poseen nada de lo que producen ni los medios para producirlo.<\/p>\r\n\r\n\r\n\r\n<p>LA SOCIEDAD POR LA QUE TRABAJAMOS LA DENOMINAMOS SOCIALISMO &#8211; pero esto no tiene ning\u00fan parecido en absoluto con lo que existe en pa\u00edses tales como Rusia, China o Cuba (que son dictaduras de capitalismo del estado) o en cualquier otra parte del mundo. La palabra Socialismo, desde luego, no nos pertenece, pero s\u00ed es importante saber lo que la gente quiere decir cuando la utiliza.<\/p>\r\n\r\n\r\n\r\n<p>PARA NOSOTROS EL SOCIALISMO SIGNIFICA<\/p>\r\n\r\n\r\n\r\n<p>-una sociedad sin dinero -libre acceso a todas las mercanc\u00edas -ninguna pobreza, crisis econ\u00f3mica ni desempleo -ninguna mercanc\u00eda de baja calidad -el fin de las guerras -no m\u00e1s decisiones tomadas a espaldas de las gentes -una mejor oportunidad de una vida personal feliz -ningunas fronteras nacionales ni estados rivales.<\/p>\r\n\r\n\r\n\r\n<p>PARA NOSOTROS EL SOCIALISMO <strong>NO<\/strong> SIGNIFICA<\/p>\r\n\r\n\r\n\r\n<p>-nacionalizaci\u00f3n o control del estado -racionamiento de los alimentos -que todo el mundo vista igual -vivir en comunas -compartir tus efectos personales -la supresi\u00f3n de las libertades personales -l\u00edderes y mandados, gobiernos y gobernados.<\/p>\r\n\r\n\r\n\r\n<p>El Socialismo significa una sociedad a nivel mundial en la que se producen todos los art\u00edculos y servicios, no para comprarse y venderse tal como sucede hoy en d\u00eda, sino solamente para que los utilicen los seres humanos. Es una sociedad sin l\u00edderes, sin gobiernos, en la que la comunidad entera organizar\u00e1 todos los asuntos de una manera completamente democr\u00e1tica.<\/p>\r\n\r\n\r\n\r\n<p><strong>\u00bfCOMO PUEDE EVOLUCIONAR EL SOCIALISMO?<\/strong><\/p>\r\n\r\n\r\n\r\n<p>Probablemente est\u00e9s pensando ya que estas ideas son sensatas y atractivas, pero \u00bfC\u00f3mo puede evolucionar el socialismo? No puede evolucionar, as\u00ed por las buenas. Tiene que realizarlo una mayor\u00eda organizada de personas, incluy\u00e9ndote a ti, que lo comprende, lo desea y emprende la acci\u00f3n pol\u00edtica democr\u00e1tica, por medio de la urna, para transferir el poder de los pocos que lo ostentan ahora a la comunidad en conjunto, sin distinci\u00f3n de raza o sexo.<\/p>\r\n\r\n\r\n\r\n<p>Estas ideas probablemente te han dejado pensando en un mont\u00f3n de cr\u00edticas y preguntas tales como: \u00bfQui\u00e9n trabajar\u00e1 en una sociedad socialista? \u00bfQu\u00e9 pasar\u00e1 con los gandules? \u00bfY con la avaricia y el crimen? \u00bfC\u00f3mo se conseguir\u00e1 exactamente el Socialismo? \u00bfC\u00f3mo se organizar\u00e1? \u00bfPuede una minor\u00eda ponerla en marcha para el resto? \u00bfHabr\u00e1 violencia? \u00bfTenemos los suficientes recursos alimenticios y energ\u00e9ticos para satisfacer las necesidades de todos en todas partes del mundo? Y probablemente muchas m\u00e1s. Te instamos a que hagas estas cr\u00edticas y hagas estas preguntas. No te pedimos que aceptes nuestros argumentos sin pensarlo bien. La sociedad por la que abogamos solamente puede realizarse cuando la mayor\u00eda la comprenda y la desee a trav\u00e9s de pensar y preguntar.<\/p>\r\n\r\n\r\n\r\n<p>SI QUIERES SABER MAS ACERCA DE LAS RAZONES DEL SOCIALISMO, solicita literatura gratis a una de las direcciones que se facilitan m\u00e1s adelante.<\/p>\r\n","protected":false},"excerpt":{"rendered":"<p>ESTO NO ES &#8211; un mensaje religioso. &#8211; un ruego para conseguir votos. &#8211; un truco para vender. En realidad, no queremos nada de ti. Pero lo que s\u00ed queremos es expresar nuestro punto de vista para que lo estudies. Quisi\u00e9ramos que considerases las siguientes contradicciones: Se produce tanta comida en el mundo que millones&#8230;<\/p>\n","protected":false},"author":1,"featured_media":0,"parent":0,"menu_order":0,"comment_status":"open","ping_status":"closed","template":"","meta":{"magazine_newspaper_sidebar_layout":"","footnotes":""},"class_list":["post-1867","page","type-page","status-publish","hentry"],"_links":{"self":[{"href":"https:\/\/www.worldsocialism.org\/wsm\/wp-json\/wp\/v2\/pages\/1867","targetHints":{"allow":["GET"]}}],"collection":[{"href":"https:\/\/www.worldsocialism.org\/wsm\/wp-json\/wp\/v2\/pages"}],"about":[{"href":"https:\/\/www.worldsocialism.org\/wsm\/wp-json\/wp\/v2\/types\/page"}],"author":[{"embeddable":true,"href":"https:\/\/www.worldsocialism.org\/wsm\/wp-json\/wp\/v2\/users\/1"}],"replies":[{"embeddable":true,"href":"https:\/\/www.worldsocialism.org\/wsm\/wp-json\/wp\/v2\/comments?post=1867"}],"version-history":[{"count":2,"href":"https:\/\/www.worldsocialism.org\/wsm\/wp-json\/wp\/v2\/pages\/1867\/revisions"}],"predecessor-version":[{"id":5359,"href":"https:\/\/www.worldsocialism.org\/wsm\/wp-json\/wp\/v2\/pages\/1867\/revisions\/5359"}],"wp:attachment":[{"href":"https:\/\/www.worldsocialism.org\/wsm\/wp-json\/wp\/v2\/media?parent=1867"}],"curies":[{"name":"wp","href":"https:\/\/api.w.org\/{rel}","templated":true}]}}