{"id":1845,"date":"2019-04-25T23:30:57","date_gmt":"2019-04-25T22:30:57","guid":{"rendered":"https:\/\/wsm.prolerat.org\/?page_id=1845"},"modified":"2019-04-25T23:30:57","modified_gmt":"2019-04-25T22:30:57","slug":"tecnologia-de-la-informacion-y-socialismo","status":"publish","type":"page","link":"https:\/\/www.worldsocialism.org\/wsm\/tecnologia-de-la-informacion-y-socialismo\/","title":{"rendered":"Tecnolog\u00eda de la informaci\u00f3n y socialismo"},"content":{"rendered":"\n<p><em>El\nsocialismo ser\u00e1 una sociedad basada en la producci\u00f3n para el uso.\n\u00bfPero qu\u00e9 significa esto? \u00bfComo podr\u00eda trabajar esto y que papel\ndesempe\u00f1ar\u00eda la tecnolog\u00eda de la informaci\u00f3n en el socialismo?<\/em><\/p>\n\n\n\n<p>Al\ndescribir la nueva sociedad por la que estamos trabajando, a nosotros\nlos socialistas con frecuencia nos preguntan \u201c\u00bfC\u00f3mo funcionar\u00e1\neso?\u201d Quienes preguntan suponen las m\u00e1s de las veces que s\u00f3lo con\nun sistema de dinero y precios pueden \u201cfuncionar\u201d las cosas; que\nlas cosas s\u00f3lo ocurren, sin ninguna necesidad de que ellos\nparticipen.<\/p>\n\n\n\n<p>El\nsistema de mercado, de comprar y vender, bien puede \u201cfuncionar\u201d,\nen el sentido de que contin\u00faa funcionando sin que la gente trate o\nno trate de controlar a d\u00f3nde nos lleva. Despu\u00e9s de todo, los\npol\u00edticos de hoy pareces estar cada vez m\u00e1s convencidos del poco\ncontrol que tienen sobre el sistema que meramente administran. Sin\nembargo, esta inevitable falta de control consciente y social es\njustamente el problema. La nueva forma de organizaci\u00f3n social donde\nla producci\u00f3n se organiza solamente para el uso puede requerir de\nuna participaci\u00f3n m\u00e1s activa de la gente, pero esta es la \u00fanica\nmanera de echar a andar la sociedad en inter\u00e9s de la poblaci\u00f3n\nentera. As\u00ed, al responder la pregunta de \u201c\u00bfC\u00f3mo funcionar\u00e1?\u201d\nlos socialistas reconocen que en primer lugar est\u00e1 la necesidad de\nque la gran mayor\u00eda de la gente entienda y desee el socialismo.<\/p>\n\n\n\n<p>La\nforma en que las cosas \u201cfuncionar\u00e1n\u201d en el socialismo ser\u00e1 por\nmedio de lo que llamamos \u201cproducci\u00f3n para el uso\u201d. Esta\ncaracter\u00edstica que define al socialismo no es dif\u00edcil de entender,\npues no significa otra cosa que simplemente producir lo que es\nnecesario, sin la necesidad de intercambio monetario, como en el\ncapitalismo. Durante toda la historia humana ha habido siempre\nproducci\u00f3n para el puro uso, comenzando con la recolecci\u00f3n de\nalimentos y la hechura de herramientas en las sociedades de cazadores\nrecolectores. En el capitalismo actual, hay muchos ejemplos que van\ndesde las actividades de las organizaciones de voluntarios hasta el\ncuidado de la casa y la jardiner\u00eda.<\/p>\n\n\n\n<h2 class=\"wp-block-heading\"><em><strong>Producci\u00f3n\npara el uso<\/strong><\/em><\/h2>\n\n\n\n<p>En el\nsocialismo, la producci\u00f3n directamente para el uso ser\u00e1 la regla.\nLa producci\u00f3n socialista necesita esta organizada democr\u00e1ticamente:\nuna dictadura que organizara la producci\u00f3n para el uso no ser\u00eda\nsocialismo. Al considerar la relaci\u00f3n entre democracia y producci\u00f3n,\nla pregunta de \u201cc\u00f3mo funcionar\u00e1\u201d exige ampliar la respuesta. Al\nconstruir el socialismo, necesitamos considerar la forma en que las\npreferencias y las opiniones de la sociedad en su conjunto se\nreflejar\u00e1n en las elecciones que se tomen sobre la producci\u00f3n de\nmercanc\u00edas y servicios.<\/p>\n\n\n\n<p>Vienen\na la mente tres preguntas espec\u00edficas. Primera: lo relativo al\nc\u00e1lculo econ\u00f3mico; segunda: la escala geogr\u00e1fica de la toma de\ndecisiones y, tercera: los incentivos dentro de una sociedad\nsocialista. Estas son las preguntas donde el papel de la tecnolog\u00eda\nde la informaci\u00f3n (TI) en el socialismo puede ser de lo m\u00e1s\nimportante en las respuestas que den los socialistas.<\/p>\n\n\n\n<p>La\nprimera pregunta, relativa al c\u00e1lculo econ\u00f3mico, la plantean los\ndefensores del libre mercado. Se dice que el mercado es un mecanismo\ndescentralizado para calcular la demanda a fin de lograr el nivel\ncorrecto de abasto, tal y como se expresa en el gasto monetario.\nCiertamente este razonamiento tiene fallas: el dinero no est\u00e1\ndistribuido igualitariamente, el mercando no es un sistema\nelegantemente descentralizado y no consigue la eficiencia que\nproclaman los libros de texto. Con todo, es necesario mostrar como se\nabordar\u00edan los c\u00e1lculos sobre la oferta y la demanda a falta del\nsistema de mercado.<\/p>\n\n\n\n<p>Ser\u00eda\nnecesario calcular la cantidad de insumos que ser\u00edan necesarios para\nalcanzar cierto nivel de producci\u00f3n. Esta clase de c\u00e1lculo de\ninsumos-consumo tendr\u00eda que ocurrir en escalas geogr\u00e1ficas\ndiferentes: desde las formas \u201clocales\u201d de c\u00e1lculo hasta las\nregionales y aun las globales. Esto nos conecta con segunda pregunta\nsobre la extensi\u00f3n de la toma de decisiones localizadas en contraste\ncon centralizadas dentro del socialismo<\/p>\n\n\n\n<p>Examinando\nlas formas locales de organizaci\u00f3n, las unidades individuales de\nproducci\u00f3n en el capitalismo (f\u00e1bricas, oficinas, etc.) ya tienen\nsistemas de TI para calcular los recursos necesarios para la\nproducci\u00f3n, as\u00ed como sistemas de control de existencias para\nadministrar las ofertas de recursos. Adem\u00e1s de las partes\ninteresadas con la contabilidad monetaria, estos sistemas podr\u00edan\nser de utilidad para la sociedad socialista que los herede.<\/p>\n\n\n\n<p>Sea\ncomo sea, la contabilidad monetaria no ayuda con los c\u00e1lculos\ninsumos-consumo que en realidad se necesitan para planear la\nproducci\u00f3n. Estos c\u00e1lculos se hacen en funci\u00f3n de cantidades (ya\nsea kilogramos, litros, watts u otras unidades de medida). A menudo\nlo son, incluso dentro del capitalismo. De hecho, en 1973 se le\nconcedi\u00f3 el premio Nobel al economista Wassily Leontief por formular\nun m\u00e9todo para el an\u00e1lisis de insumos-producto que podr\u00eda emplear\ntales mediciones cuantitativas.<\/p>\n\n\n\n<p>Al\nigual que utilizar los sistemas de TI existentes, har\u00edan falta\nmuchos procedimientos innovadores en la organizaci\u00f3n local de la\nproducci\u00f3n. Por ejemplo, las operaciones de los muchos tipos\ndiferentes de actividad productiva podr\u00edan hacerse m\u00e1s abiertos y\nconfiables mediante la mejora de la informaci\u00f3n al p\u00fablico. La toma\nde decisiones y la contrataci\u00f3n de personal con ciertas destrezas\nson otras \u00e1reas donde la TI podr\u00eda mejorar la organizaci\u00f3n de la\nproducci\u00f3n para el uso.<\/p>\n\n\n\n<p>Al\npasar a las escalas regional y global, suele decirse que en la\nsociedad moderna la producci\u00f3n es demasiado compleja para ser objeto\nde c\u00e1lculo. Sin embargo, aun retrocediendo a los a\u00f1os sesenta, en\nque la tecnolog\u00eda de las computadoras estaba en sus primeras etapas,\nlos te\u00f3ricos de orientaci\u00f3n \u201csocialista\u201d ya citaban el uso\npotencial de las computadoras para el c\u00e1lculo de insumos-producci\u00f3n\nen gran escala. La potencia actual de las computadoras significa que\nlos c\u00e1lculos necesarios incluso para millones de productos se pueden\nhacer en cuesti\u00f3n de minutos. Por cierto que la escala computacional\nde tales c\u00e1lculos es peque\u00f1a comparada con otros usos que se les da\na las modernas \u201csupercomputadoras\u201d, como la predicci\u00f3n del\ntiempo (v\u00e9ase <em>Hacia un nuevo socialismo<\/em>, de W. Paul Cockshott\ny Allin Cottrell, Spokesman Books, 1993).<\/p>\n\n\n\n<h2 class=\"wp-block-heading\"><em><strong>La\ntoma de decisiones democr\u00e1ticas<\/strong><\/em><\/h2>\n\n\n\n<p>El\nprocesamiento matem\u00e1tico en gran escala tal vez ya no sea el\nproblema que antes fue. Sin embargo, en una sociedad socialista a\u00fan\nse enfrentar\u00eda la cuesti\u00f3n de c\u00f3mo democratizar \u00f3ptimamente la\nproducci\u00f3n. Podr\u00eda recurrirse a la TI para que diera acceso\nuniversal a fuentes de informaci\u00f3n sobre las diferentes elecciones\nque se presentan al planear la producci\u00f3n. Es importante notar que\nel almacenamiento central de informaci\u00f3n no significa necesariamente\nque la toma de decisiones deba centralizarse tambi\u00e9n. La amplia\ndisponibilidad de la informaci\u00f3n facilitar\u00eda en s\u00ed la democracia\nmisma que, seg\u00fan los socialistas, es necesaria para impedir la\ncentralizaci\u00f3n del poder.<\/p>\n\n\n\n<p>El\nasunto de qu\u00e9 tan lejos ser\u00e1 posible localizar la producci\u00f3n y la\ntoma de decisiones seguir\u00e1 siendo materia de debate antes y despu\u00e9s\nde la revoluci\u00f3n socialista. La organizaci\u00f3n local parece ser,\nciertamente, adecuada para muchas clases de producci\u00f3n, algunas de\nlas cuales no ser\u00e1 necesario centralizar mucho o ni siquiera la\ninformaci\u00f3n empleada en su planeaci\u00f3n. Otros problemas requerir\u00e1n\nde decisiones en escala geogr\u00e1fica muy grande: algunos aspectos de\nla administraci\u00f3n ambiental, por ejemplo. La discusi\u00f3n de estos\nproblemas se beneficiar\u00e1 del polifacetismo de los sistemas de TI, lo\ncual quiere decir que la toma de decisiones puede ocurrir a la escala\nm\u00e1s conveniente, sea local, regional o global.<\/p>\n\n\n\n<p>La\ntercera pregunta, la relativa a los incentivos, consiste en expresar\nla duda sobre qu\u00e9 podr\u00eda motivar a la gente en el socialismo para\nlograr innovaciones. La respuesta principal reside en el conjunto\ncompletamente nuevo de prioridades y motivaciones en las cuales el\npueblo reconocer\u00eda la necesidad urgente de alcanzar ciertas clases\nde desarrollo (por ejemplo, hacer viables fuentes de energ\u00eda\nrenovable y otras formas de producci\u00f3n ecol\u00f3gicamente sostenibles).\nLa TI, al promover la colaboraci\u00f3n y que se comparta el\nconocimiento, ser\u00eda importante en fomentar la innovaci\u00f3n, as\u00ed como\nha sido bajo el capitalismo. Un ejemplo de que los socialistas han\nnotado es el movimiento a favor de \u201cprogramas (software) de fuente\nabierta\u201d, en que personas separadas geogr\u00e1ficamente han colaborado\npor medio de Internet para desarrollar la plataforma de computaci\u00f3n\nLinux. Su trabajo, en la vanguardia misma de la industria de la TI,\nse ha organizado de modo voluntario, tratando activamente de evitar\nel mercado en lugar de utilizarlo.<\/p>\n\n\n\n<p>Un\nsistema de producci\u00f3n s\u00f3lo para el uso tendr\u00eda un conjunto de\nprioridades completamente nuevo y los incentivos para desarrollarse\nen estas \u00e1reas surgir\u00eda de fuentes por entero diferentes, como la\ndin\u00e1mica de la co-operaci\u00f3n, la democracia y el disfrute de amplias\nlibertades para concentrarse en aquellas \u00e1reas de la producci\u00f3n\nque, como se reconoce ampliamente, son las de mayor beneficio.<\/p>\n\n\n\n<p>El\nr\u00e1pido desarrollo de la tecnolog\u00eda de las computadoras ofrece una\nclase de respuesta a los argumentos pro-mercado, concernientes al\nc\u00e1lculo, la toma de decisiones y los incentivos. Proveer informaci\u00f3n\nser\u00e1 parte esencial de la estructura democr\u00e1tica del socialismo y\nla tarea de dise\u00f1ar los sistemas que mejor sirvan para construirla y\nadministrarla ser\u00e1 uno de los mayores retos que enfrentar\u00e1 la\nsociedad socialista.<\/p>\n\n\n\n<p>El uso\nde los sistemas de TI en el socialismo puede no ser siempre el\naspecto de la nueva sociedad que mejor capture la imaginaci\u00f3n. Hasta\nhabr\u00e1 quienes teman que tal tecnolog\u00eda conduzca a un escenario en\nque las computadoras empiecen a controlarnos, y no nosotros a ellas.\nEstos temores pueden impedir que se valore el potencial de la TI para\nfacilitar en vez de dictar la organizaci\u00f3n social, en cuanto sea\naplicada a trabajar por los intereses del todo social. En la TI\npueden encontrarse los elementos para construir nuevas formas de\norganizaci\u00f3n que sobrepasen a todo cuanto haya existido a la sombra\ndel capitalismo \n<\/p>\n","protected":false},"excerpt":{"rendered":"<p>El socialismo ser\u00e1 una sociedad basada en la producci\u00f3n para el uso. \u00bfPero qu\u00e9 significa esto? \u00bfComo podr\u00eda trabajar esto y que papel desempe\u00f1ar\u00eda la tecnolog\u00eda de la informaci\u00f3n en el socialismo? Al describir la nueva sociedad por la que estamos trabajando, a nosotros los socialistas con frecuencia nos preguntan \u201c\u00bfC\u00f3mo funcionar\u00e1 eso?\u201d Quienes preguntan&#8230;<\/p>\n","protected":false},"author":1,"featured_media":0,"parent":0,"menu_order":0,"comment_status":"closed","ping_status":"closed","template":"","meta":{"magazine_newspaper_sidebar_layout":"","footnotes":""},"class_list":["post-1845","page","type-page","status-publish","hentry"],"_links":{"self":[{"href":"https:\/\/www.worldsocialism.org\/wsm\/wp-json\/wp\/v2\/pages\/1845","targetHints":{"allow":["GET"]}}],"collection":[{"href":"https:\/\/www.worldsocialism.org\/wsm\/wp-json\/wp\/v2\/pages"}],"about":[{"href":"https:\/\/www.worldsocialism.org\/wsm\/wp-json\/wp\/v2\/types\/page"}],"author":[{"embeddable":true,"href":"https:\/\/www.worldsocialism.org\/wsm\/wp-json\/wp\/v2\/users\/1"}],"replies":[{"embeddable":true,"href":"https:\/\/www.worldsocialism.org\/wsm\/wp-json\/wp\/v2\/comments?post=1845"}],"version-history":[{"count":0,"href":"https:\/\/www.worldsocialism.org\/wsm\/wp-json\/wp\/v2\/pages\/1845\/revisions"}],"wp:attachment":[{"href":"https:\/\/www.worldsocialism.org\/wsm\/wp-json\/wp\/v2\/media?parent=1845"}],"curies":[{"name":"wp","href":"https:\/\/api.w.org\/{rel}","templated":true}]}}