{"id":1839,"date":"2019-04-25T23:24:56","date_gmt":"2019-04-25T22:24:56","guid":{"rendered":"https:\/\/wsm.prolerat.org\/?page_id=1839"},"modified":"2019-04-25T23:24:56","modified_gmt":"2019-04-25T22:24:56","slug":"partido-socialista-mundial-solicitud-de-afiliacion","status":"publish","type":"page","link":"https:\/\/www.worldsocialism.org\/wsm\/partido-socialista-mundial-solicitud-de-afiliacion\/","title":{"rendered":"Partido Socialista Mundial -Solicitud de afiliaci\u00f3n"},"content":{"rendered":"\n<p>\nEl Partido Socialista Mundial de Estados Unidos, como partido\nsolidario del Movimiento Socialista Mundial, est\u00e1 comprometido con\nla abolici\u00f3n inmediata del capitalismo y con el establecimiento de\nuna forma de sociedad socialista, verdaderamente democr\u00e1tica.\nConsecuentemente, pertenecer al Partido Socialista Mundial requiere\nde una comprensi\u00f3n general de los principios del socialismo y estar\nde acuerdo con el Objetivo del movimiento y su Declaraci\u00f3n de\nPrincipios. No es probable que llegue a implantarse un sistema\nmundial de producci\u00f3n destinado a satisfacer las necesidades humanas\ny no el af\u00e1n de lucro, como no sea por la acci\u00f3n consciente y\ndeliberada de una mayor\u00eda comprometida con estos principios. Las\nsiguientes ocho declaraciones constituyen una revisi\u00f3n concisa de\nlas \u00e1reas de mayor importancia del Movimiento. Despu\u00e9s de leerlas\ncuidadosamente, indique en el espacio designado c\u00f3mo y por qu\u00e9\nconcuerda o no concuerda con ellas. Si bien reconocemos y aceptamos,\nnaturalmente, que existen diferencias de opini\u00f3n, es esencial\ncomprender satisfactoriamente los principios socialistas para unirse\na nuestro movimiento. Su admisi\u00f3n al partido depende de la cualidad\ntotal de su consciencia socialista, no de si da usted las respuestas\n\u201ccorrectas\u201d, y esta Solicitud servir\u00e1 para que se ponga de\nmanifiesto lo s\u00f3lido de su comprensi\u00f3n, a la cual seguir\u00e1 una\nentrevista para ayudarle a esclarecer cualesquiera dudas importantes\nque tenga. Despu\u00e9s de cada declaraci\u00f3n, por favor indique su\nopini\u00f3n (ESTOY DE ACUERDO o NO ESTOY DE ACUERDO) y explique el\nporqu\u00e9 con algunos detalles. Por favor, tenga en cuenta que entender\nsus puntos puede poner en riesgo su solicitud. Trate de no ser\ndemasiado breve. \n<\/p>\n\n\n\n<p>PARTIDO\nSOCIALISTA DE ESTADOS UNIDOS&nbsp;<\/p>\n\n\n\n<p><strong>objetivo <\/strong>\n<\/p>\n\n\n\n<p>El establecimiento de un sistema social\nbasado en la propiedad com\u00fan y en el control democr\u00e1tico de los\nmedios e instrumentos para producir y distribuir la riqueza por la\nsociedad en su conjunto y en inter\u00e9s de la propia sociedad. \n<\/p>\n\n\n\n<p><strong>Declaraci\u00f3n\nde principios <\/strong>\n<\/p>\n\n\n\n<p><strong>Los Partidos camaradas del\nsocialismo sostienen que:<\/strong>&nbsp;<\/p>\n\n\n\n<p>* La Sociedad tal como est\u00e1\nconstituida en el presente se basa en la propiedad de los medios de\nvida (esto es: la tierra, las f\u00e1bricas, los ferrocarriles, etc.) por\nla dominante clase capitalista y, en consecuencia, en la\nesclavizaci\u00f3n de la clase trabajadora, cuya labor es la \u00fanica forma\nde producir riqueza.<\/p>\n\n\n\n<p>&nbsp;* Por consiguiente, en la\nsociedad hay un antagonismo de intereses, que se manifiestan como\nlucha de clases entre quienes poseen pero no producen y entre quienes\nproducen pero no poseen.<\/p>\n\n\n\n<p>&nbsp;* Este antagonismo s\u00f3lo se puede\nabolir por la emancipaci\u00f3n de la clase trabajadora de la dominaci\u00f3n\nde la clase hegem\u00f3nica, por la conversi\u00f3n en propiedad com\u00fan de\nlos medios de producci\u00f3n y distribuci\u00f3n, y su control democr\u00e1tico\npor el pueblo en su conjunto.<\/p>\n\n\n\n<p>&nbsp;* Como en el orden de la\nevoluci\u00f3n social la clase trabajadora es la \u00faltima en conquistar su\nlibertad, la emancipaci\u00f3n de la clase trabajadora implicar\u00e1 la\nemancipaci\u00f3n de toda la humanidad, sin distinci\u00f3n de raza ni de\nsexo.<\/p>\n\n\n\n<p>&nbsp;* Esta emancipaci\u00f3n debe ser\nresultado del esfuerzo de la propia clase trabajadora.<\/p>\n\n\n\n<p>&nbsp;* Como la maquinaria del\ngobierno, incluidas las fuerzas armadas de la naci\u00f3n, existe s\u00f3lo\npara conservar el monopolio por la clase capitalista de la riqueza\nextra\u00edda de los trabajadores, la clase obrera debe organizarse\nconsciente y pol\u00edticamente para la conquista de los poderes del\ngobierno, con el fin de que esta maquinaria, incluidas esas fuerzas,\npuedan ser convertidos de un instrumento de opresi\u00f3n en un agente de\nemancipaci\u00f3n que derroque los privilegios de la plutocracia.<\/p>\n\n\n\n<p>&nbsp;* Como los partidos pol\u00edticos no\nson sino la expresi\u00f3n de los intereses de clase, y como el inter\u00e9s\nde la clase trabajadora se opone diametralmente a los intereses de\ntodas las secciones de la clase dominante, el partido que persiga la\nemancipaci\u00f3n de la clase trabajadora debe ser hostil a cualquier\notro partido. Los partidos solidarios con el Socialismo, por lo\ntanto, deben entrar al campo de la acci\u00f3n pol\u00edtica resueltos a\noponerse a todos los dem\u00e1s partidos pol\u00edticos, ya sea que\npresuntamente se hallen a favor de la clase obrera o que abiertamente\nsean pro capitalistas, y hacen un llamado a todos los miembros de la\nclase trabajadora de estos pa\u00edses para que apoyen estos principios\nhasta acabar con el sistema que los despoja de los frutos de su\ntrabajo, y hasta que la pobreza d\u00e9 paso al bienestar, los\nprivilegios a la igualdad y la esclavitud a la libertad.<\/p>\n\n\n\n<p>&nbsp;1) Control del poder del Estado\nPara establecer el socialismo, la clase trabajadora de todo el mundo\ndebe hacerse del control de los poderes del gobierno por medio de la\norganizaci\u00f3n pol\u00edtica. Es en virtud de su control del poder del\nEstado que la clase capitalista puede perpetuar su sistema. En una\nsociedad capitalista moderna y desarrollada al extremo la \u00fanica\nmanera de arrancar de manos de la clase capitalista la propiedad y el\ncontrol de los medios de producci\u00f3n consiste en empezar por quitarle\nsu control del Estado; tal ser\u00e1 la condici\u00f3n previa para convertir\nel Estado de un poder coercitivo en un brazo administrativo de la\ncomunidad. El Partido Socialista Mundial, por lo tanto, aboga por el\nvoto como medio de abolir el capitalismo y establecer el socialismo,\nya que el socialismo s\u00f3lo puede establecerse democr\u00e1ticamente: los\nmedios no pueden separarse de los fines.<\/p>\n\n\n\n<ul class=\"wp-block-list\"><li>&nbsp;Estoy\n\t\tde acuerdo. \n\t\t\n\t<\/li><li>No estoy de acuerdo. <br>\n&nbsp;Por qu\u00e9 pienso as\u00ed:\n\t<\/li><\/ul>\n\n\n\n<p>&nbsp;2) Reformas y Reformismo La\nsociedad capitalista actual, aun cuando sea \u201creparada\u201d y\nreformada, por su naturaleza misma no puede funcionar en inter\u00e9s de\nla mayor\u00eda de la poblaci\u00f3n del mundo de hoy. Las reformas nunca\npueden alterar la relaci\u00f3n de explotaci\u00f3n b\u00e1sica del trabajo\nasalariado con el capital, o sea la producci\u00f3n para obtener una\nganancia. El capitalismo nunca podr\u00eda subsistir sin explotaci\u00f3n ni\nb\u00fasqueda de ganancias. Cualesquiera que sean las intenciones de los\nreformistas, los socialistas reconocen la futilidad de sus esfuerzos\ny enfocan su trabajo s\u00f3lo a la abolici\u00f3n completa del capitalismo.\nEl Partido Socialista Mundial no lucha por reformar el capitalismo:\ns\u00f3lo por el socialismo. \n<\/p>\n\n\n\n<ul class=\"wp-block-list\"><li>&nbsp;Estoy\n\t\tde acuerdo. \n\t\t\n\t<\/li><li>No estoy de acuerdo. <br>\n&nbsp;Por qu\u00e9 pienso as\u00ed:\n\t<\/li><\/ul>\n\n\n\n<p>: \n<\/p>\n\n\n\n<p>&nbsp;3) Los partidos reformistas El\nPartido Socialista Mundial se opone a todos los partidos u\norganizaciones que no desean el logro del Socialismo mundial. No\npodemos sino estar en contra de esos partidos que de una u otra\nmanera apoyan el sistema presente. Nuestro prop\u00f3sito principal es\nhacer socialistas, no defender el uso del voto para tan s\u00f3lo por\nalgo que se aproxime al socialismo. \n<\/p>\n\n\n\n<ul class=\"wp-block-list\"><li>&nbsp;Estoy\n\t\tde acuerdo. \n\t\t\n\t<\/li><li>No estoy de acuerdo. <br>\n&nbsp;Por qu\u00e9 pienso as\u00ed: \n\t\t\n\t<\/li><\/ul>\n\n\n\n<p>&nbsp;4) Capitalismo de Estado Las\nvarias formas de llamados gobiernos \u201ccomunistas\u201d (como el de la\nantigua Uni\u00f3n Sovi\u00e9tica, China, Cuba, etc.), y los gobiernos\n\u201csocialistas\u201d (como los que se encuentran en Europa) no fueron y\nno son socialismo. \u201cGobierno socialista\u201d es un ox\u00edmoron (es\ndecir, algo contradictorio en s\u00ed mismo) de primer orden. Todos los\nestados, del pasado y del presente, que se han llamado a s\u00ed mismos\nsocialistas no son m\u00e1s que sistemas en que el estado mantiene en\ndiversos grados el control de los medios de producci\u00f3n. Justifican\nsu existencia con la noci\u00f3n err\u00f3nea de que el estado es algo as\u00ed\ncomo una extensi\u00f3n del poder de la clase laboral. En esos pa\u00edses,\ncomo en Estados Unidos, los bienes y los servicios no fueron y no son\nproducidos ante todo para el uso. Adem\u00e1s. Adem\u00e1s, la\nnacionalizaci\u00f3n y la \u201cpropiedad\u201d gubernamental de la industria\nno alteran en lo fundamental la relaci\u00f3n de trabajo asalariado y\ncapital. La clase burocr\u00e1tica que controla esta forma del estado\nsigue siendo una clase parasitaria que se alimenta de la plusval\u00eda\nproducida por el trabajo del obrero. \n<\/p>\n\n\n\n<ul class=\"wp-block-list\"><li>&nbsp;Estoy\n\t\tde acuerdo. \n\t\t\n\t<\/li><li>No estoy de acuerdo. <br>\n&nbsp;Por qu\u00e9 pienso as\u00ed: \n\t\t\n\t<\/li><\/ul>\n\n\n\n<p>&nbsp;5) El trabajo organizado El\nsindicalismo es meramente la instituci\u00f3n mediante la cual los\ntrabajadores asalariados y a sueldo tratan por diversos medios de\nvender sus capacidades de trabajar al mejor precio posible y de\nmejorar sus condiciones de trabajo. De ah\u00ed que no sea el mejor\ninstrumento para terminar con el conflicto de clases. Los sindicatos\ndeben trabajar en el marco del capitalismo y, por lo tanto, su\neficacia es muy limitada. No pueden alterar la relaci\u00f3n fundamental\nentre el trabajo asalariado y el capital. Lo mejor ser\u00e1 que los\nobreros luchen por abolir tambi\u00e9n el empleo.<br>\n&nbsp; \n<\/p>\n\n\n\n<ul class=\"wp-block-list\"><li>&nbsp;Estoy\n\t\tde acuerdo. \n\t\t\n\t<\/li><li>No estoy de acuerdo. <br>\n&nbsp;Por qu\u00e9 pienso as\u00ed: \n\t\t\n\t<\/li><\/ul>\n\n\n\n<p>&nbsp;6) El liderazgo El Partido\nSocialista Mundial rechaza la teor\u00eda pol\u00edtica del liderazgo. Ni los\n\u201cgrandes\u201d hombres ni las se\u00f1aladas por ellas mismas como\n\u201cvanguardias\u201d pueden acortar ni un s\u00f3lo d\u00eda la implantaci\u00f3n\ndel socialismo. La emancipaci\u00f3n de la clase obrera tiene que ser\nobra de la propia clase obrera. Educadores que expliquen el\nsocialismo, \u00a1s\u00ed! Que la administraci\u00f3n cumpla con la voluntad de\nla mayor\u00eda, \u00a1s\u00ed! Pero l\u00edderes o vanguardias, \u00a1nunca! \n<\/p>\n\n\n\n<ul class=\"wp-block-list\"><li>&nbsp;Estoy\n\t\tde acuerdo. \n\t\t\n\t<\/li><li>No estoy de acuerdo. <br>\n&nbsp;Por qu\u00e9 pienso as\u00ed: <br>\n<br>\n<br>\n\n\t\t\n\t<\/li><\/ul>\n\n\n\n<p>&nbsp;7) El materialismo hist\u00f3rico El\npunto de vista socialista se funda s\u00f3lidamente en la concepci\u00f3n\nmaterialista de la historia, un modo de ver la vida que se concentra\nen la forma como las comunidades satisfacen sus necesidades de\nsupervivencia reales, produciendo lo que necesitan para vivir (en\notras palabras, sus sistemas econ\u00f3micos). De este proceso el cerebro\nhumano forma sus ideas, que terminan por ejercer su propia influencia\nen el ciclo, haciendo que vaya ganando complejidad a medida que\nevoluciona la sociedad. Este enfoque, conocido como materialismo\nhist\u00f3rico, es un m\u00e9todo cient\u00edfico para ayudar a entender c\u00f3mo y\npor qu\u00e9 el capitalismo hace lo que hace. Armados con esta\ncomprensi\u00f3n, los socialistas se dan cuenta de que el capitalismo\nnunca distribuye los productos para la mayor\u00eda de la gente. Con\notros enfoques, que carecen de este punto de mira y pasan por alto la\nbase de la sociedad capitalista, es f\u00e1cil errar el blanco, de modo\nque sus seguidores se atascar\u00e1n en vanos esfuerzos por hacer que el\ncapitalismo trabaje para la mayor\u00eda.&nbsp;<\/p>\n\n\n\n<ul class=\"wp-block-list\"><li>&nbsp;Estoy\n\t\tde acuerdo. \n\t\t\n\t<\/li><li>No estoy de acuerdo. <br>\n&nbsp;Por qu\u00e9 pienso as\u00ed: \n\t\t\n\t<\/li><\/ul>\n\n\n\n<p>&nbsp;8) Explicaciones sobrenaturales\nLos socialistas sostienen que las explicaciones materialistas de la\nsociedad humana y el resto de la naturaleza invalidan las\nsobrenaturales. Una perspectiva religiosa no le impedir\u00e1\nnecesariamente a nadie luchar por abolir el capitalismo y sus males,\ny los elementos \u00e9ticos de las ense\u00f1anzas religiosas incluso pueden\nhacer mucha gente se percate de las injusticias de la sociedad\ndividida en clases. Pero por s\u00ed solas no llevar\u00e1n a entender las\ncausas de tales injusticias. (Muy frecuentemente, las propias\ninstituciones religiosas las justificar\u00e1n y cometer\u00e1n.) La\nperspectiva del mundo socialista es en todo caso post religiosa,\nporque la causa del socialismo est\u00e1 cimentada en testimonios\ncient\u00edficos. Por lo tanto, los socialistas saben que son obsoletas\nlas explicaciones sobrenaturales.<\/p>\n\n\n\n<ul class=\"wp-block-list\"><li>&nbsp;Estoy\n\t\tde acuerdo. \n\t\t\n\t<\/li><li>No estoy de acuerdo. <br>\n&nbsp;Por qu\u00e9 pienso as\u00ed: \n\t\t\n\t<\/li><\/ul>\n\n\n\n<p><strong>COMENTARIOS DEL\nSOLICITANTE<\/strong><\/p>\n\n\n\n<p>&nbsp;Por favor ampl\u00ede sus comentarios\no exprese sus reservas a las declaraciones anteriores. Si es\nnecesario utilice otra hoja en blanco. Su firma, abajo, indicar\u00e1 que\nest\u00e1 usted de acuerdo y que desea pertenecer al Partido Socialista\nMundial. Por favor llene con letra legible la secci\u00f3n siguiente.\nEsta informaci\u00f3n no saldr\u00e1 del PSM (EU) a no ser con la\nautorizaci\u00f3n del solicitante.<\/p>\n\n\n\n<p>Firma\n_____________________________________ \n<\/p>\n\n\n\n<p>Tel\u00e9fono\n_____________________________________ \n<\/p>\n\n\n\n<p>Direcci\u00f3n-de-correo-electr\u00f3nico<br>\n___________________________________________\n<\/p>\n\n\n\n<p>Direcci\u00f3n-o-apartado-postal<br>\n____________________________________________\n<br>\nCiudad, Estado y C\u00f3digo \n<\/p>\n\n\n\n<p>Postal\n(ZIP)_________________________________ \n<\/p>\n\n\n\n<p>P\u00f3nganse en contacto conmigo por q\ncorreo q email q tel\u00e9fono ___________________________________\n___________________________ \n<\/p>\n\n\n\n<p>Admitido por (Sec\u2019y)&nbsp;<\/p>\n\n\n\n<p>Fecha de admisi\u00f3n \n<\/p>\n\n\n\n<p>Fecha de\nnacimiento*<br>\n______________________________________<\/p>\n\n\n\n<p>&nbsp;*Esta informaci\u00f3n no afectar\u00e1\nde ninguna manera las posibilidades de admisi\u00f3n del solicitante;\ns\u00f3lo se le pide para facilitar la interacci\u00f3n con \u00e9l o con ella.\nEl Partido Socialista Mundial se reserva el derecho de realizar una\nentrevista con el solicitante.<\/p>\n","protected":false},"excerpt":{"rendered":"<p>El Partido Socialista Mundial de Estados Unidos, como partido solidario del Movimiento Socialista Mundial, est\u00e1 comprometido con la abolici\u00f3n inmediata del capitalismo y con el establecimiento de una forma de sociedad socialista, verdaderamente democr\u00e1tica. Consecuentemente, pertenecer al Partido Socialista Mundial requiere de una comprensi\u00f3n general de los principios del socialismo y estar de acuerdo con&#8230;<\/p>\n","protected":false},"author":1,"featured_media":0,"parent":0,"menu_order":0,"comment_status":"closed","ping_status":"closed","template":"","meta":{"magazine_newspaper_sidebar_layout":"","footnotes":""},"class_list":["post-1839","page","type-page","status-publish","hentry"],"_links":{"self":[{"href":"https:\/\/www.worldsocialism.org\/wsm\/wp-json\/wp\/v2\/pages\/1839","targetHints":{"allow":["GET"]}}],"collection":[{"href":"https:\/\/www.worldsocialism.org\/wsm\/wp-json\/wp\/v2\/pages"}],"about":[{"href":"https:\/\/www.worldsocialism.org\/wsm\/wp-json\/wp\/v2\/types\/page"}],"author":[{"embeddable":true,"href":"https:\/\/www.worldsocialism.org\/wsm\/wp-json\/wp\/v2\/users\/1"}],"replies":[{"embeddable":true,"href":"https:\/\/www.worldsocialism.org\/wsm\/wp-json\/wp\/v2\/comments?post=1839"}],"version-history":[{"count":0,"href":"https:\/\/www.worldsocialism.org\/wsm\/wp-json\/wp\/v2\/pages\/1839\/revisions"}],"wp:attachment":[{"href":"https:\/\/www.worldsocialism.org\/wsm\/wp-json\/wp\/v2\/media?parent=1839"}],"curies":[{"name":"wp","href":"https:\/\/api.w.org\/{rel}","templated":true}]}}