{"id":1834,"date":"2019-04-25T23:19:21","date_gmt":"2019-04-25T22:19:21","guid":{"rendered":"https:\/\/wsm.prolerat.org\/?page_id=1834"},"modified":"2025-08-31T21:27:04","modified_gmt":"2025-08-31T20:27:04","slug":"sentando-los-fundamentos","status":"publish","type":"page","link":"https:\/\/www.worldsocialism.org\/wsm\/sentando-los-fundamentos\/","title":{"rendered":"Trabajadores en contra de Lenin"},"content":{"rendered":"\r\n<p>\r\n<strong>Workers against Lenin. Labour Protest and the\r\nBolshevik Dictatorship 1920-22. By Jonathan Aves. IB\r\nTaurus.<\/strong><br>\r\n<strong><br>\r\n[Trabajadores en contra de Lenin. La\r\nprotesta de los obreros, y&nbsp; la Dictadura de los Bolcheviques,&nbsp;\r\n1920-22. Aves de Jonathan ]<\/strong><br>\r\n<br>\r\n<br>\r\nUn tal&nbsp;\r\nllamado&nbsp; Estado Obrero que oprime a los trabajadores no fue&nbsp;\r\nuna cuesti\u00f3n&nbsp;&nbsp; que ocurri\u00f3 solamente durante el periodo\r\nde Stalin. Tambi\u00e9n aconteci\u00f3 durante&nbsp; el liderazgo de Vladimir\r\nLenin y&nbsp; Le\u00f3n Trotsky, de hecho,&nbsp; ellos fueron&nbsp; los\r\nque sentaron las bases para que&nbsp; la dictadura Estalinista se\r\nreforzara m\u00e1s tarde.<br>\r\n<br>\r\n<br>\r\nEn el&nbsp; 1920 la Guerra\r\nCivil&nbsp; hab\u00eda terminado,&nbsp; y las potencias occidentales\r\nhab\u00edan levantado el embargo que hab\u00edan impuesto en contra de Rusia.\r\nLos trabajadores&nbsp; hab\u00edan sufrido terriblemente&nbsp; la escasez\r\nde alimentos y de&nbsp; combustibles,&nbsp; y&nbsp; hab\u00edan vivido\r\nla&nbsp; f\u00e9rrea&nbsp; disciplina impuesta en los centros de trabajo,\r\ny&nbsp; esperaban que despu\u00e9s de&nbsp; este periodo&nbsp; sus\r\ncondiciones iban a mejorar. El gobierno bolchevique, sin embargo, no\r\ncreo medidas inmediatas para satisfacer las aspiraciones de los\r\ntrabajadores en ese sentido. El resultado motivo una enorme&nbsp; ola\r\nde descontento entre los trabajadores&nbsp; que duraron&nbsp; hasta\r\nel 1922,&nbsp; y&nbsp; es basado en estos acontecimientos que\r\nJonathan Aves analiza en detalle su libro, tomando como base los&nbsp;\r\ninformes de la prensa y&nbsp; materiales de archivo.<br>\r\n<br>\r\n<br>\r\nAl\r\nllegar el periodo de paz&nbsp; se dio un debate en el Partido\r\nbolchevique en&nbsp; c\u00f3mo bregar con los obreros. Trotsky, rebosante\r\nde sus \u00e9xitos como comandante en jefe y comisario del Ej\u00e9rcito\r\nRojo, fue el que m\u00e1s se destaco en irse&nbsp; a favor de la\r\nmilitarizaci\u00f3n de los obrero, lo cual significaba que el que se\r\nausentaba de los centros de trabajo ser\u00eda considerado&nbsp; como\r\nacto de deserci\u00f3n, y las huelgas serian consideradas&nbsp; como&nbsp;\r\nmotines, y los transgresores&nbsp; serian&nbsp; castigados de acuerdo\r\ncon los t\u00e9rminos de el c\u00f3digo&nbsp; de disciplina militar. Lenin\r\nque era&nbsp; m\u00e1s flexible;&nbsp; quer\u00eda mantener la dictadura\r\nbolchevique a toda costa, y estaba dispuesto a hacer algunas\r\nconcesiones a los trabajadores para lograr su objetivo. Otro grupo,\r\nconocido como los &#8220;trabajadores&#8221; de oposici\u00f3n &#8220;,\r\ncompuesto en gran parte de los sindicalistas bolcheviques, fueron&nbsp;\r\nm\u00e1s favorables a las demandas de los trabajadores.<br>\r\n<br>\r\n<br>\r\nLos\r\ntrabajadores rusos en ese momento ten\u00edan&nbsp; muchas quejas. Ellos&nbsp;\r\nse opusieron a que no&nbsp; se les dieran&nbsp;&nbsp; tiempo libre\r\npara buscar alimentos y madera en el campo. Ellos se opusieron a\r\ntener que trabajar horas extraordinarias no remuneradas obligatorias\r\nen fiestas tradicionales, incluso en el d\u00eda primero de mayo. Ellos\r\nse opusieron a que los&nbsp; sindicatos fueran tomados por los\r\nBolcheviques, y fueran convertidas&nbsp; en \u00f3rganos de gesti\u00f3n o de\r\ncontrol administrado por el partido, se opusieron a la&nbsp;\r\ndisciplina en los centros de trabajo, y obligarlos a acelerar la\r\nproducci\u00f3n. En una serie de lugares&nbsp; se declararon en huelga y\r\neligieron a sus representantes, lo cuales no eran Bolcheviques, pero\r\neran&nbsp; anti-zarista, como los&nbsp; Mencheviques y los\r\nanarquistas.<br>\r\n<br>\r\n<br>\r\nLenin no estaba satisfecho. Las huelgas\r\nfueron reprimidas. Muchos de los huelguistas fueron enviados a campos\r\nde trabajo forzados. Algunos fueron fusilados. Algunas concesiones&nbsp;\r\nno fueron finalmente hechas&nbsp; hasta el 1921 cuando Lenin anunci\u00f3\r\nen&nbsp; el decimo&nbsp;&nbsp; Congreso del partido Bolchevique un\r\nnuevo plan econ\u00f3mico,&nbsp; que entre otras cosas, permit\u00eda&nbsp; a\r\nlos campesinos operar de nuevos sus&nbsp;&nbsp; mercados locales,&nbsp;\r\nlugares donde tradicionalmente los trabajadores compraban sus\r\nalimentos con anterioridad.<br>\r\n<br>\r\n<br>\r\nPero hab\u00eda un precio &#8211;\r\nla represi\u00f3n de los pocos vestigios del sindicalismo independiente\r\nque hab\u00edan&nbsp; logrado sobrevivir a los primeros a\u00f1os de la\r\ndictadura bolchevique. Los sindicatos fueron&nbsp; incorporados bajo\r\nel control del estado, de hecho, dejaron&nbsp; de ser sindicatos, se\r\nconvirtieron en&nbsp; \u00f3rganos estatales,&nbsp; similares a los&nbsp;\r\nFrente Laborales de&nbsp; Hitler&nbsp; que fueron m\u00e1s tarde\r\nestablecidos&nbsp; en Alemania. Todas estas cuestiones que se han\r\nse\u00f1alado, ocurrieron durante el tiempo de Lenin y Trotsky, y no\r\nfueron el producto posterior del &#8220;estalinismo&#8221;. Los\r\ndirigentes&nbsp; Menchevique&nbsp; se vieron obligados a exiliarse.\r\nLos &#8220;trabajadores&#8221; de oposici\u00f3n &#8220;- y todos los dem\u00e1s&#8221;\r\ngrupos&nbsp; &#8220;- dentro del&nbsp; partido bolchevique fueron&nbsp;\r\nprohibidos, por lo que se estableci\u00f3&nbsp; el principio de&#8221; la\r\nunidad monol\u00edtica &#8221; y&nbsp; la pr\u00f3xima v\u00edctima iba a ser uno\r\nde sus principales arquitectos. Le\u00f3n. Trotsky.<br>\r\n<br>\r\n<br>\r\nDesde\r\nel punto de vista socialista&nbsp; los bolcheviques hab\u00edan&nbsp;\r\nllegado a situarse ellos mismos&nbsp; en una posici\u00f3n imposible.\r\nHabiendo&nbsp; tomado el poder como una minor\u00eda,&nbsp; en un pa\u00eds\r\ndonde el socialismo no era&nbsp; posible ser establecido por muchas&nbsp;\r\nrazones (el atraso econ\u00f3mico, el aislamiento del resto del mundo, la\r\nfalta de una voluntad mayoritaria por el socialismo), no ten\u00edan otra\r\nalternativa que hacer la \u00fanica cuesti\u00f3n&nbsp; posible: continuar\r\ndesarrollando el capitalismo.<br>\r\n<br>\r\n<br>\r\nLos bolcheviques se\r\nencontraron ellos mismos&nbsp; en la&nbsp;&nbsp; posici\u00f3n de tener\r\nque presidir y de&nbsp; organizar &#8211; la acumulaci\u00f3n original de\r\ncapitales. Pero, como acumulaci\u00f3n capitalista es el producto de la\r\nplusval\u00eda, o el excedente obtenido&nbsp; mediante la explotaci\u00f3n\r\ndel trabajo asalariado -, esto&nbsp; coloco a los Bolcheviques&nbsp;\r\nen conflictos con los mismos&nbsp; trabajadores, los cuales&nbsp; por\r\nigual e inevitablemente, trataron&nbsp; de evitar ser explotados. Los\r\nbolcheviques se opusieron y reprimieron&nbsp; las luchas de los\r\ntrabajadores justificando sus acciones&nbsp; bas\u00e1ndose en la excusa\r\nde que ellos&nbsp; (los bolcheviques) representaban a largo plazo los\r\nintereses de los trabajadores. Pero \u00bfen realidad,&nbsp; era&nbsp;\r\ncierto?<br>\r\n<br>\r\n<br>\r\nCiertamente, alegaban&nbsp; que actuaban&nbsp;\r\npara promover la causa del socialismo, pero cuando&nbsp; Marx\r\nformulo&nbsp; su concepci\u00f3n materialista de la historia,&nbsp; hab\u00eda\r\nse\u00f1alado que no se debe juzgar un movimiento hist\u00f3rico por&nbsp; lo\r\nque dice \u2013 sino por lo que hace, y&nbsp; por lo que objetivamente&nbsp;\r\nhizo. Y objetivamente los bolcheviques lo que hicieron fue\r\ndesarrollar el capitalismo en Rusia de la misma manera que el&nbsp;\r\npropio Lenin en sus momentos m\u00e1s honesto hab\u00eda&nbsp; llamado\r\ncapitalismo de Estado.<\/p>\r\n","protected":false},"excerpt":{"rendered":"<p>Workers against Lenin. Labour Protest and the Bolshevik Dictatorship 1920-22. By Jonathan Aves. IB Taurus. [Trabajadores en contra de Lenin. La protesta de los obreros, y&nbsp; la Dictadura de los Bolcheviques,&nbsp; 1920-22. Aves de Jonathan ] Un tal&nbsp; llamado&nbsp; Estado Obrero que oprime a los trabajadores no fue&nbsp; una cuesti\u00f3n&nbsp;&nbsp; que ocurri\u00f3 solamente durante el&#8230;<\/p>\n","protected":false},"author":1,"featured_media":0,"parent":0,"menu_order":0,"comment_status":"closed","ping_status":"closed","template":"","meta":{"magazine_newspaper_sidebar_layout":"","footnotes":""},"class_list":["post-1834","page","type-page","status-publish","hentry"],"_links":{"self":[{"href":"https:\/\/www.worldsocialism.org\/wsm\/wp-json\/wp\/v2\/pages\/1834","targetHints":{"allow":["GET"]}}],"collection":[{"href":"https:\/\/www.worldsocialism.org\/wsm\/wp-json\/wp\/v2\/pages"}],"about":[{"href":"https:\/\/www.worldsocialism.org\/wsm\/wp-json\/wp\/v2\/types\/page"}],"author":[{"embeddable":true,"href":"https:\/\/www.worldsocialism.org\/wsm\/wp-json\/wp\/v2\/users\/1"}],"replies":[{"embeddable":true,"href":"https:\/\/www.worldsocialism.org\/wsm\/wp-json\/wp\/v2\/comments?post=1834"}],"version-history":[{"count":2,"href":"https:\/\/www.worldsocialism.org\/wsm\/wp-json\/wp\/v2\/pages\/1834\/revisions"}],"predecessor-version":[{"id":5382,"href":"https:\/\/www.worldsocialism.org\/wsm\/wp-json\/wp\/v2\/pages\/1834\/revisions\/5382"}],"wp:attachment":[{"href":"https:\/\/www.worldsocialism.org\/wsm\/wp-json\/wp\/v2\/media?parent=1834"}],"curies":[{"name":"wp","href":"https:\/\/api.w.org\/{rel}","templated":true}]}}