{"id":1829,"date":"2019-04-25T23:08:42","date_gmt":"2019-04-25T22:08:42","guid":{"rendered":"https:\/\/wsm.prolerat.org\/?page_id=1829"},"modified":"2019-04-25T23:08:42","modified_gmt":"2019-04-25T22:08:42","slug":"que-fue-el-fascismo","status":"publish","type":"page","link":"https:\/\/www.worldsocialism.org\/wsm\/que-fue-el-fascismo\/","title":{"rendered":"\u00bfQue fue el Fascismo ?"},"content":{"rendered":"\n<p>\nEl fascismo fue b\u00e1sicamente una forma extrema que adopto el\nNacionalismo en Italia y Alemania, por razones espec\u00edficas, dada la\nparticularidad hist\u00f3rica de esos estados capitalistas, ocurrido\ndurante&nbsp; el periodo del siglo xx entre dos guerras\nmundiales.<br>\n<br>\nEl Fascismo se origin\u00f3 en Italia en el 19119\ncuando Mussolini estableci\u00f3 los \u201cfascisti di combatitimento\u201d,\nllamados as\u00ed en relaci\u00f3n a las unidades militares del Imperio\nRomano.&nbsp; M\u00e1s tarde la palabra fue usada a algo similar al\nmovimiento nacionalista extremo en Alemania, aunque ellos se\ndescrib\u00edan como socialistas-nacionalista (Nazis) en vez de\nFascistas. <br>\n<br>\nAmbos movimientos ganaron el control del poder\npol\u00edtico y no menos constitucional, en Italia en el 1922 y en\nAlemania en el 1933, y procedieron a establecer la dictadura del\npartido \u00fanico con organizaciones de masas para unir a la poblaci\u00f3n\ny predicar que todos los miembros de una naci\u00f3n tienen intereses\ncomunes. El Fascismo\/Nazismo fue implacablemente opuesto por el\nNazismo debido a el mismo&nbsp; ultimo aboga por el internacionalismo\nand aboga por la lucha de clase dentro de las nacionesAnalizando este\nnuevo fen\u00f3meno, el cual representa la retrogresi\u00f3n pol\u00edtica\ncomparado como Marx y los Marxistas hasta la Primera Guerra Mundial\nhab\u00edan visto el desarrollos de las cosas (Democracia pol\u00edtica luego\nsocialismo) era un desaf\u00edo para aquellos que se llamaban a s\u00ed\nmismos como Marxistas. <br>\n<br>\nComo ellos enfrentaron este\ndesaf\u00edo es como el libro de Renton describe esta situaci\u00f3n. Bien\nescrito y f\u00e1cil de entender, pero sufre de los defectos de su autor\ndebido a que es un miembro del Partido Socialista Mundial ( de origen\nTrotskista ), quien ve a Trotsky como un brillante pensador pol\u00edtico.\nPero, Trotsky fue descalificado como un personaje \u00fatil para\ncontribuir a el debate sobre el Fascismo, aunque \u00e9l no era racista,\nel favoreci\u00f3 la dictadura del partido \u00fanico<br>\n<br>\nEl SWP (\nPartido Socialista Mundial, no es el WSM ) hace campa\u00f1a en contra de\nlos grupos fascista que existen hoy en d\u00eda como unas de sus\nprioridades, ut debido a que el Fascismo es una forma extrema del\ndesarrollo del&nbsp; nacionalismo ellos tambi\u00e9n deber\u00edan abogar una\ncampa\u00f1a en contra del nacionalismo, Pero ellos no hacen esto, ellos\napoyan el llamado derecho de las naciones por la auto-determinaci\u00f3n,\nuna doctrina la cual acepta el mito de las naciones, lo cual provee\namuniciones ideol\u00f3gicas para justificar las limpiezas \u00e9tnicas de\nmiembros de otras naciones viviendo en el territorio de una\nnaci\u00f3n<br>\n<br>\n<strong>An\u00e1lisis del libro de Renton hecho<\/strong><br>\n<strong>Por\nel Partido Socialista de Gran Breta\u00f1a<\/strong><\/p>\n","protected":false},"excerpt":{"rendered":"<p>El fascismo fue b\u00e1sicamente una forma extrema que adopto el Nacionalismo en Italia y Alemania, por razones espec\u00edficas, dada la particularidad hist\u00f3rica de esos estados capitalistas, ocurrido durante&nbsp; el periodo del siglo xx entre dos guerras mundiales. El Fascismo se origin\u00f3 en Italia en el 19119 cuando Mussolini estableci\u00f3 los \u201cfascisti di combatitimento\u201d, llamados as\u00ed&#8230;<\/p>\n","protected":false},"author":1,"featured_media":0,"parent":0,"menu_order":0,"comment_status":"open","ping_status":"closed","template":"","meta":{"magazine_newspaper_sidebar_layout":"","footnotes":""},"class_list":["post-1829","page","type-page","status-publish","hentry"],"_links":{"self":[{"href":"https:\/\/www.worldsocialism.org\/wsm\/wp-json\/wp\/v2\/pages\/1829","targetHints":{"allow":["GET"]}}],"collection":[{"href":"https:\/\/www.worldsocialism.org\/wsm\/wp-json\/wp\/v2\/pages"}],"about":[{"href":"https:\/\/www.worldsocialism.org\/wsm\/wp-json\/wp\/v2\/types\/page"}],"author":[{"embeddable":true,"href":"https:\/\/www.worldsocialism.org\/wsm\/wp-json\/wp\/v2\/users\/1"}],"replies":[{"embeddable":true,"href":"https:\/\/www.worldsocialism.org\/wsm\/wp-json\/wp\/v2\/comments?post=1829"}],"version-history":[{"count":0,"href":"https:\/\/www.worldsocialism.org\/wsm\/wp-json\/wp\/v2\/pages\/1829\/revisions"}],"wp:attachment":[{"href":"https:\/\/www.worldsocialism.org\/wsm\/wp-json\/wp\/v2\/media?parent=1829"}],"curies":[{"name":"wp","href":"https:\/\/api.w.org\/{rel}","templated":true}]}}