{"id":1819,"date":"2019-04-25T22:53:49","date_gmt":"2019-04-25T21:53:49","guid":{"rendered":"https:\/\/wsm.prolerat.org\/?page_id=1819"},"modified":"2025-09-02T16:07:01","modified_gmt":"2025-09-02T15:07:01","slug":"por-que-las-utilidades-tienen-prioridad","status":"publish","type":"page","link":"https:\/\/www.worldsocialism.org\/wsm\/por-que-las-utilidades-tienen-prioridad\/","title":{"rendered":"\u00bfPor qu\u00e9 las ganancias tienen prioridad?"},"content":{"rendered":"\r\n\r\n<p>As\u00ed los partidarios como los opositores del sistema capitalista concuerdan en un punto: la importancia central de las ganancias para la manera como el sistema opera. Veamos, pues, qu\u00e9 son las ganancias y por qu\u00e9 tienen prioridad.<\/p>\r\n\r\n<p><strong>\u00bfQu\u00e9 es la ganancia?<\/strong><\/p>\r\n<p>En su mayor parte la producci\u00f3n para el mercado est\u00e1 organizada actualmente no por par-ticulares sino por empresas de negocios de una u otra clase. Esto representa un cambio desde la \u00e9poca en que vivieron muchos de los defensores del sistema de mercado, como Adam Smith. El objetivo de estos negocios, ya grandes, ya peque\u00f1os, sean pose\u00eddos por accionistas o por el estado, es llevar al m\u00e1ximo el rendimiento del capital invertido en ellas.<\/p>\r\n\r\n<p>Este \u201crendimiento\u201d es la <em>ganancia<\/em>. En sus t\u00e9rminos m\u00e1s simples, este beneficio es la diferencia entre el dinero que un negocio obtiene de la venta de sus productos y el dinero que tiene que gastar en producirlos. La <em>tasa de ganancia<\/em> es la cantidad de ganancias obtenidas durante un per\u00edodo dado, normalmente un a\u00f1o, expresada como porcentaje del valor monetario de los activos del negocio al principio del periodo.<\/p>\r\n\r\n<p><strong>La competencia en curso<\/strong><\/p>\r\n<p>La b\u00fasqueda de ganancia no es asunto de la avaricia de los que hacen marchar un negocio. Al contrario, es un imperativo impuesto por las presiones del mercado. Todos los negocios que pertenecen a una particular rama de la producci\u00f3n est\u00e1n en competencia unos con otros con la finalidad de vender sus productos. Esta batalla la ganar\u00e1n las empresas que puedan proporcionar una mercanc\u00eda equivalente al precio m\u00e1s bajo. <\/p>\r\n\r\n<p>Para tal fin el asunto primordial es tener mejor tecnolog\u00eda: m\u00e1quinas de mayor rendimiento y mejores procedimientos de producci\u00f3n que permitan producir la misma mercanc\u00eda a un costo menor. La medida en que una empresa pueda instalar tal maquinaria y adoptar tales procedimientos depende de la cantidad de ganancias que obtenga. De este modo las fuerzas del mercado obligan al empresario a buscar las m\u00e1ximas ganancias y luego a invertir de ellas el monto que le permita mejorar y expandir su capacidad productiva. <\/p>\r\n\r\n<p><strong>Nivelaci\u00f3n<\/strong><\/p>\r\n<p>En el \u00e1mbito de la econom\u00eda en su conjunto las fuerzas del mercado tienden a ocasionar una nivelaci\u00f3n de la tasa de ganancia en todas las ramas de la producci\u00f3n. Si en cierta rama de la industria se est\u00e1 logrando una tasa superior esta rama tender\u00e1 a atraer hacia ella m\u00e1s capital, con lo que la producci\u00f3n aumentar\u00e1 y el suministro extra har\u00e1 que los precios caigan, de lo que resultar\u00e1 que la tasa de ganancia retroceder\u00e1 al promedio o nivel \u201cnormal\u201d. Si, por un lado, la tasa de ganancia es inferior al promedio algo de capital tender\u00e1 a salir de esa rama de la producci\u00f3n y \u00e9sta descender\u00e1. El menor suministro impulsar\u00e1 los precios hacia arriba y la tasa de ganancia tender\u00e1 a elevarse hasta el nivel promedio.<\/p> \r\n","protected":false},"excerpt":{"rendered":"<p>As\u00ed los partidarios como los opositores del sistema capitalista concuerdan en un punto: la importancia central de las ganancias para la manera como el sistema opera. Veamos, pues, qu\u00e9 son las ganancias y por qu\u00e9 tienen prioridad. \u00bfQu\u00e9 es la ganancia? En su mayor parte la producci\u00f3n para el mercado est\u00e1 organizada actualmente no por&#8230;<\/p>\n","protected":false},"author":1,"featured_media":0,"parent":0,"menu_order":0,"comment_status":"open","ping_status":"closed","template":"","meta":{"magazine_newspaper_sidebar_layout":"","footnotes":""},"class_list":["post-1819","page","type-page","status-publish","hentry"],"_links":{"self":[{"href":"https:\/\/www.worldsocialism.org\/wsm\/wp-json\/wp\/v2\/pages\/1819","targetHints":{"allow":["GET"]}}],"collection":[{"href":"https:\/\/www.worldsocialism.org\/wsm\/wp-json\/wp\/v2\/pages"}],"about":[{"href":"https:\/\/www.worldsocialism.org\/wsm\/wp-json\/wp\/v2\/types\/page"}],"author":[{"embeddable":true,"href":"https:\/\/www.worldsocialism.org\/wsm\/wp-json\/wp\/v2\/users\/1"}],"replies":[{"embeddable":true,"href":"https:\/\/www.worldsocialism.org\/wsm\/wp-json\/wp\/v2\/comments?post=1819"}],"version-history":[{"count":2,"href":"https:\/\/www.worldsocialism.org\/wsm\/wp-json\/wp\/v2\/pages\/1819\/revisions"}],"predecessor-version":[{"id":5449,"href":"https:\/\/www.worldsocialism.org\/wsm\/wp-json\/wp\/v2\/pages\/1819\/revisions\/5449"}],"wp:attachment":[{"href":"https:\/\/www.worldsocialism.org\/wsm\/wp-json\/wp\/v2\/media?parent=1819"}],"curies":[{"name":"wp","href":"https:\/\/api.w.org\/{rel}","templated":true}]}}