{"id":1814,"date":"2019-04-25T22:48:25","date_gmt":"2019-04-25T21:48:25","guid":{"rendered":"https:\/\/wsm.prolerat.org\/?page_id=1814"},"modified":"2025-09-28T08:16:49","modified_gmt":"2025-09-28T07:16:49","slug":"nacion-o-clase","status":"publish","type":"page","link":"https:\/\/www.worldsocialism.org\/wsm\/nacion-o-clase\/","title":{"rendered":"\u00bfNaci\u00f3n o Clase?"},"content":{"rendered":"\r\n<p> El nacionalismo ha sido siempre uno de los grandes venenos para la clase trabajadora. Ha servido para dividir a los trabajadores entre distintos estados nacionales, no s\u00f3lo de modo literal, sino ideol\u00f3gicamente. Hoy en d\u00eda, probablemente sea justo decir que una mayor\u00eda de los trabajadores \u2013en mayor o menor medida- se alinean a nivel dom\u00e9stico con sus respectivas clases dominantes. Despu\u00e9s de todo, la ideolog\u00eda del nacionalismo significa, en ultima instancia, que trabajadores y capitalistas que viven en un \u00e1rea geogr\u00e1fica particular, deben tener un inter\u00e9s com\u00fan.<br> <br> As\u00ed como en la mayor\u00eda de los mitos, hay algo de verdad en esto. Normalmente, un lenguaje com\u00fan es compartido, y, de modo superficial, por lo menos, una \u201ccultura\u201d en com\u00fan puede ser definida. Sin embargo, si uno investiga un poco m\u00e1s profundamente, un an\u00e1lisis tal no puede sostenerse. Los socialistas argumentamos que la sociedad mundial puede partirse entre dos grandes clases: capitalistas y trabajadores. M\u00e1s all\u00e1 de que muchos trabajadores encuentren dif\u00edcil el comunicarse, y de entenderse los unos a los otros a ra\u00edz de las barreras idiom\u00e1ticas o culturales, esto no altera el hecho de que todos son parte de una masa global explotada, que tiene m\u00e1s en com\u00fan el uno con el otro, que con sus jefes nativos.<br> <br> Un popular mito respecto del nacionalismo, es que \u00e9l es sin\u00f3nimo de fascismo. Esta es una peligrosa ilusi\u00f3n. El fascismo es la forma m\u00e1s degenerada del nacionalismo, pero cualquier clase de patriotismo, por m\u00e1s que sea de la m\u00e1s inocua, puede definirse como anti-clase obrera. Esto abarca desde el Partido Conservador hasta los Trotskystas, que se sienten obligados a defender a naciones peque\u00f1as (por ejemplo, a Irak, en contra de poderosos como Estados Unidos.)<br> <br> Todo lo cual nos lleva amablemente a la Copa del Mundo. Muchos socialistas juegan y miran f\u00fatbol, pero es una verg\u00fcenza que el nacionalismo (ya sea duro o moderado) contamine lo que deber\u00eda ser un evento maravilloso. Por cierto, el \u201cnacionalismo atl\u00e9tico\u201d tiene un valor tremendo para la clase capitalista, dado que hace socialmente aceptable ser partidario de tu pa\u00eds. No s\u00f3lo desv\u00eda la mente de los trabajadores de los problemas que los rodean, sino que permite a los pol\u00edticos cosechar los frutos de cualquier factor de \u201csentirse bien\u201d que surja de un buen conjunto de resultados<br> <br> \u00a0<br> <br> <a href=\"http:\/\/www.worldsocialism.org\">Movimiento Socialista Mundial ( MSM )<\/a><\/p>\r\n","protected":false},"excerpt":{"rendered":"<p>El nacionalismo ha sido siempre uno de los grandes venenos para la clase trabajadora. Ha servido para dividir a los trabajadores entre distintos estados nacionales, no s\u00f3lo de modo literal, sino ideol\u00f3gicamente. Hoy en d\u00eda, probablemente sea justo decir que una mayor\u00eda de los trabajadores \u2013en mayor o menor medida- se alinean a nivel dom\u00e9stico&#8230;<\/p>\n","protected":false},"author":1,"featured_media":0,"parent":0,"menu_order":0,"comment_status":"open","ping_status":"closed","template":"","meta":{"magazine_newspaper_sidebar_layout":"","footnotes":""},"class_list":["post-1814","page","type-page","status-publish","hentry"],"_links":{"self":[{"href":"https:\/\/www.worldsocialism.org\/wsm\/wp-json\/wp\/v2\/pages\/1814","targetHints":{"allow":["GET"]}}],"collection":[{"href":"https:\/\/www.worldsocialism.org\/wsm\/wp-json\/wp\/v2\/pages"}],"about":[{"href":"https:\/\/www.worldsocialism.org\/wsm\/wp-json\/wp\/v2\/types\/page"}],"author":[{"embeddable":true,"href":"https:\/\/www.worldsocialism.org\/wsm\/wp-json\/wp\/v2\/users\/1"}],"replies":[{"embeddable":true,"href":"https:\/\/www.worldsocialism.org\/wsm\/wp-json\/wp\/v2\/comments?post=1814"}],"version-history":[{"count":2,"href":"https:\/\/www.worldsocialism.org\/wsm\/wp-json\/wp\/v2\/pages\/1814\/revisions"}],"predecessor-version":[{"id":5644,"href":"https:\/\/www.worldsocialism.org\/wsm\/wp-json\/wp\/v2\/pages\/1814\/revisions\/5644"}],"wp:attachment":[{"href":"https:\/\/www.worldsocialism.org\/wsm\/wp-json\/wp\/v2\/media?parent=1814"}],"curies":[{"name":"wp","href":"https:\/\/api.w.org\/{rel}","templated":true}]}}