{"id":1808,"date":"2019-04-25T22:40:10","date_gmt":"2019-04-25T21:40:10","guid":{"rendered":"https:\/\/wsm.prolerat.org\/?page_id=1808"},"modified":"2025-09-06T11:56:57","modified_gmt":"2025-09-06T10:56:57","slug":"paz-en-palestina-es-mucho-mejor-que-la-guerra","status":"publish","type":"page","link":"https:\/\/www.worldsocialism.org\/wsm\/paz-en-palestina-es-mucho-mejor-que-la-guerra\/","title":{"rendered":"Paz en Palestina es mucho mejor que la guerra"},"content":{"rendered":"\r\n<p>\r\nLa paz es mucho mejor que la guerra, porque las guerras nunca se\r\nefect\u00faan para defender los intereses de la mayor\u00eda de los seres\r\nhumanos, y siempre son los despose\u00eddos los que sufren las\r\nconsecuencia. As\u00ed, que irespectivamente de las cuestiones envueltas\r\ny de los t\u00e9rminos acordados, los socialistas reciben con benepl\u00e1cito\r\nel fin de las guerras en todas partes en el mundo entero, Detener los\r\nasesinatos de seres humanos &nbsp;siempre ha sido nuestro permanente\r\nprincipio.<\/p>\r\n\r\n\r\n\r\n<p>En esa sub-division artificial del\r\nviejo Imperio Otomano conocido como Palestina, los que han sufrido el\r\nirracional intento de fundar un Estado Jud\u00edo, han sido los\r\nhabitantes originales de esa regi\u00f3n, sean Musulmanes, Cristianos,\r\nJud\u00edos, o cualquier persona con antecedentes religiosos, y aquellos\r\nque fueron enga\u00f1ados por los Sionista para emigrar hacia esa regi\u00f3n.<\/p>\r\n\r\n\r\n\r\n<p>Los Socialistas y los Sionistas siempre\r\nhan estado en oposicion desde sus inicios, inevitablemente, ambos\r\nrepresentan dos puntos de vista incompatible para la soluci\u00f3n de&nbsp;los\r\nintereses de los obreros de procedencia judia, y para solucionar el\r\nproblema del Anti-semitismo.<\/p>\r\n\r\n\r\n\r\n<p>La actitud de los Socialistas fue\r\nexpresada hacen muchos anos atr\u00e1s &nbsp;por Carlos Marx, el mismo\r\nera de procedencia Jud\u00eda, pero fue criado como Cristiano. En unos de\r\nsus primeros art\u00edculos despu\u00e9s que se convirti\u00f3 en Socialista,\r\nMarx argumento que el pueblo Jud\u00edo deber\u00edan buscar su emancipacion,\r\nno como Jud\u00edos, sino como seres humanos. Para hacer esto tendr\u00edan\r\nque abandonar su religi\u00f3n, as\u00ed como los Cristianos deber\u00edan\r\nabandonar las de ellos, y convertirse en miembro de una comunidad\r\nhumana secular en el cual el sistema monetario y el estado fuera\r\nabolido, en este caso. seria el Socialismo, Mientras tanto bajo el\r\ncapitalismo, los Jud\u00edos deber\u00edan gozar de los mismos derechos\r\npol\u00edticos, en un estado democr\u00e1tico secular, asi como los\r\nCristianos, y otros seres humanos procedentes de las diferentes fe\r\nreligiosas deberian gozar de los mismos derechos<\/p>\r\n\r\n\r\n\r\n<p>El movimiento Sionista propuso el punto\r\nde vista opuesto, en el cual enfatizaban que los Jud\u00edos deber\u00edan\r\nformar una naci\u00f3n separada, y que ellos ten\u00edan el derecho de formar\r\nsu propio Estado en Palestina. Las personas de procedencia Jud\u00edo no\r\ndeber\u00edan buscar su emancipacion como seres humanos, sino como\r\nJud\u00edos. Ninguno deber\u00edan buscar la integracion&nbsp; dentro de\r\nninguno estado pol\u00edtico en el cual se encontraran, sino, por medio\r\nde la separacion &nbsp;en un estado de ellos mismos.<\/p>\r\n\r\n\r\n\r\n<p>Las lineas de batallas &nbsp;fueron\r\ndemarcadas a traves de Europa y de America, Socialistas y Sionistas\r\nlucharon por recibir el apoyo de los obreros de procedencia Judia.\r\nLos Socialistas argumentaron en contra de la idea de que los Judios\r\nfueran una naci\u00f3n, o una raza, y que la mayor\u00eda de los Jud\u00edos eran\r\nobreros, y &nbsp;que ellos se deber\u00edan unir a los dem\u00e1s\r\ntrabajadores del mundo para lograr una sociedad socialista, lo cual\r\nsignificar\u00eda la emancipacion de toda la humanidad, sin distinci\u00f3n\r\nde razas, o de sexos. Aunque muchos Sionistas no eran religiosos,\r\ntodos justificaban que Palestina era el lugar donde deber\u00eda fundar\r\nel Estado Judio, basados en creencias irracionales, y de mitos\r\nreligiosos establecidos en algunos libros sagrados&nbsp;los cuales\r\ndec\u00edan que el Dios de los Jud\u00edos les hab\u00eda otorgado a Palestina a\r\nlos Jud\u00edos para ser su hogar de permanencia.<\/p>\r\n\r\n\r\n\r\n<p>Muchos Jud\u00edos fueron convencidos por\r\nel argumento de los Socialistas,&nbsp;y rechazaron el punto de vista\r\nSionista,&nbsp; jugaron un papel importante, &nbsp;y llegaron a\r\nformar de una manera considerable en el movimiento Socialista. La\r\nmayor\u00eda de los Jud\u00edos rechazaron practicamente a los Sionistas, y\r\ntodav\u00eda lo hacen, al integrarse a los pa\u00edses donde ellos viven. La\r\nterrible experiencia de la Segunda Guerra Mundial, sin embargo,\r\nconvenci\u00f3 a muchos ( pero no a todos ) Jud\u00edos Europeos para aceptar\r\nel argumento de los Sionistas, y&nbsp;aceptaron la idea de la\r\nformacion de &nbsp;un Estado Sionista.<\/p>\r\n\r\n\r\n\r\n<p>En el ano 1948 el sueno de los\r\nSionistas se realizo. Palestina fue dividida y el estado de Israel\r\nfue establecido. Los extremistas Sionistas practicaron lo que&nbsp;hoy\r\nen dia &nbsp;se conoce como limpieza etnica, y cientos de miles\r\nde&nbsp;habitantes que no eran de procedencia Jud\u00eda, que se encontra\r\nen la parte de Israel en Palestina fueron sacados de sus hogares. Los\r\nque se quedaron sufrieron&nbsp; la misma suerte que experimentaron\r\nlos Jud\u00edos en los estados de otros lugares en el mundo<\/p>\r\n\r\n\r\n\r\n<p>El establecimiento del Estado de Israel\r\nno termino el anti-semitismo. De hecho, esto causo que el\r\nanti-semitismo se desperdigara mas que antes, se desperdigo dentro de\r\nlas naciones \u00c1rabes. Por siglos los Jud\u00edos hab\u00edan vivido en paz y\r\nseguridad e integrados en los paises \u00c1rabes, y en otras partes del\r\nmundo. Ahora, como resultado de el establecimiento del Estado Judio\r\nen Palestina, ellos vinieron a recibir la misma persecuci\u00f3n que\r\nrecibieron los Judios Europeos. Los resultados fueron que cientos de\r\nanos de integracion fueron destruidos en d\u00e9cadas. Actualmente, no\r\nexisten Jud\u00edos viviendo en paises \u00c1rabes, la mayor\u00eda de los Jud\u00edos\r\n\u00c1rabes viviendo &nbsp;ahora en Israel forman un grupo\r\nsub-privilegiado.<\/p>\r\n\r\n\r\n\r\n<p>&nbsp;Nuestra\r\noposicion a el Sionismo no significa que apoyamos a la Organizacion\r\npor la Liberaci\u00f3n de Palestino ( OPL ) o cualquier otra organizacion\r\nnacionalista de Palestina. Diferente a otros grupos incluyendo los de\r\nla izquierda no condenamos solamente el nacionalismo Judio, sino que\r\ncondenamos todo tipo de nacionalismo por igual. La nacion Palestina\r\nes un mito, como tambi\u00e9n lo es la naci\u00f3n de Israel y todas las\r\ndem\u00e1s naciones. Nacionalismo es la ideolog\u00eda que busca la division\r\ncapitalista del mundo en Estado-Nacion separadas, cada uno\r\ncompetiendo para tener un lugar bajo el sol, y maquinaria a su\r\ndisposicion para aniquilar otros seres humanos. Absolutamente\r\nrechazamos este punto de vista por medio del cual la humanidad\r\ndeber\u00eda estar organizada.<\/p>\r\n\r\n\r\n\r\n<p>Como Socialistas reafirmamos que todos\r\nlos seres humanos deber\u00edan buscar su emancipacion, no como miembros\r\nde naciones, de estados, de religiones, y de grupos etnicos, sino\r\ncomo seres humanos, como &nbsp;miembros de toda &nbsp;la humanidad.\r\nDeberiamos unirnos para abolir&nbsp; la division del mundo en los\r\nllamados&nbsp;Naciones-Estados, y establecer una sociedad mundial de\r\ncooperaci\u00f3n mutua, en el cual todos seamos libres, y miembros\r\niguales &nbsp;de la ciudadania mundial, sin estar sujetos a ninguna\r\nNaci\u00f3n-Estado.<br>\r\n<br>\r\n<\/p>(Socialist Standard, octubre de 1993)<\/p>\r\n","protected":false},"excerpt":{"rendered":"<p>La paz es mucho mejor que la guerra, porque las guerras nunca se efect\u00faan para defender los intereses de la mayor\u00eda de los seres humanos, y siempre son los despose\u00eddos los que sufren las consecuencia. As\u00ed, que irespectivamente de las cuestiones envueltas y de los t\u00e9rminos acordados, los socialistas reciben con benepl\u00e1cito el fin de&#8230;<\/p>\n","protected":false},"author":1,"featured_media":0,"parent":0,"menu_order":0,"comment_status":"closed","ping_status":"closed","template":"","meta":{"magazine_newspaper_sidebar_layout":"","footnotes":""},"class_list":["post-1808","page","type-page","status-publish","hentry"],"_links":{"self":[{"href":"https:\/\/www.worldsocialism.org\/wsm\/wp-json\/wp\/v2\/pages\/1808","targetHints":{"allow":["GET"]}}],"collection":[{"href":"https:\/\/www.worldsocialism.org\/wsm\/wp-json\/wp\/v2\/pages"}],"about":[{"href":"https:\/\/www.worldsocialism.org\/wsm\/wp-json\/wp\/v2\/types\/page"}],"author":[{"embeddable":true,"href":"https:\/\/www.worldsocialism.org\/wsm\/wp-json\/wp\/v2\/users\/1"}],"replies":[{"embeddable":true,"href":"https:\/\/www.worldsocialism.org\/wsm\/wp-json\/wp\/v2\/comments?post=1808"}],"version-history":[{"count":2,"href":"https:\/\/www.worldsocialism.org\/wsm\/wp-json\/wp\/v2\/pages\/1808\/revisions"}],"predecessor-version":[{"id":5590,"href":"https:\/\/www.worldsocialism.org\/wsm\/wp-json\/wp\/v2\/pages\/1808\/revisions\/5590"}],"wp:attachment":[{"href":"https:\/\/www.worldsocialism.org\/wsm\/wp-json\/wp\/v2\/media?parent=1808"}],"curies":[{"name":"wp","href":"https:\/\/api.w.org\/{rel}","templated":true}]}}