{"id":1797,"date":"2019-04-25T16:19:37","date_gmt":"2019-04-25T15:19:37","guid":{"rendered":"https:\/\/wsm.prolerat.org\/?page_id=1797"},"modified":"2019-04-25T16:19:37","modified_gmt":"2019-04-25T15:19:37","slug":"los-trabajadores-contra-los-bolcheviques","status":"publish","type":"page","link":"https:\/\/www.worldsocialism.org\/wsm\/los-trabajadores-contra-los-bolcheviques\/","title":{"rendered":"Los trabajadores contra los Bolcheviques"},"content":{"rendered":"\n<p><strong>La\nRevoluci\u00f3n Rusa en Retroceso, 1920-24.&nbsp; Los trabajadores\nSovi\u00e9ticos&nbsp; y la nueva \u00e9lite comunista.<\/strong> <br>\nPor Sim\u00f3n\nPirani, Routledge, 2008.<br>\n<br>\nUna de las consecuencias de la\nca\u00edda del capitalismo de Estado en la URSS a principios de los a\u00f1os\n90, ha sido&nbsp; la apertura de los archivos del antiguo r\u00e9gimen,\nincluyendo los archivos de la&nbsp; polic\u00eda secreta. Este libro es\nun estudio fascinante, tomando como base&nbsp; los&nbsp; apuntes&nbsp;\nde las actas de las reuniones de los sovi\u00e9ticos,&nbsp;&nbsp; los\ncomit\u00e9s de f\u00e1brica, as\u00ed como tambi\u00e9n&nbsp; los informes de la\npolic\u00eda, y&nbsp; de las luchas&nbsp; de los obreros en Mosc\u00fa\ndurante&nbsp; el per\u00edodo del&nbsp; 1920 al 1924, en la defensa de&nbsp;\nsus intereses en&nbsp; contra del gobierno Bolchevique. Pirani\ntambi\u00e9n describe el comienzo de la aparici\u00f3n de miembros del\nPartido bolchevique que se fueron convirtiendo en una nueva elite\nprivilegiada.<br>\n<br>\n&nbsp;Las condiciones en Rusia&nbsp;&nbsp;\ndurante el periodo de la Guerra Civil que ocurri\u00f3 durante el periodo\ndel&nbsp; 1920 al 1921, e inmediatamente despu\u00e9s de su culminaci\u00f3n,\nfueron nefastas&nbsp; para la poblaci\u00f3n&nbsp; rusa. .A los\ntrabajadores se les pagaba en especies, pero las raciones a menudo\nllegaban&nbsp; tarde,&nbsp; y algunas&nbsp; veces eran&nbsp;\nreducidas. Esto dio lugar&nbsp; a que ocurrieran&nbsp; protestas y\nhuelgas, que el gobierno bolchevique&nbsp; solo estaba dispuesto&nbsp;\naceptar, siempre y cuando estas fueron de car\u00e1cter puramente\necon\u00f3micas,&nbsp; y no a desafiar el r\u00e9gimen. El gobierno estaba&nbsp;\nparticularmente nervioso en el&nbsp; 1921 en el momento que hab\u00eda\nocurrido la Rebeli\u00f3n de Krondstadt, la cual exig\u00eda a los\nsovi\u00e9ticos&nbsp; demandas de elecciones libres,&nbsp;&nbsp; y un\nrelajamiento de la prohibici\u00f3n del comercio privado, demandas que\nten\u00edan la simpat\u00eda de muchos trabajadores. De hecho, en las a\u00fan no\ntotalmente elecciones no libres,&nbsp; los soviets locales de ese\na\u00f1o,&nbsp; miembros de otros partidos (Mencheviques, socialistas\nrevolucionarios, anarquistas) y no militantes de partido,&nbsp;\nobtuvieron beneficios&nbsp; a expensas de los Bolcheviques. Pirani se\nconcentra en estas&nbsp; demandas &#8220;no partidistas&#8221; que\nparecen&nbsp; haber sido militantes fabriles&nbsp; que quer\u00edan&nbsp;\nconcentrarse en las cuestiones econ\u00f3micas, pero con una aguda\ncomprensi\u00f3n del equilibrio de fuerzas que pod\u00edan ser&nbsp;\nextra\u00eddas&nbsp; del mismo gobierno.<br>\n<br>\n<br>\nEn 1923 el\ngobierno comenz\u00f3&nbsp; a reprimir&nbsp; a los dem\u00e1s partidos\npol\u00edticos, incluyendo a&nbsp; los activistas de las&nbsp;&nbsp;\nf\u00e1bricas, y se les prohibi\u00f3&nbsp; llevar a cabo cualquier tipo de&nbsp;\nactividad pol\u00edtica&nbsp; abierta. Pirani se\u00f1ala que las\norganizaciones pol\u00edticas no comunistas pudieron operar abiertamente\nen Mosc\u00fa otra vez&nbsp; hasta el final del periodo Sovi\u00e9tico&#8221;.\nLos elementos no partidistas pudieron sobrevivir&nbsp;&nbsp; m\u00e1s,\nmientras que los bolcheviques trataron de gan\u00e1rselo&nbsp; a ellos\nhacia las filas de su&nbsp; partido. La&nbsp; oposici\u00f3n pol\u00edtica se\nlimit\u00f3 a disidentes bolcheviques, dentro y fuera del partido,\nalgunos de los cuales asumieron posiciones pro&nbsp; obrera,&nbsp;\npor mejoras salariales y por mejores condiciones, pero,&nbsp; con el\ntiempo ellos tambi\u00e9n fueron silenciados,&nbsp; y muchos de ellos se\nsumaron a los miembros&nbsp; de los dem\u00e1s partidos,&nbsp; que fueron\nenviados a&nbsp; los campos de trabajos forzados&nbsp; de Asia\nCentral,&nbsp; y Siberia.<br>\n<br>\n<br>\nLa t\u00edpica actitud de\nLenin fue la que siempre manifest\u00f3 veinte a\u00f1os atr\u00e1s en su famoso\npanfleto&nbsp; \u00bfQu\u00e9 hacer?, en el cual el indicaba&nbsp; que&nbsp;\nlos trabajadores no pod\u00edan llegar a conocer sus intereses ellos\nmismos, partiendo de esta idea, sus intereses deber\u00edan&nbsp; ponerse\nen las manos de una elite intelectual, de profesionales&nbsp;\norganizados&nbsp; en un partido de vanguardia. Pirani resume parte&nbsp;\ndel discurso que Lenin&nbsp; pronunci\u00f3 ante el und\u00e9cimo&nbsp;\nCongreso del Partido bolchevique en el 1921:<br>\n<br>\n<br>\n&#8220;Lenin\nargumenta que la clase obrera de Rusia no puede considerarse&nbsp;\ndebidamente como miembros del proletariado. Citamos&nbsp; \u00abA menudo\ncuando las personas dicen &#8216;trabajadores&#8217;, piensan que eso significa\nque es un trabajador fabril, ciertamente no lo es,&nbsp; continua\ndiciendo Lenin: La clase obrera que Marx describi\u00f3 en sus escritos,&nbsp;\nno exist\u00eda en Rusia, Lenin,&nbsp; vuelve y argumenta. Adonde quiera\nque usted vea, los&nbsp; trabajadores que est\u00e1n en las f\u00e1bricas,\nestos&nbsp; no son proletarios, son trabajadores ocasionales de toda\n\u00edndole.&#8221;<br>\n<br>\n<br>\nPirani comenta que &#8220;la\nconsecuencia pr\u00e1ctica de esta idea,&nbsp; es que la toma de\ndecisiones pol\u00edticas&nbsp; se hab\u00eda concentrado en el partido&#8221;.\nEsta distinci\u00f3n entre la clase obrera actual&nbsp; (en la cual no se\npod\u00eda&nbsp; confiar) y el &#8220;proletariado&#8221; (organizado en un\npartido de vanguardia con conocimiento) ha sido heredada por todos\nlos grupos leninistas desde entonces,&nbsp;&nbsp; y es utilizada para\njustificar la dictadura del partido sobre la clase obrera.<br>\n<br>\n<br>\nEl\nlibro escrito por Pirani debe ser le\u00eddo por aquellas personas&nbsp;\nque piensan, o que quieren refutar,&nbsp; la idea de que el estado\nque existi\u00f3 en&nbsp; Rusia bajo del r\u00e9gimen de los Bolcheviques&nbsp;\nnunca podr\u00eda ser descrito como un Estado Obrero.&nbsp; Los\ntrabajadores tendr\u00e1n siempre que&nbsp; luchar por la defensa de sus\nintereses,&nbsp; y de sus condiciones salariales, y en contra de las&nbsp;\ncondiciones que pueda n afectarlos, aun durante el&nbsp; tiempo de\nLenin y de Trotsky.<\/p>\n\n\n\n<p><strong><a href=\"https:\/\/www.worldsocialism.org\/spgb\/socialist-standard\/2008\/2000s\/no-1247-july-2008\/book-reviews-107\/\">Adam Buick<\/a><\/strong><a href=\"https:\/\/www.worldsocialism.org\/spgb\/socialist-standard\/2008\/2000s\/no-1247-july-2008\/book-reviews-107\/\"><br> \u00a0<br> Socialist Standard July 2008<\/a><\/p>\n","protected":false},"excerpt":{"rendered":"<p>La Revoluci\u00f3n Rusa en Retroceso, 1920-24.&nbsp; Los trabajadores Sovi\u00e9ticos&nbsp; y la nueva \u00e9lite comunista. Por Sim\u00f3n Pirani, Routledge, 2008. Una de las consecuencias de la ca\u00edda del capitalismo de Estado en la URSS a principios de los a\u00f1os 90, ha sido&nbsp; la apertura de los archivos del antiguo r\u00e9gimen, incluyendo los archivos de la&nbsp; polic\u00eda&#8230;<\/p>\n","protected":false},"author":1,"featured_media":0,"parent":0,"menu_order":0,"comment_status":"closed","ping_status":"closed","template":"","meta":{"magazine_newspaper_sidebar_layout":"","footnotes":""},"class_list":["post-1797","page","type-page","status-publish","hentry"],"_links":{"self":[{"href":"https:\/\/www.worldsocialism.org\/wsm\/wp-json\/wp\/v2\/pages\/1797","targetHints":{"allow":["GET"]}}],"collection":[{"href":"https:\/\/www.worldsocialism.org\/wsm\/wp-json\/wp\/v2\/pages"}],"about":[{"href":"https:\/\/www.worldsocialism.org\/wsm\/wp-json\/wp\/v2\/types\/page"}],"author":[{"embeddable":true,"href":"https:\/\/www.worldsocialism.org\/wsm\/wp-json\/wp\/v2\/users\/1"}],"replies":[{"embeddable":true,"href":"https:\/\/www.worldsocialism.org\/wsm\/wp-json\/wp\/v2\/comments?post=1797"}],"version-history":[{"count":0,"href":"https:\/\/www.worldsocialism.org\/wsm\/wp-json\/wp\/v2\/pages\/1797\/revisions"}],"wp:attachment":[{"href":"https:\/\/www.worldsocialism.org\/wsm\/wp-json\/wp\/v2\/media?parent=1797"}],"curies":[{"name":"wp","href":"https:\/\/api.w.org\/{rel}","templated":true}]}}