{"id":1787,"date":"2019-04-25T16:08:37","date_gmt":"2019-04-25T15:08:37","guid":{"rendered":"https:\/\/wsm.prolerat.org\/?page_id=1787"},"modified":"2019-04-25T16:08:37","modified_gmt":"2019-04-25T15:08:37","slug":"levantar-el-bloqueo","status":"publish","type":"page","link":"https:\/\/www.worldsocialism.org\/wsm\/levantar-el-bloqueo\/","title":{"rendered":"Levantar el bloqueo"},"content":{"rendered":"\n<p>Una vez\nmas trabajadores inocentes han sido asesinados en el Medio Oriente.\nEl enfrentamiento ocurri\u00f3 cuando organizaciones de socorro\ndesafiaron&nbsp; el bloqueo que ha puesto Israel alrededor de Gaza,&nbsp;\ny el estado de Israel decidi\u00f3 usar la fuerza militar como el \u00fanico\nmedio para lidiar con la situaci\u00f3n. Los gobiernos siempre tratan de\nmostrar que ellos son diferentes que los terroristas,&nbsp; y que\nellos tienen valores, y el santurr\u00f3n se lamenta por la perdida de\nvidas humanas, pero nada los separa a ellos, tanto en los medios,\nprop\u00f3sitos y m\u00e9todos que usan.<\/p>\n\n\n\n<p>Los socialistas no&nbsp;se parcializan\n&nbsp;con ning\u00fan estado, todos los estados son simples fuerzas\norganizados para ejercer la opresi\u00f3n. Estamos opuestos a todos los\nestados, y solamente apoyamos los intereses de los oprimidos, no\nselectivamente, sino que apoyamos a todos. Los socialistas\nespont\u00e1neamente siempre han &nbsp;estado del lado de los oprimidos,\ny en contra de los opresores, y el uso de la fuerza por el estado de\nIsrael los expone como parte de los opresores. Pero porque\nsimpaticemos con las victimas que&nbsp; ha creado el opresor estado\nde Israel, eso no significa que favorecemos las soluciones populares\nentre ellos. Nuestra oposicion a el Sionismo no significa que\napoyamos a Hamas o la Fatah. A diferencia de muchos de la izquierda,\nno condenamos solamente el nacionalismo Jud\u00edo, sino que condenamos\ntodo tipo de nacionalismo por igual. Todos los estados son\nartificiales e ileg\u00edtimos, tanto Israel en particular, como un\nfuturo estado Palestino, ambos son, y ser\u00e1n estados capitalistas, y\nambos son opresores.<\/p>\n\n\n\n<p>El Partido Socialista siempre ha\nadvertido el peligro que representa la apat\u00eda pol\u00edtica, y el\npeligro que representa el confiar en los lideres, y de aceptar todos\nlos gobiernos sin cuestionarlos. Nuestra inactividad es un elemento\nimportante en nuestra continua explotacion, y la clase burguesa lo\ntoma como un consentimiento para poder efectuar sus excesos. El\nccapitalismo siempre contraer\u00e1 guerras, pero la apat\u00eda es parte de\nese proceso. Es la apat\u00eda y la complacencia de la clase trabajadora\nla que permita que cuestiones horrenda como la que ocurre en Gaza se\nsigan efectuando. Las causas verdaderas de los problemas que ocurren\nen el mundo se deben a la rivalidad entre los bandos de las clases\ndominantes del mundo por el control de todas las cosas, como tambi\u00e9n\nla ignorancia que existe de los trabajadores&nbsp;en el mundo que los\nmotiva&nbsp;apoyarlo a ellos,&nbsp;como tambi\u00e9n las divisiones que\ncrean el nacionalismo y las religiones.<\/p>\n\n\n\n<p>La paz es mucho mejor que las guerras,\nporque las guerras nunca&nbsp;son &nbsp;peleadas para defender los\nintereses de los trabajadores, y siempre son los trabajadores los que\nsufren las consecuencias. Asi que sin importar las ideas envueltas y\nlos acuerdos que se hagan, los Socialistas solamente pueden recibir\ncon beneplacito el fin de todas las guerras en cualquier parte del\nmundo, sean guerras entre capitalistas, como sean guerras de\nliberacion nacional. Detener los asesinatos, y detener los\nsufrimientos de los seres humanos, ha sido permanentemente nuestro\nprincipio.<\/p>\n\n\n\n<p>Movimiento Socialista Mundial<\/p>\n","protected":false},"excerpt":{"rendered":"<p>Una vez mas trabajadores inocentes han sido asesinados en el Medio Oriente. El enfrentamiento ocurri\u00f3 cuando organizaciones de socorro desafiaron&nbsp; el bloqueo que ha puesto Israel alrededor de Gaza,&nbsp; y el estado de Israel decidi\u00f3 usar la fuerza militar como el \u00fanico medio para lidiar con la situaci\u00f3n. Los gobiernos siempre tratan de mostrar que&#8230;<\/p>\n","protected":false},"author":1,"featured_media":0,"parent":0,"menu_order":0,"comment_status":"closed","ping_status":"closed","template":"","meta":{"magazine_newspaper_sidebar_layout":"","footnotes":""},"class_list":["post-1787","page","type-page","status-publish","hentry"],"_links":{"self":[{"href":"https:\/\/www.worldsocialism.org\/wsm\/wp-json\/wp\/v2\/pages\/1787","targetHints":{"allow":["GET"]}}],"collection":[{"href":"https:\/\/www.worldsocialism.org\/wsm\/wp-json\/wp\/v2\/pages"}],"about":[{"href":"https:\/\/www.worldsocialism.org\/wsm\/wp-json\/wp\/v2\/types\/page"}],"author":[{"embeddable":true,"href":"https:\/\/www.worldsocialism.org\/wsm\/wp-json\/wp\/v2\/users\/1"}],"replies":[{"embeddable":true,"href":"https:\/\/www.worldsocialism.org\/wsm\/wp-json\/wp\/v2\/comments?post=1787"}],"version-history":[{"count":0,"href":"https:\/\/www.worldsocialism.org\/wsm\/wp-json\/wp\/v2\/pages\/1787\/revisions"}],"wp:attachment":[{"href":"https:\/\/www.worldsocialism.org\/wsm\/wp-json\/wp\/v2\/media?parent=1787"}],"curies":[{"name":"wp","href":"https:\/\/api.w.org\/{rel}","templated":true}]}}