{"id":1735,"date":"2019-04-25T13:24:28","date_gmt":"2019-04-25T12:24:28","guid":{"rendered":"https:\/\/wsm.prolerat.org\/?page_id=1735"},"modified":"2025-09-06T11:21:44","modified_gmt":"2025-09-06T10:21:44","slug":"de-nuevo-es-tiempo-de-elecciones","status":"publish","type":"page","link":"https:\/\/www.worldsocialism.org\/wsm\/de-nuevo-es-tiempo-de-elecciones\/","title":{"rendered":"De nuevo es tiempo de elecciones"},"content":{"rendered":"\r\n<p>Cada cierto n\u00famero de a\u00f1os los\r\npol\u00edticos profesionales compiten por ganar el voto de usted y a la\r\npar ganar para s\u00ed mismos una posici\u00f3n acomodada, esta vez en\r\nParlamento Europeo. Todos los partidos y candidatos ofrecen s\u00f3lo\r\ncambios secundarios al sistema presente. Tal es la raz\u00f3n de gane el\r\ncandidato o partido que gane no haya cambios importantes en la forma\r\nen son las cosas. Hacen promesas que no cumplen, se definen metas a\r\nlas que nunca se llega, se seleccionan y tuercen las\r\nestad\u00edsticas.<br>\r\n<br>\r\nTodos los pol\u00edticos suponen que al\r\ncapitalismo es a lo \u00fanico que se puede jugar, aunque quiz\u00e1\r\ncritiquen los rasgos de cara su inaceptable, como los banqueros\r\ncodiciosos, o el peor de sus excesos, como las guerras imposibles de\r\nganar. Defienden la sociedad en que nosotros, la mayor\u00eda de la\r\npoblaci\u00f3n, debemos vender nuestra capacidad de trabajar a la \u00ednfima\r\nmayor\u00eda de quienes detentan la mayor parte de la riqueza. Defienden\r\nuna sociedad en que se ofrecen los trabajos s\u00f3lo si van a reportar\r\nuna ganancia.<br>\r\n<br>\r\n<strong>El socialismo real<\/strong><br>\r\nEl Movimiento\r\nSocialista Mundial lucha con vehemencia por una sociedad de verdad\r\ndemocr\u00e1tica, en que la gente tome todas las decisiones que la\r\nafectan. Esto significa una sociedad sin ricos ni pobres, sin\r\npropietarios ni trabajadores, sin gobernantes ni gobernados, una\r\nsociedad sin l\u00edderes ni liderados.<br>\r\n<br>\r\nEn una sociedad as\u00ed\r\nla gente cooperar\u00eda para utilizar todos los recursos naturales e\r\nindustriales en su propio inter\u00e9s. La gente liberar\u00eda la producci\u00f3n\r\nde las restricciones artificiales del lucro y establecer\u00eda un\r\nsistema social en que cada persona tuviera acceso gratuito a los\r\nbeneficios de la civilizaci\u00f3n. En consecuencia, con la sociedad\r\nsocialista terminar\u00eda el comprar, el vender y el intercambiar, y con\r\nella tambi\u00e9n dejar\u00edan de existir las fronteras, y la violencia y la\r\ncoerci\u00f3n organizadas, el desperdicio, las carencias y las\r\nguerras.<br>\r\n<br>\r\n<strong>Qu\u00e9 puede usted hacer<\/strong><br>\r\nPuede usted\r\nvotar por candidatos que trabajar\u00e1n dentro del sistema capitalista y\r\nprocurar\u00e1n que siga funcionando. O puede usted emplear su voto para\r\ndemostrar que quiere derrumbarlo y ponerle fin a los problemas que\r\ncausa de una vez por todas.<br>\r\n<br>\r\nCuando un n\u00famero\r\nsuficientemente grande de nosotros nos unamos, resueltos a terminar\r\ncon la desigualdad y las privaciones, podremos transformar las\r\nelecciones en medio de acabar con una sociedad gobernada por una\r\nminor\u00eda y de declararnos a favor de una sociedad de democracia real\r\ne igualdad social.<br>\r\n<br>\r\nSi est\u00e1 usted de acuerdo con una\r\nsociedad de propiedad com\u00fan y democr\u00e1tica en la cual nadie se quede\r\natr\u00e1s y las cosas se produzcan porque son necesarias, y no para que\r\nla empresa capitalista las venda con ganancia, y est\u00e9 usted\r\ndispuesto a unirse a nosotros para lograrlo, entonces vote por eso,\r\nya que no estamos en este distrito electoral, escribiendo \u201cSOCIALISMO\r\nMUNDIAL\u201d en su papeleta de voto.<\/p>\r\n<p>(Elecciones europeas de 2009)<\/p>\r\n","protected":false},"excerpt":{"rendered":"<p>Cada cierto n\u00famero de a\u00f1os los pol\u00edticos profesionales compiten por ganar el voto de usted y a la par ganar para s\u00ed mismos una posici\u00f3n acomodada, esta vez en Parlamento Europeo. Todos los partidos y candidatos ofrecen s\u00f3lo cambios secundarios al sistema presente. Tal es la raz\u00f3n de gane el candidato o partido que gane&#8230;<\/p>\n","protected":false},"author":1,"featured_media":0,"parent":0,"menu_order":0,"comment_status":"closed","ping_status":"closed","template":"","meta":{"magazine_newspaper_sidebar_layout":"","footnotes":""},"class_list":["post-1735","page","type-page","status-publish","hentry"],"_links":{"self":[{"href":"https:\/\/www.worldsocialism.org\/wsm\/wp-json\/wp\/v2\/pages\/1735","targetHints":{"allow":["GET"]}}],"collection":[{"href":"https:\/\/www.worldsocialism.org\/wsm\/wp-json\/wp\/v2\/pages"}],"about":[{"href":"https:\/\/www.worldsocialism.org\/wsm\/wp-json\/wp\/v2\/types\/page"}],"author":[{"embeddable":true,"href":"https:\/\/www.worldsocialism.org\/wsm\/wp-json\/wp\/v2\/users\/1"}],"replies":[{"embeddable":true,"href":"https:\/\/www.worldsocialism.org\/wsm\/wp-json\/wp\/v2\/comments?post=1735"}],"version-history":[{"count":3,"href":"https:\/\/www.worldsocialism.org\/wsm\/wp-json\/wp\/v2\/pages\/1735\/revisions"}],"predecessor-version":[{"id":5581,"href":"https:\/\/www.worldsocialism.org\/wsm\/wp-json\/wp\/v2\/pages\/1735\/revisions\/5581"}],"wp:attachment":[{"href":"https:\/\/www.worldsocialism.org\/wsm\/wp-json\/wp\/v2\/media?parent=1735"}],"curies":[{"name":"wp","href":"https:\/\/api.w.org\/{rel}","templated":true}]}}