{"id":1592,"date":"2019-03-17T00:18:41","date_gmt":"2019-03-17T00:18:41","guid":{"rendered":"https:\/\/wsm.prolerat.org\/?page_id=1592"},"modified":"2019-03-17T00:18:41","modified_gmt":"2019-03-17T00:18:41","slug":"insan-ya-da-kar","status":"publish","type":"page","link":"https:\/\/www.worldsocialism.org\/wsm\/insan-ya-da-kar\/","title":{"rendered":"\u0130nsan ya da K\u00e2r?"},"content":{"rendered":"\n<p><strong>Yine se\u00e7im zaman\u0131<\/strong><\/p>\n\n\n\n<p>Her birka\u00e7 y\u0131lda bir politikac\u0131lar kendilerine rahat bir pozisyon \nsa\u011flamak amac\u0131yla oylar\u0131n\u0131z\u0131 kazanmak i\u00e7in birbirleriyle yar\u0131\u015f\u0131rlar. Bu \ny\u0131l da Avrupa Parlamentosu se\u00e7imlerinde bu oylar i\u00e7in yar\u0131\u015facaklar. Var \nolan b\u00fct\u00fcn partiler ve adaylar \u015fu an i\u00e7in mevcut sistemde \u00e7ok d\u00fc\u015f\u00fck \nd\u00fczeyde de\u011fi\u015fiklikler \u00f6ne s\u00fcr\u00fcyorlar. Bu nedenle hangi aday ya da parti \nse\u00e7imleri kazan\u0131rsa kazans\u0131n \u015fu anda var olan durumda belirgin bir \nde\u011fi\u015fiklik ne yaz\u0131k ki ger\u00e7ekle\u015femiyor. S\u00f6zler veriliyor ve yerine \ngetirilmiyor, hedefler belirleniyor ancak ula\u015f\u0131lam\u0131yor. \u0130statistiklerle \nsonu\u00e7lar belirleniyor ve bu sonu\u00e7lar \u00fczerine oyunlar kuruluyor.<br><br>\nA\u00e7 g\u00f6zl\u00fc bankerleri ya da kazan\u0131lamayan sava\u015flar\u0131 ele\u015ftirseler de b\u00fct\u00fcn \npolitikac\u0131lar kapitalizmin var olan tek alternatif oldu\u011funu \nd\u00fc\u015f\u00fcn\u00fcyorlar. Toplumun \u00e7o\u011funlu\u011funu olu\u015fturan bizlerin kapasitemizi \nrefah\u0131n b\u00fcy\u00fck bir k\u0131sm\u0131n\u0131 ellerinde bulunduran k\u00fc\u00e7\u00fck bir az\u0131nl\u0131\u011fa \nsatmam\u0131z\u0131n gerekti\u011fi bir sistemi savunuyorlar. Bizlere sadece k\u00e2r \ngetirebilecek i\u015flerin sunuldu\u011fu bir sistemi savunuyorlar.<br><br><\/p>\n\n\n\n<p><strong>Ger\u00e7ek Sosyalizm<\/strong>\nSosyalist Parti ki\u015filerin kendilerini etkileyen b\u00fct\u00fcn kararlar\u0131 bizzat \nkendilerinin ald\u0131\u011f\u0131 demokratik bir sistemin gereklili\u011fini vurgular. \nDemokratik sistemle s\u00f6ylenmek istenen zengin ve yoksullar\u0131n, refah \nsahibi olanlar ile i\u015f\u00e7ilerin, y\u00f6netenlerle y\u00f6netilenlerin, liderlerle \nidare edilenlerin olmad\u0131\u011f\u0131 bir sistemdir.<\/p>\n\n\n\n<p>\nB\u00f6yle bir sistemde ki\u015filer d\u00fcnyan\u0131n b\u00fct\u00fcn do\u011fal ve end\u00fcstriyel \nkaynaklar\u0131n\u0131 kendi \u00e7\u0131karlar\u0131 ad\u0131na kullanmak i\u00e7in birbirleriyle \ni\u015fbirli\u011fi halinde olacakt\u0131r. B\u00f6yle bir toplumda ki\u015filer, \u00fcretimi k\u00e2r \nelde etme g\u00fcd\u00fcs\u00fcn\u00fcn bask\u0131s\u0131ndan kurtaracak ve herkesin uygarl\u0131\u011f\u0131n \nfaydalar\u0131ndan serbest\u00e7e yararlanabilece\u011fi bir toplum olu\u015fturacaklard\u0131r. \nSosyalist toplum sonu\u00e7 olarak al\u0131m-sat\u0131m, de\u011fi\u015f-toku\u015f gibi i\u015flemlerin \nbitti\u011fi, s\u0131n\u0131rlar\u0131n olmad\u0131\u011f\u0131, \u00f6rg\u00fctl\u00fc su\u00e7lar, bask\u0131 rejimleri, sava\u015flar,\n israf ve yoklu\u011fun sonland\u0131r\u0131ld\u0131\u011f\u0131 bir toplum olacakt\u0131r.<\/p>\n\n\n\n<p><\/p>\n\n\n\n<p><strong>Ne yapabilirsiniz?<\/strong>\nKapitalist sistemde \u00e7al\u0131\u015facak ve sistemin devam etmesine yard\u0131mc\u0131 olacak\n adaylara oy verebilirsiniz. Alternatif olarak oyunuzu, bu sistemi \nde\u011fi\u015ftirmeyi ve sistemle birlikte gelen problemleri bir defada ve \nt\u00fcm\u00fcyle sonland\u0131rmay\u0131 istedi\u011finizi g\u00f6stermek i\u00e7in kullanabilirsiniz.<\/p>\n\n\n\n<p>\nToplumun b\u00fcy\u00fck bir \u00e7o\u011funlu\u011funu olu\u015fturan bizler yoksulluk ve e\u015fitsizli\u011fe\n son vermeye kararl\u0131 bir \u015fekilde yeterli say\u0131da bir araya geldi\u011fimizde \nse\u00e7imleri kullanarak refah sahibi az\u0131nl\u0131klar\u0131n y\u00f6netti\u011fi bir toplumdan \nkurtulup yerine sosyal e\u015fitlik ve ger\u00e7ek demokrasi temelli bir toplum \nin\u015fa edebiliriz.<\/p>\n\n\n\n<p> Kimsenin geride b\u0131rak\u0131lmad\u0131\u011f\u0131, her \u015feyin kapitalist bir \u015firkete k\u00e2r  getirmek amac\u0131yla de\u011fil, insanlar\u0131n gereksinimi do\u011frultusunda  \u00fcretildi\u011fi, ortak ve demokratik m\u00fclkiyet temelli bir toplum d\u00fc\u015f\u00fcncesini  kabul ediyorsan\u0131z ve bu amaca ula\u015fmak i\u00e7in bizlere kat\u0131lmaya haz\u0131rsan\u0131z  oylar\u0131n\u0131z\u0131 SOSYAL\u0130ST PART\u0130 listesi i\u00e7in kullan\u0131n\u0131z.                                                                                  <a href=\"https:\/\/twitter.com\/WorldSocialism\">Follow @WorldSocialism<\/a><\/p>\n","protected":false},"excerpt":{"rendered":"<p>Yine se\u00e7im zaman\u0131 Her birka\u00e7 y\u0131lda bir politikac\u0131lar kendilerine rahat bir pozisyon sa\u011flamak amac\u0131yla oylar\u0131n\u0131z\u0131 kazanmak i\u00e7in birbirleriyle yar\u0131\u015f\u0131rlar. Bu y\u0131l da Avrupa Parlamentosu se\u00e7imlerinde bu oylar i\u00e7in yar\u0131\u015facaklar. Var olan b\u00fct\u00fcn partiler ve adaylar \u015fu an i\u00e7in mevcut sistemde \u00e7ok d\u00fc\u015f\u00fck d\u00fczeyde de\u011fi\u015fiklikler \u00f6ne s\u00fcr\u00fcyorlar. Bu nedenle hangi aday ya da parti se\u00e7imleri kazan\u0131rsa&#8230;<\/p>\n","protected":false},"author":1,"featured_media":0,"parent":0,"menu_order":0,"comment_status":"closed","ping_status":"closed","template":"","meta":{"magazine_newspaper_sidebar_layout":"","footnotes":""},"class_list":["post-1592","page","type-page","status-publish","hentry"],"_links":{"self":[{"href":"https:\/\/www.worldsocialism.org\/wsm\/wp-json\/wp\/v2\/pages\/1592","targetHints":{"allow":["GET"]}}],"collection":[{"href":"https:\/\/www.worldsocialism.org\/wsm\/wp-json\/wp\/v2\/pages"}],"about":[{"href":"https:\/\/www.worldsocialism.org\/wsm\/wp-json\/wp\/v2\/types\/page"}],"author":[{"embeddable":true,"href":"https:\/\/www.worldsocialism.org\/wsm\/wp-json\/wp\/v2\/users\/1"}],"replies":[{"embeddable":true,"href":"https:\/\/www.worldsocialism.org\/wsm\/wp-json\/wp\/v2\/comments?post=1592"}],"version-history":[{"count":0,"href":"https:\/\/www.worldsocialism.org\/wsm\/wp-json\/wp\/v2\/pages\/1592\/revisions"}],"wp:attachment":[{"href":"https:\/\/www.worldsocialism.org\/wsm\/wp-json\/wp\/v2\/media?parent=1592"}],"curies":[{"name":"wp","href":"https:\/\/api.w.org\/{rel}","templated":true}]}}