{"id":1586,"date":"2019-03-17T00:14:38","date_gmt":"2019-03-17T00:14:38","guid":{"rendered":"https:\/\/wsm.prolerat.org\/?page_id=1586"},"modified":"2019-03-17T00:14:38","modified_gmt":"2019-03-17T00:14:38","slug":"dunya-sosyalizim-hakkinda-sorulardunya-sosyalzm-hakkinda-sorular-ve-yanitlar","status":"publish","type":"page","link":"https:\/\/www.worldsocialism.org\/wsm\/dunya-sosyalizim-hakkinda-sorulardunya-sosyalzm-hakkinda-sorular-ve-yanitlar\/","title":{"rendered":"D\u00fcnya sosyal\u0131z\u0131m hakkinda sorulard\u00fcnya sosyalzm hakkinda sorular ve yanitlar"},"content":{"rendered":"\n<p><strong>1 &#8211; Kapitalizm Nedir?<\/strong><\/p>\n\n\n\n<p>Kapitalizm \u015fu anda t\u00fcm \u00fclkelerde var olan sistemin ad\u0131d\u0131r. Bu \nsistemde t\u00fcm \u00fcretim ve da\u011f\u0131t\u0131m ara\u00e7lar\u0131 (toprak, fabrikalar, b\u00fcrolar, \nula\u015f\u0131m ara\u00e7lar\u0131, bas\u0131n vb.) bir az\u0131nl\u0131\u011f\u0131n, kapitalist s\u0131n\u0131f\u0131n \ntekelindedir. T\u00fcm zenginlik, kafa ve beden g\u00fcc\u00fcm\u00fcz\u00fc, maa\u015f ve \u00fccret \ndenilen bir fiyat kar\u015f\u0131l\u0131\u011f\u0131 kapitalistlere eme\u011fini satan biz emek\u00e7iler \ntaraf\u0131ndan \u00fcretilmektedir. Bu \u00fcretimin amac\u0131 pazarda belli bir kar ile \nsat\u0131labilecek mal ve hizmetler yaratmakt\u0131r. Kapitalist s\u0131n\u0131f, \nya\u015fant\u0131s\u0131n\u0131 i\u015f\u00e7i s\u0131n\u0131f\u0131n\u0131 s\u00f6m\u00fcrerek devam ettirmektedir.<\/p>\n\n\n\n<p><strong>2 &#8211; Kapitalizm \u00c7\u0131karlar\u0131m\u0131z Do\u011frultusunda\n      D\u00fczeltilebilir Mi ?<\/strong>\n      <\/p>\n\n\n\n<p>Hay\u0131r. Kapitalizm var olduk\u00e7a kar ihtiya\u00e7lardan \u00f6nce gelir. \nElbette baz\u0131 reformlar i\u015f\u00e7iler i\u00e7in iyidir, ancak hi\u00e7bir reform bu \nsistemin \u00f6z\u00fcnde bulunan kar ve ihtiya\u00e7lar aras\u0131ndaki temel \u00e7eli\u015fkiyi \nortadan kald\u0131ramaz. Baz\u0131 oport\u00fcnist politikac\u0131lar taraf\u0131ndan verilen, \nkapitalizmin \u00e7al\u0131\u015fan s\u0131n\u0131flar yarar\u0131na geli\u015ftirilebilece\u011fi s\u00f6z\u00fc bo\u015f bir \ns\u00f6zd\u00fcr; \u00e7\u00fcnk\u00fc b\u00f6yle bir \u015fey mezbahay\u0131 koyunlar ve inekler yarar\u0131na \n\u00e7al\u0131\u015ft\u0131rmaya benzer.<\/p>\n\n\n\n<p><strong>3 &#8211; Devletle\u015ftirme Kapitalizmin Alternatifi\n      Midir ?<\/strong>\n      <\/p>\n\n\n\n<p>Hay\u0131r. Devletle\u015ftirme, bir i\u015f\u00e7inin bireysel bir kapitalist ya \nda \u015firket yerine, o \u00fclkenin kapitalistlerinin yarar\u0131na \u00e7al\u0131\u015fan devlet \ntaraf\u0131ndan s\u00f6m\u00fcr\u00fclmesidir. Devletle\u015ftirme yaln\u0131zca devlet \nkapitalizmidir. Devletle\u015ftirilen sanayilerdeki i\u015f\u00e7iler en az \u00f6zel \n\u015firketlerde \u00e7al\u0131\u015fan s\u0131n\u0131fda\u015flar\u0131 kadar s\u00f6m\u00fcr\u00fcl\u00fcrler.<\/p>\n\n\n\n<p><strong>4 &#8211; Sosyalist Bir \u00dclke Var M\u0131 ?<\/strong>\n      <\/p>\n\n\n\n<p>Hay\u0131r. Sosyalist denen \u00fclkelerin t\u00fcm\u00fc devlet kapitalizmidir. Bu\n devletlerde kapitalizmin yukar\u0131da a\u00e7\u0131klanan t\u00fcm \u00f6zellikleri mevcuttur. \nUluslararas\u0131 ticaretin incelenmesi, s\u00f6zde sosyalist devletlerin d\u00fcnya \nkapitalist pazar\u0131n\u0131n bir par\u00e7as\u0131 olduklar\u0131n\u0131 ve kendilerini kar\u0131n \ngereklili\u011finden kurtaramad\u0131klar\u0131n\u0131 g\u00f6rmek i\u00e7in yeterlidir. Sosyalizmde \ndevletin zor g\u00fc\u00e7leri art\u0131k olmayacak; devletin halk\u0131 y\u00f6netimi ortadan \nkalkacak, y\u00f6netim sadece toplumun gerekli ihtiya\u00e7lar\u0131 ile ilgili idari \ni\u015fler \u00fczerine olacakt\u0131r.<\/p>\n\n\n\n<p><strong>5 &#8211; Sosyalizm Ne Demektir ?<\/strong>\n      <\/p>\n\n\n\n<p>D\u00fcnyada sosyalizm hen\u00fcz hi\u00e7bir \u00fclkede var olmam\u0131\u015ft\u0131r. Kurulmas\u0131\n ise \u00e7a\u011fd\u0131\u015f\u0131 kapitalizmin alternatifi olarak t\u00fcm d\u00fcnyada \nger\u00e7ekle\u015ftirilmelidir. Sosyalist toplumda ortak m\u00fclkiyet ve d\u00fcnyan\u0131n \nya\u015fayanlar taraf\u0131ndan ortak y\u00f6netimi bulunacakt\u0131r. Hi\u00e7bir az\u0131nl\u0131k \nkararlar\u0131n\u0131 dikte edemeyecektir. \u00dcretim yaln\u0131zca ihtiya\u00e7 i\u00e7in \nyap\u0131lacakt\u0131r, kar i\u00e7in de\u011fil. Mal-m\u00fclk sahibi ki\u015filer olmayacak, her \u015fey\n herkese ait olacakt\u0131r. Toplumun, mallar\u0131n \u00fcretimi konusunda soraca\u011f\u0131 \nsorular yaln\u0131zca &#8220;\u0130nsanlar\u0131n neye ihtiyac\u0131 var ?&#8221; ve &#8220;Bu ihtiya\u00e7lar \nkar\u015f\u0131lanabilir mi ?&#8221; gibi sorular olacak ve bunlar kaynaklar\u0131n miktar\u0131na\n ba\u011fl\u0131 olarak yan\u0131tlanacakt\u0131r. G\u00fcn\u00fcm\u00fcz\u00fcn aksine modern teknoloji ve \nileti\u015fim ara\u00e7lar\u0131 en verimli \u015fekilde kullan\u0131lacakt\u0131r. En temel sosyalist\n ilke; herkesten yetene\u011fine g\u00f6re almak, herkese ihtiyac\u0131na g\u00f6re vermek \nhayata ge\u00e7ecektir. \u0130\u015f, g\u00f6n\u00fcll\u00fc i\u015f birli\u011fi temelinde yap\u0131lacak, kafa ve \nbeden eme\u011fi aras\u0131ndaki fark ortadan kald\u0131r\u0131lacakt\u0131r. Ortak m\u00fclkiyet \ntemelindeki b\u00f6yle bir toplumda ticaret ortadan kalkacak, para gereksiz \nhale gelecektir. \u0130lk kez t\u00fcm insanlar, d\u00fcnyan\u0131n ortak sahipleri \nolacakt\u0131r.<\/p>\n\n\n\n<p><strong>6 &#8211; Sosyalizm Toplumun Sorunlar\u0131n\u0131 Nas\u0131l \u00c7\u00f6zecek\n      ?<\/strong>\n      <\/p>\n\n\n\n<p>\u0130htiya\u00e7lar yerine kar odakl\u0131 hareket eden bir do\u011faya sahip olan\n kapitalizm bir sorunlar denizi yaratmaktad\u0131r. \u0130\u015f\u00e7ilerin \u00e7o\u011fu \ngeleceklerinden emin de\u011fildir. Her g\u00fcn binlerce insan a\u00e7l\u0131ktan \n\u00f6lmektedir. Bu sorunlara ancak ihtiya\u00e7lar temelinde \u00fcretim yapan bir \ntoplum son verebilir; \u00e7\u00fcnk\u00fc sosyalist toplumun \u00f6nceli\u011fi ihtiya\u00e7lar\u0131n \nm\u00fcmk\u00fcn oldu\u011fu kadar kar\u015f\u0131lanmas\u0131 olacakt\u0131r. \u015eu an bir\u00e7ok ev bo\u015f, bir\u00e7ok \nin\u015faat i\u015f\u00e7isizdir. Di\u011fer yandan bir\u00e7ok insan evsizdir ya da \u00e7ok k\u00f6t\u00fc \nko\u015fullarda ya\u015famaktad\u0131r. G\u00fcn\u00fcm\u00fczde g\u0131dalar yok edilir, \u00e7ift\u00e7iler daha \nfazla \u00fcretmemeleri i\u00e7in te\u015fvik edilirken, milyonlarca insan yeterince \ng\u0131da bulamamaktad\u0131r. \u0130nsanlar tedavisi m\u00fcmk\u00fcn olan hastal\u0131klardan \n\u00f6lmektedir. Bunlara ra\u011fmen herkese yeterli sa\u011fl\u0131k hizmeti g\u00f6t\u00fcrmek \nekonomik a\u00e7\u0131dan uygun bulunmamaktad\u0131r. Sosyalist bir toplumda insanlar \ndaima en iyi olana sahip olacakt\u0131r.<\/p>\n\n\n\n<p><strong>7 &#8211; \u0130nsan Do\u011fas\u0131 Hakk\u0131ndaki D\u00fc\u015f\u00fcnceniz Nedir ?<\/strong>\n      <\/p>\n\n\n\n<p>\u0130nsan\u0131n davran\u0131\u015flar\u0131 her zaman ayn\u0131 de\u011fildir; i\u00e7inde ya\u015fad\u0131\u011f\u0131 \ntoplumun ko\u015fullar\u0131 taraf\u0131ndan belirlenir. Kapitalizmin vah\u015fili\u011fi i\u00e7inde;\n k\u00f6t\u00fc, rekabete a\u00e7\u0131k davran\u0131\u015f ve d\u00fc\u015f\u00fcnce bi\u00e7imleri \u00fcremektedir. Ancak \nbiz insanlar davran\u0131\u015flar\u0131m\u0131z\u0131 de\u011fi\u015ftirebiliriz. Rahata, konfora y\u00f6nelik \nisteklerimizin bizi i\u015fbirli\u011finden al\u0131koymas\u0131 i\u00e7in hi\u00e7bir neden yok. \nKapitalizm alt\u0131nda dahi insanlar ba\u015fkalar\u0131 i\u00e7in iyilik yapman\u0131n zevkini \nduyarlar. \u00c7ok az insan ya\u015fam kavgas\u0131ndan zevk al\u0131r. Bir d\u00fc\u015f\u00fcn\u00fcn, \ni\u015fbirli\u011fi temelinde y\u00fckselen bir toplum ne kadar iyi olurdu.<\/p>\n\n\n\n<p><strong>8 &#8211; Sosyalistler Demokrat M\u0131d\u0131r ?<\/strong>\n      <\/p>\n\n\n\n<p>Evet. Sosyalist parti lideri olmayan, \u00fcyeleri taraf\u0131ndan \nkontrol edilen demokratik bir organizasyondur. Sosyalizm yaln\u0131zca \nbilin\u00e7li bir i\u015f\u00e7i \u00e7o\u011funlu\u011fu taraf\u0131ndan kurulabilir. \u0130\u015f\u00e7iler kendileri \ntaraf\u0131ndan \u00f6zg\u00fcrle\u015fmelidirler, liderler ya da partiler taraf\u0131ndan de\u011fil.\n Yoksa sosyalizm, ne baz\u0131 sol kanat sosyalistlerin vaaz etti\u011fi gibi \n&#8220;devlet y\u0131kacak&#8221; kararl\u0131 bir az\u0131nl\u0131k taraf\u0131ndan ne de \u0130\u015f\u00e7i Partisi \n\u00f6rne\u011finde g\u00f6r\u00fcld\u00fc\u011f\u00fc gibi maa\u015fl\u0131 profesyonel sosyalistler taraf\u0131ndan \ngetirilecektir. \u0130\u015f\u00e7i s\u0131n\u0131f\u0131n\u0131n \u00e7o\u011funlu\u011fu sosyalizmi talep etmeye \nba\u015flad\u0131\u011f\u0131nda, politik iktidar\u0131n fethi i\u00e7in gerekli ad\u0131mlar\u0131 bilin\u00e7li bir\n bi\u00e7imde atacakt\u0131r. Sosyalist bir \u00e7o\u011funluk olmadan sosyalizm olmaz.<\/p>\n\n\n\n<p><strong>9 &#8211; Ne Yapmal\u0131y\u0131z ?<\/strong>\n      <\/p>\n\n\n\n<p>\u0130\u015f\u00e7ilerin \u00e7o\u011fu bir \u015feylerin yanl\u0131\u015f oldu\u011funu biliyorlar ve \nde\u011fi\u015ftirmek istiyorlar. Baz\u0131lar\u0131 kapitalizmin d\u00fczeltilebilece\u011fi umudu \nile reformcu gruplara kat\u0131l\u0131yorlar. Ancak bunlar sonu\u00e7suz kalmaya \nmahkumdur; \u00e7\u00fcnk\u00fc s\u00f6m\u00fcr\u00fc i\u00e7in geli\u015ftirilmi\u015f bir sistemi s\u00f6m\u00fcr\u00fclen \n\u00e7o\u011funlu\u011fun yarar\u0131na d\u00f6n\u00fc\u015ft\u00fcremezsiniz.<\/p>\n\n\n\n<p>Ulus devlet var oldu\u011fu s\u00fcrece d\u00fcnyay\u0131 ekonomik rekabetten \nkaynaklanan sava\u015f tehlikesinden koruyamazs\u0131n\u0131z. Bir\u00e7ok iyi niyetli insan\n say\u0131s\u0131z kampanyalarda yer almaktad\u0131r, ancak tek bir \u00e7\u00f6z\u00fcm vard\u0131r; o da \nkapitalizmi kovmak ve sosyalizmi kurmakt\u0131r. Fakat bunun i\u00e7in \nsosyalistlere ihtiyac\u0131m\u0131z var; bunu kuracak i\u015f\u00e7ilerse\/emek\u00e7ilerse \nbilgili, disiplinli ve de\u011fi\u015fim i\u00e7in istekli olanlard\u0131r. Toplumu \nde\u011fi\u015ftirmek isteyen biri i\u00e7in ya\u015famsal olan bu yetenekler herkes\u00e7e \ngeli\u015ftirilebilir. 21.y\u00fczy\u0131l\u0131n ba\u015flar\u0131nda bile kapitalizm hala insan\u0131 \nbaz\u0131 \u015feylerden mahrum eden korkutucu bir g\u00fcvensizlik ve israf \nsistemidir. Alternatif olarak var olan bu tek yolu ara\u015ft\u0131rmak ve bulmak \nsizin kendinize olan borcunuzdur.<\/p>\n\n\n\n<p><strong>D\u00fcnyan\u0131n t\u00fcm i\u015f\u00e7ileri, d\u00fcnya sosyalizmi i\u00e7in birle\u015fin!<\/strong><a href=\"https:\/\/twitter.com\/WorldSocialism\">Follow @WorldSocialism<\/a><\/p>\n","protected":false},"excerpt":{"rendered":"<p>1 &#8211; Kapitalizm Nedir? Kapitalizm \u015fu anda t\u00fcm \u00fclkelerde var olan sistemin ad\u0131d\u0131r. Bu sistemde t\u00fcm \u00fcretim ve da\u011f\u0131t\u0131m ara\u00e7lar\u0131 (toprak, fabrikalar, b\u00fcrolar, ula\u015f\u0131m ara\u00e7lar\u0131, bas\u0131n vb.) bir az\u0131nl\u0131\u011f\u0131n, kapitalist s\u0131n\u0131f\u0131n tekelindedir. T\u00fcm zenginlik, kafa ve beden g\u00fcc\u00fcm\u00fcz\u00fc, maa\u015f ve \u00fccret denilen bir fiyat kar\u015f\u0131l\u0131\u011f\u0131 kapitalistlere eme\u011fini satan biz emek\u00e7iler taraf\u0131ndan \u00fcretilmektedir. Bu \u00fcretimin amac\u0131&#8230;<\/p>\n","protected":false},"author":1,"featured_media":0,"parent":0,"menu_order":0,"comment_status":"closed","ping_status":"closed","template":"","meta":{"magazine_newspaper_sidebar_layout":"","footnotes":""},"class_list":["post-1586","page","type-page","status-publish","hentry"],"_links":{"self":[{"href":"https:\/\/www.worldsocialism.org\/wsm\/wp-json\/wp\/v2\/pages\/1586","targetHints":{"allow":["GET"]}}],"collection":[{"href":"https:\/\/www.worldsocialism.org\/wsm\/wp-json\/wp\/v2\/pages"}],"about":[{"href":"https:\/\/www.worldsocialism.org\/wsm\/wp-json\/wp\/v2\/types\/page"}],"author":[{"embeddable":true,"href":"https:\/\/www.worldsocialism.org\/wsm\/wp-json\/wp\/v2\/users\/1"}],"replies":[{"embeddable":true,"href":"https:\/\/www.worldsocialism.org\/wsm\/wp-json\/wp\/v2\/comments?post=1586"}],"version-history":[{"count":0,"href":"https:\/\/www.worldsocialism.org\/wsm\/wp-json\/wp\/v2\/pages\/1586\/revisions"}],"wp:attachment":[{"href":"https:\/\/www.worldsocialism.org\/wsm\/wp-json\/wp\/v2\/media?parent=1586"}],"curies":[{"name":"wp","href":"https:\/\/api.w.org\/{rel}","templated":true}]}}