{"id":1582,"date":"2019-03-17T00:04:33","date_gmt":"2019-03-17T00:04:33","guid":{"rendered":"https:\/\/wsm.prolerat.org\/?page_id=1582"},"modified":"2019-10-05T02:21:21","modified_gmt":"2019-10-05T01:21:21","slug":"turkce","status":"publish","type":"page","link":"https:\/\/www.worldsocialism.org\/wsm\/turkce\/","title":{"rendered":"T\u00fcrk\u00e7e"},"content":{"rendered":"\n<h3 class=\"wp-block-heading\"><a href=\"https:\/\/www.worldsocialism.org\/wsm\/dunya-sosyalizim-hakkinda-sorulardunya-sosyalzm-hakkinda-sorular-ve-yanitlar\/\">D\u00fcnya sosyal\u0131z\u0131m hakkinda sorulard\u00fcnya sosyalzm hakkinda sorular ve yanitlar<\/a><\/h3>\n\n\n\n<p><strong>1 &#8211; Kapitalizm Nedir?<\/strong><\/p>\n\n\n\n<p>Kapitalizm \u015fu anda t\u00fcm \u00fclkelerde var olan sistemin ad\u0131d\u0131r. Bu  sistemde t\u00fcm \u00fcretim ve da\u011f\u0131t\u0131m ara\u00e7lar\u0131 (toprak, fabrikalar, b\u00fcrolar,  ula\u015f\u0131m ara\u00e7lar\u0131, bas\u0131n vb.) bir az\u0131nl\u0131\u011f\u0131n, kapitalist s\u0131n\u0131f\u0131n  tekelindedir. T\u00fcm zenginlik, kafa ve beden g\u00fcc\u00fcm\u00fcz\u00fc, maa\u015f ve \u00fccret  denilen bir fiyat kar\u015f\u0131l\u0131\u011f\u0131 kapitalistlere eme\u011fini satan biz emek\u00e7iler  taraf\u0131ndan \u00fcretilmektedir. Bu \u00fcretimin amac\u0131 pazarda belli bir kar ile  sat\u0131labilecek mal ve hizmetler yaratmakt\u0131r. Kapitalist s\u0131n\u0131f,  ya\u015fant\u0131s\u0131n\u0131 i\u015f\u00e7i s\u0131n\u0131f\u0131n\u0131 s\u00f6m\u00fcrerek devam ettirmektedir.<strong><a href=\"https:\/\/worldsocialism.org\/wsm\/dunya-sosyalizim-hakkinda-sorulardunya-sosyalzm-hakkinda-sorular-ve-yanitlar\/\">Read more.. about D\u00fcnya sosyal\u0131z\u0131m hakkinda sorulard\u00fcnya sosyalzm hakkinda sorular ve yanitlar<\/a><\/strong><\/p>\n\n\n\n<h3 class=\"wp-block-heading\"><a href=\"https:\/\/www.worldsocialism.org\/wsm\/insan-ya-da-kar\/\">\u0130nsan ya da K\u00e2r?<\/a><\/h3>\n\n\n\n<p><strong>Yine se\u00e7im zaman\u0131<a href=\"https:\/\/www.worldsocialism.org\/wsm\/insan-ya-da-kar\/\">Read more.. about \u0130nsan ya da K\u00e2r?<\/a><\/strong><\/p>\n\n\n\n<p><a href=\"https:\/\/twitter.com\/WorldSocialism\">Follow @WorldSocialism<\/a><\/p>\n","protected":false},"excerpt":{"rendered":"<p>D\u00fcnya sosyal\u0131z\u0131m hakkinda sorulard\u00fcnya sosyalzm hakkinda sorular ve yanitlar 1 &#8211; Kapitalizm Nedir? Kapitalizm \u015fu anda t\u00fcm \u00fclkelerde var olan sistemin ad\u0131d\u0131r. Bu sistemde t\u00fcm \u00fcretim ve da\u011f\u0131t\u0131m ara\u00e7lar\u0131 (toprak, fabrikalar, b\u00fcrolar, ula\u015f\u0131m ara\u00e7lar\u0131, bas\u0131n vb.) bir az\u0131nl\u0131\u011f\u0131n, kapitalist s\u0131n\u0131f\u0131n tekelindedir. T\u00fcm zenginlik, kafa ve beden g\u00fcc\u00fcm\u00fcz\u00fc, maa\u015f ve \u00fccret denilen bir fiyat kar\u015f\u0131l\u0131\u011f\u0131 kapitalistlere&#8230;<\/p>\n","protected":false},"author":1,"featured_media":0,"parent":0,"menu_order":0,"comment_status":"closed","ping_status":"closed","template":"","meta":{"magazine_newspaper_sidebar_layout":"","footnotes":""},"class_list":["post-1582","page","type-page","status-publish","hentry"],"_links":{"self":[{"href":"https:\/\/www.worldsocialism.org\/wsm\/wp-json\/wp\/v2\/pages\/1582","targetHints":{"allow":["GET"]}}],"collection":[{"href":"https:\/\/www.worldsocialism.org\/wsm\/wp-json\/wp\/v2\/pages"}],"about":[{"href":"https:\/\/www.worldsocialism.org\/wsm\/wp-json\/wp\/v2\/types\/page"}],"author":[{"embeddable":true,"href":"https:\/\/www.worldsocialism.org\/wsm\/wp-json\/wp\/v2\/users\/1"}],"replies":[{"embeddable":true,"href":"https:\/\/www.worldsocialism.org\/wsm\/wp-json\/wp\/v2\/comments?post=1582"}],"version-history":[{"count":2,"href":"https:\/\/www.worldsocialism.org\/wsm\/wp-json\/wp\/v2\/pages\/1582\/revisions"}],"predecessor-version":[{"id":2449,"href":"https:\/\/www.worldsocialism.org\/wsm\/wp-json\/wp\/v2\/pages\/1582\/revisions\/2449"}],"wp:attachment":[{"href":"https:\/\/www.worldsocialism.org\/wsm\/wp-json\/wp\/v2\/media?parent=1582"}],"curies":[{"name":"wp","href":"https:\/\/api.w.org\/{rel}","templated":true}]}}