{"id":1528,"date":"2019-03-16T14:17:04","date_gmt":"2019-03-16T14:17:04","guid":{"rendered":"https:\/\/wsm.prolerat.org\/?page_id=1528"},"modified":"2019-03-16T14:17:04","modified_gmt":"2019-03-16T14:17:04","slug":"socialism-betyder-fri-tillgang","status":"publish","type":"page","link":"https:\/\/www.worldsocialism.org\/wsm\/socialism-betyder-fri-tillgang\/","title":{"rendered":"Socialism betyder fri tillg\u00e5ng"},"content":{"rendered":"\n<p>Argumentet\nf\u00f6r ett klassl\u00f6st samh\u00e4lle, i vilket produktionen \u00e4r inriktad p\u00e5\natt tillfredsst\u00e4lla m\u00e4nskliga behov och i vilket produktion f\u00f6r\nf\u00f6rs\u00e4ljning och marknadsekonomin avskaffats, understryks av det\nfaktum att modern industri och teknologi nu utvecklats till en niv\u00e5\nd\u00e4r de skulle kunna tillhandah\u00e5lla ett \u00f6verfl\u00f6d av\nkonsumtionsartiklar och tj\u00e4nster f\u00f6r alla m\u00e4nniskor i v\u00e4rlden.\nProduktionsproblemet &#8211; hur man ska producera tillr\u00e4ckligt f\u00f6r alla\n&#8211; har l\u00f6sts. M\u00e4nniskans l\u00e5nga kamp f\u00f6r att besegra knappheten har\nvunnits. Potentiellt \u00f6verfl\u00f6d \u00e4r en verklighet. Uppgiften \u00e4r att\nf\u00f6rverkliga sj\u00e4lva \u00f6verfl\u00f6det.<\/p>\n\n\n\n<p>Det\nkan aldrig ske inom ett samh\u00e4lle grundat p\u00e5 klass\u00e4gande av\nproduktionsmedlen, d\u00e4r rikedom produceras f\u00f6r profitabel\nf\u00f6rs\u00e4ljning. Den enda ramen inom vilken detta \u00f6verfl\u00f6d kan\nf\u00f6rverkligas \u00e4r ett samh\u00e4lle d\u00e4r alla resurser,\nm\u00e4nniskotillverkade och naturliga, blivit hela m\u00e4nsklighetens\ngemensamma arv och st\u00e5r under dess demokratiska kontroll. P\u00e5 denna\ngrundval kan produktionen planeras demokratiskt f\u00f6r att\ntillhandah\u00e5lla vad m\u00e4nniskor beh\u00f6ver. I ett s\u00e5dant samh\u00e4lle\nskulle det inte finnas n\u00e5gon plats f\u00f6r marknaden, l\u00f6ner, profiter,\nk\u00f6p och f\u00f6rs\u00e4ljning och pengar. De skulle sluta att existera.<\/p>\n\n\n\n<p>Ett\n\u00f6verfl\u00f6dssamh\u00e4lle \u00e4r inte en f\u00f6rl\u00e4ngning av dagens s\u00e5 kallade\n&#8220;konsumtionssamh\u00e4lle&#8221;, med dess enorma sl\u00f6seri med\nresurser. Det betyder inte att m\u00e4nniskor kommer att skaffa sig allt\nfler meningsl\u00f6sa och sl\u00f6saktiga prylar. Det betyder helt enkelt att\nm\u00e4nniskors materiella behov, b\u00e5de som individer och som samh\u00e4lle,\nkommer att fullt ut tillfredsst\u00e4llas p\u00e5 ett rationellt s\u00e4tt.<\/p>\n\n\n\n<p>I\nmotsats till en vanlig uppfattning (som underst\u00f6ds av kapitalismens\nf\u00f6rsvarare) \u00e4r m\u00e4nniskan inte av naturen girig; m\u00e4nskliga behov\n\u00e4r inte gr\u00e4nsl\u00f6sa. Ur materiell synvinkel beh\u00f6ver m\u00e4nniskan en\nviss m\u00e4ngd och variation i fr\u00e5ga om mat, kl\u00e4der och bostad. Hur\nstor denna \u00e4r i enskilda fall kan den enskilde snart uppt\u00e4cka sj\u00e4lv\n&#8211; och skulle g\u00f6ra det om det fanns fri tillg\u00e5ng till\nkonsumtionsartiklar och tj\u00e4nster. Men, kan det inv\u00e4ndas, om det\nfanns fri tillg\u00e5ng skulle v\u00e4l m\u00e4nniskor ta mer \u00e4n de beh\u00f6vde?\nMen varf\u00f6r skulle de det om det alltid skulle finnas tillr\u00e4ckligt\n(vilket det skulle, f\u00f6rutsatt den moderna industrins produktivkraft\noch det gemensamma \u00e4gandet av produktionsmedlen)? Idag n\u00e4r tillg\u00e5ng\ntill vatten \u00e4r fri (eller \u00e5tminstone den vattenm\u00e4ngd som\nkonsumeras under en viss period) anv\u00e4nder m\u00e4nniskor bara vad de\nbeh\u00f6ver f\u00f6r att tv\u00e4tta, laga mat etc. P\u00e5 samma s\u00e4tt kan man\nf\u00f6rv\u00e4nta sig att m\u00e4nniskor bara kommer att ta s\u00e5 mycket mat\nkl\u00e4der och bostadstj\u00e4nster etc., som de anser sig beh\u00f6va n\u00e4r alla\nkonsumtionsartiklar och tj\u00e4nster \u00e4r fritt tillg\u00e4ngliga. Att ta mer\nvore onormalt och meningsl\u00f6st.<\/p>\n\n\n\n<p>Men\nkan verkligen den moderna industrin tillhandah\u00e5lla tillr\u00e4ckligt f\u00f6r\nvar och en s\u00e5 att fri tillg\u00e5ng till konsumtionsartiklar och\ntj\u00e4nster blir m\u00f6jlig? F\u00f6rvisso inneb\u00e4r kapitalismens sl\u00f6seri ett\nsl\u00f6seri med resurser. F\u00f6r det f\u00f6rsta de v\u00e4pnade styrkorna och\nvapen. F\u00f6r det andra alla m\u00e4nniskor, byggnader och utrustning som\nhar att g\u00f6ra med marknaden och pengar i allm\u00e4nhet; bankv\u00e4sen,\nf\u00f6rs\u00e4kringsv\u00e4sen , pensioner- och skatter, f\u00f6rs\u00e4ljare,\nkondukt\u00f6rer, bokf\u00f6rare, snabbk\u00f6pskass\u00f6rskor etc. I sj\u00e4lva verket\nskulle man kunna s\u00e4ga att mer \u00e4n h\u00e4lften av befolkningen under\nkapitalismen \u00e4r engagerad i s\u00e5dana improduktiva syssels\u00e4ttningar.\nF\u00f6r det tredje f\u00f6rekommer planerad f\u00f6r\u00e5ldring, medveten\ntillverkning av skr\u00e4partiklar gjorda att slitas ut efter en\nj\u00e4mf\u00f6relsevis kort tidsperiod. I ett rationellt organiserat\nsamh\u00e4lle kunde konsumtionsartiklar tillverkas f\u00f6r att h\u00e5lla. Det\nskulle inneb\u00e4ra en ofantlig besparing i fr\u00e5ga om resurser. Med\nelimineringen av dessa tre k\u00e4llor till sl\u00f6seri, som \u00e4r inbyggda i\nkapitalismen, kunde man med l\u00e4tthet producera tillr\u00e4ckligt med bra\nlivsmedel, kl\u00e4der och bost\u00e4der f\u00f6r var och en.<\/p>\n","protected":false},"excerpt":{"rendered":"<p>Argumentet f\u00f6r ett klassl\u00f6st samh\u00e4lle, i vilket produktionen \u00e4r inriktad p\u00e5 att tillfredsst\u00e4lla m\u00e4nskliga behov och i vilket produktion f\u00f6r f\u00f6rs\u00e4ljning och marknadsekonomin avskaffats, understryks av det faktum att modern industri och teknologi nu utvecklats till en niv\u00e5 d\u00e4r de skulle kunna tillhandah\u00e5lla ett \u00f6verfl\u00f6d av konsumtionsartiklar och tj\u00e4nster f\u00f6r alla m\u00e4nniskor i v\u00e4rlden. Produktionsproblemet&#8230;<\/p>\n","protected":false},"author":1,"featured_media":0,"parent":0,"menu_order":0,"comment_status":"closed","ping_status":"closed","template":"","meta":{"magazine_newspaper_sidebar_layout":"","footnotes":""},"class_list":["post-1528","page","type-page","status-publish","hentry"],"_links":{"self":[{"href":"https:\/\/www.worldsocialism.org\/wsm\/wp-json\/wp\/v2\/pages\/1528","targetHints":{"allow":["GET"]}}],"collection":[{"href":"https:\/\/www.worldsocialism.org\/wsm\/wp-json\/wp\/v2\/pages"}],"about":[{"href":"https:\/\/www.worldsocialism.org\/wsm\/wp-json\/wp\/v2\/types\/page"}],"author":[{"embeddable":true,"href":"https:\/\/www.worldsocialism.org\/wsm\/wp-json\/wp\/v2\/users\/1"}],"replies":[{"embeddable":true,"href":"https:\/\/www.worldsocialism.org\/wsm\/wp-json\/wp\/v2\/comments?post=1528"}],"version-history":[{"count":0,"href":"https:\/\/www.worldsocialism.org\/wsm\/wp-json\/wp\/v2\/pages\/1528\/revisions"}],"wp:attachment":[{"href":"https:\/\/www.worldsocialism.org\/wsm\/wp-json\/wp\/v2\/media?parent=1528"}],"curies":[{"name":"wp","href":"https:\/\/api.w.org\/{rel}","templated":true}]}}