{"id":1523,"date":"2019-03-16T14:13:55","date_gmt":"2019-03-16T14:13:55","guid":{"rendered":"https:\/\/wsm.prolerat.org\/?page_id=1523"},"modified":"2019-03-16T14:13:55","modified_gmt":"2019-03-16T14:13:55","slug":"socialism-betyder","status":"publish","type":"page","link":"https:\/\/www.worldsocialism.org\/wsm\/socialism-betyder\/","title":{"rendered":"Socialism betyder"},"content":{"rendered":"\n<ul class=\"wp-block-list\"><li>V\u00e4rldsomfattande GEMENSAMT \u00c4GANDE av produktions- och distributionsmedlen och dess demokratiska kontroll av hela folket.<\/li><li>PRODUKTION ENBART F\u00d6R BRUK f\u00f6r att tillfredsst\u00e4lla m\u00e4nskliga behov och f\u00f6r att avskaffa sv\u00e4lt, slum, d\u00e5lig sjukv\u00e5rd, brist p\u00e5 utbildning och andra tecken p\u00e5 fattigdom.<\/li><li>FRI TILLG\u00c5NG f\u00f6r alla efter behov fr\u00e5n den gemensamma konsumtionsfonden. Avskaffande av k\u00f6p och f\u00f6rs\u00e4ljning, pengar, priser och profiter.<\/li><li>NYTTIGT ARBETE grundat p\u00e5 m\u00e4nskliga behov, med bara en kvalitet &#8211; den b\u00e4sta. Inget mer arbete f\u00f6r l\u00f6ner under en arbetsgivare.<\/li><li>En V\u00c4RLD UTAN GR\u00c4NSER och uppl\u00f6sning av alla v\u00e4pnade styrkor.<br>\nSocialism har aldrig existerat n\u00e5gonstans. Absolut inte i statskapitalistiska Ryssland eller Kina eller under n\u00e5gon socialdemokratisk regering i Sverige.<\/li><\/ul>\n\n\n\n<p>Denna socialistiska v\u00e4rld med fred och \u00f6verfl\u00f6d kan bli v\u00e5r d\u00e5 en majoritet av oss \u00f6nskar den och organiserar sig f\u00f6r att f\u00e5 den. Men dess genomf\u00f6rande \u00e4r inte n\u00e5got som vi kan \u00f6verl\u00e5ta \u00e5t politiker och ledare. Den m\u00e5ste genomf\u00f6ras av vanliga m\u00e4nniskor som oss sj\u00e4lva.<\/p>\n","protected":false},"excerpt":{"rendered":"<p>V\u00e4rldsomfattande GEMENSAMT \u00c4GANDE av produktions- och distributionsmedlen och dess demokratiska kontroll av hela folket. PRODUKTION ENBART F\u00d6R BRUK f\u00f6r att tillfredsst\u00e4lla m\u00e4nskliga behov och f\u00f6r att avskaffa sv\u00e4lt, slum, d\u00e5lig sjukv\u00e5rd, brist p\u00e5 utbildning och andra tecken p\u00e5 fattigdom. FRI TILLG\u00c5NG f\u00f6r alla efter behov fr\u00e5n den gemensamma konsumtionsfonden. Avskaffande av k\u00f6p och f\u00f6rs\u00e4ljning, pengar,&#8230;<\/p>\n","protected":false},"author":1,"featured_media":0,"parent":0,"menu_order":0,"comment_status":"closed","ping_status":"closed","template":"","meta":{"magazine_newspaper_sidebar_layout":"","footnotes":""},"class_list":["post-1523","page","type-page","status-publish","hentry"],"_links":{"self":[{"href":"https:\/\/www.worldsocialism.org\/wsm\/wp-json\/wp\/v2\/pages\/1523","targetHints":{"allow":["GET"]}}],"collection":[{"href":"https:\/\/www.worldsocialism.org\/wsm\/wp-json\/wp\/v2\/pages"}],"about":[{"href":"https:\/\/www.worldsocialism.org\/wsm\/wp-json\/wp\/v2\/types\/page"}],"author":[{"embeddable":true,"href":"https:\/\/www.worldsocialism.org\/wsm\/wp-json\/wp\/v2\/users\/1"}],"replies":[{"embeddable":true,"href":"https:\/\/www.worldsocialism.org\/wsm\/wp-json\/wp\/v2\/comments?post=1523"}],"version-history":[{"count":0,"href":"https:\/\/www.worldsocialism.org\/wsm\/wp-json\/wp\/v2\/pages\/1523\/revisions"}],"wp:attachment":[{"href":"https:\/\/www.worldsocialism.org\/wsm\/wp-json\/wp\/v2\/media?parent=1523"}],"curies":[{"name":"wp","href":"https:\/\/api.w.org\/{rel}","templated":true}]}}