{"id":1513,"date":"2019-03-16T13:52:26","date_gmt":"2019-03-16T13:52:26","guid":{"rendered":"https:\/\/wsm.prolerat.org\/?page_id=1513"},"modified":"2019-03-16T13:52:26","modified_gmt":"2019-03-16T13:52:26","slug":"nu-ar-det-val-igen","status":"publish","type":"page","link":"https:\/\/www.worldsocialism.org\/wsm\/nu-ar-det-val-igen\/","title":{"rendered":"Nu \u00e4r det val igen"},"content":{"rendered":"\n<p>\n    Av och till t\u00e4vlar grupper av yrkespolitiker om din\nr\u00f6st f\u00f6r att sj\u00e4lva kunna skaffa sig en\nbekv\u00e4m position, den h\u00e4r g\u00e5ngen i\nEU-parlamentet. Alla partier och kandidater erbjuder bara mindre\nf\u00f6r\u00e4ndringar av det nuvarande systemet. Oavsett\nvilken kandidat eller vilket parti som vinner kommer ingen\nf\u00f6r\u00e4ndring av vikt att intr\u00e4ffa. Givna\nl\u00f6ften bryts, uppst\u00e4llda m\u00e5l\nuppn\u00e5s inte och statistik v\u00e4ljs ut och manipuleras.<\/p>\n\n\n\n<p>\nPolitiker kan visserligen kritisera s\u00e5dana\nf\u00f6reteelser som giriga bankirer eller vidriga krig, men alla\nutg\u00e5r de fr\u00e5n att kapitalismen \u00e4r det enda\nm\u00f6jliga systemet. De f\u00f6rsvarar ett system i vilket\nvi, majoriteten av befolkningen, m\u00e5ste s\u00e4lja\nv\u00e5r arbetskraft till en liten f\u00f6rm\u00f6gen\nminoritet. De f\u00f6rsvarar ett system i vilket det finns jobb\nbara n\u00e4r det g\u00e5r att g\u00f6ra vinst.<\/p>\n\n\n\n<p><strong>Verklig socialism<\/strong><\/p>\n\n\n\n<p>\nDen v\u00e4rldssocialistiska r\u00f6relsen\nefterstr\u00e4var ett verkligt demokratiskt samh\u00e4lle i\nvilket m\u00e4nniskorna sj\u00e4lva fattar alla beslut som\np\u00e5verkar dem. Det inneb\u00e4r ett samh\u00e4lle utan\nfattiga och rika, utan \u00e4gare och arbetare, utan regeringar och\nstyrda, ett samh\u00e4lle utan ledare och ledda.<\/p>\n\n\n\n<p>\nI ett s\u00e5dant samh\u00e4lle skulle m\u00e4nniskor\nsamarbeta f\u00f6r att anv\u00e4nda jordens\nnaturtillg\u00e5ngar och industrianl\u00e4ggningar i sitt eget\nintresse. De skulle befria produktionen fr\u00e5n det konstgjorda\nhinder som kravet p\u00e5 vinst st\u00e4ller upp och\nuppr\u00e4tta ett samh\u00e4llssystem i vilket alla\nm\u00e4nniskor har fri tillg\u00e5ng till det som\nsamh\u00e4llet producerar. Det socialistiska samh\u00e4llet\nskulle inneb\u00e4ra slutet f\u00f6r k\u00f6p,\nf\u00f6rs\u00e4ljning och utbyte, ett slut p\u00e5\ngr\u00e4nser och nationer, och ett slut p\u00e5 organiserat\nv\u00e5ld och f\u00f6rtryck, sl\u00f6seri, n\u00f6d\noch krig.<\/p>\n\n\n\n<p><strong>Vad du kan g\u00f6ra<\/strong><\/p>\n\n\n\n<p>\nDu kan r\u00f6sta p\u00e5 kandidater som kommer att arbeta\ninom det kapitalistiska systemet och hj\u00e4lpa till att\nh\u00e5lla det ig\u00e5ng. Eller s\u00e5 kan du\nanv\u00e4nda din r\u00f6st f\u00f6r att visa att du vill\navskaffa det och en g\u00e5ng f\u00f6r alla g\u00f6ra slut\np\u00e5 problemen som kapitalismen orsakar.<\/p>\n\n\n\n<p>\nN\u00e4r tillr\u00e4ckligt m\u00e5nga av oss\nf\u00f6renar sig kan vi f\u00f6r\u00e4ndra valen till att\nbli ett medel f\u00f6r att g\u00f6ra slut p\u00e5 ett\nsamh\u00e4lle med minoritetsstyre till f\u00f6rm\u00e5n\nf\u00f6r ett samh\u00e4lle med verklig demokrati och social\nj\u00e4mlikhet.<\/p>\n\n\n\n<p>\nOm du h\u00e5ller med om detta och \u00e4r beredd att\nf\u00f6rena dig med oss f\u00f6r att uppn\u00e5 detta\nsamh\u00e4lle kan du r\u00f6sta f\u00f6r det genom att\nskriva V\u00c4RLDSSOCIALISM, WORLD SOCIALISM, p\u00e5 din\nvalsedel. <\/p>\n\n\n\n<p> M\u00c5L: Att uppr\u00e4tta ett samh\u00e4llssystem baserat p\u00e5 hela samh\u00e4llets gemensamma \u00e4gande och demokratiska kontroll av produktions- och distributionsmedlen.gemensamt.                                                                                  <a href=\"https:\/\/twitter.com\/WorldSocialism\">Follow @WorldSocialism<\/a><\/p>\n","protected":false},"excerpt":{"rendered":"<p>Av och till t\u00e4vlar grupper av yrkespolitiker om din r\u00f6st f\u00f6r att sj\u00e4lva kunna skaffa sig en bekv\u00e4m position, den h\u00e4r g\u00e5ngen i EU-parlamentet. Alla partier och kandidater erbjuder bara mindre f\u00f6r\u00e4ndringar av det nuvarande systemet. Oavsett vilken kandidat eller vilket parti som vinner kommer ingen f\u00f6r\u00e4ndring av vikt att intr\u00e4ffa. Givna l\u00f6ften bryts, uppst\u00e4llda&#8230;<\/p>\n","protected":false},"author":1,"featured_media":0,"parent":0,"menu_order":0,"comment_status":"closed","ping_status":"closed","template":"","meta":{"magazine_newspaper_sidebar_layout":"","footnotes":""},"class_list":["post-1513","page","type-page","status-publish","hentry"],"_links":{"self":[{"href":"https:\/\/www.worldsocialism.org\/wsm\/wp-json\/wp\/v2\/pages\/1513","targetHints":{"allow":["GET"]}}],"collection":[{"href":"https:\/\/www.worldsocialism.org\/wsm\/wp-json\/wp\/v2\/pages"}],"about":[{"href":"https:\/\/www.worldsocialism.org\/wsm\/wp-json\/wp\/v2\/types\/page"}],"author":[{"embeddable":true,"href":"https:\/\/www.worldsocialism.org\/wsm\/wp-json\/wp\/v2\/users\/1"}],"replies":[{"embeddable":true,"href":"https:\/\/www.worldsocialism.org\/wsm\/wp-json\/wp\/v2\/comments?post=1513"}],"version-history":[{"count":0,"href":"https:\/\/www.worldsocialism.org\/wsm\/wp-json\/wp\/v2\/pages\/1513\/revisions"}],"wp:attachment":[{"href":"https:\/\/www.worldsocialism.org\/wsm\/wp-json\/wp\/v2\/media?parent=1513"}],"curies":[{"name":"wp","href":"https:\/\/api.w.org\/{rel}","templated":true}]}}