{"id":1482,"date":"2019-03-16T12:49:05","date_gmt":"2019-03-16T12:49:05","guid":{"rendered":"https:\/\/wsm.prolerat.org\/?page_id=1482"},"modified":"2019-10-05T14:10:58","modified_gmt":"2019-10-05T13:10:58","slug":"svenska","status":"publish","type":"page","link":"https:\/\/www.worldsocialism.org\/wsm\/svenska\/","title":{"rendered":"Svenska"},"content":{"rendered":"\n<h3 class=\"wp-block-heading\"><a href=\"https:\/\/www.worldsocialism.org\/wsm\/fria-resor-i-kopenhamn\/\">Fria resor i K\u00f6penhamn?<\/a><\/h3>\n\n\n\n<p>\n              \n      \n          \n  \n  \n    DET ER DYRT AT K\u00d8RE GRATIS I BUS, lyder en av huvudrubrikerna i\nK\u00f6penhamnstidningen Berlingske Tidende den fj\u00e4rde september.\nUnderrubriken forts\u00e4tter med att s\u00e4ga att &#8220;afskaffelse af billetter vil\nbetyde st\u00e6rkt \u00f8gede skatter &#8211; Sovjet har pr\u00f8vet og afskaffet\ngratis-systemet.&#8221;<\/p>\n\n\n\n<p> Direkt\u00f6ren f\u00f6r K\u00f6penhamns Sporveje, K.&nbsp;N. Andersen, har studerat den m\u00f6jliga framtida politiken f\u00f6r sin organisation och framtr\u00e4tt som en best\u00e4md motst\u00e5ndare till fria resor.<br> Han menade att fria resor p\u00e5 K\u00f6penhamns bussar skulle betyda att de<strong><a href=\"https:\/\/www.worldsocialism.org\/wsm\/fria-resor-i-kopenhamn\/\">Read more.. about Fria resor i K\u00f6penhamn?<\/a><\/strong><\/p>\n\n\n\n<h3 class=\"wp-block-heading\"><a href=\"https:\/\/www.worldsocialism.org\/wsm\/lenin-bara-en-rysk-revolutionar\/\">Lenin: bara en rysk revolution\u00e4r<\/a><\/h3>\n\n\n\n<p>\n              \n      \n          \n  \n  \n    De som l\u00e4ser Marx och Lenin kan inte undg\u00e5 att uppt\u00e4cka en del\nolikheter mellan dessa b\u00e5da revolution\u00e4ra t\u00e4nkares syns\u00e4tt. Det \u00e4r dock\nf\u00e5 som inser hela naturen och vidden av skillnaderna mellan Lenins\nsyns\u00e4tt och Marx&#8217;.<\/p>\n\n\n\n<p> Nu, d\u00e5 Ryssland uppenbart bara \u00e4r en av m\u00e5nga kapitalistiska och imperialistiska stater, har den f\u00f6rlorat det mesta av det som tidigare drog m\u00e5nga f\u00f6rvirrade samh\u00e4llskritiker till den. Tendensen \u00e4r dock att man skyller p\u00e5 Stalin (eller Chrustjev) f\u00f6r att ha f\u00f6rvr\u00e4ngt marxismen och f\u00f6rvandlat den till en h\u00e4rskande statskapitalistisk klass&#8217;<strong><a href=\"https:\/\/www.worldsocialism.org\/wsm\/lenin-bara-en-rysk-revolutionar\/\">Read more.. about Lenin: bara en rysk revolution\u00e4r<\/a><\/strong><\/p>\n\n\n\n<h3 class=\"wp-block-heading\"><a href=\"https:\/\/www.worldsocialism.org\/wsm\/myten-om-overgangssamhallet-av-a-buick\/\">Myten om \u00f6verg\u00e5ngssamh\u00e4llet av A. Buick<\/a><\/h3>\n\n\n\n<p>                                            Publicerat i <em>Critique<\/em> 5, 1975.<br> Digitaliserat av <a href=\"http:\/\/www.marxists.org\/admin\/volunteers\/steering.htm\">Jonas Holmgren<\/a> f\u00f6r Marxists Internet Archive. <\/p>\n\n\n\n<hr class=\"wp-block-separator\"\/>\n\n\n\n<p><em>Critique<\/em> har nyligen publicerat \u00f6vers\u00e4ttningen av en artikel av Ernest Mandel. I den utvecklar han sin numera bekanta teori att, i den sociala revolutionens f\u00f6rlopp mellan kapitalism och socialism kommer med n\u00f6dv\u00e4ndighet ett \u00f6verg\u00e5ngs&#8221;samh\u00e4lle&#8221; med egen social bas, egna produktionsf\u00f6rh\u00e5llanden etc.<a href=\"\/myten-om-overgangssamhallet-av-a-buick\/#n1\">[1]<\/a> Den synpunkten \u00e4r v\u00e4rd att<strong><a href=\"https:\/\/www.worldsocialism.org\/wsm\/myten-om-overgangssamhallet-av-a-buick\/\">Read more.. about Myten om \u00f6verg\u00e5ngssamh\u00e4llet av A. Buick<\/a><\/strong><\/p>\n\n\n\n<h3 class=\"wp-block-heading\"><a href=\"https:\/\/www.worldsocialism.org\/wsm\/nu-ar-det-val-igen\/\">Nu  \u00e4r  det val igen <\/a><\/h3>\n\n\n\n<p>\n              \n      \n          \n  \n  \n    Av och till t\u00e4vlar grupper av yrkespolitiker om din\nr\u00f6st f\u00f6r att sj\u00e4lva kunna skaffa sig en\nbekv\u00e4m position, den h\u00e4r g\u00e5ngen i\nEU-parlamentet. Alla partier och kandidater erbjuder bara mindre\nf\u00f6r\u00e4ndringar av det nuvarande systemet. Oavsett\nvilken kandidat eller vilket parti som vinner kommer ingen\nf\u00f6r\u00e4ndring av vikt att intr\u00e4ffa. Givna\nl\u00f6ften bryts, uppst\u00e4llda m\u00e5l\nuppn\u00e5s inte och statistik v\u00e4ljs ut och manipuleras.<\/p>\n\n\n\n<p> Politiker kan visserligen kritisera s\u00e5dana f\u00f6reteelser som giriga bankirer eller vidriga krig, men alla utg\u00e5r de fr\u00e5n att kapitalismen \u00e4r det enda<strong><a href=\"https:\/\/www.worldsocialism.org\/wsm\/nu-ar-det-val-igen\/\">Read more.. about Nu  \u00e4r  det val igen <\/a><\/strong><\/p>\n\n\n\n<h3 class=\"wp-block-heading\"><a href=\"https:\/\/www.worldsocialism.org\/wsm\/socialdemokraterna-ett-kapitalistiskt-parti\/\">Socialdemokraterna- ett kapitalistiskt parti<\/a><\/h3>\n\n\n\n<p>                                            Sveriges Socialdemokratiska Arbetareparti, SAP, grundades redan 1889 men det dr\u00f6jde \u00e5tta \u00e5r innan partiet antog sitt f\u00f6rsta program. Det skrevs av Axel Danielson och byggde i stort p\u00e5 den tyska socialdemokratins Erfurtprogram. I programmets allm\u00e4nna grundsatser f\u00f6rklarade SAP som sitt syfte att er\u00f6vra politisk makt f\u00f6r &#8220;upph\u00e4vandet av det privatkapitaliska monopolet p\u00e5 produktionsmedlen och dessas f\u00f6rvandling till gemensam, hela samh\u00e4llet tillh\u00f6rande egendom&#8221;. Programmet klargjorde ocks\u00e5, att &#8220;gemensam, hela samh\u00e4llet tillh\u00f6rande egendom&#8221;<strong><a href=\"https:\/\/www.worldsocialism.org\/wsm\/socialdemokraterna-ett-kapitalistiskt-parti\/\">Read more.. about Socialdemokraterna- ett kapitalistiskt parti<\/a><\/strong><\/p>\n\n\n\n<h3 class=\"wp-block-heading\"><a href=\"https:\/\/www.worldsocialism.org\/wsm\/socialism-betyder\/\">Socialism betyder <\/a><\/h3>\n\n\n\n<p>\n&#8211; V\u00e4rldsomfattande GEMENSAMT \u00c4GANDE av produktions- och\ndistributionsmedlen och dess demokratiska kontroll av hela folket. <\/p>\n\n\n\n<p>\n&#8211; PRODUKTION ENBART F\u00d6R BRUK f\u00f6r att tillfredsst\u00e4lla m\u00e4nskliga behov\noch f\u00f6r att avskaffa sv\u00e4lt, slum, d\u00e5lig sjukv\u00e5rd, brist p\u00e5 utbildning\noch andra tecken p\u00e5 fattigdom.<\/p>\n\n\n\n<p>\n&#8211; FRI TILLG\u00c5NG f\u00f6r alla efter behov fr\u00e5n den gemensamma\nkonsumtionsfonden. Avskaffande av k\u00f6p och f\u00f6rs\u00e4ljning, pengar, priser\noch profiter.<\/p>\n\n\n\n<p> &#8211; NYTTIGT ARBETE grundat p\u00e5 m\u00e4nskliga behov, med bara en kvalitet &#8211; den <strong><a href=\"https:\/\/www.worldsocialism.org\/wsm\/socialism-betyder\/\">Read more.. about Socialism betyder <\/a><\/strong><\/p>\n\n\n\n<h3 class=\"wp-block-heading\"><a href=\"https:\/\/www.worldsocialism.org\/wsm\/socialism-betyder-fri-tillgang\/\">Socialism betyder fri tillg\u00e5ng<\/a><\/h3>\n\n\n\n<p>Argumentet f\u00f6r ett klassl\u00f6st samh\u00e4lle, i vilket produktionen \u00e4r inriktad p\u00e5 att tillfredsst\u00e4lla m\u00e4nskliga behov och i vilket produktion f\u00f6r f\u00f6rs\u00e4ljning och marknadsekonomin avskaffats, understryks av det faktum att modern industri och teknologi nu utvecklats till en niv\u00e5 d\u00e4r de skulle kunna tillhandah\u00e5lla ett \u00f6verfl\u00f6d av konsumtionsartiklar och tj\u00e4nster f\u00f6r alla m\u00e4nniskor i v\u00e4rlden. Produktionsproblemet &#8211; hur man ska producera tillr\u00e4ckligt f\u00f6r alla &#8211; har l\u00f6sts. M\u00e4nniskans l\u00e5nga kamp f\u00f6r att besegra knappheten har vunnits. Potentiellt \u00f6verfl\u00f6d \u00e4r en verklighet. Uppgiften \u00e4r att <strong><a href=\"https:\/\/www.worldsocialism.org\/wsm\/socialism-betyder-fri-tillgang\/\">Read more.. about Socialism betyder fri tillg\u00e5ng<\/a><\/strong><\/p>\n\n\n\n<h3 class=\"wp-block-heading\"><a href=\"https:\/\/www.worldsocialism.org\/wsm\/trotskisterna-och-statskapitalismen\/\">Trotskisterna och statskapitalismen<\/a><\/h3>\n\n\n\n<p>\n              \n      \n          \n  \n  \n    Det nybildade Revolution\u00e4ra Marxisters F\u00f6rbund (trotskister) har b\u00f6rjat\nutge en tidning som heter Mullvaden. Dess f\u00f6rsta nummer behandlar bl.a.\nde senaste h\u00e4ndelserna i Polen (sid. 2).Vi har n\u00e5gra kommentarer till\ntrotskisternas syn p\u00e5 Polen (och de \u00f6vriga statskapitalistiska\nl\u00e4nderna).<\/p>\n\n\n\n<p>\nI Polen-artikeln framkommer att RMF ser Polen som ett\n&#8220;\u00f6verg\u00e5ngssamh\u00e4lle&#8221;, d\u00e4r arbetarklassen m\u00e5ste g\u00f6ra en politisk\nrevolution f\u00f6r att st\u00f6rta byr\u00e5kratin.<\/p>\n\n\n\n<p> &#8220;Men byr\u00e5kratin som politisk maktstruktur f\u00f6r\u00e4ndras inte genom att n\u00e5gra odugliga politruker och funktion\u00e4rer ers\u00e4tts med ett antal<strong><a href=\"https:\/\/www.worldsocialism.org\/wsm\/trotskisterna-och-statskapitalismen\/\">Read more.. about Trotskisterna och statskapitalismen<\/a><\/strong><\/p>\n\n\n\n<h3 class=\"wp-block-heading\"><a href=\"https:\/\/www.worldsocialism.org\/wsm\/uttalande-till-en-tysk-arbetarkonferens-i-augsburg-1969\/\">Uttalande till en tysk arbetarkonferens i Augsburg (1969)<\/a><\/h3>\n\n\n\n<p>\n              \n      \n          \n  \n  \n    Kamrater, arbetare,<\/p>\n\n\n\n<p>\n1. Vi st\u00e4ller h\u00e4r upp n\u00e5gra av de principer p\u00e5 vilka ett genuint\nsocialistiskt parti enligt v\u00e5r mening b\u00f6r grunda sig och hoppas att de\nska vara ett v\u00e4rdefullt bidrag till era diskussioner. Vi har indelat\nv\u00e5rt uttalande i tre delar:<\/p>\n\n\n\n<p><a href=\"https:\/\/www.worldsocialism.org\/wsm\/uttalande-till-en-tysk-arbetarkonferens-i-augsburg-1969\/#I\">I. Socialism<\/a><br><a href=\"https:\/\/www.worldsocialism.org\/wsm\/uttalande-till-en-tysk-arbetarkonferens-i-augsburg-1969\/#II\">II. V\u00e4gen till Socialism<\/a><br><a href=\"https:\/\/www.worldsocialism.org\/wsm\/uttalande-till-en-tysk-arbetarkonferens-i-augsburg-1969\/#III\">III. Reform av Kapitalismen<\/a><\/p>\n\n\n\n<p>\nI. Socialism<\/p>\n\n\n\n<p> 2. Ett socialistiskt parti m\u00e5ste f\u00f6rst ha klart f\u00f6r sig att socialismen<strong><a href=\"https:\/\/www.worldsocialism.org\/wsm\/uttalande-till-en-tysk-arbetarkonferens-i-augsburg-1969\/\">Read more..<\/a><\/strong><\/p>\n","protected":false},"excerpt":{"rendered":"<p>Fria resor i K\u00f6penhamn? DET ER DYRT AT K\u00d8RE GRATIS I BUS, lyder en av huvudrubrikerna i K\u00f6penhamnstidningen Berlingske Tidende den fj\u00e4rde september. Underrubriken forts\u00e4tter med att s\u00e4ga att &#8220;afskaffelse af billetter vil betyde st\u00e6rkt \u00f8gede skatter &#8211; Sovjet har pr\u00f8vet og afskaffet gratis-systemet.&#8221; Direkt\u00f6ren f\u00f6r K\u00f6penhamns Sporveje, K.&nbsp;N. Andersen, har studerat den m\u00f6jliga framtida&#8230;<\/p>\n","protected":false},"author":1,"featured_media":0,"parent":0,"menu_order":0,"comment_status":"closed","ping_status":"closed","template":"","meta":{"magazine_newspaper_sidebar_layout":"","footnotes":""},"class_list":["post-1482","page","type-page","status-publish","hentry"],"_links":{"self":[{"href":"https:\/\/www.worldsocialism.org\/wsm\/wp-json\/wp\/v2\/pages\/1482","targetHints":{"allow":["GET"]}}],"collection":[{"href":"https:\/\/www.worldsocialism.org\/wsm\/wp-json\/wp\/v2\/pages"}],"about":[{"href":"https:\/\/www.worldsocialism.org\/wsm\/wp-json\/wp\/v2\/types\/page"}],"author":[{"embeddable":true,"href":"https:\/\/www.worldsocialism.org\/wsm\/wp-json\/wp\/v2\/users\/1"}],"replies":[{"embeddable":true,"href":"https:\/\/www.worldsocialism.org\/wsm\/wp-json\/wp\/v2\/comments?post=1482"}],"version-history":[{"count":2,"href":"https:\/\/www.worldsocialism.org\/wsm\/wp-json\/wp\/v2\/pages\/1482\/revisions"}],"predecessor-version":[{"id":2451,"href":"https:\/\/www.worldsocialism.org\/wsm\/wp-json\/wp\/v2\/pages\/1482\/revisions\/2451"}],"wp:attachment":[{"href":"https:\/\/www.worldsocialism.org\/wsm\/wp-json\/wp\/v2\/media?parent=1482"}],"curies":[{"name":"wp","href":"https:\/\/api.w.org\/{rel}","templated":true}]}}