{"id":1476,"date":"2019-03-16T01:22:23","date_gmt":"2019-03-16T01:22:23","guid":{"rendered":"https:\/\/wsm.prolerat.org\/?page_id=1476"},"modified":"2025-09-03T08:00:01","modified_gmt":"2025-09-03T07:00:01","slug":"o-movimento-socialista-mundial","status":"publish","type":"page","link":"https:\/\/www.worldsocialism.org\/wsm\/o-movimento-socialista-mundial\/","title":{"rendered":"O Movimento Socialista Mundial"},"content":{"rendered":"\r\n<ul class=\"wp-block-list\"><li>\r\n          O socialismo at\u00e9 agora nunca existiu.\r\n        <\/li><li>\r\n          Quando existir, ter\u00e1 que ser estabelecido\r\n          mundialmente.\r\n        <\/li><li>\r\n          O socialismo s\u00f3 pode ser estabelecido\r\n          democraticamente.<\/li><\/ul>\r\n\r\n\r\n     <p>Come\u00e7amos com estes tr\u00eas pontos que consideramos vitais para\r\n      entender o que significa socialismo para n\u00f3s. Rejeitamos a\r\n      ideia de que o socialismo j\u00e1 existiu em pa\u00edses chamados\r\n      socialistas. Leia a nossa defini\u00e7\u00e3o de socialismo abaixo e\r\n      reflicta sobre se ela tem alguma coisa a ver com as ditaduras\r\n      do capitalismo estatal como a de Cuba, China, antiga Uni\u00e3o\r\n      Sovi\u00e9tica ou dos v\u00e1rios governos de social democracia do\r\n      passado ou do presente. <\/p>\r\n\r\n\r\n      <p>Rejeitamos a ideia de socialismo em apenas um pa\u00eds. O\r\n      socialismo nacionalista n\u00e3o \u00e9 socialismo. O sistema capitalista\r\n      est\u00e1 globalizado e o sistema que vai substitu\u00ed-lo tem que ser\r\n      globalizado tamb\u00e9m. <\/p>\r\n\r\n\r\n      <p>Rejeitamos a ideia de que as pessoas possam ser guiadas para\r\n      o socialismo porque este n\u00e3o pode ser estabelecido por l\u00edderes\r\n      e ex\u00e9rcitos em luta, mas sim por homens e mulheres pensadores.\r\n      N\u00e3o podemos ter socialismo sem socialistas. <\/p>\r\n\r\n\r\n      <p>O que significa socialismo, ent\u00e3o? \u00c9 uma pergunta directa\r\n      que merece uma resposta directa. O socialismo \u00e9 um sistema\r\n      mundial de organiza\u00e7\u00e3o social baseado: <\/p>\r\n\r\n\r\n      <p>na patrim\u00f3nio comum: todos os meios de produ\u00e7\u00e3o de riqueza\r\n      ser\u00e3o patrim\u00f3nio da humanidade. N\u00e3o existir\u00e3o companhias\r\n      multinacionais, nem neg\u00f3cios pequenos. Ningu\u00e9m ser\u00e1 dono do\r\n      mundo . O mundo ser\u00e1 dos seus habitantes. <\/p>\r\n\r\n\r\n      <p>no controlo democr\u00e1tico por todos: quem vai mandar na\r\n      sociedade socialista? Todos n\u00f3s. N\u00e3o vai haver governantes nem\r\n      governados. O povo vai tomar as suas pr\u00f3prias decis\u00f5es\r\n      livremente dentro das suas comunidades, regi\u00f5es e a n\u00edvel\r\n      mundial. Tudo isto \u00e9 poss\u00edvel com a tecnologia de informa\u00e7\u00e3o e\r\n      comunica\u00e7\u00e3o que existe hoje. <\/p>\r\n\r\n\r\n      <p>na produ\u00e7\u00e3o para uso: produ\u00e7\u00e3o n\u00e3o ser\u00e1 para vender\r\n      mercadorias para criar lucros para os capitalistas, mas sim\r\n      para satisfazer as necessidades e desejos de todos. <\/p>\r\n\r\n\r\n      <p>no livre acesso: neste tipo de sociedade onde toda a gente \u00e9\r\n      dono de tudo, n\u00f3s vamos decidir democraticamente o que devemos\r\n      produzir, e logicamente produziremos somente as coisas que t\u00eam\r\n      utilidade para todos. Todos v\u00e3o ter livre acesso ao que foi\r\n      produzido e o dinheiro n\u00e3o ter\u00e1 qualquer fun\u00e7\u00e3o. <\/p>\r\n\r\n\r\n      <p>Vamos trabalhar n\u00e3o para receber um sal\u00e1rio, mas para dar o\r\n      que podemos e receber o que precisamos. <\/p>\r\n\r\n\r\n      <p>O Movimento Socialista Mundial diz: <\/p>\r\n\r\n\r\n      <p>que o socialismo vai ser um sistema global sem dinheiro, com\r\n      os meios de produ\u00e7\u00e3o controlados democraticamente e n\u00e3o pelo\r\n      Estado; <\/p>\r\n\r\n\r\n     <p> que o socialismo vai acabar completa e bruscamente com o\r\n      capitalismo, sem per\u00edodo de transi\u00e7\u00e3o; <\/p>\r\n\r\n\r\n      <p>que quando tivermos socialismo, o Estado vai deixar de\r\n      existir; <\/p>\r\n\r\n\r\n     <p> que quando tivermos socialismo, n\u00e3o mais existir\u00e3o classes\r\n      econ\u00f3micas; <\/p>\r\n\r\n\r\n      <p>que n\u00f3s temos um s\u00f3 objectivo que e estabelecer o\r\n      socialismo; <\/p>\r\n\r\n\r\n      <p>que somente a grande maioria, consciente dos seus pr\u00f3prios\r\n      interesses, pode estabelecer o socialismo; <\/p>\r\n\r\n\r\n      <p>que somos o oposto de qualquer vanguarda ou lideran\u00e7a porque\r\n      elas s\u00e3o antidemocr\u00e1ticas; <\/p>\r\n\r\n\r\n      <p>que promovemos uma revolu\u00e7\u00e3o pac\u00edfica e democr\u00e1tica baseada\r\n      no entendimento e nos desejos da maioria. <\/p>\r\n\r\n\r\n      <p>N\u00e3o promovemos nem faremos oposi\u00e7\u00e3o a qualquer reforma do\r\n      capitalismo. <\/p>\r\n\r\n\r\n      <p>Afirmamos que existe uma s\u00f3 classe de trabalhadores\r\n      mundialmente. <\/p>\r\n\r\n\r\n      <p>Mostramos os conceitos fundamentais que o socialismo tem que\r\n      ter, mas n\u00e3o impomos a forma exacta que a futura sociedade\r\n      socialista deve revestir. <\/p>\r\n\r\n\r\n      <p>Promovemos o entendimento da hist\u00f3ria pelo materialismo\r\n      dial\u00e9ctico. <\/p>\r\n\r\n\r\n     <p> Dizemos que a religi\u00e3o \u00e9 uma quest\u00e3o social, n\u00e3o pessoal, e\r\n      religi\u00e3o \u00e9 contr\u00e1ria ao entendimento socialista. <\/p>\r\n\r\n\r\n      <p>Promovemos a ac\u00e7\u00e3o eleitoral da maioria para eliminar o\r\n      capitalismo, n\u00e3o para o governar. <\/p>\r\n\r\n\r\n      <p>Dizemos que o Leninismo \u00e9 uma distor\u00e7\u00e3o do Marxismo. <\/p>\r\n\r\n\r\n      <p>Somos contra todas as guerras e dizemos que o socialismo vai\r\n      acabar com a guerra, inclusive a guerra das classes. Em 1918 o\r\n      Revolu\u00e7\u00e3o Bolchevista n\u00e3o era socialista, e a R\u00fassia naquela\r\n      \u00e9poca n\u00e3o estava preparada para o socialismo. <\/p>\r\n\r\n\r\n      <p>O Movimento Socialista Mundial foi o primeiro a reconhecer\r\n      que a antiga Uni\u00e3o Sovi\u00e9tica, a China, Cuba e outros pa\u00edses\r\n      chamados &#8220;socialistas&#8221; n\u00e3o eram socialistas, mas sim\r\n      capitalistas estatais.<p>\r\n","protected":false},"excerpt":{"rendered":"<p>O socialismo at\u00e9 agora nunca existiu. Quando existir, ter\u00e1 que ser estabelecido mundialmente. O socialismo s\u00f3 pode ser estabelecido democraticamente. Come\u00e7amos com estes tr\u00eas pontos que consideramos vitais para entender o que significa socialismo para n\u00f3s. Rejeitamos a ideia de que o socialismo j\u00e1 existiu em pa\u00edses chamados socialistas. Leia a nossa defini\u00e7\u00e3o de socialismo&#8230;<\/p>\n","protected":false},"author":1,"featured_media":0,"parent":0,"menu_order":0,"comment_status":"closed","ping_status":"closed","template":"","meta":{"magazine_newspaper_sidebar_layout":"","footnotes":""},"class_list":["post-1476","page","type-page","status-publish","hentry"],"_links":{"self":[{"href":"https:\/\/www.worldsocialism.org\/wsm\/wp-json\/wp\/v2\/pages\/1476","targetHints":{"allow":["GET"]}}],"collection":[{"href":"https:\/\/www.worldsocialism.org\/wsm\/wp-json\/wp\/v2\/pages"}],"about":[{"href":"https:\/\/www.worldsocialism.org\/wsm\/wp-json\/wp\/v2\/types\/page"}],"author":[{"embeddable":true,"href":"https:\/\/www.worldsocialism.org\/wsm\/wp-json\/wp\/v2\/users\/1"}],"replies":[{"embeddable":true,"href":"https:\/\/www.worldsocialism.org\/wsm\/wp-json\/wp\/v2\/comments?post=1476"}],"version-history":[{"count":2,"href":"https:\/\/www.worldsocialism.org\/wsm\/wp-json\/wp\/v2\/pages\/1476\/revisions"}],"predecessor-version":[{"id":5486,"href":"https:\/\/www.worldsocialism.org\/wsm\/wp-json\/wp\/v2\/pages\/1476\/revisions\/5486"}],"wp:attachment":[{"href":"https:\/\/www.worldsocialism.org\/wsm\/wp-json\/wp\/v2\/media?parent=1476"}],"curies":[{"name":"wp","href":"https:\/\/api.w.org\/{rel}","templated":true}]}}