{"id":1473,"date":"2019-03-16T01:20:12","date_gmt":"2019-03-16T01:20:12","guid":{"rendered":"https:\/\/wsm.prolerat.org\/?page_id=1473"},"modified":"2019-10-05T14:12:06","modified_gmt":"2019-10-05T13:12:06","slug":"portugues","status":"publish","type":"page","link":"https:\/\/www.worldsocialism.org\/wsm\/portugues\/","title":{"rendered":"Portugu\u00eas"},"content":{"rendered":"\n<h3 class=\"wp-block-heading\"><a href=\"https:\/\/www.worldsocialism.org\/wsm\/o-movimento-socialista-mundial\/\">O Movimento Socialista Mundial<\/a><\/h3>\n\n\n\n<ul class=\"wp-block-list\"><li>\n          O socialismo at\u00e9 agora nunca existiu.\n        <\/li><li>\n          Quando existir, ter\u00e1 que ser estabelecido\n          mundialmente.\n        <\/li><li>\n          O socialismo s\u00f3 pode ser estabelecido\n          democraticamente.<\/li><\/ul>\n\n\n\n<p><strong><a href=\"https:\/\/www.worldsocialism.org\/wsm\/o-movimento-socialista-mundial\/\">Read more..<\/a><\/strong><\/p>\n","protected":false},"excerpt":{"rendered":"<p>O Movimento Socialista Mundial O socialismo at\u00e9 agora nunca existiu. Quando existir, ter\u00e1 que ser estabelecido mundialmente. O socialismo s\u00f3 pode ser estabelecido democraticamente. Read more..<\/p>\n","protected":false},"author":1,"featured_media":0,"parent":0,"menu_order":0,"comment_status":"closed","ping_status":"closed","template":"","meta":{"magazine_newspaper_sidebar_layout":"","footnotes":""},"class_list":["post-1473","page","type-page","status-publish","hentry"],"_links":{"self":[{"href":"https:\/\/www.worldsocialism.org\/wsm\/wp-json\/wp\/v2\/pages\/1473","targetHints":{"allow":["GET"]}}],"collection":[{"href":"https:\/\/www.worldsocialism.org\/wsm\/wp-json\/wp\/v2\/pages"}],"about":[{"href":"https:\/\/www.worldsocialism.org\/wsm\/wp-json\/wp\/v2\/types\/page"}],"author":[{"embeddable":true,"href":"https:\/\/www.worldsocialism.org\/wsm\/wp-json\/wp\/v2\/users\/1"}],"replies":[{"embeddable":true,"href":"https:\/\/www.worldsocialism.org\/wsm\/wp-json\/wp\/v2\/comments?post=1473"}],"version-history":[{"count":1,"href":"https:\/\/www.worldsocialism.org\/wsm\/wp-json\/wp\/v2\/pages\/1473\/revisions"}],"predecessor-version":[{"id":2452,"href":"https:\/\/www.worldsocialism.org\/wsm\/wp-json\/wp\/v2\/pages\/1473\/revisions\/2452"}],"wp:attachment":[{"href":"https:\/\/www.worldsocialism.org\/wsm\/wp-json\/wp\/v2\/media?parent=1473"}],"curies":[{"name":"wp","href":"https:\/\/api.w.org\/{rel}","templated":true}]}}