{"id":1466,"date":"2019-03-16T00:16:44","date_gmt":"2019-03-16T00:16:44","guid":{"rendered":"https:\/\/wsm.prolerat.org\/?page_id=1466"},"modified":"2019-03-16T00:16:44","modified_gmt":"2019-03-16T00:16:44","slug":"znowu-wybory","status":"publish","type":"page","link":"https:\/\/www.worldsocialism.org\/wsm\/znowu-wybory\/","title":{"rendered":"Znowu wybory"},"content":{"rendered":"\n<p>Co par\u0119 lat grupy profesjonalnych polityk\u00f3w konkuruj\u0105 o Tw\u00f3j g\u0142os, \u017ceby\nzdoby\u0107 sobie wygodny sto\u0142ek, tym razem w Parlamencie Europejskim.\nWszstkie z tych partii i wszyscy kandydaci oferuj\u0105 tylko niewielkie\nzmiany do obecnego systemu spo\u0142eczno-gospodarczego. Dlatego w\u0142a\u015bnie,\nkt\u00f3rykolwiek kandydat czy partie zwyci\u0119\u017c\u0105, nic si\u0119 wok\u00f3\u0142 nas nie\nzmienia. <\/p>\n\n\n\n<p><strong>Obiecanki cacanki<\/strong><br>\nWszyscy politycy zak\u0142adaj\u0105, \u017ce kapitalizm jest jedyn\u0105 drog\u0105, nawet\nje\u015bli krytykuj\u0105 jego nieakceptowalne przejawy, np. zach\u0142annych\nbankier\u00f3w czy wojny nie do wygrania. Broni\u0105 oni spo\u0142ecze\u0144stwa, w kt\u00f3rym\nmy, wiekszo\u015b\u0107 ludzko\u015bci, musimy sprzedawa\u0107 nasz\u0105 zdolno\u015b\u0107 do pracy dla\nniewielkiej garstki posiadaj\u0105cych \u015brodki produkcji. Broni\u0105 oni\nspo\u0142ecze\u0144stwa, w kt\u00f3rym praca jest oferowana tylko wtedy, je\u015bli uda si\u0119\nzrobi\u0107 zysk.<\/p>\n\n\n\n<p><strong>Prawdziwy socjalizm<\/strong><br>\nPartia Socjalistyczna proponuje prawdziwie demokratyczne spo\u0142ecze\u0144stwo,\nw kt\u00f3rym wszyscy ludzie podejmuj\u0105 decyzje ich dotycz\u0105ce. Oznacza to\nspo\u0142ecze\u0144stwo bez biednych i bogatych, bez w\u0142a\u015bcicieli \u015brodk\u00f3w\nprodukcji i robotnik\u00f3w, bez rz\u0105dz\u0105cych i rz\u0105dzonych, spo\u0142ecze\u0144stwo bez\nprzyw\u00f3dc\u00f3w i podporz\u0105dkowanej im masy. <\/p>\n\n\n\n<p>\nW takim spo\u0142ecze\u0144stwie ludzie bed\u0105 wsp\u00f3\u0142pracowa\u0107 ze sob\u0105, by u\u017cywa\u0107\nzasob\u00f3w naturalnych i przemys\u0142owych w swym w\u0142asnym interesie. Uwolni\u0105\noni produkcje d\u00f3br ze sztucznych ogranicze\u0144 zysku i ustanowi\u0105 system\nspo\u0142eczny, w kt\u00f3rym ka\u017cda osoba ma bezp\u0142atny dost\u0119p do d\u00f3br\ncywilizacyjnych. <\/p>\n\n\n\n<p>\nSpo\u0142ecze\u0144stwo socjalistyczne w konsekwencji b\u0119dzie oznacza\u0107 koniec\nsprzedawania, kupowania i wymiany, zniesienie granic, koniec\nzorganizowanej przemocy i przymusu, marnotrawstwa i wojen.<\/p>\n\n\n\n<p><strong>Co mo\u017cesz zrobi\u0107?<\/strong><br>\nMo\u017cesz g\u0142osowa\u0107 na kandydat\u00f3w, kt\u00f3rzy b\u0119d\u0105 pracowa\u0107 wewn\u0105trz systemu\nkapitalistycznego i pomaga\u0107 mu przetrwa\u0107. Lub te\u017c mo\u017cesz u\u017cyc swego\ng\u0142osu, \u017ceby pokaza\u0107, \u017ce chcesz jego zniesienia i sko\u0144czenia z\nproblemami, jakie ze sob\u0105 niesie, raz i na zawsze.<\/p>\n\n\n\n<p>\nGdy wystarczaj\u0105co wielu z nas razem po\u0142\u0105czy si\u0119, zdecydowanych sko\u0144czy\u0107\nz nier\u00f3wno\u015bcia i ub\u00f3stwem, to mo\u017cemy zmieni\u0107 wybory parlamentarne w\nnarz\u0119dzie odrzucenia spo\u0142ecze\u0144stwa rz\u0105d\u00f3w mniejszosci.<\/p>\n\n\n\n<p>\nJe\u015bli zgadzasz sie z ide\u0105 spo\u0142ecze\u0144stwa wsp\u00f3lnej demokratycznej\nw\u0142asno\u015bci, gdzie nikt nie jest pozostawiony sam sobie na marginesie\nspo\u0142ecznym i rzeczy s\u0105 wytwarzane, poniewaz s\u0105 spo\u0142ecznie potrzebne, a\nnie tylko by tworzy\u0107 zysk dla jakiej\u015b kapitalistycznej korporacji, i\nje\u015bli jeste\u015b gotowy po\u0142aczy\u0107 si\u0119 z naszym celem, to g\u0142osuj na list\u0119\nPartii Socjalistycznej.<\/p>\n\n\n\n<p> The Socialist Party, 52 Clapham High Street, London SW4 7UN<br> Phone: 0207 622 3811<br> Email: <a href=\"mailto:spgb@worldsocialism.org\">spgb@worldsocialism.org<\/a><br> Website: <a href=\"https:\/\/www.worldsocialism.org\">www.worldsocialism.org\/spgb\/<\/a><br> Blog : <a href=\"http:\/\/socialismoryourmoneyback.blogspot.co.uk\/\">http:\/\/socialismoryourmoneyback.blogspot.co.uk\/<\/a><\/p>\n","protected":false},"excerpt":{"rendered":"<p>Co par\u0119 lat grupy profesjonalnych polityk\u00f3w konkuruj\u0105 o Tw\u00f3j g\u0142os, \u017ceby zdoby\u0107 sobie wygodny sto\u0142ek, tym razem w Parlamencie Europejskim. Wszstkie z tych partii i wszyscy kandydaci oferuj\u0105 tylko niewielkie zmiany do obecnego systemu spo\u0142eczno-gospodarczego. Dlatego w\u0142a\u015bnie, kt\u00f3rykolwiek kandydat czy partie zwyci\u0119\u017c\u0105, nic si\u0119 wok\u00f3\u0142 nas nie zmienia. Obiecanki cacanki Wszyscy politycy zak\u0142adaj\u0105, \u017ce kapitalizm&#8230;<\/p>\n","protected":false},"author":1,"featured_media":0,"parent":0,"menu_order":0,"comment_status":"closed","ping_status":"closed","template":"","meta":{"magazine_newspaper_sidebar_layout":"","footnotes":""},"class_list":["post-1466","page","type-page","status-publish","hentry"],"_links":{"self":[{"href":"https:\/\/www.worldsocialism.org\/wsm\/wp-json\/wp\/v2\/pages\/1466","targetHints":{"allow":["GET"]}}],"collection":[{"href":"https:\/\/www.worldsocialism.org\/wsm\/wp-json\/wp\/v2\/pages"}],"about":[{"href":"https:\/\/www.worldsocialism.org\/wsm\/wp-json\/wp\/v2\/types\/page"}],"author":[{"embeddable":true,"href":"https:\/\/www.worldsocialism.org\/wsm\/wp-json\/wp\/v2\/users\/1"}],"replies":[{"embeddable":true,"href":"https:\/\/www.worldsocialism.org\/wsm\/wp-json\/wp\/v2\/comments?post=1466"}],"version-history":[{"count":0,"href":"https:\/\/www.worldsocialism.org\/wsm\/wp-json\/wp\/v2\/pages\/1466\/revisions"}],"wp:attachment":[{"href":"https:\/\/www.worldsocialism.org\/wsm\/wp-json\/wp\/v2\/media?parent=1466"}],"curies":[{"name":"wp","href":"https:\/\/api.w.org\/{rel}","templated":true}]}}