{"id":1461,"date":"2019-03-16T00:12:49","date_gmt":"2019-03-16T00:12:49","guid":{"rendered":"https:\/\/wsm.prolerat.org\/?page_id=1461"},"modified":"2019-03-16T00:12:49","modified_gmt":"2019-03-16T00:12:49","slug":"to-jest-socjalizm","status":"publish","type":"page","link":"https:\/\/www.worldsocialism.org\/wsm\/to-jest-socjalizm\/","title":{"rendered":"To jest socjalizm"},"content":{"rendered":"\n<p><strong>Socjalizm znaczy wsp\u00f3ln\u0105 w\u0142asno\u015b\u0107<\/strong><\/p>\n\n\n\n<p>\u015arodki produkcji nie b\u0119d\u0105 d\u0142u\u017cej nale\u017ce\u0107 do uprzywilejowanej\n      elity, czy to prywatnych kapitalist\u00f3w, czy pa\u0144stwowych\n      biurokrat\u00f3w. Oba te systemy b\u0119d\u0105 zas t\u0105pione przez system, w\n      kt\u00f3rym wszystkie \u015brodki (naturalne i przemys\u0142owe) b\u0119d\u0105 we\n      wsp\u00f3lnym w\u0142adaniu przez ca\u0142e spo\u0142ecze\u0144stwo. To jest podstawa\n      socjalizmu.<\/p>\n\n\n\n<p><strong>Socjalizm znaczy r\u00f3wno\u015b\u0107 spo\u0142eczn\u0105<\/strong>\n      <\/p>\n\n\n\n<p>Wraz z ustanowieniem wsp\u00f3lnej w\u0142asno\u015bci, istniej\u0105cy podzia\u0142\n      spo\u0142eczny na uprzywilejowan\u0105 klas\u0119 rz\u0105dz\u0105c\u0105 i wi\u0119kszo\u015bciow\u0105\n      klas\u0119 zarobkuj\u0105cych robotnik\u00f3w sko\u0144czy si\u0119. W zamian, ka\u017cdy\n      cz\u0142onek spo\u0142ecze\u0144stwa b\u0119dzie mia\u0142 r\u00f3wne prawo do zarz\u0105dzania\n      \u015brodkami produkcji i r\u00f3wn\u0105 si\u0142\u0119 g\u0142osu w jaki spos\u00f3b problemy\n      spo\u0142eczne b\u0119d\u0105 rozwi\u0105zane.<\/p>\n\n\n\n<p><strong>Socjalizm znaczy wsp\u00f3\u017cprac\u0119<\/strong>\n      <\/p>\n\n\n\n<p>Razen ze znikni\u0119ciem klas, powstanie rzeczywisty wsp\u00f3lny\n      interes dla ca\u0142ego spo\u0142ecze\u0144stwa. Ludzie nie b\u0119d\u0105 wi\u0119cej\n      wyobcowanymi, odizolowanymi indywidualno\u015bciami konkuruj\u0105cymi ze\n      sob\u0105 na rynku, lecz b\u0119d\u0105 cz\u0142onkami prawdziwej wsp\u00f3lnoty wolnych\n      ludzi wsp\u00f3\u0142pracuj\u0105cymi ze sob\u0105 dla ich wzajemnego zysku i dla\n      dobra wsp\u00f3lnego. Zgodnie z natur\u0105 ludzk\u0105 jako istoty\n      spo\u0142ecznej, wsp\u00f3\u0142praca (a nie jak obecnie rywalizuj\u0105cy\n      indywidualizm) b\u0119dzie dominuj\u0105cym etosem spo\u0142ecznym,\n      przemieniaj\u0105cym wszystkie aspekty \u017cycia spo\u0142ecznego &#8211; prac\u0119,\n      zabaw\u0119, kszta\u0142cenie si\u0119; generalnie &#8211; stosunki rodzinne i\n      osobiste.<\/p>\n\n\n\n<p><strong>Socjalizm znaczy demokratyczn\u0105 kontrol\u0119<\/strong>\n      <\/p>\n\n\n\n<p>Istniej\u0105ce struktury polityczne, gdzie rz\u0105d panuje nad\n      lud\u017ami zgodnie z interesem klasy posiadaj\u0105cej, ust\u0105pi miejsca w\n      pe\u0142ni demokratycznemu systemowi podejmowania decyzji i\n      administracji. Decyzje raczej b\u0119d\u0105 wyp\u0142ywa\u0107 do g\u00f3ry z mo\u017cliwie\n      jak najszerszej bazy spo\u0142ecznej, ni\u017c ze szczytu w d\u00f3\u0142 jak to\n      jest obecnie. Delegaci, uprawnieni do wszystkich mo\u017cliwych\n      przegl\u0105d\u00f3w i kontroli, b\u0119d\u0105 prowadzi\u0107 i nadzorowa\u0107 czysto\n      administracyjne sprawy, kt\u00f3re b\u0119d\u0105 nadal pozostawa\u0107 po\n      rozpadzie pa\u0144stwa politycznego wraz z jego si\u0142ami przymusu.<\/p>\n\n\n\n<p><strong>Socjalizm znaczy produkcj\u0119 na u\u017cytek<\/strong>\n      <\/p>\n\n\n\n<p>Produkcja na sprzeda\u017c z jej nastawieniem na zysk sko\u0144czy\n      si\u0119, dobra i us\u0142ugi b\u0119d\u0105 produkowane dla bezpo\u015bredniego\n      zaspokojenia potrzeb bez konieczno\u015bci sprzedawania i kupowania.\n      Mechanizmy rynkowe b\u0119d\u0105 zast\u0105pione przez samodostosowawczy\n      system produkcji na u\u017cytek. Sieci produkcyjne i dystrybucyjne\n      b\u0119d\u0105 dzia\u0142a\u0142y by odpowiedzie\u0107 w elastyczny spos\u00f3b na informacje\n      o zapotrzebowaniu, komunikowanych im bezpo\u015brednio o ilo\u015bci\n      potrzebnych d\u00f3br i materia\u0142\u00f3w.<\/p>\n\n\n\n<p><strong>Socjalizm znaczy swobodny dost\u0119p<\/strong>\n      <\/p>\n\n\n\n<p>Wraz z obaleniem mechanizm\u00f3w rynkowych, ludzie b\u0119d\u0105 mogli\n      zaopatrzy\u0107 si\u0119 w \u017cywno\u015b\u0107, ubrania i inne artyku\u0142y potrzebne im\n      do ich osobistego spo\u017cycia id\u0105c do magazyn\u00f3w czy centr\u00f3w\n      dystrybucji, i bior\u0105c zgodnie z ich samookre\u015blonymi potrzebami.\n      Domy, mieszkania b\u0119d\u0105 bez czynsz\u00f3w, z ogrzewaniem, wod\u0105 i\n      elektryczno\u015bci\u0105 za darmo. Transport, opieka zdrowotna,\n      telekomunikacja, nauczanie, restauracje, pralnie b\u0119d\u0105\n      zorganizowane jako darmowe us\u0142ugi publiczne. Nie b\u0119dzie op\u0142at\n      wej\u015bciowych do muze\u00f3w, bibliotek, miejsc rozrywki i wypoczynku.\n      Pieni\u0105dze stan\u0105 si\u0119 niepotrzebne.<\/p>\n\n\n\n<p><strong>Socjalizm znaczy zniesienie systemu\n      zarobk\u00f3w<\/strong>\n      <\/p>\n\n\n\n<p>Odk\u0105d ludzie b\u0119d\u0105 mieli swobodny dost\u0119p do potrzebnych im\n      d\u00f3br, praca produkcyjna nie b\u0119dzie d\u0142u\u017cej dostarczana\n      pracodawcy w zamian za zarobki lecz stanie si\u0119 ochotnicz\u0105\n      us\u0142ug\u0105 zorganizowan\u0105 w spos\u00f3b demokratyczny. Fabryki, pola,\n      biura, szko\u0142y, szpitale i inne miejsca pracy b\u0119d\u0105\n      demokratycznie administrowane przez tych, kt\u00f3rzy w nich\n      pracuj\u0105. Ludzie b\u0119d\u0105 podejmowa\u0107 t\u0119 us\u0142ug\u0119 pracy jako ich wk\u0142ad\n      do koniecznych potrzeb spo\u0142ecznych, produkcji d\u00f3br dla sta\u0142ego\n      zaopatrywania magazyn\u00f3w, \u015bwiadczenia us\u0142ug spo\u0142ecznych i\n      administrowania.<\/p>\n\n\n\n<p><strong>Socjalizm znaczy wsp\u00f3lnot\u0119 og\u00f3lno\u015bwiatow\u0105<\/strong>\n      <\/p>\n\n\n\n<p>Poniewa\u017c kapitalizm jest systemem og\u00f3lno\u015bwiatowym, kt\u00f3ry       ogarnia ca\u0142y glob, a wi\u0119c socjalizm mo\u017ce by\u0107 tylko       og\u00f3lno\u015bwiatowy. To oznacza, \u017ce socjalizm nie mo\u017ce by\u0107       ustanowiony w jednym kraju, lecz jako \u015bwiatowa wsp\u00f3lnota bez       granic, w kt\u00f3rej \u015brodki naturalne i przemys\u0142owe b\u0119d\u0105 wsp\u00f3lnym       dorobkiem wsp\u00f3\u0142czesnych i przysz\u0142ych pokole\u0144. \u015awiat b\u0119dzie jak       jeden kraj i ludzko\u015b\u0107 jak poszczeg\u00f3lny cz\u0142owiek.<a href=\"https:\/\/twitter.com\/WorldSocialism\">Follow @WorldSocialism<\/a><\/p>\n","protected":false},"excerpt":{"rendered":"<p>Socjalizm znaczy wsp\u00f3ln\u0105 w\u0142asno\u015b\u0107 \u015arodki produkcji nie b\u0119d\u0105 d\u0142u\u017cej nale\u017ce\u0107 do uprzywilejowanej elity, czy to prywatnych kapitalist\u00f3w, czy pa\u0144stwowych biurokrat\u00f3w. Oba te systemy b\u0119d\u0105 zas t\u0105pione przez system, w kt\u00f3rym wszystkie \u015brodki (naturalne i przemys\u0142owe) b\u0119d\u0105 we wsp\u00f3lnym w\u0142adaniu przez ca\u0142e spo\u0142ecze\u0144stwo. To jest podstawa socjalizmu. Socjalizm znaczy r\u00f3wno\u015b\u0107 spo\u0142eczn\u0105 Wraz z ustanowieniem wsp\u00f3lnej w\u0142asno\u015bci,&#8230;<\/p>\n","protected":false},"author":1,"featured_media":0,"parent":0,"menu_order":0,"comment_status":"closed","ping_status":"closed","template":"","meta":{"magazine_newspaper_sidebar_layout":"","footnotes":""},"class_list":["post-1461","page","type-page","status-publish","hentry"],"_links":{"self":[{"href":"https:\/\/www.worldsocialism.org\/wsm\/wp-json\/wp\/v2\/pages\/1461","targetHints":{"allow":["GET"]}}],"collection":[{"href":"https:\/\/www.worldsocialism.org\/wsm\/wp-json\/wp\/v2\/pages"}],"about":[{"href":"https:\/\/www.worldsocialism.org\/wsm\/wp-json\/wp\/v2\/types\/page"}],"author":[{"embeddable":true,"href":"https:\/\/www.worldsocialism.org\/wsm\/wp-json\/wp\/v2\/users\/1"}],"replies":[{"embeddable":true,"href":"https:\/\/www.worldsocialism.org\/wsm\/wp-json\/wp\/v2\/comments?post=1461"}],"version-history":[{"count":0,"href":"https:\/\/www.worldsocialism.org\/wsm\/wp-json\/wp\/v2\/pages\/1461\/revisions"}],"wp:attachment":[{"href":"https:\/\/www.worldsocialism.org\/wsm\/wp-json\/wp\/v2\/media?parent=1461"}],"curies":[{"name":"wp","href":"https:\/\/api.w.org\/{rel}","templated":true}]}}